{"id":278,"date":"2015-03-13T15:35:12","date_gmt":"2015-03-13T14:35:12","guid":{"rendered":"http:\/\/agora.xtec.cat\/iesserrallarga\/?page_id=278"},"modified":"2020-11-22T22:18:55","modified_gmt":"2020-11-22T21:18:55","slug":"cicles-formatius","status":"publish","type":"page","link":"https:\/\/agora.xtec.cat\/iesserrallarga\/estudis\/cicles-formatius\/","title":{"rendered":"Cicles Formatius"},"content":{"rendered":"<p><strong>Cicles Formatius de GRAU MITJ\u00c0<\/strong><\/p>\n<ul>\n<li style=\"list-style-type: none;\">\n<ul>\n<li style=\"list-style-type: none;\">\n<ul>\n<li><a title=\"\" href=\"http:\/\/www.xtec.cat\/iesserrallarga\/secretaria\/ensenyaments\/CFPM_EE10.pdf\" target=\"_blank\" rel=\"noopener noreferrer\">CFPM d&#8217;Instal\u00b7lacions el\u00e8ctriques<\/a><\/li>\n<li><a title=\"\" href=\"http:\/\/www.xtec.cat\/iesserrallarga\/secretaria\/ensenyaments\/CFPM_CM10.pdf\" target=\"_blank\" rel=\"noopener noreferrer\">CFPM de comer\u00e7<\/a><\/li>\n<li><a title=\"\" href=\"http:\/\/www.xtec.cat\/iesserrallarga\/secretaria\/ensenyaments\/CFPM_AG10.pdf\" target=\"_blank\" rel=\"noopener noreferrer\">CFPM Gesti\u00f3 administrativa<\/a><\/li>\n<li><a href=\"https:\/\/agora.xtec.cat\/iesserrallarga\/wp-content\/uploads\/usu54\/2017\/03\/Publicitat-CFPM-AG11-1718-%C3%A0mbit-jur%C3%ADdic.pdf\">CFPM Gesti\u00f3 administrativa a l&#8217;\u00e0mbit jur\u00eddic<\/a><\/li>\n<\/ul>\n<\/li>\n<\/ul>\n<\/li>\n<\/ul>\n<p><strong>Cicles Formatius de GRAU SUPERIOR<\/strong><\/p>\n<ul>\n<li style=\"list-style-type: none;\">\n<ul>\n<li style=\"list-style-type: none;\">\n<ul>\n<li><a title=\"\" href=\"http:\/\/www.xtec.cat\/iesserrallarga\/secretaria\/ensenyaments\/CFPS_QUA0.pdf\" target=\"_blank\" rel=\"noopener noreferrer\">CFPS Qu\u00edmica industrial<\/a><\/li>\n<li><a title=\"\" href=\"http:\/\/www.xtec.cat\/iesserrallarga\/secretaria\/ensenyaments\/CFPS_CMD0-HTF0.pdf\" target=\"_blank\" rel=\"noopener noreferrer\">CFPS M\u00e0rqueting cial., tur\u00edstic i cultural<\/a><\/li>\n<li><a title=\"\" href=\"http:\/\/www.xtec.cat\/iesserrallarga\/secretaria\/ensenyaments\/CFPS_EEA0_DUAL.pdf\" target=\"_blank\" rel=\"noopener noreferrer\">CFPS Sistemes electrot\u00e8cnics<\/a><\/li>\n<li><a title=\"\" href=\"http:\/\/www.xtec.cat\/iesserrallarga\/secretaria\/ensenyaments\/CFPS_AGB0.pdf\" target=\"_blank\" rel=\"noopener noreferrer\">CFPS Administraci\u00f3 i finances<\/a><\/li>\n<\/ul>\n<\/li>\n<\/ul>\n<\/li>\n<\/ul>\n","protected":false},"excerpt":{"rendered":"<p>Cicles Formatius de GRAU MITJ\u00c0<\/p>\n<ul>\n<li style=\"list-style-type: none;\">\n<ul>\n<li style=\"list-style-type: none;\">\n<ul>\n<li><a title=\"\" href=\"http:\/\/www.xtec.cat\/iesserrallarga\/secretaria\/ensenyaments\/CFPM_EE10.pdf\" target=\"_blank\" rel=\"noopener noreferrer\">CFPM d&#8217;Instal\u00b7lacions el\u00e8ctriques<\/a><\/li>\n<li><a title=\"\" href=\"http:\/\/www.xtec.cat\/iesserrallarga\/secretaria\/ensenyaments\/CFPM_CM10.pdf\" target=\"_blank\" rel=\"noopener noreferrer\">CFPM de comer\u00e7<\/a><\/li>\n<li><a title=\"\" href=\"http:\/\/www.xtec.cat\/iesserrallarga\/secretaria\/ensenyaments\/CFPM_AG10.pdf\" target=\"_blank\" rel=\"noopener noreferrer\">CFPM Gesti\u00f3 administrativa<\/a><\/li>\n<li><a href=\"https:\/\/agora.xtec.cat\/iesserrallarga\/wp-content\/uploads\/usu54\/2017\/03\/Publicitat-CFPM-AG11-1718-%C3%A0mbit-jur%C3%ADdic.pdf\">CFPM Gesti\u00f3 administrativa a l&#8217;\u00e0mbit jur\u00eddic<\/a><\/li>\n<\/ul>\n<\/li>\n<\/ul>\n<\/li>\n<\/ul>\n<p>Cicles Formatius de GRAU SUPERIOR<\/p>\n<ul>\n<li style=\"list-style-type: none;\">\n<ul>\n<li style=\"list-style-type: none;\">\n<ul>\n<li><a title=\"\"&hellip;  <a href=\"https:\/\/agora.xtec.cat\/iesserrallarga\/estudis\/cicles-formatius\/\" title=\"Read Cicles Formatius\">Llegeix m\u00e9s\u00bb<\/a><br \/>\n","protected":false},"author":1,"featured_media":0,"parent":195,"menu_order":1,"comment_status":"closed","ping_status":"closed","template":"page-templates\/side-menu.php","meta":{"_bbp_topic_count":0,"_bbp_reply_count":0,"_bbp_total_topic_count":0,"_bbp_total_reply_count":0,"_bbp_voice_count":0,"_bbp_anonymous_reply_count":0,"_bbp_topic_count_hidden":0,"_bbp_reply_count_hidden":0,"_bbp_forum_subforum_count":0,"footnotes":""},"class_list":["post-278","page","type-page","status-publish","hentry"],"post_mailing_queue_ids":[],"_links":{"self":[{"href":"https:\/\/agora.xtec.cat\/iesserrallarga\/wp-json\/wp\/v2\/pages\/278","targetHints":{"allow":["GET"]}}],"collection":[{"href":"https:\/\/agora.xtec.cat\/iesserrallarga\/wp-json\/wp\/v2\/pages"}],"about":[{"href":"https:\/\/agora.xtec.cat\/iesserrallarga\/wp-json\/wp\/v2\/types\/page"}],"author":[{"embeddable":true,"href":"https:\/\/agora.xtec.cat\/iesserrallarga\/wp-json\/wp\/v2\/users\/1"}],"replies":[{"embeddable":true,"href":"https:\/\/agora.xtec.cat\/iesserrallarga\/wp-json\/wp\/v2\/comments?post=278"}],"version-history":[{"count":3,"href":"https:\/\/agora.xtec.cat\/iesserrallarga\/wp-json\/wp\/v2\/pages\/278\/revisions"}],"predecessor-version":[{"id":5710,"href":"https:\/\/agora.xtec.cat\/iesserrallarga\/wp-json\/wp\/v2\/pages\/278\/revisions\/5710"}],"up":[{"embeddable":true,"href":"https:\/\/agora.xtec.cat\/iesserrallarga\/wp-json\/wp\/v2\/pages\/195"}],"wp:attachment":[{"href":"https:\/\/agora.xtec.cat\/iesserrallarga\/wp-json\/wp\/v2\/media?parent=278"}],"curies":[{"name":"wp","href":"https:\/\/api.w.org\/{rel}","templated":true}]}}