{"id":27,"date":"2014-09-17T16:24:03","date_gmt":"2014-09-17T15:24:03","guid":{"rendered":"http:\/\/agora.xtec.cat\/iesserrallarga\/?page_id=27"},"modified":"2023-05-26T11:27:04","modified_gmt":"2023-05-26T09:27:04","slug":"historia","status":"publish","type":"page","link":"https:\/\/agora.xtec.cat\/iesserrallarga\/linstitut\/historia\/","title":{"rendered":"Hist\u00f2ria"},"content":{"rendered":"<p style=\"text-align: center;\">\u00a0\u00a0<\/p>\n<p>L\u2019INS Serrallarga de Blanes va iniciar les seves activitats l\u2019any 1974 com &#8220;escuela de Formaci\u00f3n Profesional&#8221;, depenent del Ministerio de Educaci\u00f3n y Ciencia i en unes instal\u00b7lacions provisionals cedides per l\u2019Ajuntament de Blanes.<br \/>\nEls ensenyaments que s&#8217;hi podien seguir eren els de Formaci\u00f3 Professional de 1r i de 2n grau (2 i 3 cursos, respectivament) que responien a la nova Ley General de Educaci\u00f3n de 1970. Les especialitats eren: Electricitat , Mec\u00e0nica, Administratiu, Delineaci\u00f3, Qu\u00edmica.<\/p>\n<p><img loading=\"lazy\" decoding=\"async\" class=\"alignleft wp-image-516 \" src=\"http:\/\/agora.xtec.cat\/iesserrallarga\/wp-content\/uploads\/usu54\/2014\/09\/n1389996019_30224060_7128-214x300.jpg\" alt=\"n1389996019_30224060_7128\" width=\"124\" height=\"174\" srcset=\"https:\/\/agora.xtec.cat\/iesserrallarga\/wp-content\/uploads\/usu54\/2014\/09\/n1389996019_30224060_7128-214x300.jpg 214w, https:\/\/agora.xtec.cat\/iesserrallarga\/wp-content\/uploads\/usu54\/2014\/09\/n1389996019_30224060_7128.jpg 431w\" sizes=\"auto, (max-width: 124px) 100vw, 124px\" \/>A inicis dels 80 es va inaugurar un nou edifici situat a la serralada denominada Serrallarga en uns terrenys cedits per la fam\u00edlia Riviere a l\u2019Ajuntament de Blanes. La profe tenia com nom oficial Institut de Formaci\u00f3 Professional de Blanes i va arribar a tenir mes de 1.000 alumnes\u00a0matriculats en les diferents especialitats. A l\u2019inici dels 90, la escola s\u2019incorpora a experimental la reforma educativa i el curs 92-93 comencen a impartir el 2n cicle de l\u2019ESO, els m\u00f2duls professionals (desapareixen algunes fam\u00edlies professionals i durant una \u00e8poca s\u2019imparteix\u00a0m\u00f2duls professionals de turisme). S\u2019inicia el batxillerat experimental i es mantenen les fam\u00edlies professional de Mec\u00e0nica, Electricitat i Administratiu.i s\u2019incorporen els alumnes de 1r cicle de l\u2019ESO. Els espais s\u00f3n insuficients i els tallers de la FP estan dissenyats amb criteris i normativa dels anys 70 per la qual cosa es demana una ampliaci\u00f3 i remodelaci\u00f3 de l\u2019institut.<br \/>\nS&#8217;obre l&#8217;escola al m\u00f3n empresarial i econ\u00f2mic de la ciutat i de la comarca, proc\u00e9s que s&#8217;inicia amb les pr\u00e0ctiques d&#8217;alumnes en empreses i inicien les nostres relacions internacionals amb el projecte Comenius (els nostres professors i alumnes viatgen a Su\u00e8cia, Finl\u00e0ndia i\u00a0Dinamarca&#8230;) i els alumnes de FP inicien el seu intercanvi amb Alemanya. L&#8217;institut rebr\u00e0 un nom propi: IES Serrallarga i els nous<img loading=\"lazy\" decoding=\"async\" class=\"alignright wp-image-515 size-medium\" src=\"http:\/\/agora.xtec.cat\/iesserrallarga\/wp-content\/uploads\/usu54\/2014\/09\/img473-300x202.jpg\" alt=\"img473\" width=\"300\" height=\"202\" srcset=\"https:\/\/agora.xtec.cat\/iesserrallarga\/wp-content\/uploads\/usu54\/2014\/09\/img473-300x202.jpg 300w, https:\/\/agora.xtec.cat\/iesserrallarga\/wp-content\/uploads\/usu54\/2014\/09\/img473.jpg 472w\" sizes=\"auto, (max-width: 300px) 100vw, 300px\" \/> ensenyaments previstos en la Ley de Ordenaci\u00f3n General del Sistema Educativo (LOGSE), es a dir l&#8217;Educaci\u00f3 Secundaria Obligat\u00f2ria, el<br \/>\nBatxillerat i la nova Formaci\u00f3 Professional es consoliden abans que a la resta de centres. El centre s&#8217;iguala amb la resta d&#8217;instituts de la ciutat pel que fa a l&#8217;oferta educativa, amb l&#8217;avantatge de disposar d&#8217;una amplia oferta de FP.<br \/>\nAra \u00e9s l&#8217;lnstitut d&#8217;Educaci\u00f3 Secundaria Serrallarga amb una amplia remodelaci\u00f3 aprovada l\u2019any 2002 i iniciada el 2007. El prestigi social del centre puja, els projectes d\u2019innovaci\u00f3 es consoliden (incorporaci\u00f3 de les TIC a les diferents \u00e0rees, participaci\u00f3 en el projecte Punt-Edu,\u00a0consolidaci\u00f3 del Projecte Comenius del 1r cicle de l\u2019ESO, incorporaci\u00f3 de la Fam\u00edlia industrial a un Projecte Comenius amb altres escoles europees de FP, la participaci\u00f3 dels nostres alumnes en el programa Leonardo de la UE, l\u2019Associaci\u00f3 Esportiva i el projecte Aigua.<br \/>\n<img loading=\"lazy\" decoding=\"async\" class=\"alignleft wp-image-519 size-full\" src=\"http:\/\/agora.xtec.cat\/iesserrallarga\/wp-content\/uploads\/usu54\/2015\/03\/velaalumnes.gif\" alt=\"velaalumnes\" width=\"200\" height=\"88\" \/>El nostre centre es nomenat IES de la Vela ja que s\u2019incorporen aquests estudis en una l\u00ednia de l\u2019ESO des del 1r curs. Les nostres instal\u00b7lacions milloren i per \u00faltim decidim donar un pas endavant en el aspectes organitzatius i educatius incorporant-nos en un Pla de Millora i al mateix temps participant en un projecte de Qualitat i Millora Cont\u00ednua.<br \/>\nMajorit\u00e0riament l&#8217;alumnat procedeix del barri, a excepci\u00f3 els alumnes que opten per realitzat l\u2019ESO en la modalitat de Vela. La llengua familiar predominant \u00e9s el catal\u00e0, per\u00f2 els alumnes parlen, sobretot en les hores d\u2019esbarjo en castell\u00e0, ja que hi ha un nombre elevat d&#8217;alumnat castellanoparlant i un altre grup d&#8217;alumnat nouvingut, provinent de Latinoam\u00e8rica, \u00c0frica i el Marroc. La incorporaci\u00f3 d&#8217;alumnat procedent de la immigraci\u00f3 va comen\u00e7ar a partir del curs 1992-2003. Des d\u2019aleshores el percentatge no ha deixat d&#8217;augmentar. Actualment\u00a0representa el 15% de l&#8217;alumnat.\u00a0Els pares i les mares es dediquen al sector d&#8217;administraci\u00f3 i serveis, la funci\u00f3 p\u00fablica o el treball aut\u00f2nom.<\/p>\n<p>El curs 2010-11 es va implantar el projecte\u00a01&#215;1 a l\u2019ESO, fet que va suposar la instal\u00b7laci\u00f3\u00a0de les pissarres digitals i de les antenes Wifi.\u00a0De totes maneres, el projecte no va prosperar\u00a0i nom\u00e9s es va treballar amb llibres digitals i\u00a0amb port\u00e0tils a l\u2019aula durant dos cursos.<br \/>\nEls canvis m\u00e9s substancials del darrer\u00a0lustre es deuen al fet que el centre obt\u00e9 la\u00a0Certificaci\u00f3 que determina que les activitats\u00a0d\u2019ensenyaments reglats es fan d\u2019acord amb\u00a0els requisits de la norma UNE-EN ISO\u00a09001 (2011), i a l\u2019ampliaci\u00f3 de l\u2019oferta\u00a0educativa, amb el batxillerat d\u2019Arts (2012-13) i, sobretot, a la incorporaci\u00f3 de nous\u00a0cicle formatius, com ara els de Formaci\u00f3\u00a0Professional de R\u00e8gim Especial d\u2019Esports,\u00a0amb les especialitats de Vela aparell\u00a0fix i Vela aparell lliure, i el de Busseig\u00a0(2012). Les darreres incorporacions, els\u00a0cicles de Qu\u00edmica Industrial i Hoteleria i\u00a0Turisme, tenen a veure amb dues branques\u00a0professionals que ja havien estat presents\u00a0en d\u00e8cades anteriors i que per diverses\u00a0circumst\u00e0ncies van desapar\u00e8ixer.<\/p>\n<p><a href=\"https:\/\/drive.google.com\/file\/d\/0B8nIrA2Oau2nVFlhZjJ3ZVlaTGc\/view?usp=sharing\" target=\"_blank\" rel=\"noopener\"><strong>INSTITUT SERRALLARGA<\/strong><\/a><br \/>\n40 ANYS<\/p>\n","protected":false},"excerpt":{"rendered":"<p>\u00a0\u00a0<br \/>\nL\u2019INS Serrallarga de Blanes va iniciar les seves activitats l\u2019any 1974 com &#8220;escuela de Formaci\u00f3n Profesional&#8221;, depenent del Ministerio de Educaci\u00f3n y Ciencia i en unes instal\u00b7lacions provisionals cedides per l\u2019Ajuntament de Blanes.<br \/>\nEls ensenyaments que s&#8217;hi podien seguir eren els de Formaci\u00f3 Professional de 1r&hellip;  <a href=\"https:\/\/agora.xtec.cat\/iesserrallarga\/linstitut\/historia\/\" title=\"Read Hist\u00f2ria\">Llegeix m\u00e9s\u00bb<\/a><\/p>\n","protected":false},"author":1,"featured_media":0,"parent":19,"menu_order":20,"comment_status":"closed","ping_status":"closed","template":"page-templates\/side-menu.php","meta":{"_bbp_topic_count":0,"_bbp_reply_count":0,"_bbp_total_topic_count":0,"_bbp_total_reply_count":0,"_bbp_voice_count":0,"_bbp_anonymous_reply_count":0,"_bbp_topic_count_hidden":0,"_bbp_reply_count_hidden":0,"_bbp_forum_subforum_count":0,"footnotes":""},"class_list":["post-27","page","type-page","status-publish","hentry"],"post_mailing_queue_ids":[],"_links":{"self":[{"href":"https:\/\/agora.xtec.cat\/iesserrallarga\/wp-json\/wp\/v2\/pages\/27","targetHints":{"allow":["GET"]}}],"collection":[{"href":"https:\/\/agora.xtec.cat\/iesserrallarga\/wp-json\/wp\/v2\/pages"}],"about":[{"href":"https:\/\/agora.xtec.cat\/iesserrallarga\/wp-json\/wp\/v2\/types\/page"}],"author":[{"embeddable":true,"href":"https:\/\/agora.xtec.cat\/iesserrallarga\/wp-json\/wp\/v2\/users\/1"}],"replies":[{"embeddable":true,"href":"https:\/\/agora.xtec.cat\/iesserrallarga\/wp-json\/wp\/v2\/comments?post=27"}],"version-history":[{"count":4,"href":"https:\/\/agora.xtec.cat\/iesserrallarga\/wp-json\/wp\/v2\/pages\/27\/revisions"}],"predecessor-version":[{"id":9931,"href":"https:\/\/agora.xtec.cat\/iesserrallarga\/wp-json\/wp\/v2\/pages\/27\/revisions\/9931"}],"up":[{"embeddable":true,"href":"https:\/\/agora.xtec.cat\/iesserrallarga\/wp-json\/wp\/v2\/pages\/19"}],"wp:attachment":[{"href":"https:\/\/agora.xtec.cat\/iesserrallarga\/wp-json\/wp\/v2\/media?parent=27"}],"curies":[{"name":"wp","href":"https:\/\/api.w.org\/{rel}","templated":true}]}}