{"id":1711,"date":"2018-04-17T13:26:50","date_gmt":"2018-04-17T11:26:50","guid":{"rendered":"http:\/\/agora.xtec.cat\/iesserrallarga\/?page_id=1711"},"modified":"2022-06-10T11:59:01","modified_gmt":"2022-06-10T09:59:01","slug":"eso","status":"publish","type":"page","link":"https:\/\/agora.xtec.cat\/iesserrallarga\/ensenyaments\/eso\/","title":{"rendered":"ESO"},"content":{"rendered":"<p><a href=\"http:\/\/queestudiar.gencat.cat\/ca\/estudis\/secundaria\">Informaci\u00f3 d&#8217;Educaci\u00f3 Secund\u00e0ria Obligat\u00f2ria<\/a><\/p>\n","protected":false},"excerpt":{"rendered":"<p><a href=\"http:\/\/queestudiar.gencat.cat\/ca\/estudis\/secundaria\">Informaci\u00f3 d&#8217;Educaci\u00f3 Secund\u00e0ria Obligat\u00f2ria<\/a><\/p>\n","protected":false},"author":1,"featured_media":0,"parent":1103,"menu_order":1,"comment_status":"closed","ping_status":"closed","template":"page-templates\/side-menu.php","meta":{"_bbp_topic_count":0,"_bbp_reply_count":0,"_bbp_total_topic_count":0,"_bbp_total_reply_count":0,"_bbp_voice_count":0,"_bbp_anonymous_reply_count":0,"_bbp_topic_count_hidden":0,"_bbp_reply_count_hidden":0,"_bbp_forum_subforum_count":0,"footnotes":""},"class_list":["post-1711","page","type-page","status-publish","hentry"],"post_mailing_queue_ids":[],"_links":{"self":[{"href":"https:\/\/agora.xtec.cat\/iesserrallarga\/wp-json\/wp\/v2\/pages\/1711","targetHints":{"allow":["GET"]}}],"collection":[{"href":"https:\/\/agora.xtec.cat\/iesserrallarga\/wp-json\/wp\/v2\/pages"}],"about":[{"href":"https:\/\/agora.xtec.cat\/iesserrallarga\/wp-json\/wp\/v2\/types\/page"}],"author":[{"embeddable":true,"href":"https:\/\/agora.xtec.cat\/iesserrallarga\/wp-json\/wp\/v2\/users\/1"}],"replies":[{"embeddable":true,"href":"https:\/\/agora.xtec.cat\/iesserrallarga\/wp-json\/wp\/v2\/comments?post=1711"}],"version-history":[{"count":4,"href":"https:\/\/agora.xtec.cat\/iesserrallarga\/wp-json\/wp\/v2\/pages\/1711\/revisions"}],"predecessor-version":[{"id":8228,"href":"https:\/\/agora.xtec.cat\/iesserrallarga\/wp-json\/wp\/v2\/pages\/1711\/revisions\/8228"}],"up":[{"embeddable":true,"href":"https:\/\/agora.xtec.cat\/iesserrallarga\/wp-json\/wp\/v2\/pages\/1103"}],"wp:attachment":[{"href":"https:\/\/agora.xtec.cat\/iesserrallarga\/wp-json\/wp\/v2\/media?parent=1711"}],"curies":[{"name":"wp","href":"https:\/\/api.w.org\/{rel}","templated":true}]}}