{"id":14737,"date":"2025-09-17T10:47:49","date_gmt":"2025-09-17T08:47:49","guid":{"rendered":"https:\/\/agora.xtec.cat\/iesserrallarga\/?page_id=14737"},"modified":"2025-09-17T11:08:22","modified_gmt":"2025-09-17T09:08:22","slug":"incidencies","status":"publish","type":"page","link":"https:\/\/agora.xtec.cat\/iesserrallarga\/linstitut\/edc\/cultura-digital\/intranet\/pis\/incidencies\/","title":{"rendered":"Incid\u00e8ncies"},"content":{"rendered":"<ul style=\"list-style-type: square;\">\n<li>Si hi ha una incid\u00e8ncia en una aula, prem aqu\u00ed<\/li>\n<li>Si la incid\u00e8ncia \u00e9s d&#8217;un port\u00e0til, sigui de professorat o d&#8217;alumnat, prem aqu\u00ed<\/li>\n<li>Si hi ha algun problema amb el correu e-mail del professorat o de l&#8217;alumnat, prem aqu\u00ed<\/li>\n<\/ul>\n","protected":false},"excerpt":{"rendered":"<ul style=\"list-style-type: square;\">\n<li>Si hi ha una incid\u00e8ncia en una aula, prem aqu\u00ed<\/li>\n<li>Si la incid\u00e8ncia \u00e9s d&#8217;un port\u00e0til, sigui de professorat o d&#8217;alumnat, prem aqu\u00ed<\/li>\n<li>Si hi ha algun problema amb el correu e-mail del professorat o de l&#8217;alumnat, prem aqu\u00ed<\/li>\n<\/ul>\n","protected":false},"author":146,"featured_media":0,"parent":14708,"menu_order":0,"comment_status":"closed","ping_status":"closed","template":"","meta":{"_bbp_topic_count":0,"_bbp_reply_count":0,"_bbp_total_topic_count":0,"_bbp_total_reply_count":0,"_bbp_voice_count":0,"_bbp_anonymous_reply_count":0,"_bbp_topic_count_hidden":0,"_bbp_reply_count_hidden":0,"_bbp_forum_subforum_count":0,"footnotes":""},"class_list":["post-14737","page","type-page","status-publish","hentry"],"post_mailing_queue_ids":[],"_links":{"self":[{"href":"https:\/\/agora.xtec.cat\/iesserrallarga\/wp-json\/wp\/v2\/pages\/14737","targetHints":{"allow":["GET"]}}],"collection":[{"href":"https:\/\/agora.xtec.cat\/iesserrallarga\/wp-json\/wp\/v2\/pages"}],"about":[{"href":"https:\/\/agora.xtec.cat\/iesserrallarga\/wp-json\/wp\/v2\/types\/page"}],"author":[{"embeddable":true,"href":"https:\/\/agora.xtec.cat\/iesserrallarga\/wp-json\/wp\/v2\/users\/146"}],"replies":[{"embeddable":true,"href":"https:\/\/agora.xtec.cat\/iesserrallarga\/wp-json\/wp\/v2\/comments?post=14737"}],"version-history":[{"count":3,"href":"https:\/\/agora.xtec.cat\/iesserrallarga\/wp-json\/wp\/v2\/pages\/14737\/revisions"}],"predecessor-version":[{"id":14750,"href":"https:\/\/agora.xtec.cat\/iesserrallarga\/wp-json\/wp\/v2\/pages\/14737\/revisions\/14750"}],"up":[{"embeddable":true,"href":"https:\/\/agora.xtec.cat\/iesserrallarga\/wp-json\/wp\/v2\/pages\/14708"}],"wp:attachment":[{"href":"https:\/\/agora.xtec.cat\/iesserrallarga\/wp-json\/wp\/v2\/media?parent=14737"}],"curies":[{"name":"wp","href":"https:\/\/api.w.org\/{rel}","templated":true}]}}