{"id":14708,"date":"2025-09-17T10:19:58","date_gmt":"2025-09-17T08:19:58","guid":{"rendered":"https:\/\/agora.xtec.cat\/iesserrallarga\/?page_id=14708"},"modified":"2025-09-23T13:07:10","modified_gmt":"2025-09-23T11:07:10","slug":"pis","status":"publish","type":"page","link":"https:\/\/agora.xtec.cat\/iesserrallarga\/linstitut\/edc\/cultura-digital\/intranet\/pis\/","title":{"rendered":"P\u00e0gina d\u2019Incid\u00e8ncies del Serrallarga (PIS)"},"content":{"rendered":"<h4>Selecciona entre les opcions seg\u00fcents la m\u00e9s adient:<\/h4>\n<ul style=\"list-style-type: square;\">\n<li><a href=\"https:\/\/agora.xtec.cat\/iesserrallarga\/linstitut\/edc\/cultura-digital\/intranet\/ades\/incidencies\/\">Si es tracta d&#8217;una incid\u00e8ncia, \u00e9s a dir, alguna cosa no funciona correctament, clica aqu\u00ed.<\/a><\/li>\n<li><a href=\"https:\/\/agora.xtec.cat\/iesserrallarga\/linstitut\/edc\/cultura-digital\/intranet\/ades\/peticions\/\">Si \u00e9s una petici\u00f3 (donar d&#8217;alta un correu, demanar un port\u00e0til, etc.) clica aqu\u00ed.<\/a><\/li>\n<\/ul>\n<p>&nbsp;<\/p>\n<p><!-- DivTable.com --><\/p>\n","protected":false},"excerpt":{"rendered":"<p>Selecciona entre les opcions seg\u00fcents la m\u00e9s adient:<\/p>\n<ul style=\"list-style-type: square;\">\n<li><a href=\"https:\/\/agora.xtec.cat\/iesserrallarga\/linstitut\/edc\/cultura-digital\/intranet\/ades\/incidencies\/\">Si es tracta d&#8217;una incid\u00e8ncia, \u00e9s a dir, alguna cosa no funciona correctament, clica aqu\u00ed.<\/a><\/li>\n<li><a href=\"https:\/\/agora.xtec.cat\/iesserrallarga\/linstitut\/edc\/cultura-digital\/intranet\/ades\/peticions\/\">Si \u00e9s una petici\u00f3 (donar d&#8217;alta un correu, demanar un port\u00e0til, etc.) clica aqu\u00ed.<\/a><\/li>\n<\/ul>\n<p>&nbsp;<\/p>\n","protected":false},"author":146,"featured_media":0,"parent":10364,"menu_order":0,"comment_status":"closed","ping_status":"closed","template":"","meta":{"_bbp_topic_count":0,"_bbp_reply_count":0,"_bbp_total_topic_count":0,"_bbp_total_reply_count":0,"_bbp_voice_count":0,"_bbp_anonymous_reply_count":0,"_bbp_topic_count_hidden":0,"_bbp_reply_count_hidden":0,"_bbp_forum_subforum_count":0,"footnotes":""},"class_list":["post-14708","page","type-page","status-publish","hentry"],"post_mailing_queue_ids":[],"_links":{"self":[{"href":"https:\/\/agora.xtec.cat\/iesserrallarga\/wp-json\/wp\/v2\/pages\/14708","targetHints":{"allow":["GET"]}}],"collection":[{"href":"https:\/\/agora.xtec.cat\/iesserrallarga\/wp-json\/wp\/v2\/pages"}],"about":[{"href":"https:\/\/agora.xtec.cat\/iesserrallarga\/wp-json\/wp\/v2\/types\/page"}],"author":[{"embeddable":true,"href":"https:\/\/agora.xtec.cat\/iesserrallarga\/wp-json\/wp\/v2\/users\/146"}],"replies":[{"embeddable":true,"href":"https:\/\/agora.xtec.cat\/iesserrallarga\/wp-json\/wp\/v2\/comments?post=14708"}],"version-history":[{"count":6,"href":"https:\/\/agora.xtec.cat\/iesserrallarga\/wp-json\/wp\/v2\/pages\/14708\/revisions"}],"predecessor-version":[{"id":14759,"href":"https:\/\/agora.xtec.cat\/iesserrallarga\/wp-json\/wp\/v2\/pages\/14708\/revisions\/14759"}],"up":[{"embeddable":true,"href":"https:\/\/agora.xtec.cat\/iesserrallarga\/wp-json\/wp\/v2\/pages\/10364"}],"wp:attachment":[{"href":"https:\/\/agora.xtec.cat\/iesserrallarga\/wp-json\/wp\/v2\/media?parent=14708"}],"curies":[{"name":"wp","href":"https:\/\/api.w.org\/{rel}","templated":true}]}}