{"id":14622,"date":"2025-09-10T21:48:44","date_gmt":"2025-09-10T19:48:44","guid":{"rendered":"https:\/\/agora.xtec.cat\/iesserrallarga\/?page_id=14622"},"modified":"2025-09-11T18:52:56","modified_gmt":"2025-09-11T16:52:56","slug":"cd-peticions-i-formularis","status":"publish","type":"page","link":"https:\/\/agora.xtec.cat\/iesserrallarga\/cd-peticions-i-formularis\/","title":{"rendered":"Peticions i formularis"},"content":{"rendered":"<p><em><strong>Nota important: Els processos associats als formularis no s\u00f3n autom\u00e0tics, el temps de resposta dep\u00e8n de la petici\u00f3 i del volum de feina. Als formularis trobareu m\u00e9s informaci\u00f3.<\/strong><\/em><\/p>\n<h4>Alta\/modificaci\u00f3 Moodle<\/h4>\n<p>Al <a href=\"https:\/\/docs.google.com\/forms\/d\/e\/1FAIpQLSdmTEedz5Y-MPZNDtBNhai5JFBrU_yCkrgmhehhEeDGr9yvzg\/viewform?usp=sf_link\">formulari<\/a> es podran notificar fins a 3 modificacions, si s\u00f3n necess\u00e0ries m\u00e9s, es pot omplir el formulari tantes vegades com calgui.<\/p>\n<h4>Petici\u00f3 ordinador<\/h4>\n<ul>\n<li><strong>Docent: <\/strong>Accedeix al formulari per fer la petici\u00f3: <a href=\"https:\/\/docs.google.com\/forms\/d\/e\/1FAIpQLSf6LWLajtj6zw6S-4dWdb8C5fk2RJ7f6XcfSvc4nJsxGp8bgQ\/viewform?usp=sf_link\">Formulari d\u2019assignaci\u00f3 port\u00e0til docent<\/a><\/li>\n<li><strong>Alumnat: <\/strong>Per fer la petici\u00f3 de portatils, s\u2019ha d\u2019emplenar la plantilla d\u2019alta amb totes les dades requerides i omplir el <a href=\"https:\/\/docs.google.com\/forms\/d\/e\/1FAIpQLScSj4fl6p-KhUT09jJh9_aqz-LlZnksMZgNUR4qz3rmn2kL8A\/viewform?usp=sf_link\">formulari<\/a>. (la plantilla es pot descarregar des del formulari)<\/li>\n<\/ul>\n<blockquote><p>Molt important: no esborreu la cap\u00e7alera, no modifiqueu les columnes, si voleu deixar un comentari o afegir informaci\u00f3, ho podeu fer al formulari .<\/p><\/blockquote>\n<p>La plantilla es pot obrir amb Excel (MS Office), Calc (LibreOffice), Google Sheet i s\u2019ha de guardar en format CSV.<\/p>\n<h4>Alta correus corporatius<\/h4>\n<ul>\n<li><strong>Professorat: <\/strong>Accedeix al formulari per fer la petici\u00f3: <a href=\"https:\/\/docs.google.com\/forms\/d\/e\/1FAIpQLSfVcmNNuU89yeL1hRYrPg23_sKPQphsFhXux8Ipak17KLeFGg\/viewform?usp=sf_link\">Formulari d\u2019alta de correu corporatiu per docents<\/a><\/li>\n<li><strong>Alumnat: <\/strong>Per tal de donar d\u2019alta el correu corporatiu a l\u2019alumnat, s\u2019ha d\u2019emplenar la plantilla d\u2019alta amb totes les dades requerides i omplir el <a href=\"https:\/\/docs.google.com\/forms\/d\/e\/1FAIpQLSezNByCNFZhWfQ_8vxIX5WWd_qmgc0GBqCuQB42Gz70zbY2hQ\/viewform?usp=sf_link\">formulari<\/a>. (la plantilla es pot descarregar des del formulari)<\/li>\n<\/ul>\n<blockquote><p>Molt important: NO modifiqueu les columnes, NO modifiqueu la cap\u00e7alera. Si voleu deixar un comentari o afegir informaci\u00f3, ho podeu fer al formulari actualitzat.\u00a0 (no feu servir el camp del comentari per demanar una altra cosa, les peticions NO es tindran en compte en cap cas, feu servir el canal pertinent)<\/p><\/blockquote>\n<p>La plantilla es pot obrir amb Excel (MS Office), Calc (LibreOffice), Google Sheet i s\u2019ha de guardar en format CSV.<\/p>\n<h4>Incid\u00e8ncies amb el correu corporatiu<\/h4>\n<ul>\n<li><strong>Professorat<\/strong>: Envieu un correu a <a href=\"mailto:coordinadordigital@iesserrallarga.cat\">coordinadordigital@iesserrallarga.cat<\/a> amb la incid\u00e8ncia. (El correu @XTEC no es gestiona des de coordinaci\u00f3 digital, <a href=\"https:\/\/xtec.gencat.cat\/ca\/at_usuari\/gestio\/\">per m\u00e9s informaci\u00f3 aqu\u00ed<\/a>)<\/li>\n<li><strong>Alumnat:\u00a0<\/strong>S&#8217;ha d&#8217;obrir una incid\u00e8ncia fent servir aquest <a href=\"https:\/\/docs.google.com\/forms\/d\/e\/1FAIpQLSfXoHgreE7lLmPxjiSPz6J5v6aBoD5KkJJTkac2Ft6sVYNEhQ\/viewform?usp=header\">formulari<\/a>. La pot obrir el tutor o pot indicar a l&#8217;alumne o alumna que ho pot fer fent servir els ordinadors de la biblioteca, all\u00e0 trobar\u00e0 les instruccions i els enlla\u00e7os per obrir aquest tipus d&#8217;incid\u00e8ncia.<\/li>\n<\/ul>\n","protected":false},"excerpt":{"rendered":"<p>Nota important: Els processos associats als formularis no s\u00f3n autom\u00e0tics, el temps de resposta dep\u00e8n de la petici\u00f3 i del volum de feina. Als formularis trobareu m\u00e9s informaci\u00f3.<br \/>\nAlta\/modificaci\u00f3 Moodle<br \/>\nAl <a href=\"https:\/\/docs.google.com\/forms\/d\/e\/1FAIpQLSdmTEedz5Y-MPZNDtBNhai5JFBrU_yCkrgmhehhEeDGr9yvzg\/viewform?usp=sf_link\">formulari<\/a> es podran notificar fins a 3 modificacions, si s\u00f3n necess\u00e0ries m\u00e9s, es pot omplir&hellip;  <a href=\"https:\/\/agora.xtec.cat\/iesserrallarga\/cd-peticions-i-formularis\/\" title=\"Read Peticions i formularis\">Llegeix m\u00e9s\u00bb<\/a><\/p>\n","protected":false},"author":146,"featured_media":0,"parent":0,"menu_order":0,"comment_status":"closed","ping_status":"closed","template":"","meta":{"footnotes":""},"class_list":["post-14622","page","type-page","status-publish","hentry"],"post_mailing_queue_ids":[],"_links":{"self":[{"href":"https:\/\/agora.xtec.cat\/iesserrallarga\/wp-json\/wp\/v2\/pages\/14622","targetHints":{"allow":["GET"]}}],"collection":[{"href":"https:\/\/agora.xtec.cat\/iesserrallarga\/wp-json\/wp\/v2\/pages"}],"about":[{"href":"https:\/\/agora.xtec.cat\/iesserrallarga\/wp-json\/wp\/v2\/types\/page"}],"author":[{"embeddable":true,"href":"https:\/\/agora.xtec.cat\/iesserrallarga\/wp-json\/wp\/v2\/users\/146"}],"replies":[{"embeddable":true,"href":"https:\/\/agora.xtec.cat\/iesserrallarga\/wp-json\/wp\/v2\/comments?post=14622"}],"version-history":[{"count":6,"href":"https:\/\/agora.xtec.cat\/iesserrallarga\/wp-json\/wp\/v2\/pages\/14622\/revisions"}],"predecessor-version":[{"id":14682,"href":"https:\/\/agora.xtec.cat\/iesserrallarga\/wp-json\/wp\/v2\/pages\/14622\/revisions\/14682"}],"wp:attachment":[{"href":"https:\/\/agora.xtec.cat\/iesserrallarga\/wp-json\/wp\/v2\/media?parent=14622"}],"curies":[{"name":"wp","href":"https:\/\/api.w.org\/{rel}","templated":true}]}}