{"id":12886,"date":"2024-11-08T12:11:08","date_gmt":"2024-11-08T11:11:08","guid":{"rendered":"https:\/\/agora.xtec.cat\/iesserrallarga\/?page_id=12886"},"modified":"2024-11-08T12:17:00","modified_gmt":"2024-11-08T11:17:00","slug":"homologacio-de-proveidors","status":"publish","type":"page","link":"https:\/\/agora.xtec.cat\/iesserrallarga\/linstitut\/homologacio-de-proveidors\/","title":{"rendered":"Homologaci\u00f3 de prove\u00efdors"},"content":{"rendered":"<p>Els prove\u00efdors amb els quals el centre col\u00b7labora s\u00f3n avaluats i homologats anualment segons el seg\u00fcent:<\/p>\n<p>1) Els prove\u00efdors que tinguin certificat vigent de l&#8217;ISO 9001:2015 se&#8217;ls homologar\u00e0 autom\u00e0ticament<br \/>\n2) En cas que els prove\u00efdors no disposin del certificat o aquest no estigui vigent es tindr\u00e0 en compte els seg\u00fcents criteris:<\/p>\n<ul>\n<li style=\"list-style-type: none;\">\n<ul>\n<li>Puntualitat en la recepci\u00f3 de les comandes<\/li>\n<li>Agilitat en la resoluci\u00f3 de reclamacions (difer\u00e8ncies de preu, quantitat i\/o de producte&#8230;)<\/li>\n<li>Facilitat en les condicions de pagament<\/li>\n<\/ul>\n<\/li>\n<\/ul>\n<p>Aquests criteris seran revisats en la mesura que el centre cregui convenient.<\/p>\n","protected":false},"excerpt":{"rendered":"<p>Els prove\u00efdors amb els quals el centre col\u00b7labora s\u00f3n avaluats i homologats anualment segons el seg\u00fcent:<br \/>\n1) Els prove\u00efdors que tinguin certificat vigent de l&#8217;ISO 9001:2015 se&#8217;ls homologar\u00e0 autom\u00e0ticament<br \/>\n2) En cas que els prove\u00efdors no disposin del certificat o aquest no estigui vigent es tindr\u00e0 en&hellip;  <a href=\"https:\/\/agora.xtec.cat\/iesserrallarga\/linstitut\/homologacio-de-proveidors\/\" title=\"Read Homologaci\u00f3 de prove\u00efdors\">Llegeix m\u00e9s\u00bb<\/a><\/p>\n","protected":false},"author":1,"featured_media":0,"parent":19,"menu_order":0,"comment_status":"closed","ping_status":"closed","template":"","meta":{"_bbp_topic_count":0,"_bbp_reply_count":0,"_bbp_total_topic_count":0,"_bbp_total_reply_count":0,"_bbp_voice_count":0,"_bbp_anonymous_reply_count":0,"_bbp_topic_count_hidden":0,"_bbp_reply_count_hidden":0,"_bbp_forum_subforum_count":0,"footnotes":""},"class_list":["post-12886","page","type-page","status-publish","hentry"],"post_mailing_queue_ids":[],"_links":{"self":[{"href":"https:\/\/agora.xtec.cat\/iesserrallarga\/wp-json\/wp\/v2\/pages\/12886","targetHints":{"allow":["GET"]}}],"collection":[{"href":"https:\/\/agora.xtec.cat\/iesserrallarga\/wp-json\/wp\/v2\/pages"}],"about":[{"href":"https:\/\/agora.xtec.cat\/iesserrallarga\/wp-json\/wp\/v2\/types\/page"}],"author":[{"embeddable":true,"href":"https:\/\/agora.xtec.cat\/iesserrallarga\/wp-json\/wp\/v2\/users\/1"}],"replies":[{"embeddable":true,"href":"https:\/\/agora.xtec.cat\/iesserrallarga\/wp-json\/wp\/v2\/comments?post=12886"}],"version-history":[{"count":3,"href":"https:\/\/agora.xtec.cat\/iesserrallarga\/wp-json\/wp\/v2\/pages\/12886\/revisions"}],"predecessor-version":[{"id":12890,"href":"https:\/\/agora.xtec.cat\/iesserrallarga\/wp-json\/wp\/v2\/pages\/12886\/revisions\/12890"}],"up":[{"embeddable":true,"href":"https:\/\/agora.xtec.cat\/iesserrallarga\/wp-json\/wp\/v2\/pages\/19"}],"wp:attachment":[{"href":"https:\/\/agora.xtec.cat\/iesserrallarga\/wp-json\/wp\/v2\/media?parent=12886"}],"curies":[{"name":"wp","href":"https:\/\/api.w.org\/{rel}","templated":true}]}}