{"id":1213,"date":"2016-07-11T21:06:38","date_gmt":"2016-07-11T20:06:38","guid":{"rendered":"http:\/\/agora.xtec.cat\/iesserrallarga\/?page_id=1213"},"modified":"2016-07-11T21:06:38","modified_gmt":"2016-07-11T20:06:38","slug":"materials","status":"publish","type":"page","link":"https:\/\/agora.xtec.cat\/iesserrallarga\/materials\/","title":{"rendered":"Materials"},"content":{"rendered":"<p><strong>MATERIALS<\/strong><br \/>\nA M\u00c9S DELS LLIBRES DE TEXT, els alumnes hauran de portar el seg\u00fcent material, segons el nivell:<br \/>\n<strong>1r ESO<\/strong>: llibreta d\u2019espiral; joc d\u2019esquadra, cartab\u00f3 i regle de m\u00ednim 25 cm; comp\u00e0s; calculadora cient\u00edfica; llapis 2B, llapis HB, llapis 1H; capsa de colors de fusta\u00a0de m\u00ednim 12 unitats; barra de cola; cel\u00b7lo; tisores i cola blanca r\u00e0pida.<\/p>\n<p><strong>2n ESO<\/strong>: llibreta d\u2019espiral; joc d\u2019esquadra, cartab\u00f3 i regle de m\u00ednim 25 cm; comp\u00e0s; calculadora cient\u00edfica; llapis 2B, llapis HB, llapis 1H; barra de cola; cel\u00b7lo i\u00a0tisores.<\/p>\n<p><strong>3r ESO<\/strong>: llibreta d\u2019espiral; joc d\u2019esquadra, cartab\u00f3 i regle de m\u00ednim 25 cm; comp\u00e0s; calculadora cient\u00edfica; llapis 2B, llapis HB, llapis 1H; capsa de colors de fusta\u00a0de m\u00ednim 12 unitats; capsa de retoladors de m\u00ednim 12 unitats; barra de cola; cel\u00b7lo; tisores i cola blanca r\u00e0pida.<\/p>\n<p><strong>4ESO<\/strong> (<em>nom\u00e9s els alumnes de l\u2019optativa de Tecnologia-Visual i Pl\u00e0stica<\/em>): llibreta d\u2019espiral; joc d\u2019esquadra, cartab\u00f3 i regle de m\u00ednim 25 cm; comp\u00e0s; calculadora\u00a0cient\u00edfica; llapis 2B, llapis HB, llapis 1H; capsa de colors de fusta de m\u00ednim 12 unitats; capsa de retoladros de m\u00ednim 12 unitats; barra de cola; cel\u00b7lo; tisores i cola\u00a0blanca r\u00e0pida.<\/p>\n<p><strong>Batxillerat<\/strong> (<em>nom\u00e9s els alumnes de l\u2019optativa de Dibuix T\u00e8cnic<\/em>): joc d\u2019esquadra, cartab\u00f3 i regle de m\u00ednim 25 cm (a poder ser sense numeraci\u00f3, espec\u00edfiques de\u00a0dibuix); comp\u00e0s que es pugui regular i fixar; calculadora cient\u00edfica; llapis 2B, llapis HB, llapis 1H; capsa de R\u00f6tring (Pilot o Stanley) punta fina que contingui un\u00a00,2 \/ 0,4 \/ 0,8; regle flexible de corbes flexibles.<\/p>\n","protected":false},"excerpt":{"rendered":"<p>MATERIALS<br \/>\nA M\u00c9S DELS LLIBRES DE TEXT, els alumnes hauran de portar el seg\u00fcent material, segons el nivell:<br \/>\n1r ESO: llibreta d\u2019espiral; joc d\u2019esquadra, cartab\u00f3 i regle de m\u00ednim 25 cm; comp\u00e0s; calculadora cient\u00edfica; llapis 2B, llapis HB, llapis 1H; capsa de colors de fusta\u00a0de m\u00ednim 12&hellip;  <a href=\"https:\/\/agora.xtec.cat\/iesserrallarga\/materials\/\" title=\"Read Materials\">Llegeix m\u00e9s\u00bb<\/a><\/p>\n","protected":false},"author":1,"featured_media":0,"parent":0,"menu_order":0,"comment_status":"closed","ping_status":"closed","template":"","meta":{"_bbp_topic_count":0,"_bbp_reply_count":0,"_bbp_total_topic_count":0,"_bbp_total_reply_count":0,"_bbp_voice_count":0,"_bbp_anonymous_reply_count":0,"_bbp_topic_count_hidden":0,"_bbp_reply_count_hidden":0,"_bbp_forum_subforum_count":0,"footnotes":""},"class_list":["post-1213","page","type-page","status-publish","hentry"],"post_mailing_queue_ids":[],"_links":{"self":[{"href":"https:\/\/agora.xtec.cat\/iesserrallarga\/wp-json\/wp\/v2\/pages\/1213","targetHints":{"allow":["GET"]}}],"collection":[{"href":"https:\/\/agora.xtec.cat\/iesserrallarga\/wp-json\/wp\/v2\/pages"}],"about":[{"href":"https:\/\/agora.xtec.cat\/iesserrallarga\/wp-json\/wp\/v2\/types\/page"}],"author":[{"embeddable":true,"href":"https:\/\/agora.xtec.cat\/iesserrallarga\/wp-json\/wp\/v2\/users\/1"}],"replies":[{"embeddable":true,"href":"https:\/\/agora.xtec.cat\/iesserrallarga\/wp-json\/wp\/v2\/comments?post=1213"}],"version-history":[{"count":1,"href":"https:\/\/agora.xtec.cat\/iesserrallarga\/wp-json\/wp\/v2\/pages\/1213\/revisions"}],"predecessor-version":[{"id":1214,"href":"https:\/\/agora.xtec.cat\/iesserrallarga\/wp-json\/wp\/v2\/pages\/1213\/revisions\/1214"}],"wp:attachment":[{"href":"https:\/\/agora.xtec.cat\/iesserrallarga\/wp-json\/wp\/v2\/media?parent=1213"}],"curies":[{"name":"wp","href":"https:\/\/api.w.org\/{rel}","templated":true}]}}