{"id":1170,"date":"2016-07-11T18:44:24","date_gmt":"2016-07-11T17:44:24","guid":{"rendered":"http:\/\/agora.xtec.cat\/iesserrallarga\/?page_id=1170"},"modified":"2024-05-09T13:47:58","modified_gmt":"2024-05-09T11:47:58","slug":"batxillerat","status":"publish","type":"page","link":"https:\/\/agora.xtec.cat\/iesserrallarga\/ensenyaments\/batxillerat\/","title":{"rendered":"Batxillerat"},"content":{"rendered":"<p><a href=\"https:\/\/agora.xtec.cat\/iesserrallarga\/wp-content\/uploads\/usu54\/2024\/04\/Banner-Facebook-Producto-Promocion-Sale-OFF-Multicolor-scaled.jpg\"><img loading=\"lazy\" decoding=\"async\" class=\"aligncenter wp-image-11800\" src=\"https:\/\/agora.xtec.cat\/iesserrallarga\/wp-content\/uploads\/usu54\/2024\/04\/Banner-Facebook-Producto-Promocion-Sale-OFF-Multicolor-1024x512.jpg\" alt=\"\" width=\"862\" height=\"431\" srcset=\"https:\/\/agora.xtec.cat\/iesserrallarga\/wp-content\/uploads\/usu54\/2024\/04\/Banner-Facebook-Producto-Promocion-Sale-OFF-Multicolor-1024x512.jpg 1024w, https:\/\/agora.xtec.cat\/iesserrallarga\/wp-content\/uploads\/usu54\/2024\/04\/Banner-Facebook-Producto-Promocion-Sale-OFF-Multicolor-300x150.jpg 300w, https:\/\/agora.xtec.cat\/iesserrallarga\/wp-content\/uploads\/usu54\/2024\/04\/Banner-Facebook-Producto-Promocion-Sale-OFF-Multicolor-768x384.jpg 768w, https:\/\/agora.xtec.cat\/iesserrallarga\/wp-content\/uploads\/usu54\/2024\/04\/Banner-Facebook-Producto-Promocion-Sale-OFF-Multicolor-1536x768.jpg 1536w, https:\/\/agora.xtec.cat\/iesserrallarga\/wp-content\/uploads\/usu54\/2024\/04\/Banner-Facebook-Producto-Promocion-Sale-OFF-Multicolor-2048x1024.jpg 2048w\" sizes=\"auto, (max-width: 862px) 100vw, 862px\" \/><\/a><\/p>\n<p>El batxillerat \u00e9s l&#8217;etapa que es cursa normalment entre els 16 i els 18 anys, tot i que \u00e9s oberta a persones de qualsevol edat. \u00c9s distribueix per dos cursos de trenta hores lectives setmanals.<\/p>\n<p>El batxillerat prepara els alumnes per a la seva incorporaci\u00f3 a estudis posteriors, tant professionals com universitaris, i per a l&#8217;acc\u00e9s al mon laboral.<\/p>\n<h5><span style=\"text-decoration: underline;\"><strong>Acc\u00e9s:<\/strong><\/span><\/h5>\n<p>Per accedir al batxillerat cal tenir algun dels t\u00edtols seg\u00fcents:<\/p>\n<ul>\n<li>Graduat en educaci\u00f3 secund\u00e0ria obligat\u00f2ria (ESO),<\/li>\n<li>T\u00e8cnic d&#8217;un cicle formatiu de grau mitj\u00e0 o t\u00e8cnic superior d&#8217;un cicle formatiu de grau superior<\/li>\n<li>Haver cursat estudis de sistemes educatius estrangers que hagin estat homologats al t\u00edtol de GESO o al t\u00edtol de t\u00e8cnic<\/li>\n<\/ul>\n<h5><span style=\"text-decoration: underline;\"><strong>Organitzaci\u00f3:<\/strong><\/span><\/h5>\n<p>Al nostre centre es poden cursar les seg\u00fcents modalitats:<\/p>\n<p><a href=\"https:\/\/agora.xtec.cat\/iesserrallarga\/wp-content\/uploads\/usu54\/2024\/04\/batttt-1.jpg\"><img loading=\"lazy\" decoding=\"async\" class=\"wp-image-11811 alignleft\" src=\"https:\/\/agora.xtec.cat\/iesserrallarga\/wp-content\/uploads\/usu54\/2024\/04\/batttt-1.jpg\" alt=\"\" width=\"919\" height=\"286\" srcset=\"https:\/\/agora.xtec.cat\/iesserrallarga\/wp-content\/uploads\/usu54\/2024\/04\/batttt-1.jpg 778w, https:\/\/agora.xtec.cat\/iesserrallarga\/wp-content\/uploads\/usu54\/2024\/04\/batttt-1-300x93.jpg 300w, https:\/\/agora.xtec.cat\/iesserrallarga\/wp-content\/uploads\/usu54\/2024\/04\/batttt-1-768x239.jpg 768w\" sizes=\"auto, (max-width: 919px) 100vw, 919px\" \/><\/a><\/p>\n<p>&nbsp;<\/p>\n<p>&nbsp;<\/p>\n<p>&nbsp;<\/p>\n<p>&nbsp;<\/p>\n<p>&nbsp;<\/p>\n<p>&nbsp;<\/p>\n<p>&nbsp;<\/p>\n<h5><span style=\"text-decoration: underline;\"><strong>Mat\u00e8ries:<\/strong><\/span><\/h5>\n<p>El curr\u00edculum de batxillerat consta de<\/p>\n<ul>\n<li>mat\u00e8ries comunes (les cursa tot l&#8217;alumnat)<\/li>\n<li>mat\u00e8ria obligat\u00f2ria de modalitat<\/li>\n<li>mat\u00e8ries optatives<\/li>\n<li>el treball de recerca<\/li>\n<\/ul>\n<h3>Organitzaci\u00f3 i distribuci\u00f3 del curr\u00edculum del batxillerat<\/h3>\n<h5><span style=\"text-decoration: underline;\"><strong>Distribuci\u00f3 hor\u00e0ria<\/strong><\/span><\/h5>\n<p><a href=\"https:\/\/agora.xtec.cat\/iesserrallarga\/wp-content\/uploads\/usu54\/2024\/04\/taula-dis-horaria.jpg\"><img loading=\"lazy\" decoding=\"async\" class=\" wp-image-11803 alignleft\" src=\"https:\/\/agora.xtec.cat\/iesserrallarga\/wp-content\/uploads\/usu54\/2024\/04\/taula-dis-horaria.jpg\" alt=\"\" width=\"748\" height=\"458\" srcset=\"https:\/\/agora.xtec.cat\/iesserrallarga\/wp-content\/uploads\/usu54\/2024\/04\/taula-dis-horaria.jpg 708w, https:\/\/agora.xtec.cat\/iesserrallarga\/wp-content\/uploads\/usu54\/2024\/04\/taula-dis-horaria-300x184.jpg 300w\" sizes=\"auto, (max-width: 748px) 100vw, 748px\" \/><\/a><\/p>\n<p>&nbsp;<\/p>\n<p>&nbsp;<\/p>\n<p><a href=\"https:\/\/agora.xtec.cat\/iesserrallarga\/wp-content\/uploads\/usu54\/2024\/04\/mattter.jpg\"><img loading=\"lazy\" decoding=\"async\" class=\"wp-image-11817 alignleft\" src=\"https:\/\/agora.xtec.cat\/iesserrallarga\/wp-content\/uploads\/usu54\/2024\/04\/mattter-1024x358.jpg\" alt=\"\" width=\"678\" height=\"237\" srcset=\"https:\/\/agora.xtec.cat\/iesserrallarga\/wp-content\/uploads\/usu54\/2024\/04\/mattter-1024x358.jpg 1024w, https:\/\/agora.xtec.cat\/iesserrallarga\/wp-content\/uploads\/usu54\/2024\/04\/mattter-300x105.jpg 300w, https:\/\/agora.xtec.cat\/iesserrallarga\/wp-content\/uploads\/usu54\/2024\/04\/mattter-768x269.jpg 768w, https:\/\/agora.xtec.cat\/iesserrallarga\/wp-content\/uploads\/usu54\/2024\/04\/mattter.jpg 1387w\" sizes=\"auto, (max-width: 678px) 100vw, 678px\" \/><\/a><\/p>\n<p>&nbsp;<\/p>\n<p>&nbsp;<\/p>\n<p>&nbsp;<\/p>\n<p>&nbsp;<\/p>\n<p>&nbsp;<\/p>\n<p>&nbsp;<\/p>\n<p>&nbsp;<\/p>\n<p>&nbsp;<\/p>\n<p>&nbsp;<\/p>\n<p>Consulta les mat\u00e8ries en el seg\u00fcent enlla\u00e7:<a href=\"https:\/\/agora.xtec.cat\/iesserrallarga\/wp-content\/uploads\/usu54\/2024\/05\/BAT_materies.pdf\"> MAT\u00c8RIES BATXILLERAT<\/a><\/p>\n<p>&nbsp;<\/p>\n<p>&nbsp;<\/p>\n<p>&nbsp;<\/p>\n<p>&nbsp;<\/p>\n<p>&nbsp;<\/p>\n<p>&nbsp;<\/p>\n<p>&nbsp;<\/p>\n<p>&nbsp;<\/p>\n<p>&nbsp;<\/p>\n<p>&nbsp;<\/p>\n<p>&nbsp;<\/p>\n<p>&nbsp;<\/p>\n<p>&nbsp;<\/p>\n<p>&nbsp;<\/p>\n<p>&nbsp;<\/p>\n<p>&nbsp;<\/p>\n<p>&nbsp;<\/p>\n<p>&nbsp;<\/p>\n<p>&nbsp;<\/p>\n<p>&nbsp;<\/p>\n<p>&nbsp;<\/p>\n<p>&nbsp;<\/p>\n<p>&nbsp;<\/p>\n<p>&nbsp;<\/p>\n<p>&nbsp;<\/p>\n<p>M\u00e9s informaci\u00f3 sobre el batxillerat \u27a1 <a href=\"https:\/\/triaeducativa.gencat.cat\/ca\/batxillerat\/\">Batxillerat gencat<\/a><\/p>\n<p>&nbsp;<\/p>\n<p>&nbsp;<\/p>\n<p>&nbsp;<\/p>\n","protected":false},"excerpt":{"rendered":"<p><a href=\"https:\/\/agora.xtec.cat\/iesserrallarga\/wp-content\/uploads\/usu54\/2024\/04\/Banner-Facebook-Producto-Promocion-Sale-OFF-Multicolor-scaled.jpg\"><\/a><br \/>\nEl batxillerat \u00e9s l&#8217;etapa que es cursa normalment entre els 16 i els 18 anys, tot i que \u00e9s oberta a persones de qualsevol edat. \u00c9s distribueix per dos cursos de trenta hores lectives setmanals.<br \/>\nEl batxillerat prepara els alumnes per a la seva incorporaci\u00f3&hellip;  <a href=\"https:\/\/agora.xtec.cat\/iesserrallarga\/ensenyaments\/batxillerat\/\" title=\"Read Batxillerat\">Llegeix m\u00e9s\u00bb<\/a><\/p>\n","protected":false},"author":1,"featured_media":1818,"parent":1103,"menu_order":10,"comment_status":"closed","ping_status":"closed","template":"page-templates\/side-menu.php","meta":{"_bbp_topic_count":0,"_bbp_reply_count":0,"_bbp_total_topic_count":0,"_bbp_total_reply_count":0,"_bbp_voice_count":0,"_bbp_anonymous_reply_count":0,"_bbp_topic_count_hidden":0,"_bbp_reply_count_hidden":0,"_bbp_forum_subforum_count":0,"footnotes":""},"class_list":["post-1170","page","type-page","status-publish","has-post-thumbnail","hentry"],"post_mailing_queue_ids":[],"_links":{"self":[{"href":"https:\/\/agora.xtec.cat\/iesserrallarga\/wp-json\/wp\/v2\/pages\/1170","targetHints":{"allow":["GET"]}}],"collection":[{"href":"https:\/\/agora.xtec.cat\/iesserrallarga\/wp-json\/wp\/v2\/pages"}],"about":[{"href":"https:\/\/agora.xtec.cat\/iesserrallarga\/wp-json\/wp\/v2\/types\/page"}],"author":[{"embeddable":true,"href":"https:\/\/agora.xtec.cat\/iesserrallarga\/wp-json\/wp\/v2\/users\/1"}],"replies":[{"embeddable":true,"href":"https:\/\/agora.xtec.cat\/iesserrallarga\/wp-json\/wp\/v2\/comments?post=1170"}],"version-history":[{"count":6,"href":"https:\/\/agora.xtec.cat\/iesserrallarga\/wp-json\/wp\/v2\/pages\/1170\/revisions"}],"predecessor-version":[{"id":11860,"href":"https:\/\/agora.xtec.cat\/iesserrallarga\/wp-json\/wp\/v2\/pages\/1170\/revisions\/11860"}],"up":[{"embeddable":true,"href":"https:\/\/agora.xtec.cat\/iesserrallarga\/wp-json\/wp\/v2\/pages\/1103"}],"wp:featuredmedia":[{"embeddable":true,"href":"https:\/\/agora.xtec.cat\/iesserrallarga\/wp-json\/wp\/v2\/media\/1818"}],"wp:attachment":[{"href":"https:\/\/agora.xtec.cat\/iesserrallarga\/wp-json\/wp\/v2\/media?parent=1170"}],"curies":[{"name":"wp","href":"https:\/\/api.w.org\/{rel}","templated":true}]}}