{"id":1103,"date":"2016-06-23T17:07:38","date_gmt":"2016-06-23T16:07:38","guid":{"rendered":"http:\/\/agora.xtec.cat\/iesserrallarga\/?page_id=1103"},"modified":"2026-02-04T12:10:26","modified_gmt":"2026-02-04T11:10:26","slug":"ensenyaments","status":"publish","type":"page","link":"https:\/\/agora.xtec.cat\/iesserrallarga\/ensenyaments\/","title":{"rendered":"Ensenyaments"},"content":{"rendered":"<p><strong>ENSENYAMENTS\u00a0<\/strong><\/p>\n<ul>\n<li><a href=\"https:\/\/agora.xtec.cat\/iesserrallarga\/eso\/\">ESO<\/a><\/li>\n<\/ul>\n<ul class=\"navlist\">\n<li><a href=\"http:\/\/agora.xtec.cat\/iesserrallarga\/wp-content\/uploads\/usu54\/2017\/03\/Batxillerat-versio-3-1718.pdf\">Batxillerat<\/a><\/li>\n<li><a href=\"http:\/\/agora.xtec.cat\/iesserrallarga\/wp-content\/uploads\/usu54\/2017\/03\/PFI-FIAP.pdf\">FP inicial &#8211; PFI<\/a><\/li>\n<li><a href=\"https:\/\/agora.xtec.cat\/iesserrallarga\/wp-admin\/post.php?post=13610&amp;action=edit\">Cicle de formaci\u00f3 professional b\u00e0sica serveis comercials (CFPB CM10)<\/a><\/li>\n<li><a href=\"http:\/\/agora.xtec.cat\/iesserrallarga\/wp-content\/uploads\/usu54\/2017\/03\/Instal-electriques.pdf\">CFPM d&#8217;Instal\u00b7lacions el\u00e8ctriques i autom\u00e0tiques<\/a><\/li>\n<li><a href=\"http:\/\/agora.xtec.cat\/iesserrallarga\/wp-content\/uploads\/usu54\/2017\/03\/Activitats-comercials.pdf\">CFPM d&#8217;Activitats comercials<\/a><\/li>\n<li><a href=\"http:\/\/agora.xtec.cat\/iesserrallarga\/wp-content\/uploads\/usu54\/2017\/03\/Publicitat-CFPM-AG10-1718.pdf\">CFPM Gesti\u00f3 administrativa<\/a><\/li>\n<li><a href=\"http:\/\/agora.xtec.cat\/iesserrallarga\/wp-content\/uploads\/usu54\/2017\/03\/Publicitat-CFPM-AG11-1718-\u00e0mbit-jur\u00eddic.pdf\">CFPM Gesti\u00f3 administrativa a l&#8217;\u00e0mbit jur\u00eddic<\/a><\/li>\n<li><a href=\"http:\/\/agora.xtec.cat\/iesserrallarga\/wp-content\/uploads\/usu54\/2017\/03\/Quimica-industrial.pdf\">CFPS Qu\u00edmica industrial<\/a><\/li>\n<li><a href=\"http:\/\/agora.xtec.cat\/iesserrallarga\/wp-content\/uploads\/usu54\/2017\/03\/marqueting-comercial.pdf\">CFPS M\u00e0rqueting comercial, tur\u00edstic i cultural<\/a><\/li>\n<li><a href=\"http:\/\/agora.xtec.cat\/iesserrallarga\/wp-content\/uploads\/usu54\/2017\/04\/Publicitat-CFPS-EEA0-1718.pdf\">CFPS Sistemes electrot\u00e8cnics i automatitzats<\/a><\/li>\n<li><a href=\"http:\/\/agora.xtec.cat\/iesserrallarga\/wp-content\/uploads\/usu54\/2017\/03\/Administraci\u00f3-i-finances.pdf\">CFPS Administraci\u00f3 i finances<\/a><\/li>\n<li><a href=\"http:\/\/agora.xtec.cat\/iesserrallarga\/wp-content\/uploads\/usu54\/2017\/03\/Busseig-esportiu.pdf\">Esportius: busseig<\/a><\/li>\n<li><a href=\"http:\/\/agora.xtec.cat\/iesserrallarga\/wp-content\/uploads\/usu54\/2017\/03\/Vela.pdf\">Esportius: vela i windsurf<\/a><\/li>\n<li><a href=\"https:\/\/agora.xtec.cat\/iesserrallarga\/ensenyaments\/ife\/\">IFE<\/a><\/li>\n<li><a href=\"https:\/\/agora.xtec.cat\/iesserrallarga\/wp-content\/uploads\/usu54\/2026\/02\/FP-BASICA-SERVEIS-COMERCIALS.pdf\">FP B\u00e0sica Serveis Comercials<\/a><\/li>\n<li><a href=\"https:\/\/agora.xtec.cat\/iesserrallarga\/wp-content\/uploads\/usu54\/2026\/02\/Triptic-AIS.pdf\">AIS<\/a><\/li>\n<\/ul>\n","protected":false},"excerpt":{"rendered":"<p>ENSENYAMENTS\u00a0<\/p>\n<ul>\n<li><a href=\"https:\/\/agora.xtec.cat\/iesserrallarga\/eso\/\">ESO<\/a><\/li>\n<\/ul>\n<ul class=\"navlist\">\n<li><a href=\"http:\/\/agora.xtec.cat\/iesserrallarga\/wp-content\/uploads\/usu54\/2017\/03\/Batxillerat-versio-3-1718.pdf\">Batxillerat<\/a><\/li>\n<li><a href=\"http:\/\/agora.xtec.cat\/iesserrallarga\/wp-content\/uploads\/usu54\/2017\/03\/PFI-FIAP.pdf\">FP inicial &#8211; PFI<\/a><\/li>\n<li><a href=\"https:\/\/agora.xtec.cat\/iesserrallarga\/wp-admin\/post.php?post=13610&amp;action=edit\">Cicle de formaci\u00f3 professional b\u00e0sica serveis comercials (CFPB CM10)<\/a><\/li>\n<li><a href=\"http:\/\/agora.xtec.cat\/iesserrallarga\/wp-content\/uploads\/usu54\/2017\/03\/Instal-electriques.pdf\">CFPM d&#8217;Instal\u00b7lacions el\u00e8ctriques i autom\u00e0tiques<\/a><\/li>\n<li><a href=\"http:\/\/agora.xtec.cat\/iesserrallarga\/wp-content\/uploads\/usu54\/2017\/03\/Activitats-comercials.pdf\">CFPM d&#8217;Activitats comercials<\/a><\/li>\n<li><a href=\"http:\/\/agora.xtec.cat\/iesserrallarga\/wp-content\/uploads\/usu54\/2017\/03\/Publicitat-CFPM-AG10-1718.pdf\">CFPM Gesti\u00f3 administrativa<\/a><\/li>\n<li><a href=\"http:\/\/agora.xtec.cat\/iesserrallarga\/wp-content\/uploads\/usu54\/2017\/03\/Publicitat-CFPM-AG11-1718-\u00e0mbit-jur\u00eddic.pdf\">CFPM Gesti\u00f3 administrativa a l&#8217;\u00e0mbit jur\u00eddic<\/a><\/li>\n<li><a href=\"http:\/\/agora.xtec.cat\/iesserrallarga\/wp-content\/uploads\/usu54\/2017\/03\/Quimica-industrial.pdf\">CFPS Qu\u00edmica industrial<\/a><\/li>\n<li><a href=\"http:\/\/agora.xtec.cat\/iesserrallarga\/wp-content\/uploads\/usu54\/2017\/03\/marqueting-comercial.pdf\">CFPS M\u00e0rqueting comercial, tur\u00edstic i cultural<\/a><\/li>\n<li><a href=\"http:\/\/agora.xtec.cat\/iesserrallarga\/wp-content\/uploads\/usu54\/2017\/04\/Publicitat-CFPS-EEA0-1718.pdf\">CFPS Sistemes&hellip;  <a href=\"https:\/\/agora.xtec.cat\/iesserrallarga\/ensenyaments\/\" title=\"Read Ensenyaments\">Llegeix m\u00e9s\u00bb<\/a><br \/>\n","protected":false},"author":1,"featured_media":0,"parent":0,"menu_order":0,"comment_status":"closed","ping_status":"closed","template":"page-templates\/side-menu.php","meta":{"_bbp_topic_count":0,"_bbp_reply_count":0,"_bbp_total_topic_count":0,"_bbp_total_reply_count":0,"_bbp_voice_count":0,"_bbp_anonymous_reply_count":0,"_bbp_topic_count_hidden":0,"_bbp_reply_count_hidden":0,"_bbp_forum_subforum_count":0,"footnotes":""},"class_list":["post-1103","page","type-page","status-publish","hentry"],"post_mailing_queue_ids":[],"_links":{"self":[{"href":"https:\/\/agora.xtec.cat\/iesserrallarga\/wp-json\/wp\/v2\/pages\/1103","targetHints":{"allow":["GET"]}}],"collection":[{"href":"https:\/\/agora.xtec.cat\/iesserrallarga\/wp-json\/wp\/v2\/pages"}],"about":[{"href":"https:\/\/agora.xtec.cat\/iesserrallarga\/wp-json\/wp\/v2\/types\/page"}],"author":[{"embeddable":true,"href":"https:\/\/agora.xtec.cat\/iesserrallarga\/wp-json\/wp\/v2\/users\/1"}],"replies":[{"embeddable":true,"href":"https:\/\/agora.xtec.cat\/iesserrallarga\/wp-json\/wp\/v2\/comments?post=1103"}],"version-history":[{"count":7,"href":"https:\/\/agora.xtec.cat\/iesserrallarga\/wp-json\/wp\/v2\/pages\/1103\/revisions"}],"predecessor-version":[{"id":15464,"href":"https:\/\/agora.xtec.cat\/iesserrallarga\/wp-json\/wp\/v2\/pages\/1103\/revisions\/15464"}],"wp:attachment":[{"href":"https:\/\/agora.xtec.cat\/iesserrallarga\/wp-json\/wp\/v2\/media?parent=1103"}],"curies":[{"name":"wp","href":"https:\/\/api.w.org\/{rel}","templated":true}]}}