{"id":10200,"date":"2023-06-27T11:50:40","date_gmt":"2023-06-27T09:50:40","guid":{"rendered":"https:\/\/agora.xtec.cat\/iesserrallarga\/?page_id=10200"},"modified":"2023-06-27T12:37:58","modified_gmt":"2023-06-27T10:37:58","slug":"objectius","status":"publish","type":"page","link":"https:\/\/agora.xtec.cat\/iesserrallarga\/linstitut\/edc\/estrategia-digital\/objectius\/","title":{"rendered":"Objectius"},"content":{"rendered":"<p><span style=\"font-weight: 400;\">Arran del buidatge i an\u00e0lisi de la diagnosi es redacten sis objectius tenint en compte la visi\u00f3 i missi\u00f3 del projecte educatiu de centre. Despr\u00e9s de presentar-ho al claustre, es prioritzen conjuntament amb la direcci\u00f3 del centre i es proposen algunes activitats a dur a terme. A continuaci\u00f3 s\u2019adjunta la captura de pantalla de la taula on es va realitzar la prioritzaci\u00f3 dels objectius.<\/span><\/p>\n<p><span style=\"font-weight: 400;\"> <a href=\"https:\/\/agora.xtec.cat\/iesserrallarga\/wp-content\/uploads\/usu54\/2023\/06\/image27.png\"><img loading=\"lazy\" decoding=\"async\" class=\"alignnone size-full wp-image-10230\" src=\"https:\/\/agora.xtec.cat\/iesserrallarga\/wp-content\/uploads\/usu54\/2023\/06\/image27.png\" alt=\"\" width=\"921\" height=\"406\" srcset=\"https:\/\/agora.xtec.cat\/iesserrallarga\/wp-content\/uploads\/usu54\/2023\/06\/image27.png 921w, https:\/\/agora.xtec.cat\/iesserrallarga\/wp-content\/uploads\/usu54\/2023\/06\/image27-300x132.png 300w, https:\/\/agora.xtec.cat\/iesserrallarga\/wp-content\/uploads\/usu54\/2023\/06\/image27-768x339.png 768w\" sizes=\"auto, (max-width: 921px) 100vw, 921px\" \/><\/a><\/span><\/p>\n<p><span style=\"font-weight: 400;\">A continuaci\u00f3 es presenten els objectius a assolir una vegada identificades les necessitats, amb els indicadors i els criteris d\u2019acompliment:<\/span><\/p>\n<p><a href=\"https:\/\/agora.xtec.cat\/iesserrallarga\/wp-content\/uploads\/usu54\/2023\/06\/image55.png\"><img loading=\"lazy\" decoding=\"async\" class=\"alignnone size-large wp-image-10261\" src=\"https:\/\/agora.xtec.cat\/iesserrallarga\/wp-content\/uploads\/usu54\/2023\/06\/image55-1024x346.png\" alt=\"\" width=\"1024\" height=\"346\" srcset=\"https:\/\/agora.xtec.cat\/iesserrallarga\/wp-content\/uploads\/usu54\/2023\/06\/image55-1024x346.png 1024w, https:\/\/agora.xtec.cat\/iesserrallarga\/wp-content\/uploads\/usu54\/2023\/06\/image55-300x101.png 300w, https:\/\/agora.xtec.cat\/iesserrallarga\/wp-content\/uploads\/usu54\/2023\/06\/image55-768x259.png 768w, https:\/\/agora.xtec.cat\/iesserrallarga\/wp-content\/uploads\/usu54\/2023\/06\/image55.png 1528w\" sizes=\"auto, (max-width: 1024px) 100vw, 1024px\" \/><\/a><\/p>\n<p><a href=\"https:\/\/agora.xtec.cat\/iesserrallarga\/wp-content\/uploads\/usu54\/2023\/06\/image51.png\"><img loading=\"lazy\" decoding=\"async\" class=\"alignnone size-large wp-image-10257\" src=\"https:\/\/agora.xtec.cat\/iesserrallarga\/wp-content\/uploads\/usu54\/2023\/06\/image51-1024x365.png\" alt=\"\" width=\"1024\" height=\"365\" srcset=\"https:\/\/agora.xtec.cat\/iesserrallarga\/wp-content\/uploads\/usu54\/2023\/06\/image51-1024x365.png 1024w, https:\/\/agora.xtec.cat\/iesserrallarga\/wp-content\/uploads\/usu54\/2023\/06\/image51-300x107.png 300w, https:\/\/agora.xtec.cat\/iesserrallarga\/wp-content\/uploads\/usu54\/2023\/06\/image51-768x274.png 768w, https:\/\/agora.xtec.cat\/iesserrallarga\/wp-content\/uploads\/usu54\/2023\/06\/image51.png 1357w\" sizes=\"auto, (max-width: 1024px) 100vw, 1024px\" \/><\/a><\/p>\n<p><a href=\"https:\/\/agora.xtec.cat\/iesserrallarga\/wp-content\/uploads\/usu54\/2023\/06\/image23.png\"><img loading=\"lazy\" decoding=\"async\" class=\"alignnone size-large wp-image-10226\" src=\"https:\/\/agora.xtec.cat\/iesserrallarga\/wp-content\/uploads\/usu54\/2023\/06\/image23-1024x235.png\" alt=\"\" width=\"1024\" height=\"235\" srcset=\"https:\/\/agora.xtec.cat\/iesserrallarga\/wp-content\/uploads\/usu54\/2023\/06\/image23-1024x235.png 1024w, https:\/\/agora.xtec.cat\/iesserrallarga\/wp-content\/uploads\/usu54\/2023\/06\/image23-300x69.png 300w, https:\/\/agora.xtec.cat\/iesserrallarga\/wp-content\/uploads\/usu54\/2023\/06\/image23-768x176.png 768w, https:\/\/agora.xtec.cat\/iesserrallarga\/wp-content\/uploads\/usu54\/2023\/06\/image23.png 1360w\" sizes=\"auto, (max-width: 1024px) 100vw, 1024px\" \/><\/a><\/p>\n<p><a href=\"https:\/\/agora.xtec.cat\/iesserrallarga\/wp-content\/uploads\/usu54\/2023\/06\/image62.png\"><img loading=\"lazy\" decoding=\"async\" class=\"alignnone size-large wp-image-10269\" src=\"https:\/\/agora.xtec.cat\/iesserrallarga\/wp-content\/uploads\/usu54\/2023\/06\/image62-1024x272.png\" alt=\"\" width=\"1024\" height=\"272\" srcset=\"https:\/\/agora.xtec.cat\/iesserrallarga\/wp-content\/uploads\/usu54\/2023\/06\/image62-1024x272.png 1024w, https:\/\/agora.xtec.cat\/iesserrallarga\/wp-content\/uploads\/usu54\/2023\/06\/image62-300x80.png 300w, https:\/\/agora.xtec.cat\/iesserrallarga\/wp-content\/uploads\/usu54\/2023\/06\/image62-768x204.png 768w, https:\/\/agora.xtec.cat\/iesserrallarga\/wp-content\/uploads\/usu54\/2023\/06\/image62.png 1360w\" sizes=\"auto, (max-width: 1024px) 100vw, 1024px\" \/><\/a><\/p>\n<p><a href=\"https:\/\/agora.xtec.cat\/iesserrallarga\/wp-content\/uploads\/usu54\/2023\/06\/image20.png\"><img loading=\"lazy\" decoding=\"async\" class=\"alignnone size-large wp-image-10223\" src=\"https:\/\/agora.xtec.cat\/iesserrallarga\/wp-content\/uploads\/usu54\/2023\/06\/image20-1024x322.png\" alt=\"\" width=\"1024\" height=\"322\" srcset=\"https:\/\/agora.xtec.cat\/iesserrallarga\/wp-content\/uploads\/usu54\/2023\/06\/image20-1024x322.png 1024w, https:\/\/agora.xtec.cat\/iesserrallarga\/wp-content\/uploads\/usu54\/2023\/06\/image20-300x94.png 300w, https:\/\/agora.xtec.cat\/iesserrallarga\/wp-content\/uploads\/usu54\/2023\/06\/image20-768x241.png 768w, https:\/\/agora.xtec.cat\/iesserrallarga\/wp-content\/uploads\/usu54\/2023\/06\/image20.png 1360w\" sizes=\"auto, (max-width: 1024px) 100vw, 1024px\" \/><\/a><\/p>\n<h1><span style=\"font-weight: 400;\">ACTIVITATS A DESENVOLUPAR<\/span><\/h1>\n<p><span style=\"font-weight: 400;\">Descripci\u00f3 de les actuacions dissenyades per la Comissi\u00f3 d\u2019Estrat\u00e8gia Digital per aconseguir els objectius, amb els indicadors d\u2019execuci\u00f3 (o abast) i de qualitat, i els seus criteris d\u2019\u00e8xit.<\/span><\/p>\n<p><a href=\"https:\/\/agora.xtec.cat\/iesserrallarga\/wp-content\/uploads\/usu54\/2023\/06\/image30.png\"><img loading=\"lazy\" decoding=\"async\" class=\"alignnone size-full wp-image-10234\" src=\"https:\/\/agora.xtec.cat\/iesserrallarga\/wp-content\/uploads\/usu54\/2023\/06\/image30.png\" alt=\"\" width=\"1009\" height=\"534\" srcset=\"https:\/\/agora.xtec.cat\/iesserrallarga\/wp-content\/uploads\/usu54\/2023\/06\/image30.png 1009w, https:\/\/agora.xtec.cat\/iesserrallarga\/wp-content\/uploads\/usu54\/2023\/06\/image30-300x159.png 300w, https:\/\/agora.xtec.cat\/iesserrallarga\/wp-content\/uploads\/usu54\/2023\/06\/image30-768x406.png 768w\" sizes=\"auto, (max-width: 1009px) 100vw, 1009px\" \/><\/a><\/p>\n<p><a href=\"https:\/\/agora.xtec.cat\/iesserrallarga\/wp-content\/uploads\/usu54\/2023\/06\/image10.png\"><img loading=\"lazy\" decoding=\"async\" class=\"alignnone size-full wp-image-10212\" src=\"https:\/\/agora.xtec.cat\/iesserrallarga\/wp-content\/uploads\/usu54\/2023\/06\/image10.png\" alt=\"\" width=\"1014\" height=\"592\" srcset=\"https:\/\/agora.xtec.cat\/iesserrallarga\/wp-content\/uploads\/usu54\/2023\/06\/image10.png 1014w, https:\/\/agora.xtec.cat\/iesserrallarga\/wp-content\/uploads\/usu54\/2023\/06\/image10-300x175.png 300w, https:\/\/agora.xtec.cat\/iesserrallarga\/wp-content\/uploads\/usu54\/2023\/06\/image10-768x448.png 768w\" sizes=\"auto, (max-width: 1014px) 100vw, 1014px\" \/><\/a><\/p>\n<p><a href=\"https:\/\/agora.xtec.cat\/iesserrallarga\/wp-content\/uploads\/usu54\/2023\/06\/image15.png\"><img loading=\"lazy\" decoding=\"async\" class=\"alignnone size-full wp-image-10217\" src=\"https:\/\/agora.xtec.cat\/iesserrallarga\/wp-content\/uploads\/usu54\/2023\/06\/image15.png\" alt=\"\" width=\"1014\" height=\"604\" srcset=\"https:\/\/agora.xtec.cat\/iesserrallarga\/wp-content\/uploads\/usu54\/2023\/06\/image15.png 1014w, https:\/\/agora.xtec.cat\/iesserrallarga\/wp-content\/uploads\/usu54\/2023\/06\/image15-300x179.png 300w, https:\/\/agora.xtec.cat\/iesserrallarga\/wp-content\/uploads\/usu54\/2023\/06\/image15-768x457.png 768w\" sizes=\"auto, (max-width: 1014px) 100vw, 1014px\" \/><\/a><\/p>\n<p><a href=\"https:\/\/agora.xtec.cat\/iesserrallarga\/wp-content\/uploads\/usu54\/2023\/06\/image59.png\"><img loading=\"lazy\" decoding=\"async\" class=\"alignnone size-full wp-image-10265\" src=\"https:\/\/agora.xtec.cat\/iesserrallarga\/wp-content\/uploads\/usu54\/2023\/06\/image59.png\" alt=\"\" width=\"1012\" height=\"499\" srcset=\"https:\/\/agora.xtec.cat\/iesserrallarga\/wp-content\/uploads\/usu54\/2023\/06\/image59.png 1012w, https:\/\/agora.xtec.cat\/iesserrallarga\/wp-content\/uploads\/usu54\/2023\/06\/image59-300x148.png 300w, https:\/\/agora.xtec.cat\/iesserrallarga\/wp-content\/uploads\/usu54\/2023\/06\/image59-768x379.png 768w\" sizes=\"auto, (max-width: 1012px) 100vw, 1012px\" \/><\/a><\/p>\n<p><a href=\"https:\/\/agora.xtec.cat\/iesserrallarga\/wp-content\/uploads\/usu54\/2023\/06\/image29.png\"><img loading=\"lazy\" decoding=\"async\" class=\"alignnone size-full wp-image-10232\" src=\"https:\/\/agora.xtec.cat\/iesserrallarga\/wp-content\/uploads\/usu54\/2023\/06\/image29.png\" alt=\"\" width=\"1012\" height=\"621\" srcset=\"https:\/\/agora.xtec.cat\/iesserrallarga\/wp-content\/uploads\/usu54\/2023\/06\/image29.png 1012w, https:\/\/agora.xtec.cat\/iesserrallarga\/wp-content\/uploads\/usu54\/2023\/06\/image29-300x184.png 300w, https:\/\/agora.xtec.cat\/iesserrallarga\/wp-content\/uploads\/usu54\/2023\/06\/image29-768x471.png 768w\" sizes=\"auto, (max-width: 1012px) 100vw, 1012px\" \/><\/a><\/p>\n<p><a href=\"https:\/\/agora.xtec.cat\/iesserrallarga\/wp-content\/uploads\/usu54\/2023\/06\/image18.png\"><img loading=\"lazy\" decoding=\"async\" class=\"alignnone size-full wp-image-10220\" src=\"https:\/\/agora.xtec.cat\/iesserrallarga\/wp-content\/uploads\/usu54\/2023\/06\/image18.png\" alt=\"\" width=\"1012\" height=\"493\" srcset=\"https:\/\/agora.xtec.cat\/iesserrallarga\/wp-content\/uploads\/usu54\/2023\/06\/image18.png 1012w, https:\/\/agora.xtec.cat\/iesserrallarga\/wp-content\/uploads\/usu54\/2023\/06\/image18-300x146.png 300w, https:\/\/agora.xtec.cat\/iesserrallarga\/wp-content\/uploads\/usu54\/2023\/06\/image18-768x374.png 768w\" sizes=\"auto, (max-width: 1012px) 100vw, 1012px\" \/><\/a><\/p>\n<p><a href=\"https:\/\/agora.xtec.cat\/iesserrallarga\/wp-content\/uploads\/usu54\/2023\/06\/image25.png\"><img loading=\"lazy\" decoding=\"async\" class=\"alignnone size-full wp-image-10228\" src=\"https:\/\/agora.xtec.cat\/iesserrallarga\/wp-content\/uploads\/usu54\/2023\/06\/image25.png\" alt=\"\" width=\"1009\" height=\"487\" srcset=\"https:\/\/agora.xtec.cat\/iesserrallarga\/wp-content\/uploads\/usu54\/2023\/06\/image25.png 1009w, https:\/\/agora.xtec.cat\/iesserrallarga\/wp-content\/uploads\/usu54\/2023\/06\/image25-300x145.png 300w, https:\/\/agora.xtec.cat\/iesserrallarga\/wp-content\/uploads\/usu54\/2023\/06\/image25-768x371.png 768w\" sizes=\"auto, (max-width: 1009px) 100vw, 1009px\" \/><\/a><\/p>\n<p><a href=\"https:\/\/agora.xtec.cat\/iesserrallarga\/wp-content\/uploads\/usu54\/2023\/06\/image7.png\"><img loading=\"lazy\" decoding=\"async\" class=\"alignnone size-full wp-image-10271\" src=\"https:\/\/agora.xtec.cat\/iesserrallarga\/wp-content\/uploads\/usu54\/2023\/06\/image7.png\" alt=\"\" width=\"1012\" height=\"517\" srcset=\"https:\/\/agora.xtec.cat\/iesserrallarga\/wp-content\/uploads\/usu54\/2023\/06\/image7.png 1012w, https:\/\/agora.xtec.cat\/iesserrallarga\/wp-content\/uploads\/usu54\/2023\/06\/image7-300x153.png 300w, https:\/\/agora.xtec.cat\/iesserrallarga\/wp-content\/uploads\/usu54\/2023\/06\/image7-768x392.png 768w\" sizes=\"auto, (max-width: 1012px) 100vw, 1012px\" \/><\/a><\/p>\n<p><a href=\"https:\/\/agora.xtec.cat\/iesserrallarga\/wp-content\/uploads\/usu54\/2023\/06\/image21.png\"><img loading=\"lazy\" decoding=\"async\" class=\"alignnone size-full wp-image-10224\" src=\"https:\/\/agora.xtec.cat\/iesserrallarga\/wp-content\/uploads\/usu54\/2023\/06\/image21.png\" alt=\"\" width=\"1012\" height=\"496\" srcset=\"https:\/\/agora.xtec.cat\/iesserrallarga\/wp-content\/uploads\/usu54\/2023\/06\/image21.png 1012w, https:\/\/agora.xtec.cat\/iesserrallarga\/wp-content\/uploads\/usu54\/2023\/06\/image21-300x147.png 300w, https:\/\/agora.xtec.cat\/iesserrallarga\/wp-content\/uploads\/usu54\/2023\/06\/image21-768x376.png 768w\" sizes=\"auto, (max-width: 1012px) 100vw, 1012px\" \/><\/a><\/p>\n<p><a href=\"https:\/\/agora.xtec.cat\/iesserrallarga\/wp-content\/uploads\/usu54\/2023\/06\/image5.png\"><img loading=\"lazy\" decoding=\"async\" class=\"alignnone size-full wp-image-10255\" src=\"https:\/\/agora.xtec.cat\/iesserrallarga\/wp-content\/uploads\/usu54\/2023\/06\/image5.png\" alt=\"\" width=\"1011\" height=\"486\" srcset=\"https:\/\/agora.xtec.cat\/iesserrallarga\/wp-content\/uploads\/usu54\/2023\/06\/image5.png 1011w, https:\/\/agora.xtec.cat\/iesserrallarga\/wp-content\/uploads\/usu54\/2023\/06\/image5-300x144.png 300w, https:\/\/agora.xtec.cat\/iesserrallarga\/wp-content\/uploads\/usu54\/2023\/06\/image5-768x369.png 768w\" sizes=\"auto, (max-width: 1011px) 100vw, 1011px\" \/><\/a><\/p>\n<p><a href=\"https:\/\/agora.xtec.cat\/iesserrallarga\/wp-content\/uploads\/usu54\/2023\/06\/image2.png\"><img loading=\"lazy\" decoding=\"async\" class=\"alignnone size-full wp-image-10222\" src=\"https:\/\/agora.xtec.cat\/iesserrallarga\/wp-content\/uploads\/usu54\/2023\/06\/image2.png\" alt=\"\" width=\"1012\" height=\"513\" srcset=\"https:\/\/agora.xtec.cat\/iesserrallarga\/wp-content\/uploads\/usu54\/2023\/06\/image2.png 1012w, https:\/\/agora.xtec.cat\/iesserrallarga\/wp-content\/uploads\/usu54\/2023\/06\/image2-300x152.png 300w, https:\/\/agora.xtec.cat\/iesserrallarga\/wp-content\/uploads\/usu54\/2023\/06\/image2-768x389.png 768w\" sizes=\"auto, (max-width: 1012px) 100vw, 1012px\" \/><\/a><\/p>\n","protected":false},"excerpt":{"rendered":"<p>Arran del buidatge i an\u00e0lisi de la diagnosi es redacten sis objectius tenint en compte la visi\u00f3 i missi\u00f3 del projecte educatiu de centre. Despr\u00e9s de presentar-ho al claustre, es prioritzen conjuntament amb la direcci\u00f3 del centre i es proposen algunes activitats a dur a&hellip;  <a href=\"https:\/\/agora.xtec.cat\/iesserrallarga\/linstitut\/edc\/estrategia-digital\/objectius\/\" title=\"Read Objectius\">Llegeix m\u00e9s\u00bb<\/a><\/p>\n","protected":false},"author":146,"featured_media":0,"parent":10159,"menu_order":0,"comment_status":"closed","ping_status":"closed","template":"page-templates\/side-menu.php","meta":{"_bbp_topic_count":0,"_bbp_reply_count":0,"_bbp_total_topic_count":0,"_bbp_total_reply_count":0,"_bbp_voice_count":0,"_bbp_anonymous_reply_count":0,"_bbp_topic_count_hidden":0,"_bbp_reply_count_hidden":0,"_bbp_forum_subforum_count":0,"footnotes":""},"class_list":["post-10200","page","type-page","status-publish","hentry"],"post_mailing_queue_ids":[],"_links":{"self":[{"href":"https:\/\/agora.xtec.cat\/iesserrallarga\/wp-json\/wp\/v2\/pages\/10200","targetHints":{"allow":["GET"]}}],"collection":[{"href":"https:\/\/agora.xtec.cat\/iesserrallarga\/wp-json\/wp\/v2\/pages"}],"about":[{"href":"https:\/\/agora.xtec.cat\/iesserrallarga\/wp-json\/wp\/v2\/types\/page"}],"author":[{"embeddable":true,"href":"https:\/\/agora.xtec.cat\/iesserrallarga\/wp-json\/wp\/v2\/users\/146"}],"replies":[{"embeddable":true,"href":"https:\/\/agora.xtec.cat\/iesserrallarga\/wp-json\/wp\/v2\/comments?post=10200"}],"version-history":[{"count":3,"href":"https:\/\/agora.xtec.cat\/iesserrallarga\/wp-json\/wp\/v2\/pages\/10200\/revisions"}],"predecessor-version":[{"id":10280,"href":"https:\/\/agora.xtec.cat\/iesserrallarga\/wp-json\/wp\/v2\/pages\/10200\/revisions\/10280"}],"up":[{"embeddable":true,"href":"https:\/\/agora.xtec.cat\/iesserrallarga\/wp-json\/wp\/v2\/pages\/10159"}],"wp:attachment":[{"href":"https:\/\/agora.xtec.cat\/iesserrallarga\/wp-json\/wp\/v2\/media?parent=10200"}],"curies":[{"name":"wp","href":"https:\/\/api.w.org\/{rel}","templated":true}]}}