{"id":10156,"date":"2023-06-26T14:59:02","date_gmt":"2023-06-26T12:59:02","guid":{"rendered":"https:\/\/agora.xtec.cat\/iesserrallarga\/?page_id=10156"},"modified":"2025-11-18T21:50:10","modified_gmt":"2025-11-18T20:50:10","slug":"edc","status":"publish","type":"page","link":"https:\/\/agora.xtec.cat\/iesserrallarga\/linstitut\/edc\/","title":{"rendered":"Estrat\u00e8gia Digital de Centre"},"content":{"rendered":"<h1 class=\"CjVfdc\"><span class=\"puwcIf C9DxTc \">QU\u00c8 \u00c9S L&#8217;EDC?<\/span><\/h1>\n<table style=\"height: 332px; width: 100%; border-collapse: collapse; border-style: hidden;\" border=\"0\">\n<tbody>\n<tr style=\"height: 332px;\">\n<td style=\"width: 73.466%; height: 332px;\">\n<p style=\"font-family: 'Helvetica Neue', Helvetica, Helvetica, Arial, sans-serif; font-size: 16px;\">L\u2019Estrat\u00e8gia Digital de Centre (EDC) \u00e9s un document que recull totes les accions que es realitzen en un centre, i les que es realitzaran a mitj\u00e0 termini, per aconseguir la m\u00e0xima compet\u00e8ncia digital de l\u2019alumnat, del professorat i del centre educatiu. T\u00e9 com a referent el Pla d\u2019educaci\u00f3 digital de Catalunya (PEDC), on s\u2019indica la necessitat d\u2019assolir la fita d\u2019una societat digitalment competent, fent \u00e8mfasi en l\u2019equitat i tenint en compte l\u2019evoluci\u00f3 del context social i tecnol\u00f2gic.<\/p>\n<p style=\"font-family: 'Helvetica Neue', Helvetica, Helvetica, Arial, sans-serif; font-size: 16px;\">Al PEC del centre es detallen les dades de contextualitzaci\u00f3 general del centre. Pel que fa als aspectes sobre tecnologia digital, cal tenir en compte que el centre fa anys que ha fet una clara aposta per la digitalitzaci\u00f3 del centre. Aix\u00ed, tot l\u2019alumnat i professorat disposa d\u2019un usuari de centre que els permet tenir serveis com s\u00f3n el correu electr\u00f2nic o l\u2019emmagatzematge al n\u00favol. Amb aquests usuaris es realitza tota la comunicaci\u00f3 del centre.<\/p>\n<p style=\"font-family: 'Helvetica Neue', Helvetica, Helvetica, Arial, sans-serif; font-size: 16px;\">Podeu accedir a tota la informaci\u00f3 sobre la nostra Estrat\u00e8gia Digital de Centre mitjan\u00e7ant el men\u00fa de navegaci\u00f3 de l\u2019esquerra.<\/p>\n<div><b>CULTURA DIGITAL:<\/b><\/div>\n<div><\/div>\n<div><b>1. GUIES PER A LES FAM\u00cdLIES<\/b><\/div>\n<div><\/div>\n<div><a href=\"https:\/\/agora.xtec.cat\/iesserrallarga\/wp-content\/uploads\/usu54\/2024\/02\/1.1-Guia-Som-Connexio-1.pdf\">1.1 Guia Som Connexi\u00f3<\/a><\/div>\n<div><\/div>\n<div><a href=\"https:\/\/agora.xtec.cat\/iesserrallarga\/wp-content\/uploads\/usu54\/2024\/02\/1.2-Guia-Educar-en-lus-saludable-de-les-pantalles-1.pdf\">1.2 Guia Educar en l&#8217;\u00fas saludable de les pantalles<\/a><\/div>\n<div><\/div>\n<div>1.3\u00a0 <strong>6 consells per regular l&#8217;\u00fas de les pantalles a casa<\/strong><\/div>\n<div><\/div>\n<div><\/div>\n<div><\/div>\n<div><a href=\"https:\/\/agora.xtec.cat\/iesserrallarga\/wp-content\/uploads\/usu54\/2024\/02\/1.3-6-consells-per-regular-lus-de-les-pantalles-a-casa-1.jpg\"><img loading=\"lazy\" decoding=\"async\" class=\"aligncenter size-large wp-image-11309\" src=\"https:\/\/agora.xtec.cat\/iesserrallarga\/wp-content\/uploads\/usu54\/2024\/02\/1.3-6-consells-per-regular-lus-de-les-pantalles-a-casa-1-410x1024.jpg\" alt=\"\" width=\"410\" height=\"1024\" srcset=\"https:\/\/agora.xtec.cat\/iesserrallarga\/wp-content\/uploads\/usu54\/2024\/02\/1.3-6-consells-per-regular-lus-de-les-pantalles-a-casa-1-410x1024.jpg 410w, https:\/\/agora.xtec.cat\/iesserrallarga\/wp-content\/uploads\/usu54\/2024\/02\/1.3-6-consells-per-regular-lus-de-les-pantalles-a-casa-1-120x300.jpg 120w, https:\/\/agora.xtec.cat\/iesserrallarga\/wp-content\/uploads\/usu54\/2024\/02\/1.3-6-consells-per-regular-lus-de-les-pantalles-a-casa-1-768x1920.jpg 768w, https:\/\/agora.xtec.cat\/iesserrallarga\/wp-content\/uploads\/usu54\/2024\/02\/1.3-6-consells-per-regular-lus-de-les-pantalles-a-casa-1.jpg 800w\" sizes=\"auto, (max-width: 410px) 100vw, 410px\" \/><\/a><\/div>\n<div><\/div>\n<div><\/div>\n<div><a href=\"https:\/\/agora.xtec.cat\/iesserrallarga\/wp-content\/uploads\/usu54\/2025\/11\/1.4-Menys-pantalla-mes-VIDA.pdf\">1.4 Menys pantalla, m\u00e9s VIDA!<\/a><\/div>\n<div><\/div>\n<div><a href=\"https:\/\/agora.xtec.cat\/iesserrallarga\/wp-content\/uploads\/usu54\/2025\/11\/1.5-Pla-Digital-Familiar.pdf\">1.5 Pla Digital Familiar<\/a><\/div>\n<div><\/div>\n<div><\/div>\n<div><\/div>\n<div><\/div>\n<div><b>2.- GUIES PER A L&#8217;ALUMNAT<\/b><\/div>\n<div><\/div>\n<div><a href=\"https:\/\/agora.xtec.cat\/iesserrallarga\/wp-content\/uploads\/usu54\/2024\/02\/2.1-Guia-habits-cibersaludables.pdf\">2.1 Guia h\u00e0bits cibersaludables<\/a><\/div>\n<div><\/div>\n<div><\/div>\n<div><\/div>\n<\/td>\n<td style=\"width: 26.534%; height: 332px;\"><a href=\"https:\/\/agora.xtec.cat\/iesserrallarga\/linstitut\/pec\/attachment\/pec\/\" target=\"_blank\" rel=\"https:\/\/agora.xtec.cat\/iesserrallarga\/linstitut\/pec\/attachment\/pec\/ noopener\"><img loading=\"lazy\" decoding=\"async\" class=\"alignnone wp-image-10172\" src=\"https:\/\/agora.xtec.cat\/iesserrallarga\/wp-content\/uploads\/usu54\/2023\/06\/pec.png\" alt=\"img pec\" width=\"236\" height=\"300\" srcset=\"https:\/\/agora.xtec.cat\/iesserrallarga\/wp-content\/uploads\/usu54\/2023\/06\/pec.png 541w, https:\/\/agora.xtec.cat\/iesserrallarga\/wp-content\/uploads\/usu54\/2023\/06\/pec-236x300.png 236w\" sizes=\"auto, (max-width: 236px) 100vw, 236px\" \/><\/a><\/td>\n<\/tr>\n<\/tbody>\n<\/table>\n<p>&nbsp;<\/p>\n","protected":false},"excerpt":{"rendered":"<p>QU\u00c8 \u00c9S L&#8217;EDC?<\/p>\n<p>L\u2019Estrat\u00e8gia Digital de Centre (EDC) \u00e9s un document que recull totes les accions que es realitzen en un centre, i les que es realitzaran a mitj\u00e0 termini, per aconseguir la m\u00e0xima compet\u00e8ncia digital de l\u2019alumnat, del professorat i del centre educatiu. T\u00e9 com&hellip;  <a href=\"https:\/\/agora.xtec.cat\/iesserrallarga\/linstitut\/edc\/\" title=\"Read Estrat\u00e8gia Digital de Centre\">Llegeix m\u00e9s\u00bb<\/a><\/p>\n","protected":false},"author":146,"featured_media":0,"parent":19,"menu_order":111,"comment_status":"open","ping_status":"closed","template":"page-templates\/side-menu.php","meta":{"_bbp_topic_count":0,"_bbp_reply_count":0,"_bbp_total_topic_count":0,"_bbp_total_reply_count":0,"_bbp_voice_count":0,"_bbp_anonymous_reply_count":0,"_bbp_topic_count_hidden":0,"_bbp_reply_count_hidden":0,"_bbp_forum_subforum_count":0,"footnotes":""},"class_list":["post-10156","page","type-page","status-publish","hentry"],"post_mailing_queue_ids":[],"_links":{"self":[{"href":"https:\/\/agora.xtec.cat\/iesserrallarga\/wp-json\/wp\/v2\/pages\/10156","targetHints":{"allow":["GET"]}}],"collection":[{"href":"https:\/\/agora.xtec.cat\/iesserrallarga\/wp-json\/wp\/v2\/pages"}],"about":[{"href":"https:\/\/agora.xtec.cat\/iesserrallarga\/wp-json\/wp\/v2\/types\/page"}],"author":[{"embeddable":true,"href":"https:\/\/agora.xtec.cat\/iesserrallarga\/wp-json\/wp\/v2\/users\/146"}],"replies":[{"embeddable":true,"href":"https:\/\/agora.xtec.cat\/iesserrallarga\/wp-json\/wp\/v2\/comments?post=10156"}],"version-history":[{"count":6,"href":"https:\/\/agora.xtec.cat\/iesserrallarga\/wp-json\/wp\/v2\/pages\/10156\/revisions"}],"predecessor-version":[{"id":15012,"href":"https:\/\/agora.xtec.cat\/iesserrallarga\/wp-json\/wp\/v2\/pages\/10156\/revisions\/15012"}],"up":[{"embeddable":true,"href":"https:\/\/agora.xtec.cat\/iesserrallarga\/wp-json\/wp\/v2\/pages\/19"}],"wp:attachment":[{"href":"https:\/\/agora.xtec.cat\/iesserrallarga\/wp-json\/wp\/v2\/media?parent=10156"}],"curies":[{"name":"wp","href":"https:\/\/api.w.org\/{rel}","templated":true}]}}