{"id":965,"date":"2024-07-08T08:50:16","date_gmt":"2024-07-08T06:50:16","guid":{"rendered":"https:\/\/agora.xtec.cat\/iessentmenat\/?page_id=965"},"modified":"2024-07-11T11:28:56","modified_gmt":"2024-07-11T09:28:56","slug":"comprar-a-iddink","status":"publish","type":"page","link":"https:\/\/agora.xtec.cat\/iessentmenat\/secretaria\/llibres-de-text\/comprar-a-iddink\/","title":{"rendered":"Com comprar"},"content":{"rendered":"<p>A partir del <b>8<\/b> de JULIOL podreu adquirir llibres i material escolar a trav\u00e9s de l\u2019empresa <b><a href=\"https:\/\/www.comercialgironallibres.com\/\">Comercial Girona de Llibres, SL<\/a>.<\/b><\/p>\n<p style=\"text-align: center;\"><a href=\"https:\/\/agora.xtec.cat\/iessentmenat\/wp-content\/uploads\/usu2420\/2024\/07\/Com-Gir.jpg\"><img loading=\"lazy\" decoding=\"async\" class=\"alignnone wp-image-2936 size-full\" src=\"https:\/\/agora.xtec.cat\/iessentmenat\/wp-content\/uploads\/usu2420\/2024\/07\/Com-Gir-e1719915205283.jpg\" alt=\"\" width=\"200\" height=\"62\" \/><\/a><\/p>\n<p>Cal fer la compra a trav\u00e9s de la seva<b> plataforma on-line<\/b> i rebreu els llibres a domicili. Tanmateix disposen d\u2019un sistema de reutilitzaci\u00f3 de llibres de text codificat, amb un <b>65% de descompte.<\/b><\/p>\n<p>L\u2019empresa <b>Comercial Girona<\/b> permet bescanviar el <b>Val Escolar <\/b>\u00a0per reduir l\u2019import en la compra de llibres i material escolar.<\/p>\n<p style=\"text-align: center;\"><a href=\"https:\/\/agora.xtec.cat\/iessentmenat\/wp-content\/uploads\/usu2420\/2024\/07\/val-e1719915582876.jpg\"><img loading=\"lazy\" decoding=\"async\" class=\"alignnone wp-image-2937 size-full\" src=\"https:\/\/agora.xtec.cat\/iessentmenat\/wp-content\/uploads\/usu2420\/2024\/07\/val-e1719915582876.jpg\" alt=\"\" width=\"229\" height=\"103\" \/><\/a><\/p>\n<p><b>Pas 1<\/b>: <a href=\"https:\/\/www.valescolar.cat\/vals\/identificacio\">ACTIVACI\u00d3<\/a>. Entreu a la web <a href=\"http:\/\/valescolar.cat\/\">valescolar.cat<\/a> i aneu a l&#8217;<b>Opci\u00f3 A<\/b> i <em><b>Descarregar<\/b><\/em>. Mireu les instruccions i la imatge.<\/p>\n<p><i>Un cop triada l&#8217;opci\u00f3, no es podr\u00e0 modificar.\u00a0<\/i><\/p>\n<p>Per tant,<\/p>\n<p><a href=\"https:\/\/agora.xtec.cat\/iessentmenat\/wp-content\/uploads\/usu2420\/2024\/07\/valescolar.jpg\"><img loading=\"lazy\" decoding=\"async\" class=\"alignnone wp-image-3036 size-medium\" src=\"https:\/\/agora.xtec.cat\/iessentmenat\/wp-content\/uploads\/usu2420\/2024\/07\/valescolar-240x300.jpg\" alt=\"\" width=\"240\" height=\"300\" srcset=\"https:\/\/agora.xtec.cat\/iessentmenat\/wp-content\/uploads\/usu2420\/2024\/07\/valescolar-240x300.jpg 240w, https:\/\/agora.xtec.cat\/iessentmenat\/wp-content\/uploads\/usu2420\/2024\/07\/valescolar.jpg 651w\" sizes=\"auto, (max-width: 240px) 100vw, 240px\" \/><\/a><\/p>\n<p>Quan hagueu rebut la carta amb els vals, accediu al web <a href=\"http:\/\/valescolar.cat\" target=\"_blank\" rel=\"noopener\" data-saferedirecturl=\"https:\/\/www.google.com\/url?q=http:\/\/valescolar.cat&amp;source=gmail&amp;ust=1720774912335000&amp;usg=AOvVaw2zR3pM0p6Wm-WGVpW3SKrU\">valescolar.cat<\/a> i feu els passos seg\u00fcents:<\/p>\n<ol>\n<li>Aneu a la secci\u00f3 <em>Accedeix als teus vals<\/em>.<\/li>\n<li>Introdu\u00efu l\u2019identificador de l\u2019alumne\/a i el PIN que hi ha als vals.<\/li>\n<li>Introdu\u00efu el vostre n\u00famero de tel\u00e8fon m\u00f2bil.<\/li>\n<li>Introdu\u00efu el codi que rebreu al m\u00f2bil i, si tot \u00e9s correcte, ja tindreu els vals activats per utilitzar-los<\/li>\n<li>Al final del proc\u00e9s us els podeu enviar per correu electr\u00f2nic i\/o imprimir.<\/li>\n<\/ol>\n<p><b>Important! si no esculliu aquesta opci\u00f3 ja no podreu bescanviar-lo per reduir l&#8217;import per la compra dels llibres.<\/b><\/p>\n<p><b>Pas 2:<\/b> Al web de <a href=\"https:\/\/www.comercialgironallibres.com\/\">Comercial Girona<\/a> trobareu un bot\u00f3 a l\u2019espai on trieu els llibres, al fer-hi clic s\u2019obrir\u00e0 una finestreta perqu\u00e8 pugueu adjuntar tots dos vals.<\/p>\n<p><b>Atenci\u00f3!<\/b> Si en el moment de fer la comanda no teniu el val, podeu tancar aquesta finestreta i es descomptar\u00e0 igualment l\u2019import del val. Posteriorment, haureu d&#8217;enviar els vals escolars ACTIVATS a informacio@comercialgirona.cat indicant el n\u00famero de comanda.*<\/p>\n<p><b><i>*Abans de lliurar la comanda a domicili l\u2019empresa comprovar\u00e0 que s&#8217;hagi lliurat el VAL ESCOLAR. No s\u2019entregar\u00e0 cap comanda en la que s&#8217;hagi descomptat l&#8217;import del VAL ESCOLAR i que no s&#8217;hagi ENTREGAT a Comercial Girona.<\/i><\/b><\/p>\n<p><span style=\"font-size: large;\">Amb els Vals Escolars activats i descarregats amb l&#8217;opci\u00f3 A, tamb\u00e9 podeu realitzar compres en altres establiments adherits: papereria Mabi de Sentmenat i <a href=\"https:\/\/valescolar.cat\/establiments-adherits\" target=\"_blank\" rel=\"noopener\" data-saferedirecturl=\"https:\/\/www.google.com\/url?q=https:\/\/valescolar.cat\/establiments-adherits&amp;source=gmail&amp;ust=1720774912335000&amp;usg=AOvVaw2CkHQnvn6YTyr9fwssNzTV\">altres<\/a>.<\/span><\/p>\n<p><span style=\"font-size: large;\">Recomanem l\u2019opci\u00f3 A, Descarregar, per tal de dur a terme una gesti\u00f3 dels vals el menys complicada i m\u00e9s uniforme possible, de la mateixa manera que el curs passat, quan es van encetar els vals a les escoles de prim\u00e0ria.<\/span><\/p>\n<p>&nbsp;<\/p>\n<p>&nbsp;<\/p>\n","protected":false},"excerpt":{"rendered":"<p>A partir del 8 de JULIOL podreu adquirir llibres i material escolar a trav\u00e9s de l\u2019empresa <a href=\"https:\/\/www.comercialgironallibres.com\/\">Comercial Girona de Llibres, SL<\/a>.<br \/>\n<a href=\"https:\/\/agora.xtec.cat\/iessentmenat\/wp-content\/uploads\/usu2420\/2024\/07\/Com-Gir.jpg\"><\/a><br \/>\nCal fer la compra a trav\u00e9s de la seva plataforma on-line i rebreu els llibres a domicili. Tanmateix disposen d\u2019un sistema de reutilitzaci\u00f3&hellip;  <a href=\"https:\/\/agora.xtec.cat\/iessentmenat\/secretaria\/llibres-de-text\/comprar-a-iddink\/\" title=\"Read Com comprar\">Llegeix m\u00e9s\u00bb<\/a><\/p>\n","protected":false},"author":1,"featured_media":0,"parent":560,"menu_order":40,"comment_status":"closed","ping_status":"closed","template":"page-templates\/side-menu.php","meta":{"_bbp_topic_count":0,"_bbp_reply_count":0,"_bbp_total_topic_count":0,"_bbp_total_reply_count":0,"_bbp_voice_count":0,"_bbp_anonymous_reply_count":0,"_bbp_topic_count_hidden":0,"_bbp_reply_count_hidden":0,"_bbp_forum_subforum_count":0,"footnotes":""},"class_list":["post-965","page","type-page","status-publish","hentry"],"post_mailing_queue_ids":[],"_links":{"self":[{"href":"https:\/\/agora.xtec.cat\/iessentmenat\/wp-json\/wp\/v2\/pages\/965","targetHints":{"allow":["GET"]}}],"collection":[{"href":"https:\/\/agora.xtec.cat\/iessentmenat\/wp-json\/wp\/v2\/pages"}],"about":[{"href":"https:\/\/agora.xtec.cat\/iessentmenat\/wp-json\/wp\/v2\/types\/page"}],"author":[{"embeddable":true,"href":"https:\/\/agora.xtec.cat\/iessentmenat\/wp-json\/wp\/v2\/users\/1"}],"replies":[{"embeddable":true,"href":"https:\/\/agora.xtec.cat\/iessentmenat\/wp-json\/wp\/v2\/comments?post=965"}],"version-history":[{"count":6,"href":"https:\/\/agora.xtec.cat\/iessentmenat\/wp-json\/wp\/v2\/pages\/965\/revisions"}],"predecessor-version":[{"id":3038,"href":"https:\/\/agora.xtec.cat\/iessentmenat\/wp-json\/wp\/v2\/pages\/965\/revisions\/3038"}],"up":[{"embeddable":true,"href":"https:\/\/agora.xtec.cat\/iessentmenat\/wp-json\/wp\/v2\/pages\/560"}],"wp:attachment":[{"href":"https:\/\/agora.xtec.cat\/iessentmenat\/wp-json\/wp\/v2\/media?parent=965"}],"curies":[{"name":"wp","href":"https:\/\/api.w.org\/{rel}","templated":true}]}}