{"id":69,"date":"2014-09-18T10:15:07","date_gmt":"2014-09-18T09:15:07","guid":{"rendered":"http:\/\/agora.xtec.cat\/iessentmenat\/?page_id=69"},"modified":"2021-02-27T10:57:47","modified_gmt":"2021-02-27T09:57:47","slug":"menjador-escolar","status":"publish","type":"page","link":"https:\/\/agora.xtec.cat\/iessentmenat\/serveis\/menjador-escolar\/","title":{"rendered":"Cantina"},"content":{"rendered":"<div><span style=\"font-size: medium;\">El centre\u00a0disposa de\u00a0servei de cantina cada dia a l&#8217;hora del pati (10.00 a 10.20 i 12.20 a 12.35), amb esmorzars freds i calents. <\/span><\/div>\n<div>\n<p><b>La cantina t\u00e9 dues funcions:<\/b><\/p>\n<ul>\n<li>Servei de venda d\u2019esmorzars.<\/li>\n<li>Lloc d\u2019estada per l\u2019alumnat i el professorat i PAS.<\/li>\n<\/ul>\n<p><b>Normes a acomplir:<\/b><\/p>\n<p><b>Alumnat:<\/b><\/p>\n<ul>\n<li>Entreu i sortiu per la porta del pati.<\/li>\n<li>Respecteu la cua per comprar.<\/li>\n<li>Llanceu les deixalles a les papereres.<\/li>\n<li>Seieu a les cadires.<\/li>\n<li>Parleu amb educaci\u00f3.<\/li>\n<li>Recordeu que \u00e9s un espai per esmorzar.<\/li>\n<li>Recordeu que cal mantenir ordre i disciplina i s\u2019aplicaran sancions en cas contrari i que el dret a admissi\u00f3 pot ser retirat.<\/li>\n<\/ul>\n<\/div>\n<ul>\n<li>Hi haur\u00e0 un professor\/ra de gu\u00e0rdia.<\/li>\n<li>La porta del vest\u00edbul intern \u00e9s nom\u00e9s per emerg\u00e8ncies, professorat i PAS, i no pot estar tancada amb clau.<\/li>\n<\/ul>\n","protected":false},"excerpt":{"rendered":"<p>El centre\u00a0disposa de\u00a0servei de cantina cada dia a l&#8217;hora del pati (10.00 a 10.20 i 12.20 a 12.35), amb esmorzars freds i calents. <\/p>\n<p>La cantina t\u00e9 dues funcions:<\/p>\n<ul>\n<li>Servei de venda d\u2019esmorzars.<\/li>\n<li>Lloc d\u2019estada per l\u2019alumnat i el professorat i PAS.<\/li>\n<\/ul>\n<p>Normes a acomplir:<br \/>\nAlumnat:<\/p>\n<ul>\n<li>Entreu i sortiu per la&hellip;  <a href=\"https:\/\/agora.xtec.cat\/iessentmenat\/serveis\/menjador-escolar\/\" title=\"Read Cantina\">Llegeix m\u00e9s\u00bb<\/a><br \/>\n","protected":false},"author":1,"featured_media":0,"parent":63,"menu_order":30,"comment_status":"closed","ping_status":"closed","template":"page-templates\/side-menu.php","meta":{"_bbp_topic_count":0,"_bbp_reply_count":0,"_bbp_total_topic_count":0,"_bbp_total_reply_count":0,"_bbp_voice_count":0,"_bbp_anonymous_reply_count":0,"_bbp_topic_count_hidden":0,"_bbp_reply_count_hidden":0,"_bbp_forum_subforum_count":0,"footnotes":""},"class_list":["post-69","page","type-page","status-publish","hentry"],"post_mailing_queue_ids":[],"_links":{"self":[{"href":"https:\/\/agora.xtec.cat\/iessentmenat\/wp-json\/wp\/v2\/pages\/69","targetHints":{"allow":["GET"]}}],"collection":[{"href":"https:\/\/agora.xtec.cat\/iessentmenat\/wp-json\/wp\/v2\/pages"}],"about":[{"href":"https:\/\/agora.xtec.cat\/iessentmenat\/wp-json\/wp\/v2\/types\/page"}],"author":[{"embeddable":true,"href":"https:\/\/agora.xtec.cat\/iessentmenat\/wp-json\/wp\/v2\/users\/1"}],"replies":[{"embeddable":true,"href":"https:\/\/agora.xtec.cat\/iessentmenat\/wp-json\/wp\/v2\/comments?post=69"}],"version-history":[{"count":1,"href":"https:\/\/agora.xtec.cat\/iessentmenat\/wp-json\/wp\/v2\/pages\/69\/revisions"}],"predecessor-version":[{"id":497,"href":"https:\/\/agora.xtec.cat\/iessentmenat\/wp-json\/wp\/v2\/pages\/69\/revisions\/497"}],"up":[{"embeddable":true,"href":"https:\/\/agora.xtec.cat\/iessentmenat\/wp-json\/wp\/v2\/pages\/63"}],"wp:attachment":[{"href":"https:\/\/agora.xtec.cat\/iessentmenat\/wp-json\/wp\/v2\/media?parent=69"}],"curies":[{"name":"wp","href":"https:\/\/api.w.org\/{rel}","templated":true}]}}