{"id":607,"date":"2021-02-19T13:06:09","date_gmt":"2021-02-19T12:06:09","guid":{"rendered":"https:\/\/agora.xtec.cat\/iessentmenat\/?page_id=607"},"modified":"2025-07-02T12:11:16","modified_gmt":"2025-07-02T10:11:16","slug":"llibres-eso","status":"publish","type":"page","link":"https:\/\/agora.xtec.cat\/iessentmenat\/secretaria\/llibres-de-text\/llibres-eso\/","title":{"rendered":"Llibres ESO"},"content":{"rendered":"<p><span lang=\"CA\"><a href=\"https:\/\/agora.xtec.cat\/iessentmenat\/docs\/llibres-curs-25-26\/?bp-attachment=LLIBRES-ESO_-25-26.docx.pdf\">Llistat de llibres per imprimir<\/a><br \/>\n<\/span><\/p>\n<p>2n any de perman\u00e8ncia<\/p>\n<p><strong>1r ESO<\/strong><\/p>\n<table style=\"width: 100%; height: 835px;\">\n<tbody>\n<tr style=\"height: 55px;\">\n<td style=\"height: 55px; text-align: center;\"><b>LLIBRES 1r d\u2019ESO 2025-26<\/b><\/td>\n<td style=\"height: 55px; text-align: center;\"><b>T\u00cdTOL<\/b><\/td>\n<td style=\"height: 55px; text-align: center;\"><b>ISBN<\/b><\/td>\n<td style=\"height: 55px; text-align: center;\"><b>EDITORIAL<\/b><\/td>\n<\/tr>\n<tr style=\"height: 79px;\">\n<td style=\"height: 79px;\">Llengua catalana<\/td>\n<td style=\"height: 79px;\">SEQ\u00dc\u00c8NCIES DOSSIER. LLENGUA CATALANA I LITERATURA 1 ESO<\/td>\n<td style=\"height: 79px;\">9788441235427<\/td>\n<td style=\"height: 79px;\">Text<\/td>\n<\/tr>\n<tr style=\"height: 105px;\">\n<td style=\"height: 105px;\">Lectures Llengua catalana<\/td>\n<td style=\"height: 105px;\">\n<ul>\n<li aria-level=\"1\"><i>Vint-i-set dinosaure<\/i>s, Teresa Mu\u00f1oz<\/li>\n<li aria-level=\"1\"><i>Presoners del mar<\/i>, Arturo Padilla<\/li>\n<li aria-level=\"1\"><i>La Ventafocs (potser s\u00ed, potser no)<\/i>, Josep Maria Benet i Jornet<\/li>\n<\/ul>\n<\/td>\n<td style=\"height: 105px;\">9788413891781<\/p>\n<p>9788448931339<\/p>\n<p>9788484377566<\/td>\n<td style=\"height: 105px;\">Estrella Polar<\/p>\n<p>Barcanova<\/p>\n<p>Proa<\/td>\n<\/tr>\n<tr style=\"height: 197px;\">\n<td style=\"height: 197px;\">Llengua castellana<\/p>\n<p>Lectures Llengua castellana<\/td>\n<td style=\"height: 197px;\">Secuencias dosier. Lengua castellana y literatura 1 ESO<\/p>\n<p>Encuadernaci\u00f3n en espiral<\/p>\n<ul>\n<li aria-level=\"1\">Alicia en el pa\u00eds de las maravillas, Jordi Sierra i Fabra<\/li>\n<li aria-level=\"1\">Invisible, Eloy orMeno<\/li>\n<li aria-level=\"1\">El joven Poe, Cuca Canals<\/li>\n<\/ul>\n<\/td>\n<td style=\"height: 197px;\">9788441235465<\/p>\n<p>9788408160106<\/p>\n<p>9788416588435<\/p>\n<p>9788468341088<\/td>\n<td style=\"height: 197px;\">Text<\/p>\n<p>Austral Intr\u00e9pida<\/p>\n<p>Nube de tinta<\/p>\n<p>Edeb\u00e9<\/td>\n<\/tr>\n<tr style=\"height: 81px;\">\n<td style=\"height: 81px;\">Angl\u00e8s<\/td>\n<td style=\"height: 81px;\">Impact 1 Student\u00b4s Book<\/p>\n<p>Impact BrE 1 Workbook + WB Audio CD<\/td>\n<td style=\"height: 81px;\">9781337281065<\/p>\n<p>9781337293921<\/td>\n<td style=\"height: 81px;\">National Geographic Learning. Distrib. SGEL<\/td>\n<\/tr>\n<tr style=\"height: 131px;\">\n<td style=\"height: 131px;\">Ci\u00e8ncies Socials<\/td>\n<td style=\"height: 131px;\">Geografia i hist\u00f2ria. Construint mons<\/p>\n<p>Geografia i hist\u00f2ria. Diari d\u2019aprenentatge<\/p>\n<p>Geografia i hist\u00f2ria. Atles<\/td>\n<td style=\"height: 131px;\">9788413150451<\/td>\n<td style=\"height: 131px;\">Santillana<\/td>\n<\/tr>\n<tr style=\"height: 85px;\">\n<td style=\"height: 85px;\"><b>OPTATIVA<\/b><\/p>\n<p>Franc\u00e8s<\/td>\n<td style=\"height: 85px;\">LES BLOGUEURS 1 A1.1 Livre ePk<\/p>\n<p>LES BLOGUEURS 1 A1.1 Cahier ePk&amp;Lecture<\/td>\n<td style=\"height: 85px;\">978-84-18907-79-1<\/p>\n<p>978-84-19072-00-9<\/td>\n<td style=\"height: 85px;\">Macmillan<\/p>\n<p>Macmillan<\/td>\n<\/tr>\n<tr style=\"height: 102px;\">\n<td style=\"height: 102px;\">APORTACI\u00d3 FAM\u00cdLIES<\/td>\n<td style=\"height: 102px;\" colspan=\"3\">\n<ul>\n<li aria-level=\"1\">Material d\u2019\u00fas col\u00b7lectiu: <b>60\u20ac<\/b><\/li>\n<li aria-level=\"1\">Material d\u2019\u00fas espec\u00edfic \u00e0mbit cient\u00edfic: <b>25\u20ac <\/b>(Llic\u00e8ncia Science Bits)<\/li>\n<\/ul>\n<ul>\n<li aria-level=\"1\">Material d\u2019\u00fas espec\u00edfic \u00e0mbit matem\u00e0tic: <b>39\u20ac<\/b> (Llic\u00e8ncia Innovamat)<\/li>\n<\/ul>\n<\/td>\n<\/tr>\n<\/tbody>\n<\/table>\n<p><strong>2n ESO<\/strong><\/p>\n<table style=\"width: 100%; height: 799px;\">\n<tbody>\n<tr style=\"height: 79px;\">\n<td style=\"height: 79px; text-align: center; width: 18.1913%;\"><b>LLIBRES 2n d\u2019ESO 2025-26<\/b><\/td>\n<td style=\"height: 79px; text-align: center; width: 40.9563%;\"><b>T\u00cdTOL<\/b><\/td>\n<td style=\"height: 79px; text-align: center; width: 14.3451%;\"><b>ISBN<\/b><\/td>\n<td style=\"height: 79px; text-align: center; width: 25.2599%;\"><b>EDITORIAL<\/b><\/td>\n<\/tr>\n<tr style=\"height: 58px;\">\n<td style=\"height: 58px; width: 18.1913%;\">Llengua catalana<\/td>\n<td style=\"height: 58px; width: 40.9563%;\">SEQ\u00dc\u00c8NCIES DOSSIER. LLENGUA CATALANA I LITERATURA 2 ESO<\/td>\n<td style=\"height: 58px; width: 14.3451%;\">9788441235434<\/td>\n<td style=\"height: 58px; width: 25.2599%;\">Text<\/td>\n<\/tr>\n<tr style=\"height: 76px;\">\n<td style=\"height: 76px; width: 18.1913%;\">Lectures Llengua catalana<\/td>\n<td style=\"height: 76px; width: 40.9563%;\">\n<ul>\n<li aria-level=\"1\"><i>Serena<\/i>, Dolors Garcia i Cornell\u00e0<\/li>\n<li aria-level=\"1\"><i>Els perseguidors de paraules.<\/i> Versi\u00f3 teatral, Marc Artigau<\/li>\n<\/ul>\n<\/td>\n<td style=\"height: 76px; width: 14.3451%;\">9788466130257<\/p>\n<p>9788413894591<\/td>\n<td style=\"height: 76px; width: 25.2599%;\">Cru\u00eflla<\/p>\n<p>Estrella Polar<\/td>\n<\/tr>\n<tr style=\"height: 189px;\">\n<td style=\"height: 189px; width: 18.1913%;\">Llengua castellana<\/p>\n<p>Lectures Llengua castellana<\/td>\n<td style=\"height: 189px; width: 40.9563%;\">Secuencias dosier. Lengua castellana y literatura 2 ESO<\/p>\n<p>Encuadernaci\u00f3n en espiral<\/p>\n<ul>\n<li aria-level=\"1\">Las l\u00e1grimas de Shiva, C\u00e9sar Mallorqu\u00ed<\/li>\n<li aria-level=\"1\">El pr\u00edncipe de la niebla, Carlos Ruiz Zaf\u00f3n<\/li>\n<li aria-level=\"1\">La ratonera. Agatha Christie<\/li>\n<\/ul>\n<\/td>\n<td style=\"height: 189px; width: 14.3451%;\">978-8441235472<\/p>\n<p>9788423675104<\/p>\n<p>9788408072805<\/p>\n<p>9788467065244<\/td>\n<td style=\"height: 189px; width: 25.2599%;\">Text<\/p>\n<p>Edeb\u00e9<\/p>\n<p>Booket<\/p>\n<p>Austral<\/td>\n<\/tr>\n<tr style=\"height: 73px;\">\n<td style=\"height: 73px; width: 18.1913%;\">Angl\u00e8s<\/td>\n<td style=\"height: 73px; width: 40.9563%;\">Impact 2 Student\u00b4s Book<\/p>\n<p>Impact BrE 2 Workbook + WB Audio CD<\/td>\n<td style=\"height: 73px; width: 14.3451%;\">9781337281072<\/p>\n<p>9781337293938<\/td>\n<td style=\"height: 73px; width: 25.2599%;\">National Geographic Learning. Distrib. SGEL<\/td>\n<\/tr>\n<tr style=\"height: 55px;\">\n<td style=\"height: 55px; width: 18.1913%;\">F\u00edsica i Qu\u00edmica<\/td>\n<td style=\"height: 55px; width: 40.9563%;\">Quadern F\u00edsica i Qu\u00edmica 2ESO Prodigi amb llic\u00e8ncia digital del llibre de text<\/td>\n<td style=\"height: 55px; width: 14.3451%;\">9788430756346<\/td>\n<td style=\"height: 55px; width: 25.2599%;\">Teide<\/td>\n<\/tr>\n<tr style=\"height: 113px;\">\n<td style=\"height: 113px; width: 18.1913%;\">Ci\u00e8ncies Socials<\/td>\n<td style=\"height: 113px; width: 40.9563%;\">Geografia i hist\u00f2ria. Construint mons<\/p>\n<p>Geografia i hist\u00f2ria. Atles.<\/p>\n<p>Geografia i hist\u00f2ria. Diari aprenentatge<\/td>\n<td style=\"height: 113px; width: 14.3451%;\">9788413153506<\/td>\n<td style=\"height: 113px; width: 25.2599%;\">Santillana<\/td>\n<\/tr>\n<tr style=\"height: 73px;\">\n<td style=\"height: 73px; width: 18.1913%;\"><b>OPTATIVA<\/b><\/p>\n<p>Franc\u00e8s<\/td>\n<td style=\"height: 73px; width: 40.9563%;\">LES BLOGUEURS 2 A1.2 Livre ePk<\/p>\n<p>LES BLOGUEURS 2 A1.2 Cahier ePk&amp;Lecture<\/td>\n<td style=\"height: 73px; width: 14.3451%;\">978-84-1157-030-5<\/p>\n<p>978-84-1157-031-2<\/td>\n<td style=\"height: 73px; width: 25.2599%;\">Macmillan<\/p>\n<p>Macmillan<\/td>\n<\/tr>\n<tr style=\"height: 83px;\">\n<td style=\"height: 83px; width: 18.1913%;\">APORTACI\u00d3<\/p>\n<p>FAM\u00cdLIES<\/td>\n<td style=\"height: 83px; width: 80.5613%;\" colspan=\"3\">\n<ul>\n<li aria-level=\"1\">Material d\u2019\u00fas col\u00b7lectiu: <b>60 \u20ac<\/b><\/li>\n<\/ul>\n<\/td>\n<\/tr>\n<\/tbody>\n<\/table>\n<p><strong>3r ESO<\/strong><\/p>\n<table style=\"width: 100%; height: 870px;\">\n<tbody>\n<tr style=\"height: 79px;\">\n<td style=\"text-align: center; height: 79px;\"><b>LLIBRES 3r d\u2019ESO 2025-26<\/b><\/td>\n<td style=\"text-align: center; height: 79px;\"><b>T\u00cdTOL<\/b><\/td>\n<td style=\"text-align: center; height: 79px;\"><b>ISBN<\/b><\/td>\n<td style=\"text-align: center; height: 79px;\"><b>EDITORIAL<\/b><\/td>\n<\/tr>\n<tr style=\"height: 62px;\">\n<td style=\"height: 62px;\">Llengua catalana<\/td>\n<td style=\"height: 62px;\">SEQ\u00dc\u00c8NCIES DOSSIER. LLENGUA CATALANA I LITERATURA 3 ESO<\/td>\n<td style=\"height: 62px;\">9788441235441<\/td>\n<td style=\"height: 62px;\">Text<\/td>\n<\/tr>\n<tr style=\"height: 90px;\">\n<td style=\"height: 90px;\">Lectures Llengua catalana<\/td>\n<td style=\"height: 90px;\">\n<ul>\n<li aria-level=\"1\"><i>Mentida<\/i>, Care Santos. Col\u00b7lecci\u00f3 Periscopi<\/li>\n<li aria-level=\"1\"><i>Mar i cel<\/i>, \u00c0ngel Guimer\u00e0. Col\u00b7lecci\u00f3 Cl\u00e0ssics A Mida<\/li>\n<\/ul>\n<\/td>\n<td style=\"height: 90px;\">9788468315782<\/p>\n<p>9788448931445<\/td>\n<td style=\"height: 90px;\">Edeb\u00e9<\/p>\n<p>Barcanova<\/td>\n<\/tr>\n<tr style=\"height: 200px;\">\n<td style=\"height: 200px;\">Llengua castellana<\/p>\n<p>Lectures Llengua Castellana<\/td>\n<td style=\"height: 200px;\">Secuencias dosier. Lengua castellana y literatura 3 ESO Encuadernaci\u00f3n en espiral<\/p>\n<ul>\n<li aria-level=\"1\">La dama del\u00a0 alba, Alejandro Casona<\/li>\n<li aria-level=\"1\">Lazarillo de Tormes<\/li>\n<li aria-level=\"1\">El c\u00edrculo escarlata, C\u00e9sar Mallorqu\u00ed<\/li>\n<\/ul>\n<\/td>\n<td style=\"height: 200px;\">978-8441235489<\/p>\n<p>9788468283531<\/p>\n<p>9788467052282<\/p>\n<p>9788468348964<\/td>\n<td style=\"height: 200px;\">Text<\/p>\n<p>Vicens Vives<\/p>\n<p>Austral<\/p>\n<p>Edeb\u00e9<\/td>\n<\/tr>\n<tr style=\"height: 67px;\">\n<td style=\"height: 67px;\">Angl\u00e8s<\/td>\n<td style=\"height: 67px;\">Impact 3 Student\u00b4s Book<br \/>\nImpact BrE 3 Workbook + WB Audio CD<\/td>\n<td style=\"height: 67px;\">9781337281089<br \/>\n9781337293945<\/td>\n<td style=\"height: 67px;\">National Geographic Learning. Distrib. SGEL<\/td>\n<\/tr>\n<tr style=\"height: 40px;\">\n<td style=\"height: 40px;\">F\u00edsica i qu\u00edmica<\/td>\n<td style=\"height: 40px;\">F\u00edsica i Qu\u00edmica. Mediterr\u00e0nia<\/td>\n<td style=\"height: 40px;\">9788448628000<\/td>\n<td style=\"height: 40px;\">McGraw-Hill<\/td>\n<\/tr>\n<tr style=\"height: 49px;\">\n<td style=\"height: 49px;\">Biologia<\/td>\n<td style=\"height: 49px;\">Biologia i Geologia<\/td>\n<td style=\"height: 49px;\">9788421873588<\/td>\n<td style=\"height: 49px;\">Casals<\/td>\n<\/tr>\n<tr style=\"height: 123px;\">\n<td style=\"height: 123px;\">Ci\u00e8ncies Socials<\/td>\n<td style=\"height: 123px;\">Geografia 3r ESO.<\/p>\n<p>Geografia 3r ESO. Diari d\u2019aprenentatge<\/p>\n<p>Geografia 3r ESO.<\/td>\n<td style=\"height: 123px;\">9788413152561<\/td>\n<td style=\"height: 123px;\">Santillana<\/td>\n<\/tr>\n<tr style=\"height: 80px;\">\n<td style=\"height: 80px;\"><b>OPTATIVA<\/b><\/p>\n<p>Franc\u00e8s<\/td>\n<td style=\"height: 80px;\">LES BLOGUEURS 3 A2.1 Livre ePk<\/p>\n<p>LES BLOGUEURS 3 A2.1 Cahier ePk&amp;Lecture<\/td>\n<td style=\"height: 80px;\">978-84-19072-06-1<\/p>\n<p>978-84-19072-07-8<\/td>\n<td style=\"height: 80px;\">Macmillan<\/p>\n<p>Macmillan<\/td>\n<\/tr>\n<tr style=\"height: 80px;\">\n<td style=\"height: 80px;\">APORTACI\u00d3 FAM\u00cdLIES<\/td>\n<td style=\"height: 80px;\" colspan=\"3\">\n<ul>\n<li>Material d\u2019\u00fas col\u00b7lectiu: <b>60\u20ac<\/b><\/li>\n<li aria-level=\"1\">Asseguran\u00e7a escolar: <b>1,12\u20ac<\/b><\/li>\n<\/ul>\n<\/td>\n<\/tr>\n<\/tbody>\n<\/table>\n<p><strong>4t ESO<\/strong><\/p>\n<table style=\"width: 100%; height: 997px;\">\n<tbody>\n<tr style=\"height: 79px;\">\n<td style=\"text-align: center; height: 79px;\"><b>LLIBRES 4t d\u2019ESO 2025-26<\/b><\/td>\n<td style=\"text-align: center; height: 79px;\"><b>T\u00cdTOL<\/b><\/td>\n<td style=\"text-align: center; height: 79px;\"><b>ISBN<\/b><\/td>\n<td style=\"text-align: center; height: 79px;\"><b>EDITORIAL<\/b><\/td>\n<\/tr>\n<tr style=\"height: 58px;\">\n<td style=\"height: 58px;\">Llengua catalana<\/td>\n<td style=\"height: 58px;\">SEQ\u00dc\u00c8NCIES DOSSIER. LLENGUA CATALANA I LITERATURA 4 ESO<\/td>\n<td style=\"height: 58px;\">9788441235458<\/td>\n<td style=\"height: 58px;\">Text<\/td>\n<\/tr>\n<tr style=\"height: 111px;\">\n<td style=\"height: 111px;\">Lectures Llengua catalana<\/td>\n<td style=\"height: 111px;\">\n<ul>\n<li aria-level=\"1\">Els incendiaris, David Cirici<\/li>\n<li aria-level=\"1\">Ara que estem junts, Roc Casagran<\/li>\n<li aria-level=\"1\">El m\u00e8tode Gr\u00f6nholm, Jordi Galceran. Col\u00b7lecci\u00f3 LB<\/li>\n<\/ul>\n<\/td>\n<td style=\"height: 111px;\">9788418327766<\/p>\n<p>9788499308593<\/p>\n<p>9788496863736<\/td>\n<td style=\"height: 111px;\">Fanbooks<\/p>\n<p>La Butxaca<\/p>\n<p>La Butxaca<\/td>\n<\/tr>\n<tr style=\"height: 167px;\">\n<td style=\"height: 167px;\">Llengua castellana<\/p>\n<p>Lectures Llengua Castellana<\/td>\n<td style=\"height: 167px;\">Secuencias dosier. Lengua castellana y literatura 4 ESO<\/p>\n<ul>\n<li aria-level=\"1\">Marina, de Carlos Ruiz Zaf\u00f3n<\/li>\n<li aria-level=\"1\">El \u00faltimo trabajo del se\u00f1or Luna, de C\u00e9sar Mallorqu\u00ed<\/li>\n<li aria-level=\"1\">La casa de Bernarda Alba, de Federico Garc\u00eda Lorca<\/li>\n<\/ul>\n<\/td>\n<td style=\"height: 167px;\">978-8441235496<\/p>\n<p>9788408004349<\/p>\n<p>9788423676798<\/p>\n<p>9788467033328<\/td>\n<td style=\"height: 167px;\">Text<\/p>\n<p>Planeta<\/p>\n<p>Edeb\u00e9<\/p>\n<p>Espasa Libros<\/td>\n<\/tr>\n<tr style=\"height: 72px;\">\n<td style=\"height: 72px;\">Angl\u00e8s<\/td>\n<td style=\"height: 72px;\">Impact 4 Student\u00b4s Book<br \/>\nImpact BrE 4 Workbook + WB Audio CD<\/td>\n<td style=\"height: 72px;\">9781337281096<br \/>\n9781337293952<\/td>\n<td style=\"height: 72px;\">National Geographic Learning. Distrib. SGEL<\/td>\n<\/tr>\n<tr style=\"height: 111px;\">\n<td style=\"height: 111px;\">Ci\u00e8ncies Socials<\/td>\n<td style=\"height: 111px;\">Hist\u00f2ria construint mons<\/p>\n<p>L\u2019art en la hist\u00f2ria contempor\u00e0nia<\/p>\n<p>Geografia i hist\u00f2ria. Diari d\u2019aprenentatge<\/td>\n<td style=\"height: 111px;\">9788413153537<\/td>\n<td style=\"height: 111px;\">Santillana<\/td>\n<\/tr>\n<tr style=\"height: 83px;\">\n<td style=\"height: 83px;\"><b>OPTATIVA<\/b><\/p>\n<p>Biologia<\/td>\n<td style=\"height: 83px;\">Quadern Biologia i Geologia 4ESO Prodigi amb llic\u00e8ncia de llibre de text digital<\/td>\n<td style=\"height: 83px;\">9788430756377<\/td>\n<td style=\"height: 83px;\">Teide<\/td>\n<\/tr>\n<tr style=\"height: 84px;\">\n<td style=\"height: 84px;\"><b>OPTATIVA<\/b><\/p>\n<p>LLat\u00ed<\/td>\n<td style=\"height: 84px;\">Llat\u00ed 4 ESO Digital 2020<\/td>\n<td style=\"height: 84px;\">9788421868881<\/td>\n<td style=\"height: 84px;\">Casals<\/td>\n<\/tr>\n<tr style=\"height: 83px;\">\n<td style=\"height: 83px;\"><b>OPTATIVA<\/b><\/p>\n<p>Franc\u00e8s<\/td>\n<td style=\"height: 83px;\">A Plus 4 &#8211; B1 &#8211; Livre de l\u00b4\u00e9l\u00e8ve<\/p>\n<p>A Plus 4 &#8211; B1 &#8211; Cahier d\u00b4exercices<\/td>\n<td style=\"height: 83px;\">9788417710347<\/p>\n<p>9788417710354<\/td>\n<td style=\"height: 83px;\">EMDL<\/p>\n<p>EMDL<\/td>\n<\/tr>\n<tr style=\"height: 69px;\">\n<td style=\"height: 69px;\"><b>OPTATIVA<\/b><\/p>\n<p>F\u00edsica i qu\u00edmica<\/td>\n<td style=\"height: 69px;\">F\u00edsica i qu\u00edmica &#8211; Mediterr\u00e0nia &#8211; 4t ESO<\/td>\n<td style=\"height: 69px;\">978-84-486-4000-2<\/td>\n<td style=\"height: 69px;\">Mc Graw Hill<\/td>\n<\/tr>\n<tr style=\"height: 80px;\">\n<td style=\"height: 80px;\">APORTACI\u00d3 FAM\u00cdLIES<\/td>\n<td style=\"height: 80px;\" colspan=\"3\">\n<ul>\n<li aria-level=\"1\">Material d\u2019\u00fas col\u00b7lectiu: <b>60\u20ac<\/b><\/li>\n<li aria-level=\"1\">Asseguran\u00e7a escolar: <b>1,12\u20ac<\/b><\/li>\n<\/ul>\n<\/td>\n<\/tr>\n<\/tbody>\n<\/table>\n<p><span lang=\"CA\">Per als qui no vulguin fer la compra a trav\u00e9s de l\u2019empresa, cal ingressar <\/span><span lang=\"CA\">al compte <b>BBVA INS SENTMENAT <\/b>ES29-0182-8762-1102-0005-9537 la suma de les quantitats indicades a Aportaci\u00f3 fam\u00edlies del curs corresponent al fill\/a, afegint com a concepte el nom, cognoms i curs de l&#8217;alumne\/a.<\/span><\/p>\n","protected":false},"excerpt":{"rendered":"<p><a href=\"https:\/\/agora.xtec.cat\/iessentmenat\/docs\/llibres-curs-25-26\/?bp-attachment=LLIBRES-ESO_-25-26.docx.pdf\">Llistat de llibres per imprimir<\/a><\/p>\n<p>2n any de perman\u00e8ncia<br \/>\n1r ESO<\/p>\n<p>LLIBRES 1r d\u2019ESO 2025-26<br \/>\nT\u00cdTOL<br \/>\nISBN<br \/>\nEDITORIAL<\/p>\n<p>Llengua catalana<br \/>\nSEQ\u00dc\u00c8NCIES DOSSIER. LLENGUA CATALANA I LITERATURA 1 ESO<br \/>\n9788441235427<br \/>\nText<\/p>\n<p>Lectures Llengua catalana<\/p>\n<ul>\n<li aria-level=\"1\">Vint-i-set dinosaures, Teresa Mu\u00f1oz<\/li>\n<li aria-level=\"1\">Presoners del mar, Arturo Padilla<\/li>\n<li aria-level=\"1\">La Ventafocs (potser s\u00ed, potser no), Josep Maria Benet i Jornet<\/li>\n<\/ul>\n<p>9788413891781<br \/>\n9788448931339<br \/>\n9788484377566<br \/>\nEstrella Polar<br \/>\nBarcanova<br \/>\nProa<\/p>\n<p>Llengua castellana<br \/>\nLectures&hellip;  <a href=\"https:\/\/agora.xtec.cat\/iessentmenat\/secretaria\/llibres-de-text\/llibres-eso\/\" title=\"Read Llibres ESO\">Llegeix m\u00e9s\u00bb<\/a><\/p>\n","protected":false},"author":1,"featured_media":0,"parent":560,"menu_order":10,"comment_status":"closed","ping_status":"closed","template":"page-templates\/side-menu.php","meta":{"_bbp_topic_count":0,"_bbp_reply_count":0,"_bbp_total_topic_count":0,"_bbp_total_reply_count":0,"_bbp_voice_count":0,"_bbp_anonymous_reply_count":0,"_bbp_topic_count_hidden":0,"_bbp_reply_count_hidden":0,"_bbp_forum_subforum_count":0,"footnotes":""},"class_list":["post-607","page","type-page","status-publish","hentry"],"post_mailing_queue_ids":[],"_links":{"self":[{"href":"https:\/\/agora.xtec.cat\/iessentmenat\/wp-json\/wp\/v2\/pages\/607","targetHints":{"allow":["GET"]}}],"collection":[{"href":"https:\/\/agora.xtec.cat\/iessentmenat\/wp-json\/wp\/v2\/pages"}],"about":[{"href":"https:\/\/agora.xtec.cat\/iessentmenat\/wp-json\/wp\/v2\/types\/page"}],"author":[{"embeddable":true,"href":"https:\/\/agora.xtec.cat\/iessentmenat\/wp-json\/wp\/v2\/users\/1"}],"replies":[{"embeddable":true,"href":"https:\/\/agora.xtec.cat\/iessentmenat\/wp-json\/wp\/v2\/comments?post=607"}],"version-history":[{"count":6,"href":"https:\/\/agora.xtec.cat\/iessentmenat\/wp-json\/wp\/v2\/pages\/607\/revisions"}],"predecessor-version":[{"id":3858,"href":"https:\/\/agora.xtec.cat\/iessentmenat\/wp-json\/wp\/v2\/pages\/607\/revisions\/3858"}],"up":[{"embeddable":true,"href":"https:\/\/agora.xtec.cat\/iessentmenat\/wp-json\/wp\/v2\/pages\/560"}],"wp:attachment":[{"href":"https:\/\/agora.xtec.cat\/iessentmenat\/wp-json\/wp\/v2\/media?parent=607"}],"curies":[{"name":"wp","href":"https:\/\/api.w.org\/{rel}","templated":true}]}}