{"id":605,"date":"2021-02-19T13:04:35","date_gmt":"2021-02-19T12:04:35","guid":{"rendered":"https:\/\/agora.xtec.cat\/iessentmenat\/?page_id=605"},"modified":"2025-07-10T15:01:56","modified_gmt":"2025-07-10T13:01:56","slug":"llibres-batx-20-21","status":"publish","type":"page","link":"https:\/\/agora.xtec.cat\/iessentmenat\/secretaria\/llibres-de-text\/llibres-batx-20-21\/","title":{"rendered":"Llibres batxillerat"},"content":{"rendered":"<p><a href=\"https:\/\/agora.xtec.cat\/iessentmenat\/docs\/llibres-curs-25-26\/?bp-attachment=LLLIBRES-DE-BATXILLERAT_25-26.pdf\" target=\"_blank\" rel=\"noopener\">Llistat de llibres per imprimir<\/a><\/p>\n<p>2n any de perman\u00e8ncia<\/p>\n<p><strong>1r batxillerat<\/strong><\/p>\n<table style=\"width: 100%; height: 1336px;\">\n<tbody>\n<tr style=\"height: 97px;\">\n<td style=\"text-align: center; height: 16px;\"><b>LLIBRES 1r de BATXILLERAT<\/b><\/p>\n<p><b>\u00a02025-26<\/b><\/td>\n<td style=\"text-align: center; height: 16px;\"><b>T\u00cdTOL<\/b><\/td>\n<td style=\"text-align: center; height: 16px;\"><b>ISBN<\/b><\/td>\n<td style=\"text-align: center; height: 16px;\"><b>EDITORIAL<\/b><\/td>\n<\/tr>\n<tr style=\"height: 88px;\">\n<td style=\"height: 50px;\" colspan=\"4\">\n<p style=\"text-align: center;\"><b>MAT\u00c8RIES COMUNES<\/b><\/p>\n<\/td>\n<\/tr>\n<tr style=\"height: 73px;\">\n<td style=\"height: 62px;\">Llengua catalana<\/td>\n<td style=\"height: 62px;\">Ressons. Literatura catalana 1 BTX<\/td>\n<td style=\"height: 62px;\">9788430754106<\/td>\n<td style=\"height: 62px;\">Teide<\/td>\n<\/tr>\n<tr style=\"height: 125px;\">\n<td style=\"height: 79px;\">Lectures Llengua catalana<\/td>\n<td style=\"height: 79px;\">\n<ul>\n<li aria-level=\"1\">Tirant lo Blanc. Episodis amorosos. Joanot Martorell. Adaptaci\u00f3 de Gemma Coca. La clau mestra<\/li>\n<li aria-level=\"1\">El perqu\u00e8 de tot plegat. Quim Monz\u00f3. Col\u00b7lecci\u00f3 Biblioteca M\u00ednima<\/li>\n<\/ul>\n<\/td>\n<td style=\"height: 79px;\">9788424641351<\/p>\n<p>9788477273059<\/td>\n<td style=\"height: 79px;\">La Galera<\/p>\n<p>Quaderns Crema<\/td>\n<\/tr>\n<tr style=\"height: 135px;\">\n<td style=\"height: 114px;\">Llengua castellana<\/p>\n<p>Lectures Llengua castellana<\/td>\n<td style=\"height: 114px;\">Lengua castellana y literatura. 1\u00ba Bachillerato.<\/p>\n<ul>\n<li aria-level=\"1\">La vida es sue\u00f1o, de Calder\u00f3n de la Barca<\/li>\n<\/ul>\n<\/td>\n<td style=\"height: 114px;\">9788447947768<\/p>\n<p>9788469833728<\/td>\n<td style=\"height: 114px;\">Baula<\/p>\n<p>ANAYA-Colecci\u00f3n Cl\u00e1sicos hisp\u00e1nicos<\/td>\n<\/tr>\n<tr style=\"height: 57px;\">\n<td style=\"height: 57px;\">Angl\u00e8s<\/td>\n<td style=\"height: 57px;\">Skills 1r BTX. Student&#8217;s Book Catalan<\/td>\n<td style=\"height: 57px;\">9789925608676<\/td>\n<td style=\"height: 57px;\">Burlington Books<\/td>\n<\/tr>\n<tr style=\"height: 57px;\">\n<td style=\"height: 57px;\">Filosofia<\/td>\n<td style=\"height: 57px;\">Filosofia 1BTX (cat ed. 2022)<\/td>\n<td style=\"height: 57px;\">9788468358680<\/td>\n<td style=\"height: 57px;\">Edeb\u00e9<\/td>\n<\/tr>\n<tr style=\"height: 88px;\">\n<td style=\"height: 88px;\" colspan=\"4\"><b>MAT\u00c8RIES DE MODALITAT (OPTATIVES)<\/b><\/td>\n<\/tr>\n<tr style=\"height: 57px;\">\n<td style=\"height: 57px;\">F\u00edsica 1<\/td>\n<td style=\"height: 57px;\">F\u00edsica 1 BTX<\/td>\n<td style=\"height: 57px;\">9788448631376<\/td>\n<td style=\"height: 57px;\">McGraw-Hill<\/td>\n<\/tr>\n<tr style=\"height: 57px;\">\n<td style=\"height: 57px;\">Biologia 1<\/td>\n<td style=\"height: 57px;\">Biologia 1 BTX. Construint mons<\/td>\n<td style=\"height: 57px;\">9788413158273<\/td>\n<td style=\"height: 57px;\">Santillana<\/td>\n<\/tr>\n<tr style=\"height: 79px;\">\n<td style=\"height: 79px;\">Geologia i Ci\u00e8ncies ambientals 1<\/td>\n<td style=\"height: 79px;\">Geologia 1 BTX<\/td>\n<td style=\"height: 79px;\">9788419324115<\/td>\n<td style=\"height: 79px;\">Didacta<\/td>\n<\/tr>\n<tr style=\"height: 79px;\">\n<td style=\"height: 79px;\">Hist\u00f2ria del m\u00f3n contemporani<\/td>\n<td style=\"height: 79px;\">Moviments<\/td>\n<td style=\"height: 79px;\">9788430754366<\/td>\n<td style=\"height: 79px;\">Teide<\/td>\n<\/tr>\n<tr style=\"height: 57px;\">\n<td style=\"height: 57px;\">LLat\u00ed 1<\/td>\n<td style=\"height: 57px;\">Lingua Latina per ser ilustrata Pars I Familia romana<\/td>\n<td style=\"height: 57px;\">9788493579852<\/td>\n<td style=\"height: 57px;\">Cultura Cl\u00e1sica<\/td>\n<\/tr>\n<tr style=\"height: 137px;\">\n<td style=\"height: 137px;\">Literatura Universal<\/td>\n<td style=\"height: 137px;\">1. Diversos autors, <i>Antologia de la poesia universal<\/i><\/p>\n<p><i>2. S\u00f2focles, Ant\u00edgona<\/i><\/p>\n<p><i>3. Joseph B\u00e9dier, El roman\u00e7 de Tristany i Isolda<\/i><\/td>\n<td style=\"height: 137px;\">9788492672837<\/p>\n<p>9788482645520<\/p>\n<p>9788485704163<\/td>\n<td style=\"height: 137px;\">Educaci\u00f3 62<\/p>\n<p>La Magrana<\/p>\n<p>Quaderns Crema<\/td>\n<\/tr>\n<tr style=\"height: 57px;\">\n<td style=\"height: 57px;\">Economia<\/td>\n<td style=\"height: 57px;\">Economia\u00a0 1 BTX<\/td>\n<td style=\"height: 57px;\">9788448627461<\/td>\n<td style=\"height: 57px;\">McGraw-Hill<\/td>\n<\/tr>\n<tr style=\"height: 57px;\">\n<td style=\"height: 57px;\">Dibuix t\u00e8cnic 1<\/td>\n<td style=\"height: 57px;\">Dibuix t\u00e8cnic 1 Ed. 2022<\/td>\n<td style=\"height: 57px;\">9788421874875<\/td>\n<td style=\"height: 57px;\">Casals<\/td>\n<\/tr>\n<tr style=\"height: 79px;\">\n<td style=\"height: 79px;\">Funcionament de l\u2019Empresa<\/td>\n<td style=\"height: 79px;\">Funcionament de l\u2019Empresa 1r Batxillerat<\/td>\n<td style=\"height: 79px;\">9788448627393<\/td>\n<td style=\"height: 79px;\">McGraw Hill<\/td>\n<\/tr>\n<tr style=\"height: 57px;\">\n<td style=\"height: 57px;\">Psicologia<\/td>\n<td style=\"height: 57px;\">Psicologia. Mediterr\u00e0nia. 1r batxillerat<\/td>\n<td style=\"height: 57px;\">9788448640293<\/td>\n<td style=\"height: 57px;\">McGraw Hill<\/td>\n<\/tr>\n<tr style=\"height: 97px;\">\n<td style=\"height: 97px;\">APORTACIONS<\/p>\n<p>FAM\u00cdLIES<\/td>\n<td style=\"height: 97px;\" colspan=\"3\">Quota de material d\u2019\u00fas com\u00fa: <b>60\u20ac<\/b><\/p>\n<p>Llic\u00e8ncia angl\u00e8s<b> 4,50\u20ac<\/b><\/td>\n<\/tr>\n<\/tbody>\n<\/table>\n<p><strong>2n batxillerat<\/strong><\/p>\n<table style=\"width: 96.2224%; height: 1336px;\">\n<tbody>\n<tr style=\"height: 97px;\">\n<td style=\"text-align: center; height: 97px;\"><b>LLIBRES 2n de BATXILLERAT<\/b><\/p>\n<p><b>\u00a02025-26<\/b><\/td>\n<td style=\"text-align: center; height: 97px;\"><b>T\u00cdTOL<\/b><\/td>\n<td style=\"text-align: center; height: 97px;\"><b>ISBN<\/b><\/td>\n<td style=\"text-align: center; height: 97px;\"><b>EDITORIAL<\/b><\/td>\n<\/tr>\n<tr style=\"height: 57px;\">\n<td style=\"height: 57px;\" colspan=\"4\">\n<p style=\"text-align: center;\"><b>MAT\u00c8RIES COMUNES<\/b><\/p>\n<\/td>\n<\/tr>\n<tr style=\"height: 33px;\">\n<td style=\"height: 33px;\">Llengua catalana<\/td>\n<td style=\"height: 33px;\">Sentits. Llengua catalana 2 BTX Ed. 2023<\/td>\n<td style=\"height: 33px;\">9788430754120<\/td>\n<td style=\"height: 33px;\">Teide<\/td>\n<\/tr>\n<tr style=\"height: 97px;\">\n<td style=\"height: 97px;\">Llengua castellana<\/td>\n<td style=\"height: 97px;\">Lengua castellana y literatura 2 BTX<\/p>\n<p>La Fundaci\u00f3n, Buero Vallejo<\/td>\n<td style=\"height: 97px;\">9788441234635<\/p>\n<p>9788467060003<\/td>\n<td style=\"height: 97px;\">Text<\/p>\n<p>Austral<\/td>\n<\/tr>\n<tr style=\"height: 33px;\">\n<td style=\"height: 33px;\">Angl\u00e8s<\/td>\n<td style=\"height: 33px;\">Skills 2n Batx. Student&#8217;s Book Catalan<\/td>\n<td style=\"height: 33px;\">9789925361427<\/td>\n<td style=\"height: 33px;\">Burlington Books<\/td>\n<\/tr>\n<tr style=\"height: 33px;\">\n<td style=\"height: 33px;\">Hist\u00f2ria<\/td>\n<td style=\"height: 33px;\">Moviments. Hist\u00f2ria Batxillerat (2023)<\/td>\n<td style=\"height: 33px;\">9788430750788<\/td>\n<td style=\"height: 33px;\">Teide<\/td>\n<\/tr>\n<tr style=\"height: 33px;\">\n<td style=\"height: 33px;\">Filosofia<\/td>\n<td style=\"height: 33px;\">Hist\u00f2ria de la filosofia 2 BTX (cat) (2023)<\/td>\n<td style=\"height: 33px;\">9788468364797<\/td>\n<td style=\"height: 33px;\">Edeb\u00e9<\/td>\n<\/tr>\n<tr style=\"height: 57px;\">\n<td style=\"height: 57px;\" colspan=\"4\">\n<p style=\"text-align: center;\"><b>MAT\u00c8RIES DE MODALITAT (OPTATIVES)<\/b><\/p>\n<\/td>\n<\/tr>\n<tr style=\"height: 33px;\">\n<td style=\"height: 33px;\">Ci\u00e8ncies de la Terra 2<\/td>\n<td style=\"height: 33px;\">Geologia 2n Btx<\/td>\n<td style=\"height: 33px;\">9788419324116<\/td>\n<td style=\"height: 33px;\">Didactia<\/td>\n<\/tr>\n<tr style=\"height: 33px;\">\n<td style=\"height: 33px;\">Biologia 2<\/td>\n<td style=\"height: 33px;\">Biologia- Construint mons<\/td>\n<td style=\"height: 33px;\">9788411295093<\/td>\n<td style=\"height: 33px;\">Santillana<\/td>\n<\/tr>\n<tr style=\"height: 33px;\">\n<td style=\"height: 33px;\">F\u00edsica 2<\/td>\n<td style=\"height: 33px;\">F\u00edsica 2n Batxillerat<\/td>\n<td style=\"height: 33px;\">9788448637569<\/td>\n<td style=\"height: 33px;\">McGraw-Hill<\/td>\n<\/tr>\n<tr style=\"height: 33px;\">\n<td style=\"height: 33px;\">Tecnologia Industrial 2<\/td>\n<td style=\"height: 33px;\">Tecnologia i Enginyeria2 BTX Ed. 2024<\/td>\n<td style=\"height: 33px;\">9788448638405<\/td>\n<td style=\"height: 33px;\">McGraw-Hill<\/td>\n<\/tr>\n<tr style=\"height: 33px;\">\n<td style=\"height: 33px;\">Geografia<\/td>\n<td style=\"height: 33px;\">Geografia. Batxillerat.<\/td>\n<td style=\"height: 33px;\">9788448961749<\/td>\n<td style=\"height: 33px;\">Barcanova Innova<\/td>\n<\/tr>\n<tr style=\"height: 97px;\">\n<td style=\"height: 97px;\">Llat\u00ed 2<\/td>\n<td style=\"height: 97px;\">\n<ul>\n<li aria-level=\"1\">Lingua Latina per ser ilustrata Pars I Familia romana<\/li>\n<li aria-level=\"1\">Diccionari il.lustrat Llat\u00ed-Catal\u00e0\/Catal\u00e0-Llat\u00ed<\/li>\n<\/ul>\n<\/td>\n<td style=\"height: 97px;\">9788493579852<\/p>\n<p>9788499742342<\/td>\n<td style=\"height: 97px;\">Cultura Cl\u00e1sica<\/p>\n<p>Vox<\/td>\n<\/tr>\n<tr style=\"height: 33px;\">\n<td style=\"height: 33px;\">Funcionament Empresa 2<\/td>\n<td style=\"height: 33px;\">Funcionament de l&#8217;empresa i disseny de models de negoci ed 2023<\/td>\n<td style=\"height: 33px;\">9788448637750<\/td>\n<td style=\"height: 33px;\">McGraw-Hill<\/td>\n<\/tr>\n<tr style=\"height: 33px;\">\n<td style=\"height: 33px;\">Dibuix t\u00e8cnic 2<\/td>\n<td style=\"height: 33px;\">Dibuix t\u00e8cnic 2 Ed. 2023<\/td>\n<td style=\"height: 33px;\">9788421874899<\/td>\n<td style=\"height: 33px;\">Casals<\/td>\n<\/tr>\n<tr style=\"height: 256px;\">\n<td style=\"height: 256px;\">Literatura catalana<\/td>\n<td style=\"height: 256px;\">1. Santiago Rusi\u00f1ol, <i>L\u2019alegria que passa.<\/i><\/p>\n<p>2. Joan Salvat-Papasseit, <i>El poema de la rosa al llavis<\/i><\/p>\n<p>3. Miquel Llor, <i>Laura a la ciutat dels sants.<\/i><\/p>\n<p>4. Salvador Espriu, <i>Ant\u00edgona.<\/i><\/p>\n<p>5. Jes\u00fas Moncada, <i>El caf\u00e8 de la granota.<\/i><\/p>\n<p>6. Maria-Merc\u00e8 Mar\u00e7al, <i>Bruixa de dol<\/i><\/td>\n<td style=\"height: 256px;\">Qualsevol edici\u00f3<\/td>\n<td style=\"height: 256px;\"><\/td>\n<\/tr>\n<tr style=\"height: 256px;\">\n<td style=\"height: 256px;\">Literatura castellana<\/td>\n<td style=\"height: 256px;\">1. Antolog\u00eda po\u00e9tica del Siglo de Oro (20 poemas).*<\/p>\n<p>2. Miguel de Cervantes Saavedra, El Quijote.*<\/p>\n<p>3. Pedro Calder\u00f3n de la Barca, La vida es sue\u00f1o.<\/p>\n<p>4. Emilia Pardo Baz\u00e1n, Los pazos de Ulloa.<\/p>\n<p>5. del Valle-Incl\u00e1n, Ramon Mar\u00eda, Luces de Bohemia.<\/p>\n<p>6. Ana Mar\u00eda Matute, Luci\u00e9rnagas.<\/td>\n<td style=\"height: 256px;\">Qualsevol edici\u00f3<\/td>\n<td style=\"height: 256px;\"><\/td>\n<\/tr>\n<tr style=\"height: 56px;\">\n<td style=\"height: 56px;\">APORTACIONS<\/p>\n<p>FAM\u00cdLIES<\/td>\n<td style=\"height: 56px;\" colspan=\"3\">Quota de material d\u2019\u00fas com\u00fa: <b>60\u20ac<\/b><\/p>\n<p>Llic\u00e8ncia angl\u00e8s<b> 4,50\u20ac<\/b><\/td>\n<\/tr>\n<\/tbody>\n<\/table>\n<p><span lang=\"CA\">Per als qui no vulguin fer la compra a trav\u00e9s de l\u2019empresa, <strong>cal pagar 60\u20ac de <\/strong><\/span><span lang=\"CA\"><strong>quota de material<\/strong> al compte <b>BBVA INS SENTMENAT <\/b>ES29-0182-8762-1102-0005-9537, indicant com a concepte nom, cognoms i curs de l&#8217;alumne\/a.<br \/>\n<\/span><\/p>\n<p><strong>ASSEGURAN\u00c7A ESCOLAR OBLIGAT\u00d2RIA<\/strong><\/p>\n<p>Asseguran\u00e7a escolar obligat\u00f2ria: <strong>1\u201912\u20ac (tot l&#8217;alumnat, en efectiu, el dia de la matr\u00edcula)<\/strong><\/p>\n","protected":false},"excerpt":{"rendered":"<p><a href=\"https:\/\/agora.xtec.cat\/iessentmenat\/docs\/llibres-curs-25-26\/?bp-attachment=LLLIBRES-DE-BATXILLERAT_25-26.pdf\" target=\"_blank\" rel=\"noopener\">Llistat de llibres per imprimir<\/a><br \/>\n2n any de perman\u00e8ncia<br \/>\n1r batxillerat<\/p>\n<p>LLIBRES 1r de BATXILLERAT<br \/>\n\u00a02025-26<br \/>\nT\u00cdTOL<br \/>\nISBN<br \/>\nEDITORIAL<\/p>\n<p>MAT\u00c8RIES COMUNES<\/p>\n<p>Llengua catalana<br \/>\nRessons. Literatura catalana 1 BTX<br \/>\n9788430754106<br \/>\nTeide<\/p>\n<p>Lectures Llengua catalana<\/p>\n<ul>\n<li aria-level=\"1\">Tirant lo Blanc. Episodis amorosos. Joanot Martorell. Adaptaci\u00f3 de Gemma Coca. La clau mestra<\/li>\n<li aria-level=\"1\">El perqu\u00e8 de tot plegat. Quim Monz\u00f3. Col\u00b7lecci\u00f3&hellip;  <a href=\"https:\/\/agora.xtec.cat\/iessentmenat\/secretaria\/llibres-de-text\/llibres-batx-20-21\/\" title=\"Read Llibres batxillerat\">Llegeix m\u00e9s\u00bb<\/a><br \/>\n","protected":false},"author":1,"featured_media":0,"parent":560,"menu_order":30,"comment_status":"closed","ping_status":"closed","template":"page-templates\/side-menu.php","meta":{"_bbp_topic_count":0,"_bbp_reply_count":0,"_bbp_total_topic_count":0,"_bbp_total_reply_count":0,"_bbp_voice_count":0,"_bbp_anonymous_reply_count":0,"_bbp_topic_count_hidden":0,"_bbp_reply_count_hidden":0,"_bbp_forum_subforum_count":0,"footnotes":""},"class_list":["post-605","page","type-page","status-publish","hentry"],"post_mailing_queue_ids":[],"_links":{"self":[{"href":"https:\/\/agora.xtec.cat\/iessentmenat\/wp-json\/wp\/v2\/pages\/605","targetHints":{"allow":["GET"]}}],"collection":[{"href":"https:\/\/agora.xtec.cat\/iessentmenat\/wp-json\/wp\/v2\/pages"}],"about":[{"href":"https:\/\/agora.xtec.cat\/iessentmenat\/wp-json\/wp\/v2\/types\/page"}],"author":[{"embeddable":true,"href":"https:\/\/agora.xtec.cat\/iessentmenat\/wp-json\/wp\/v2\/users\/1"}],"replies":[{"embeddable":true,"href":"https:\/\/agora.xtec.cat\/iessentmenat\/wp-json\/wp\/v2\/comments?post=605"}],"version-history":[{"count":7,"href":"https:\/\/agora.xtec.cat\/iessentmenat\/wp-json\/wp\/v2\/pages\/605\/revisions"}],"predecessor-version":[{"id":3873,"href":"https:\/\/agora.xtec.cat\/iessentmenat\/wp-json\/wp\/v2\/pages\/605\/revisions\/3873"}],"up":[{"embeddable":true,"href":"https:\/\/agora.xtec.cat\/iessentmenat\/wp-json\/wp\/v2\/pages\/560"}],"wp:attachment":[{"href":"https:\/\/agora.xtec.cat\/iessentmenat\/wp-json\/wp\/v2\/media?parent=605"}],"curies":[{"name":"wp","href":"https:\/\/api.w.org\/{rel}","templated":true}]}}