{"id":597,"date":"2021-02-15T10:20:52","date_gmt":"2021-02-15T09:20:52","guid":{"rendered":"https:\/\/agora.xtec.cat\/iessentmenat\/?page_id=597"},"modified":"2026-05-03T22:21:53","modified_gmt":"2026-05-03T20:21:53","slug":"examens","status":"publish","type":"page","link":"https:\/\/agora.xtec.cat\/iessentmenat\/estudis-2\/examens\/","title":{"rendered":"Proves i ex\u00e0mens"},"content":{"rendered":"<ul>\n<li><strong>AVALUACI\u00d3 DIAGN\u00d2STICA A 2n ESO<\/strong><\/li>\n<\/ul>\n<p>Aquesta prova avalua les compet\u00e8ncies i els coneixements de l\u2019alumnat 2n d&#8217;ESO. Es tracta d\u2019una avaluaci\u00f3 interna, de car\u00e0cter obligatori, amb una finalitat formativa i orientadora per als centres i per al conjunt de la comunitat educativa. <a href=\"https:\/\/projectes.xtec.cat\/nou-curriculum\/avaluacio-diagnostica-de-segon-deso-ad2s\/\">Trobareu tota la informaci\u00f3 aqu\u00ed.<\/a><\/p>\n<ul>\n<li><strong>AVALUACI\u00d3 DE FINAL D&#8217;ETAPA A 4t ESO<\/strong><\/li>\n<\/ul>\n<p>Aquesta avaluaci\u00f3 se centra en algunes de les compet\u00e8ncies que cal haver assolit en acabar l\u2019educaci\u00f3 secund\u00e0ria obligat\u00f2ria, i permet al Departament d\u2019Educaci\u00f3 i Formaci\u00f3 Professional, a cada centre d\u2019educaci\u00f3 secund\u00e0ria i a les fam\u00edlies tenir informaci\u00f3 acurada sobre l\u2019assoliment competencial de l\u2019alumnat, i tamb\u00e9 serveix perqu\u00e8 cada escola pugui corregir els seus punts febles i potenciar-ne els forts.<\/p>\n<p>\u00c9s una activitat educativa i, com a tal, t\u00e9 car\u00e0cter obligatori. No t\u00e9 efecte directe ni en l\u2019avaluaci\u00f3 final de l\u2019alumnat ni en l\u2019obtenci\u00f3 del t\u00edtol de graduat en educaci\u00f3 secund\u00e0ria obligat\u00f2ria. \u00c9s corregida per docents externs. <a href=\"https:\/\/projectes.xtec.cat\/nou-curriculum\/avaluacio-de-final-detapa-de-quart-deso-a4s\/\">Trobareu tota la informaci\u00f3 aqu\u00ed<\/a>.<\/p>\n<ul>\n<li><strong>PROVES D&#8217;ACC\u00c9S A LA UNIVERSITAT (PAU)<\/strong><\/li>\n<\/ul>\n<p>Aquesta prova \u00e9s un requisit per a l\u2019alumnat que t\u00e9 el t\u00edtol de batxillerat o equivalent per accedir a les universitats.<\/p>\n<p>Trobareu tota la informaci\u00f3 al<a href=\"https:\/\/universitats.gencat.cat\/ca\/inici\/\" target=\"_blank\" rel=\"noopener\"> Canal Universitats<\/a><\/p>\n<p><strong>Cercador web de Proves d&#8217;avaluaci\u00f3<\/strong><\/p>\n<p>El Departament d\u2019Educaci\u00f3 i Formaci\u00f3 Professional ha publicat\u00a0una nova eina digital a disposici\u00f3 de tots els centres educatius: el <a href=\"https:\/\/projectes.xtec.cat\/nou-curriculum\/proves-davaluacio\/\" target=\"_blank\" rel=\"noopener\"><strong>Cercador Web de Proves d\u2019Avaluaci\u00f3<\/strong>.<\/a><\/p>\n<p>Aquest recurs facilita la consulta de les <strong>proves d\u2019avaluaci\u00f3 de l\u2019educaci\u00f3 b\u00e0sica<\/strong> i de les <strong>proves internacionals<\/strong> d&#8217;una manera \u00e0gil i organitzada.<\/p>\n<ul>\n<li><strong>PROVES PER OBTENIR EL GRADUAT D&#8217;ESO (proves GESO)<\/strong><\/li>\n<\/ul>\n<p>Aquestes proves van adre\u00e7ades als exalumnes de 4t (de 18 anys i amb un m\u00e0xim de 5 suspeses).<\/p>\n<p>Requisits:<\/p>\n<ul>\n<li>haver complert 18 anys o b\u00e9 complir-los durant aquest curs.<\/li>\n<li>fer o haver fet els 17 anys dins del curs anterior i complir alguna de les condicions seg\u00fcents:\n<ul>\n<li>tenir un contracte laboral que impedeixi assistir al centre en r\u00e8gim ordinari.<\/li>\n<li>trobar-se en proc\u00e9s d&#8217;obtenci\u00f3 d&#8217;un perm\u00eds de treball.<\/li>\n<li>ser esportista d&#8217;alt rendiment.<\/li>\n<\/ul>\n<\/li>\n<\/ul>\n<p>M\u00e9s informaci\u00f3 sobre <a href=\"https:\/\/educacio.gencat.cat\/ca\/serveis-tramits\/proves\/proves-lliures-obtencio-titols\/obtencio-titol-eso\/index.html\" target=\"_blank\" rel=\"noopener\">Graduat en educaci\u00f3 secund\u00e0ria obligat\u00f2ria (alumnes que no l&#8217;han obtingut en finalitzar l&#8217;etapa)<\/a><\/p>\n<ul>\n<li><strong>PROVES D&#8217;ACC\u00c9S A CICLES FORMATIUS<\/strong><\/li>\n<\/ul>\n<p>Els alumnes de 17 anys o m\u00e9s (o que els compleixin el curs actual) i que no tinguin el t\u00edtol de graduat en educaci\u00f3 secund\u00e0ria obligat\u00f2ria, poden fer la prova d&#8217;acc\u00e9s a cicles formatius de grau mitj\u00e0. En cas de superar-la, es garanteix l&#8217;acc\u00e9s directe al cicle formatiu.*<\/p>\n<p>Trobareu tota la informaci\u00f3, calendari, requisits, i podreu fer la inscripci\u00f3, a <a href=\"https:\/\/triaeducativa.gencat.cat\/ca\/proves\/proves-acces\/fp\/fp-gm\/index.html\" target=\"_blank\" rel=\"noopener\">Formaci\u00f3 professional Grau Mitj\u00e0<\/a>.<\/p>\n<p>*(L&#8217;institut no prepara per a la prova, per\u00f2 el professorat podem orientar i assessorar a qui ho demani).<\/p>\n","protected":false},"excerpt":{"rendered":"<ul>\n<li>AVALUACI\u00d3 DIAGN\u00d2STICA A 2n ESO<\/li>\n<\/ul>\n<p>Aquesta prova avalua les compet\u00e8ncies i els coneixements de l\u2019alumnat 2n d&#8217;ESO. Es tracta d\u2019una avaluaci\u00f3 interna, de car\u00e0cter obligatori, amb una finalitat formativa i orientadora per als centres i per al conjunt de la comunitat educativa. <a href=\"https:\/\/projectes.xtec.cat\/nou-curriculum\/avaluacio-diagnostica-de-segon-deso-ad2s\/\">Trobareu tota la&hellip;  <a href=\"https:\/\/agora.xtec.cat\/iessentmenat\/estudis-2\/examens\/\" title=\"Read Proves i ex\u00e0mens\">Llegeix m\u00e9s\u00bb<\/a><\/p>\n","protected":false},"author":1,"featured_media":0,"parent":563,"menu_order":30,"comment_status":"closed","ping_status":"closed","template":"page-templates\/side-menu.php","meta":{"_bbp_topic_count":0,"_bbp_reply_count":0,"_bbp_total_topic_count":0,"_bbp_total_reply_count":0,"_bbp_voice_count":0,"_bbp_anonymous_reply_count":0,"_bbp_topic_count_hidden":0,"_bbp_reply_count_hidden":0,"_bbp_forum_subforum_count":0,"footnotes":""},"class_list":["post-597","page","type-page","status-publish","hentry"],"post_mailing_queue_ids":[],"_links":{"self":[{"href":"https:\/\/agora.xtec.cat\/iessentmenat\/wp-json\/wp\/v2\/pages\/597","targetHints":{"allow":["GET"]}}],"collection":[{"href":"https:\/\/agora.xtec.cat\/iessentmenat\/wp-json\/wp\/v2\/pages"}],"about":[{"href":"https:\/\/agora.xtec.cat\/iessentmenat\/wp-json\/wp\/v2\/types\/page"}],"author":[{"embeddable":true,"href":"https:\/\/agora.xtec.cat\/iessentmenat\/wp-json\/wp\/v2\/users\/1"}],"replies":[{"embeddable":true,"href":"https:\/\/agora.xtec.cat\/iessentmenat\/wp-json\/wp\/v2\/comments?post=597"}],"version-history":[{"count":6,"href":"https:\/\/agora.xtec.cat\/iessentmenat\/wp-json\/wp\/v2\/pages\/597\/revisions"}],"predecessor-version":[{"id":4545,"href":"https:\/\/agora.xtec.cat\/iessentmenat\/wp-json\/wp\/v2\/pages\/597\/revisions\/4545"}],"up":[{"embeddable":true,"href":"https:\/\/agora.xtec.cat\/iessentmenat\/wp-json\/wp\/v2\/pages\/563"}],"wp:attachment":[{"href":"https:\/\/agora.xtec.cat\/iessentmenat\/wp-json\/wp\/v2\/media?parent=597"}],"curies":[{"name":"wp","href":"https:\/\/api.w.org\/{rel}","templated":true}]}}