{"id":554,"date":"2021-02-12T23:18:28","date_gmt":"2021-02-12T22:18:28","guid":{"rendered":"https:\/\/agora.xtec.cat\/iessentmenat\/?page_id=554"},"modified":"2025-03-12T23:47:09","modified_gmt":"2025-03-12T22:47:09","slug":"orientacio-destudis","status":"publish","type":"page","link":"https:\/\/agora.xtec.cat\/iessentmenat\/serveis\/orientacio-destudis\/","title":{"rendered":"Orientaci\u00f3 d&#8217;estudis"},"content":{"rendered":"<p><a href=\"https:\/\/agora.xtec.cat\/iessentmenat\/wp-content\/uploads\/usu2420\/2021\/02\/sistema-educatiu.jpg\"><img loading=\"lazy\" decoding=\"async\" class=\"alignnone size-large wp-image-555\" src=\"https:\/\/agora.xtec.cat\/iessentmenat\/wp-content\/uploads\/usu2420\/2021\/02\/sistema-educatiu-1024x675.jpg\" alt=\"\" width=\"1024\" height=\"675\" srcset=\"https:\/\/agora.xtec.cat\/iessentmenat\/wp-content\/uploads\/usu2420\/2021\/02\/sistema-educatiu-1024x675.jpg 1024w, https:\/\/agora.xtec.cat\/iessentmenat\/wp-content\/uploads\/usu2420\/2021\/02\/sistema-educatiu-300x198.jpg 300w, https:\/\/agora.xtec.cat\/iessentmenat\/wp-content\/uploads\/usu2420\/2021\/02\/sistema-educatiu-768x506.jpg 768w, https:\/\/agora.xtec.cat\/iessentmenat\/wp-content\/uploads\/usu2420\/2021\/02\/sistema-educatiu.jpg 1623w\" sizes=\"auto, (max-width: 1024px) 100vw, 1024px\" \/><\/a><\/p>\n<div>\n<p><span style=\"font-size: medium;\"><strong>Orientaci\u00f3 i tests<\/strong><br \/>\n<\/span><\/p>\n<\/div>\n<div>\n<ul>\n<li style=\"list-style-type: none;\">\n<ul>\n<li><a href=\"https:\/\/www.mywaypass.com\/auth\/register\" target=\"_blank\" rel=\"noopener\">MyWayPass<\/a>, <span class=\"desc\">plataforma d&#8217;orientaci\u00f3 acad\u00e8mic-professional<\/span><\/li>\n<li><span style=\"font-size: medium;\">Tria educativa. <a href=\"https:\/\/triaeducativa.gencat.cat\/ca\/orientacio\/recursos-presa-decisions\/\" target=\"_blank\" rel=\"noopener\">Recursos per a la presa de decisions<\/a><\/span><\/li>\n<li><span style=\"font-size: medium;\"><a href=\"http:\/\/www.xtec.cat\/~jcruz\/recursos\/test\/test_orientacio\/test_orientacio.htm\" target=\"_blank\" rel=\"nofollow noopener noreferrer\">Test d&#8217;orientaci\u00f3 professional<\/a><\/span><\/li>\n<li><span style=\"font-size: medium;\"><a href=\"http:\/\/www.educaweb.cat\/orientacio\/interessos-professionals\/\" target=\"_blank\" rel=\"nofollow noopener noreferrer\">GR. Gran Recorregut pel m\u00f3n dels estudis i les professions <\/a>(test gratu\u00eft). Educaweb<\/span><\/li>\n<li><span style=\"font-size: medium;\"><a href=\"https:\/\/preparats.cat\/test-dorientacio\" target=\"_blank\" rel=\"noopener\">Test d&#8217;orientaci\u00f3 universit\u00e0ria<\/a>.\u00a0Preparats, llestos, universitat!<\/span><\/li>\n<li><a href=\"https:\/\/testinteressos.barcelonactiva.cat\/\" target=\"_blank\" rel=\"noopener\">Test d&#8217;interessos professionals<\/a>. Barcelona Activa<\/li>\n<\/ul>\n<\/li>\n<\/ul>\n<div><span style=\"font-size: medium;\"><strong>General<br \/>\n<\/strong><br \/>\n<\/span><\/div>\n<ul>\n<li>Tria educativa. <a href=\"https:\/\/triaeducativa.gencat.cat\/ca\/inici\" target=\"_blank\" rel=\"nofollow noopener noreferrer\">Cercador d&#8217;estudis<\/a><\/li>\n<li>Jovecat. <a href=\"https:\/\/jovecat.gencat.cat\/ca\/temes\/educacio_i_formacio\/index.html\" target=\"_blank\" rel=\"noopener\">Educaci\u00f3 i formaci\u00f3<\/a><\/li>\n<li>Preparats.cat. <a href=\"https:\/\/preparats.cat\/que-estudiar\" target=\"_blank\" rel=\"noopener\">Qu\u00e8 estudiar?<\/a><\/li>\n<li><span style=\"font-size: medium;\">Educaweb.<a href=\"https:\/\/www.educaweb.cat\/continguts\/educatius\/\" target=\"_blank\" rel=\"noopener\"> Orientaci\u00f3 acad\u00e8mica<\/a><br \/>\n<\/span><\/li>\n<li><span style=\"font-size: medium;\"><a href=\"http:\/\/unportal.net\/\" target=\"_blank\" rel=\"nofollow noopener noreferrer\">Unportal. El web de l&#8217;educaci\u00f3 superior a Catalunya<\/a><\/span><\/li>\n<li><span style=\"font-size: medium;\"><a href=\"http:\/\/qestudio.cat\/\" target=\"_blank\" rel=\"nofollow noopener noreferrer\">Qestudio.cat<\/a><\/span><\/li>\n<\/ul>\n<p><span style=\"font-size: medium;\"><strong>Cicles formatius<\/strong><br \/>\n<\/span><\/p>\n<ul>\n<li><span style=\"font-size: medium;\">Tria educativa. <a href=\"https:\/\/triaeducativa.gencat.cat\/ca\/fp\/\" target=\"_blank\" rel=\"noopener\">Formaci\u00f3 professional<\/a><\/span><\/li>\n<li>Ag\u00e8ncia P\u00fablica de Formaci\u00f3 i Qualificaci\u00f3 Professionals de Catalunya. <a href=\"https:\/\/fp.gencat.cat\/ca\/orientacio-365\/orientat-professionalment\/\" target=\"_blank\" rel=\"noopener\">Proc\u00e9s d&#8217;orientaci\u00f3 professional<\/a><\/li>\n<li><a href=\"https:\/\/preinscripcio.gencat.cat\/ca\/estudis\/fp-grau-mitja\/informat\/consulta-notes-tall\/\" target=\"_blank\" rel=\"noopener\">Notes de tall per accedir a cicles formatius de grau mitj\u00e0<\/a><\/li>\n<\/ul>\n<\/div>\n<div>\n<p><span style=\"font-size: medium;\"><strong>Universitats<\/strong><\/span><\/p>\n<ul>\n<li><span style=\"font-size: medium;\"><a href=\"http:\/\/universitats.gencat.cat\/ca\/inici\/\" target=\"_blank\" rel=\"nofollow noopener noreferrer\">Canal universitats<\/a><\/span><\/li>\n<li><span style=\"font-size: medium;\"><a href=\"http:\/\/universitats.gencat.cat\/ca\/preinscripcions\/sobre-preinscripcio\/ponderacions\/index.html\" target=\"_blank\" rel=\"nofollow noopener noreferrer\">Ponderacions<\/a><\/span><\/li>\n<li><span style=\"font-size: medium;\"><a href=\"https:\/\/notasdecorte.es\/ca\/buscador-de-notas-de-corte?title_field_value=&amp;term_node_tid_depth=231\" target=\"_blank\" rel=\"nofollow noopener noreferrer\">Notes de tall<\/a><br \/>\n<\/span><\/li>\n<\/ul>\n<p><strong><span style=\"font-size: medium;\">Punts i fires d&#8217;orientaci\u00f3<\/span><\/strong><\/p>\n<ul>\n<li><span style=\"font-size: medium;\"><a href=\"http:\/\/www.ensenyament.com\/\" target=\"_blank\" rel=\"nofollow noopener noreferrer\">Sal\u00f3 de l&#8217;Ensenyament<\/a><\/span><\/li>\n<li><span style=\"font-size: medium;\"><a href=\"https:\/\/www.educaweb.cat\/noticia\/2025\/02\/06\/les-fires-8217-educacio-orientacio-catalunya-no-et-pots-perdre-21753\/\" target=\"_blank\" rel=\"nofollow noopener noreferrer\">Fires d&#8217;educaci\u00f3 i orientaci\u00f3 de Catalunya<\/a><\/span><\/li>\n<li><span style=\"font-size: medium;\"><a href=\"http:\/\/www.uab.cat\/web\/estudiar\/visita-la-uab\/totes-les-activitats-del-programa-visita-la-uab-1345664606230.html\" target=\"_blank\" rel=\"nofollow noopener noreferrer\">Visita la UAB<\/a><\/span><\/li>\n<\/ul>\n<div>\n<p><strong><span style=\"font-size: medium;\">Altres<\/span><\/strong><\/p>\n<\/div>\n<div>\n<ul>\n<li><a href=\"https:\/\/ioc.xtec.cat\/educacio\/index.php\" target=\"_blank\" rel=\"nofollow noopener noreferrer\"><span style=\"font-size: medium;\">Institut Obert de Catalunya (ensenyament a dist\u00e0ncia)<\/span><\/a><\/li>\n<li><a href=\"https:\/\/triaeducativa.gencat.cat\/ca\/idiomes-eoi\/\" target=\"_blank\" rel=\"nofollow noopener noreferrer\"><span style=\"font-size: medium;\">Escoles Oficials d&#8217;Idiomes<\/span><\/a><\/li>\n<li><span style=\"font-size: medium;\"><a href=\"https:\/\/www.sentmenat.cat\/el-municipi\/entitats-equipaments-i-comercos\/equipaments-municipals\/escola-de-persones-adultes.html\" target=\"_blank\" rel=\"nofollow noopener noreferrer\">Escola de persones adultes de Sentmenat<\/a><\/span><\/li>\n<li><a href=\"https:\/\/treballperocupacions.observatoritreball.gencat.cat\/treballperocupacions\/web\/quina-ocupacio-t-interessa\/indicadors-principals\" target=\"_blank\" rel=\"noopener\">Treball per ocupacions. Observatori del treball i model productiu.<\/a> Informaci\u00f3 sobre el mercat de treball que pot ajudar les persones a prendre decisions sobre la seva orientaci\u00f3 professional<\/li>\n<\/ul>\n<\/div>\n<\/div>\n","protected":false},"excerpt":{"rendered":"<p><a href=\"https:\/\/agora.xtec.cat\/iessentmenat\/wp-content\/uploads\/usu2420\/2021\/02\/sistema-educatiu.jpg\"><\/a><\/p>\n<p>Orientaci\u00f3 i tests<\/p>\n<ul>\n<li style=\"list-style-type: none;\">\n<ul>\n<li><a href=\"https:\/\/www.mywaypass.com\/auth\/register\" target=\"_blank\" rel=\"noopener\">MyWayPass<\/a>, plataforma d&#8217;orientaci\u00f3 acad\u00e8mic-professional<\/li>\n<li>Tria educativa. <a href=\"https:\/\/triaeducativa.gencat.cat\/ca\/orientacio\/recursos-presa-decisions\/\" target=\"_blank\" rel=\"noopener\">Recursos per a la presa de decisions<\/a><\/li>\n<li><a href=\"http:\/\/www.xtec.cat\/~jcruz\/recursos\/test\/test_orientacio\/test_orientacio.htm\" target=\"_blank\" rel=\"nofollow noopener noreferrer\">Test d&#8217;orientaci\u00f3 professional<\/a><\/li>\n<li><a href=\"http:\/\/www.educaweb.cat\/orientacio\/interessos-professionals\/\" target=\"_blank\" rel=\"nofollow noopener noreferrer\">GR. Gran Recorregut pel m\u00f3n dels estudis i les professions <\/a>(test&hellip;  <a href=\"https:\/\/agora.xtec.cat\/iessentmenat\/serveis\/orientacio-destudis\/\" title=\"Read Orientaci\u00f3 d&#8217;estudis\">Llegeix m\u00e9s\u00bb<\/a><br \/>\n","protected":false},"author":1,"featured_media":0,"parent":63,"menu_order":20,"comment_status":"closed","ping_status":"closed","template":"page-templates\/side-menu.php","meta":{"_bbp_topic_count":0,"_bbp_reply_count":0,"_bbp_total_topic_count":0,"_bbp_total_reply_count":0,"_bbp_voice_count":0,"_bbp_anonymous_reply_count":0,"_bbp_topic_count_hidden":0,"_bbp_reply_count_hidden":0,"_bbp_forum_subforum_count":0,"footnotes":""},"class_list":["post-554","page","type-page","status-publish","hentry"],"post_mailing_queue_ids":[],"_links":{"self":[{"href":"https:\/\/agora.xtec.cat\/iessentmenat\/wp-json\/wp\/v2\/pages\/554","targetHints":{"allow":["GET"]}}],"collection":[{"href":"https:\/\/agora.xtec.cat\/iessentmenat\/wp-json\/wp\/v2\/pages"}],"about":[{"href":"https:\/\/agora.xtec.cat\/iessentmenat\/wp-json\/wp\/v2\/types\/page"}],"author":[{"embeddable":true,"href":"https:\/\/agora.xtec.cat\/iessentmenat\/wp-json\/wp\/v2\/users\/1"}],"replies":[{"embeddable":true,"href":"https:\/\/agora.xtec.cat\/iessentmenat\/wp-json\/wp\/v2\/comments?post=554"}],"version-history":[{"count":6,"href":"https:\/\/agora.xtec.cat\/iessentmenat\/wp-json\/wp\/v2\/pages\/554\/revisions"}],"predecessor-version":[{"id":3422,"href":"https:\/\/agora.xtec.cat\/iessentmenat\/wp-json\/wp\/v2\/pages\/554\/revisions\/3422"}],"up":[{"embeddable":true,"href":"https:\/\/agora.xtec.cat\/iessentmenat\/wp-json\/wp\/v2\/pages\/63"}],"wp:attachment":[{"href":"https:\/\/agora.xtec.cat\/iessentmenat\/wp-json\/wp\/v2\/media?parent=554"}],"curies":[{"name":"wp","href":"https:\/\/api.w.org\/{rel}","templated":true}]}}