{"id":552,"date":"2021-02-12T23:16:39","date_gmt":"2021-02-12T22:16:39","guid":{"rendered":"https:\/\/agora.xtec.cat\/iessentmenat\/?page_id=552"},"modified":"2024-03-18T19:35:22","modified_gmt":"2024-03-18T18:35:22","slug":"estada-a-lempresa","status":"publish","type":"page","link":"https:\/\/agora.xtec.cat\/iessentmenat\/estudis-2\/batxillerat\/estada-a-lempresa\/","title":{"rendered":"Estada a l&#8217;empresa"},"content":{"rendered":"<p>L\u2019estada a l\u2019empresa \u00e9s una mat\u00e8ria espec\u00edfica del curr\u00edculum de batxillerat amb una funci\u00f3 essencialment orientadora que t\u00e9 com a objectiu fer con\u00e8ixer als alumnes la realitat del m\u00f3n laboral.<\/p>\n<p>Consisteix b\u00e0sicament en un per\u00edode de perman\u00e8ncia i activitat dels alumnes en una empresa, entesa com a unitat de producci\u00f3, distribuci\u00f3 o de serveis. Durant l\u2019estada, l\u2019alumne pren contacte amb un camp professional vers el qual se sent motivat i, aix\u00ed, enfocar millor el seu projecte de futur acad\u00e8mic i professional.<\/p>\n<p><strong>Enlla\u00e7os relacionats<\/strong><\/p>\n<p><a href=\"http:\/\/xtec.gencat.cat\/ca\/curriculum\/batxillerat\/estadaempresa\/\" target=\"_blank\" rel=\"noopener noreferrer\">Curr\u00edculum Batxillerat. Estada a l&#8217;empresa<\/a><\/p>\n<p>&nbsp;<\/p>\n","protected":false},"excerpt":{"rendered":"<p>L\u2019estada a l\u2019empresa \u00e9s una mat\u00e8ria espec\u00edfica del curr\u00edculum de batxillerat amb una funci\u00f3 essencialment orientadora que t\u00e9 com a objectiu fer con\u00e8ixer als alumnes la realitat del m\u00f3n laboral.<br \/>\nConsisteix b\u00e0sicament en un per\u00edode de perman\u00e8ncia i activitat dels alumnes en una empresa, entesa com&hellip;  <a href=\"https:\/\/agora.xtec.cat\/iessentmenat\/estudis-2\/batxillerat\/estada-a-lempresa\/\" title=\"Read Estada a l&#8217;empresa\">Llegeix m\u00e9s\u00bb<\/a><\/p>\n","protected":false},"author":1,"featured_media":0,"parent":505,"menu_order":0,"comment_status":"closed","ping_status":"closed","template":"page-templates\/side-menu.php","meta":{"_bbp_topic_count":0,"_bbp_reply_count":0,"_bbp_total_topic_count":0,"_bbp_total_reply_count":0,"_bbp_voice_count":0,"_bbp_anonymous_reply_count":0,"_bbp_topic_count_hidden":0,"_bbp_reply_count_hidden":0,"_bbp_forum_subforum_count":0,"footnotes":""},"class_list":["post-552","page","type-page","status-publish","hentry"],"post_mailing_queue_ids":[],"_links":{"self":[{"href":"https:\/\/agora.xtec.cat\/iessentmenat\/wp-json\/wp\/v2\/pages\/552","targetHints":{"allow":["GET"]}}],"collection":[{"href":"https:\/\/agora.xtec.cat\/iessentmenat\/wp-json\/wp\/v2\/pages"}],"about":[{"href":"https:\/\/agora.xtec.cat\/iessentmenat\/wp-json\/wp\/v2\/types\/page"}],"author":[{"embeddable":true,"href":"https:\/\/agora.xtec.cat\/iessentmenat\/wp-json\/wp\/v2\/users\/1"}],"replies":[{"embeddable":true,"href":"https:\/\/agora.xtec.cat\/iessentmenat\/wp-json\/wp\/v2\/comments?post=552"}],"version-history":[{"count":3,"href":"https:\/\/agora.xtec.cat\/iessentmenat\/wp-json\/wp\/v2\/pages\/552\/revisions"}],"predecessor-version":[{"id":1061,"href":"https:\/\/agora.xtec.cat\/iessentmenat\/wp-json\/wp\/v2\/pages\/552\/revisions\/1061"}],"up":[{"embeddable":true,"href":"https:\/\/agora.xtec.cat\/iessentmenat\/wp-json\/wp\/v2\/pages\/505"}],"wp:attachment":[{"href":"https:\/\/agora.xtec.cat\/iessentmenat\/wp-json\/wp\/v2\/media?parent=552"}],"curies":[{"name":"wp","href":"https:\/\/api.w.org\/{rel}","templated":true}]}}