{"id":550,"date":"2021-02-12T23:14:40","date_gmt":"2021-02-12T22:14:40","guid":{"rendered":"https:\/\/agora.xtec.cat\/iessentmenat\/?page_id=550"},"modified":"2024-03-18T20:42:15","modified_gmt":"2024-03-18T19:42:15","slug":"treball-de-recerca","status":"publish","type":"page","link":"https:\/\/agora.xtec.cat\/iessentmenat\/estudis-2\/batxillerat\/treball-de-recerca\/","title":{"rendered":"Treball de recerca"},"content":{"rendered":"<p><b>Qu\u00e8 \u00e9s el treball de recerca?<\/b><\/p>\n<p>El Treball de Recerca del batxillerat \u00e9s un petit treball d\u2019investigaci\u00f3 sobre un tema determinat i orientat per un tutor. \u00c9s recomanable que la recerca se centri en un camp de coneixement relacionat amb la modalitat de batxillerat que l\u2019alumne\/a estigui cursant. Constitueix una part obligat\u00f2ria del curr\u00edculum de tots els alumnes, i per tant, \u00e9s imprescindible realitzar-lo per aprovar el Batxillerat. Suposa un 10% de la nota final de l\u2019expedient de l\u2019alumne.<\/p>\n<p><b>Enlla\u00e7os relacionats<\/b><\/p>\n<p><a href=\"https:\/\/xtec.gencat.cat\/ca\/curriculum\/batxillerat\/treballrecerca\/\" target=\"_blank\" rel=\"noopener\">Curr\u00edculum. Batxillerat. El treball de recerca<\/a><\/p>\n<p><a href=\"http:\/\/www.edu365.cat\/batxillerat\/recerca\/index.html\" target=\"_blank\" rel=\"nofollow noopener noreferrer\">Treball de recerca<\/a>. Edu365.cat<\/p>\n<div><a href=\"https:\/\/preparats.cat\/treball-de-recerca\" target=\"_blank\" rel=\"nofollow noopener noreferrer\">Treball de recerca<\/a>. Preparats.cat<\/div>\n<div><\/div>\n<div>\n<p><a href=\"https:\/\/drive.google.com\/file\/d\/1wSFocTghWZy_DpFH1ZfDzM8OXMP1GhWS\/view\" target=\"_blank\" rel=\"noopener noreferrer\">Guia pr\u00e0ctica de com fer un bon treball de recerca a Batxillerat<\/a><\/p>\n<p><a href=\"http:\/\/vimeo.com\/album\/1811381\" target=\"_blank\" rel=\"nofollow noopener noreferrer\">Consells per presentar el treball de recerca<\/a>. Video en tres parts.<\/p>\n<\/div>\n","protected":false},"excerpt":{"rendered":"<p>Qu\u00e8 \u00e9s el treball de recerca?<br \/>\nEl Treball de Recerca del batxillerat \u00e9s un petit treball d\u2019investigaci\u00f3 sobre un tema determinat i orientat per un tutor. \u00c9s recomanable que la recerca se centri en un camp de coneixement relacionat amb la modalitat de batxillerat que l\u2019alumne\/a&hellip;  <a href=\"https:\/\/agora.xtec.cat\/iessentmenat\/estudis-2\/batxillerat\/treball-de-recerca\/\" title=\"Read Treball de recerca\">Llegeix m\u00e9s\u00bb<\/a><\/p>\n","protected":false},"author":1,"featured_media":0,"parent":505,"menu_order":0,"comment_status":"closed","ping_status":"closed","template":"page-templates\/side-menu.php","meta":{"_bbp_topic_count":0,"_bbp_reply_count":0,"_bbp_total_topic_count":0,"_bbp_total_reply_count":0,"_bbp_voice_count":0,"_bbp_anonymous_reply_count":0,"_bbp_topic_count_hidden":0,"_bbp_reply_count_hidden":0,"_bbp_forum_subforum_count":0,"footnotes":""},"class_list":["post-550","page","type-page","status-publish","hentry"],"post_mailing_queue_ids":[],"_links":{"self":[{"href":"https:\/\/agora.xtec.cat\/iessentmenat\/wp-json\/wp\/v2\/pages\/550","targetHints":{"allow":["GET"]}}],"collection":[{"href":"https:\/\/agora.xtec.cat\/iessentmenat\/wp-json\/wp\/v2\/pages"}],"about":[{"href":"https:\/\/agora.xtec.cat\/iessentmenat\/wp-json\/wp\/v2\/types\/page"}],"author":[{"embeddable":true,"href":"https:\/\/agora.xtec.cat\/iessentmenat\/wp-json\/wp\/v2\/users\/1"}],"replies":[{"embeddable":true,"href":"https:\/\/agora.xtec.cat\/iessentmenat\/wp-json\/wp\/v2\/comments?post=550"}],"version-history":[{"count":4,"href":"https:\/\/agora.xtec.cat\/iessentmenat\/wp-json\/wp\/v2\/pages\/550\/revisions"}],"predecessor-version":[{"id":2645,"href":"https:\/\/agora.xtec.cat\/iessentmenat\/wp-json\/wp\/v2\/pages\/550\/revisions\/2645"}],"up":[{"embeddable":true,"href":"https:\/\/agora.xtec.cat\/iessentmenat\/wp-json\/wp\/v2\/pages\/505"}],"wp:attachment":[{"href":"https:\/\/agora.xtec.cat\/iessentmenat\/wp-json\/wp\/v2\/media?parent=550"}],"curies":[{"name":"wp","href":"https:\/\/api.w.org\/{rel}","templated":true}]}}