{"id":515,"date":"2021-02-12T20:40:08","date_gmt":"2021-02-12T19:40:08","guid":{"rendered":"https:\/\/agora.xtec.cat\/iessentmenat\/?page_id=515"},"modified":"2025-04-03T13:04:00","modified_gmt":"2025-04-03T11:04:00","slug":"la-eso","status":"publish","type":"page","link":"https:\/\/agora.xtec.cat\/iessentmenat\/estudis-2\/la-eso\/","title":{"rendered":"La ESO"},"content":{"rendered":"<p><b>CURR\u00cdCULUM ESO CURS 24-25:<\/b><b>\u00a0\u00a0<\/b><\/p>\n<div>\n<table border=\"1\" cellspacing=\"0\">\n<tbody>\n<tr>\n<td><b>Mat\u00e8ries<br \/>\n<\/b><\/td>\n<td style=\"text-align: center;\"><b>\u00a01r ESO<br \/>\nhores\/setmana<br \/>\n<\/b><\/td>\n<td style=\"text-align: center;\"><b>\u00a02n ESO<br \/>\n<\/b><b>hores\/setmana<\/b><\/td>\n<td style=\"text-align: center;\"><b>\u00a03r ESO<br \/>\n<\/b><b>hores\/setmana<\/b><\/td>\n<td style=\"text-align: center;\">\u00a0<b>4t ESO<br \/>\n<\/b><b>hores\/setmana<\/b><\/td>\n<\/tr>\n<tr>\n<td>\u00a0Llengua catalana<\/td>\n<td style=\"text-align: center;\">3<\/td>\n<td style=\"text-align: center;\">\u00a03<\/td>\n<td style=\"text-align: center;\">3<\/td>\n<td style=\"text-align: center;\">\u00a03<\/td>\n<\/tr>\n<tr>\n<td>\u00a0Llengua castellana<\/td>\n<td style=\"text-align: center;\">3<\/td>\n<td style=\"text-align: center;\">\u00a03<\/td>\n<td style=\"text-align: center;\">3<\/td>\n<td style=\"text-align: center;\">\u00a03<\/td>\n<\/tr>\n<tr>\n<td>\u00a0Llengua anglesa<\/td>\n<td style=\"text-align: center;\">3<\/td>\n<td style=\"text-align: center;\">\u00a04<\/td>\n<td style=\"text-align: center;\">3<\/td>\n<td style=\"text-align: center;\">\u00a03<\/td>\n<\/tr>\n<tr>\n<td>\u00a0Matem\u00e0tiques<\/td>\n<td style=\"text-align: center;\">3<\/td>\n<td style=\"text-align: center;\">\u00a04<\/td>\n<td style=\"text-align: center;\">4<\/td>\n<td style=\"text-align: center;\">\u00a04<\/td>\n<\/tr>\n<tr>\n<td>\u00a0Ci\u00e8ncies socials<\/td>\n<td style=\"text-align: center;\">3<\/td>\n<td style=\"text-align: center;\">\u00a03<\/td>\n<td style=\"text-align: center;\">3<\/td>\n<td style=\"text-align: center;\">\u00a03<\/td>\n<\/tr>\n<tr>\n<td>\u00a0Biologia i geologia<\/td>\n<td style=\"text-align: center;\">3<\/td>\n<td style=\"text-align: center;\"><\/td>\n<td style=\"text-align: center;\">2<\/td>\n<td style=\"text-align: center;\"><\/td>\n<\/tr>\n<tr>\n<td>\u00a0F\u00edsica i qu\u00edmica<\/td>\n<td style=\"text-align: center;\"><\/td>\n<td style=\"text-align: center;\">\u00a03<\/td>\n<td style=\"text-align: center;\">2<\/td>\n<td style=\"text-align: center;\"><\/td>\n<\/tr>\n<tr>\n<td>\u00a0Tecnologia<\/td>\n<td style=\"text-align: center;\">2<\/td>\n<td style=\"text-align: center;\">\u00a02<\/td>\n<td style=\"text-align: center;\">2<\/td>\n<td style=\"text-align: center;\"><\/td>\n<\/tr>\n<tr>\n<td>\u00a0Educaci\u00f3 f\u00edsica<\/td>\n<td style=\"text-align: center;\">2<\/td>\n<td style=\"text-align: center;\">\u00a02<\/td>\n<td style=\"text-align: center;\">2<\/td>\n<td style=\"text-align: center;\">\u00a02<\/td>\n<\/tr>\n<tr>\n<td>\u00a0M\u00fasica<\/td>\n<td style=\"text-align: center;\">2<\/td>\n<td style=\"text-align: center;\">\u00a02<\/td>\n<td style=\"text-align: center;\"><\/td>\n<td style=\"text-align: center;\"><\/td>\n<\/tr>\n<tr>\n<td>\u00a0Educaci\u00f3 visual i pl\u00e0stica<\/td>\n<td style=\"text-align: center;\">2<\/td>\n<td style=\"text-align: center;\"><\/td>\n<td style=\"text-align: center;\">\u00a02<\/td>\n<td style=\"text-align: center;\"><\/td>\n<\/tr>\n<tr>\n<td>\u00a0Cultura i valors \u00e8tics \/ Religi\u00f3<\/td>\n<td style=\"text-align: center;\">1<\/td>\n<td style=\"text-align: center;\">1<\/td>\n<td style=\"text-align: center;\">\u00a01<\/td>\n<td style=\"text-align: center;\">1<\/td>\n<\/tr>\n<tr>\n<td>\u00a0Mat\u00e8ries optatives<\/td>\n<td style=\"text-align: center;\">\u00a02<\/td>\n<td style=\"text-align: center;\">\u00a02<\/td>\n<td style=\"text-align: center;\">2<\/td>\n<td style=\"text-align: center;\">4+3+3<\/td>\n<\/tr>\n<tr>\n<td>\u00a0Tutoria<\/td>\n<td style=\"text-align: center;\">\u00a01<\/td>\n<td style=\"text-align: center;\">\u00a01<\/td>\n<td style=\"text-align: center;\">1<\/td>\n<td style=\"text-align: center;\">\u00a01<\/td>\n<\/tr>\n<tr>\n<td><b>\u00a0TOTAL<\/b><\/td>\n<td style=\"text-align: center;\"><b>\u00a030<\/b><\/td>\n<td style=\"text-align: center;\"><b>\u00a030<\/b><\/td>\n<td style=\"text-align: center;\"><b>\u00a030<\/b><\/td>\n<td style=\"text-align: center;\">\u00a0<b>30<\/b><\/td>\n<\/tr>\n<\/tbody>\n<\/table>\n<\/div>\n<div><\/div>\n<div>Cal afegir-hi<\/div>\n<ul>\n<li>Servei comunitari (3r), fora d&#8217;horari lectiu.<\/li>\n<li>Treball de s\u00edntesi (1r+2n+3r) \/ Projecte de recerca (4t), intensiu a fi de curs<\/li>\n<\/ul>\n<p><strong>1r, 2, i 3r ESO<\/strong><\/p>\n<div>\n<table border=\"1\" cellspacing=\"0\">\n<tbody>\n<tr>\n<td style=\"width: 220px;\"><b>\u00a0<\/b><\/td>\n<td style=\"width: 224.667px;\"><b>MAT\u00c8RIES ESPEC\u00cdFIQUES<br \/>\n<\/b><\/td>\n<td style=\"width: 293.333px;\"><\/td>\n<\/tr>\n<tr>\n<td style=\"width: 220px;\"><b>\u00a01r<\/b><\/td>\n<td style=\"width: 224.667px;\"><b>\u00a02n<\/b><\/td>\n<td style=\"width: 293.333px;\"><b>\u00a03r<\/b><\/td>\n<\/tr>\n<tr>\n<td style=\"width: 220px;\">Franc\u00e8s (anual)<\/td>\n<td style=\"width: 224.667px;\">\u00a0Franc\u00e8s (anual)<\/td>\n<td style=\"width: 293.333px;\">\u00a0Franc\u00e8s (anual)<\/td>\n<\/tr>\n<tr>\n<td style=\"width: 220px;\">Estudi assistit (anual)<\/td>\n<td style=\"width: 224.667px;\">Estudi assistit (anual)<\/td>\n<td style=\"width: 293.333px;\">\u00a0Estudi assistit (anual)<\/td>\n<\/tr>\n<tr>\n<td style=\"width: 220px;\"><\/td>\n<td style=\"width: 224.667px;\"><\/td>\n<td style=\"width: 293.333px;\"><\/td>\n<\/tr>\n<\/tbody>\n<\/table>\n<\/div>\n<div>\n<p dir=\"ltr\">* L\u2019oferta de mat\u00e8ries optatives trimestrals pot variar.<\/p>\n<p dir=\"ltr\"><strong>4t ESO<\/strong><\/p>\n<\/div>\n<p>En cada itinerari es cursen dues mat\u00e8ries obligat\u00f2ries, que es detallen a continuaci\u00f3 d\u2019aquest quadre, i una mat\u00e8ria optativa de les que s\u2019especifiquen en el seg\u00fcent full. Totes tenen una c\u00e0rrega de 3 hores lectives setmanals.<\/p>\n<p><a href=\"https:\/\/agora.xtec.cat\/iessentmenat\/wp-content\/uploads\/usu2420\/2025\/04\/4T-ITINERARI.jpg\"><img loading=\"lazy\" decoding=\"async\" class=\"alignnone size-medium wp-image-3525\" src=\"https:\/\/agora.xtec.cat\/iessentmenat\/wp-content\/uploads\/usu2420\/2025\/04\/4T-ITINERARI-300x169.jpg\" alt=\"\" width=\"300\" height=\"169\" srcset=\"https:\/\/agora.xtec.cat\/iessentmenat\/wp-content\/uploads\/usu2420\/2025\/04\/4T-ITINERARI-300x169.jpg 300w, https:\/\/agora.xtec.cat\/iessentmenat\/wp-content\/uploads\/usu2420\/2025\/04\/4T-ITINERARI-1024x576.jpg 1024w, https:\/\/agora.xtec.cat\/iessentmenat\/wp-content\/uploads\/usu2420\/2025\/04\/4T-ITINERARI-768x432.jpg 768w, https:\/\/agora.xtec.cat\/iessentmenat\/wp-content\/uploads\/usu2420\/2025\/04\/4T-ITINERARI.jpg 1202w\" sizes=\"auto, (max-width: 300px) 100vw, 300px\" \/><\/a><\/p>\n<p><strong>Optatives<\/strong><\/p>\n<p><a href=\"https:\/\/agora.xtec.cat\/iessentmenat\/wp-content\/uploads\/usu2420\/2025\/04\/4t-optatives.jpg\"><img loading=\"lazy\" decoding=\"async\" class=\"alignnone size-medium wp-image-3527\" src=\"https:\/\/agora.xtec.cat\/iessentmenat\/wp-content\/uploads\/usu2420\/2025\/04\/4t-optatives-300x268.jpg\" alt=\"\" width=\"300\" height=\"268\" srcset=\"https:\/\/agora.xtec.cat\/iessentmenat\/wp-content\/uploads\/usu2420\/2025\/04\/4t-optatives-300x268.jpg 300w, https:\/\/agora.xtec.cat\/iessentmenat\/wp-content\/uploads\/usu2420\/2025\/04\/4t-optatives-768x685.jpg 768w, https:\/\/agora.xtec.cat\/iessentmenat\/wp-content\/uploads\/usu2420\/2025\/04\/4t-optatives.jpg 875w\" sizes=\"auto, (max-width: 300px) 100vw, 300px\" \/><\/a><\/p>\n<p>S\u2019intentar\u00e0 assignar sempre la primera opci\u00f3. Si la demanda \u00e9s molt superior a l\u2019oferta, s\u2019assignar\u00e0 per nota mitjana del curs anterior. Si la demanda d\u2019una optativa \u00e9s escassa i queda un grup massa petit, s\u2019assignar\u00e0 l&#8217;alumnat a la segu\u0308ent opcio\u0301 preferida<\/p>\n","protected":false},"excerpt":{"rendered":"<p>CURR\u00cdCULUM ESO CURS 24-25:\u00a0\u00a0<\/p>\n<p>Mat\u00e8ries<\/p>\n<p>\u00a01r ESO<br \/>\nhores\/setmana<\/p>\n<p>\u00a02n ESO<br \/>\nhores\/setmana<br \/>\n\u00a03r ESO<br \/>\nhores\/setmana<br \/>\n\u00a04t ESO<br \/>\nhores\/setmana<\/p>\n<p>\u00a0Llengua catalana<br \/>\n3<br \/>\n\u00a03<br \/>\n3<br \/>\n\u00a03<\/p>\n<p>\u00a0Llengua castellana<br \/>\n3<br \/>\n\u00a03<br \/>\n3<br \/>\n\u00a03<\/p>\n<p>\u00a0Llengua anglesa<br \/>\n3<br \/>\n\u00a04<br \/>\n3<br \/>\n\u00a03<\/p>\n<p>\u00a0Matem\u00e0tiques<br \/>\n3<br \/>\n\u00a04<br \/>\n4<br \/>\n\u00a04<\/p>\n<p>\u00a0Ci\u00e8ncies socials<br \/>\n3<br \/>\n\u00a03<br \/>\n3<br \/>\n\u00a03<\/p>\n<p>\u00a0Biologia i geologia<br \/>\n3<\/p>\n<p>2<\/p>\n<p>\u00a0F\u00edsica i qu\u00edmica<\/p>\n<p>\u00a03<br \/>\n2<\/p>\n<p>\u00a0Tecnologia<br \/>\n2<br \/>\n\u00a02<br \/>\n2<\/p>\n<p>\u00a0Educaci\u00f3 f\u00edsica<br \/>\n2<br \/>\n\u00a02<br \/>\n2<br \/>\n\u00a02<\/p>\n<p>\u00a0M\u00fasica<br \/>\n2<br \/>\n\u00a02<\/p>\n<p>\u00a0Educaci\u00f3 visual i pl\u00e0stica<br \/>\n2<\/p>\n<p>\u00a02<\/p>\n<p>\u00a0Cultura i valors \u00e8tics \/ Religi\u00f3<br \/>\n1<br \/>\n1<br \/>\n\u00a01<br \/>\n1<\/p>\n<p>\u00a0Mat\u00e8ries optatives<br \/>\n\u00a02<br \/>\n\u00a02<br \/>\n2<br \/>\n4+3+3<\/p>\n<p>\u00a0Tutoria<br \/>\n\u00a01<br \/>\n\u00a01<br \/>\n1<br \/>\n\u00a01<\/p>\n<p>\u00a0TOTAL<br \/>\n\u00a030<br \/>\n\u00a030<br \/>\n\u00a030<br \/>\n\u00a030<\/p>\n<p>Cal afegir-hi<\/p>\n<ul>\n<li>Servei comunitari (3r), fora d&#8217;horari lectiu.<\/li>\n<li>Treball de s\u00edntesi (1r+2n+3r) \/ Projecte de recerca (4t), intensiu a fi de curs<\/li>\n<\/ul>\n<p>1r,&hellip;  <a href=\"https:\/\/agora.xtec.cat\/iessentmenat\/estudis-2\/la-eso\/\" title=\"Read La ESO\">Llegeix m\u00e9s\u00bb<\/a><\/p>\n","protected":false},"author":1,"featured_media":0,"parent":563,"menu_order":10,"comment_status":"closed","ping_status":"closed","template":"page-templates\/side-menu.php","meta":{"_bbp_topic_count":0,"_bbp_reply_count":0,"_bbp_total_topic_count":0,"_bbp_total_reply_count":0,"_bbp_voice_count":0,"_bbp_anonymous_reply_count":0,"_bbp_topic_count_hidden":0,"_bbp_reply_count_hidden":0,"_bbp_forum_subforum_count":0,"footnotes":""},"class_list":["post-515","page","type-page","status-publish","hentry"],"post_mailing_queue_ids":[],"_links":{"self":[{"href":"https:\/\/agora.xtec.cat\/iessentmenat\/wp-json\/wp\/v2\/pages\/515","targetHints":{"allow":["GET"]}}],"collection":[{"href":"https:\/\/agora.xtec.cat\/iessentmenat\/wp-json\/wp\/v2\/pages"}],"about":[{"href":"https:\/\/agora.xtec.cat\/iessentmenat\/wp-json\/wp\/v2\/types\/page"}],"author":[{"embeddable":true,"href":"https:\/\/agora.xtec.cat\/iessentmenat\/wp-json\/wp\/v2\/users\/1"}],"replies":[{"embeddable":true,"href":"https:\/\/agora.xtec.cat\/iessentmenat\/wp-json\/wp\/v2\/comments?post=515"}],"version-history":[{"count":6,"href":"https:\/\/agora.xtec.cat\/iessentmenat\/wp-json\/wp\/v2\/pages\/515\/revisions"}],"predecessor-version":[{"id":3529,"href":"https:\/\/agora.xtec.cat\/iessentmenat\/wp-json\/wp\/v2\/pages\/515\/revisions\/3529"}],"up":[{"embeddable":true,"href":"https:\/\/agora.xtec.cat\/iessentmenat\/wp-json\/wp\/v2\/pages\/563"}],"wp:attachment":[{"href":"https:\/\/agora.xtec.cat\/iessentmenat\/wp-json\/wp\/v2\/media?parent=515"}],"curies":[{"name":"wp","href":"https:\/\/api.w.org\/{rel}","templated":true}]}}