{"id":505,"date":"2021-02-12T13:17:34","date_gmt":"2021-02-12T12:17:34","guid":{"rendered":"https:\/\/agora.xtec.cat\/iessentmenat\/?page_id=505"},"modified":"2025-10-25T20:28:24","modified_gmt":"2025-10-25T18:28:24","slug":"batxillerat","status":"publish","type":"page","link":"https:\/\/agora.xtec.cat\/iessentmenat\/estudis-2\/batxillerat\/","title":{"rendered":"El Batxillerat"},"content":{"rendered":"<p><b>BATXILLERAT 2024-25<\/b><\/p>\n<div><b>MAT\u00c8RIES COMUNES<\/b><\/div>\n<div><\/div>\n<div>\n<table style=\"width: 56.852%;\" border=\"1\" cellspacing=\"0\">\n<tbody>\n<tr>\n<td style=\"width: 48.8854%;\"><b>\u00a01r de batxillerat<\/b><\/td>\n<td style=\"width: 131.414%;\"><b>\u00a02n de batxillerat<br \/>\n<\/b><\/td>\n<\/tr>\n<tr>\n<td style=\"width: 48.8854%;\">\u00a0Llengua catalana (2h)<\/td>\n<td style=\"width: 131.414%;\">\u00a0Llengua catalana (2h)<\/td>\n<\/tr>\n<tr>\n<td style=\"width: 48.8854%;\">\u00a0Llengua castellana (2h)<\/td>\n<td style=\"width: 131.414%;\">\u00a0Llengua castellana (2h)<\/td>\n<\/tr>\n<tr>\n<td style=\"width: 48.8854%;\">\u00a0Llengua anglesa (3h)<\/td>\n<td style=\"width: 131.414%;\">\u00a0Llengua anglesa (3h)<\/td>\n<\/tr>\n<tr>\n<td style=\"width: 48.8854%;\">\u00a0Filosofia (2h)<\/td>\n<td style=\"width: 131.414%;\">\u00a0Hist\u00f2ria de la Filosofia (3h)<\/td>\n<\/tr>\n<tr>\n<td style=\"width: 48.8854%;\">\u00a0Educaci\u00f3 f\u00edsica (2h)<\/td>\n<td style=\"width: 131.414%;\">\u00a0Hist\u00f2ria (3h)<\/td>\n<\/tr>\n<tr>\n<td style=\"width: 48.8854%;\">\u00a0Tutoria (1h)<\/td>\n<td style=\"width: 131.414%;\">\u00a0Tutoria (1h)<br \/>\nTreball de recerca<\/td>\n<\/tr>\n<\/tbody>\n<\/table>\n<\/div>\n<p><strong>MAT\u00c8RIES DE MODALITAT <\/strong><\/p>\n<p><strong>1r batxillerat<\/strong><\/p>\n<p><a href=\"https:\/\/agora.xtec.cat\/iessentmenat\/wp-content\/uploads\/usu2420\/2025\/04\/humanitats.jpg\"><img loading=\"lazy\" decoding=\"async\" class=\"alignnone wp-image-3517 size-full\" src=\"https:\/\/agora.xtec.cat\/iessentmenat\/wp-content\/uploads\/usu2420\/2025\/04\/humanitats.jpg\" alt=\"\" width=\"585\" height=\"690\" srcset=\"https:\/\/agora.xtec.cat\/iessentmenat\/wp-content\/uploads\/usu2420\/2025\/04\/humanitats.jpg 585w, https:\/\/agora.xtec.cat\/iessentmenat\/wp-content\/uploads\/usu2420\/2025\/04\/humanitats-254x300.jpg 254w\" sizes=\"auto, (max-width: 585px) 100vw, 585px\" \/><\/a> <a href=\"https:\/\/agora.xtec.cat\/iessentmenat\/wp-content\/uploads\/usu2420\/2025\/04\/ciencies.jpg\"><img loading=\"lazy\" decoding=\"async\" class=\"alignnone wp-image-3518 size-full\" src=\"https:\/\/agora.xtec.cat\/iessentmenat\/wp-content\/uploads\/usu2420\/2025\/04\/ciencies.jpg\" alt=\"\" width=\"593\" height=\"686\" srcset=\"https:\/\/agora.xtec.cat\/iessentmenat\/wp-content\/uploads\/usu2420\/2025\/04\/ciencies.jpg 593w, https:\/\/agora.xtec.cat\/iessentmenat\/wp-content\/uploads\/usu2420\/2025\/04\/ciencies-259x300.jpg 259w\" sizes=\"auto, (max-width: 593px) 100vw, 593px\" \/><\/a><\/p>\n<p>Per falta de preinscripci\u00f3 suficient, aquest curs no s\u2019ofereixen les mat\u00e8ries ombrejades.<\/p>\n<p>Total: 30 hores<\/p>\n<div><\/div>\n<div><strong>2n batxillerat<\/strong><\/div>\n<div><\/div>\n<div><a href=\"https:\/\/agora.xtec.cat\/iessentmenat\/wp-content\/uploads\/usu2420\/2025\/04\/humanitats-2.jpg\"><img loading=\"lazy\" decoding=\"async\" class=\"alignnone wp-image-3519\" src=\"https:\/\/agora.xtec.cat\/iessentmenat\/wp-content\/uploads\/usu2420\/2025\/04\/humanitats-2.jpg\" alt=\"\" width=\"585\" height=\"511\" srcset=\"https:\/\/agora.xtec.cat\/iessentmenat\/wp-content\/uploads\/usu2420\/2025\/04\/humanitats-2.jpg 831w, https:\/\/agora.xtec.cat\/iessentmenat\/wp-content\/uploads\/usu2420\/2025\/04\/humanitats-2-300x262.jpg 300w, https:\/\/agora.xtec.cat\/iessentmenat\/wp-content\/uploads\/usu2420\/2025\/04\/humanitats-2-768x671.jpg 768w\" sizes=\"auto, (max-width: 585px) 100vw, 585px\" \/><\/a> <a href=\"https:\/\/agora.xtec.cat\/iessentmenat\/wp-content\/uploads\/usu2420\/2025\/04\/ciencies-2.jpg\"><img loading=\"lazy\" decoding=\"async\" class=\"alignnone wp-image-3520\" src=\"https:\/\/agora.xtec.cat\/iessentmenat\/wp-content\/uploads\/usu2420\/2025\/04\/ciencies-2.jpg\" alt=\"\" width=\"585\" height=\"459\" srcset=\"https:\/\/agora.xtec.cat\/iessentmenat\/wp-content\/uploads\/usu2420\/2025\/04\/ciencies-2.jpg 831w, https:\/\/agora.xtec.cat\/iessentmenat\/wp-content\/uploads\/usu2420\/2025\/04\/ciencies-2-300x235.jpg 300w, https:\/\/agora.xtec.cat\/iessentmenat\/wp-content\/uploads\/usu2420\/2025\/04\/ciencies-2-768x603.jpg 768w\" sizes=\"auto, (max-width: 585px) 100vw, 585px\" \/><\/a><\/div>\n<div><\/div>\n<div>\n<p>\u25cf Modalitat 1 i 2: cal triar una sola mat\u00e8ria de cada franja, d&#8217;acord amb l&#8217;itinerari escollit<br \/>\n\u25cf Optatives: cal triar 2 optatives per ordre de prioritat.<br \/>\nPer falta de preinscripci\u00f3 suficient, aquest curs no s\u2019ofereixen les mat\u00e8ries ombrejades.<\/p>\n<hr \/>\n<\/div>\n<p><b>COM ES PROMOCIONA AL BATXILLERAT<\/b><\/p>\n<table style=\"width: 65.719%;\" border=\"1\" cellspacing=\"0\">\n<tbody>\n<tr>\n<td style=\"width: 14.9708%;\"><\/td>\n<td style=\"width: 41.526%;\"><b>\u00a01r<\/b><\/td>\n<td style=\"width: 52.4172%;\"><b>\u00a02n<\/b><\/td>\n<\/tr>\n<tr>\n<td style=\"width: 14.9708%;\">\n<div>\n<div><b>\u00a0<\/b><\/div>\n<div><b>0 suspensos<\/b><\/div>\n<\/div>\n<p><b>\u00a0<\/b><\/td>\n<td style=\"width: 41.526%;\">promociona a 2n<\/td>\n<td style=\"width: 52.4172%;\">t\u00edtol de batxiller<\/td>\n<\/tr>\n<tr>\n<td style=\"width: 14.9708%;\"><b><br \/>\n1 o 2 suspensos<br \/>\n<\/b><\/td>\n<td style=\"width: 41.526%;\">\n<ul>\n<li>promociona a 2n<\/li>\n<li>recuperaci\u00f3 dels suspensos durant 2n<\/li>\n<\/ul>\n<\/td>\n<td style=\"width: 52.4172%;\">\n<ul>\n<li>repetici\u00f3 dels suspensos<\/li>\n<li>repetici\u00f3 de tot 2n<\/li>\n<li>t\u00edtol de batxiller (excepcionalment i amb 1 suspens)<\/li>\n<\/ul>\n<\/td>\n<\/tr>\n<tr>\n<td style=\"width: 14.9708%;\"><b><br \/>\n3 o 4 suspensos<br \/>\n<\/b><\/td>\n<td style=\"width: 41.526%;\">\n<ul>\n<li>repetici\u00f3 dels suspensos<\/li>\n<li>repetici\u00f3 de tot 1r (Estada a l&#8217;empresa es convalida)<\/li>\n<\/ul>\n<\/td>\n<td style=\"width: 52.4172%;\">\n<ul>\n<li>repetici\u00f3 dels suspensos<\/li>\n<li>repetici\u00f3 de tot 2n<\/li>\n<\/ul>\n<\/td>\n<\/tr>\n<tr>\n<td style=\"width: 14.9708%;\"><b><br \/>\n5 o + suspensos<\/b><\/td>\n<td style=\"width: 41.526%;\">repetici\u00f3 de tot 1r<\/td>\n<td style=\"width: 52.4172%;\">\n<ul>\n<li>repetici\u00f3 dels suspensos<\/li>\n<li>repetici\u00f3 de tot 2n<\/li>\n<\/ul>\n<\/td>\n<\/tr>\n<\/tbody>\n<\/table>\n<div>\n<hr \/>\n<p>&nbsp;<\/p>\n<p><span style=\"font-size: medium;\"><b>PAU (Proves d&#8217;Acc\u00e9s a la Universitat)<\/b><\/span><\/p>\n<table border=\"1\" cellspacing=\"0\">\n<tbody>\n<tr>\n<td><span style=\"font-size: medium;\">\u00a0FASE GENERAL<br \/>\n<\/span><\/td>\n<td><span style=\"font-size: medium;\">Llengua catalana i literatura<br \/>\nLlengua castellana i literatura<br \/>\nLlengua anglesa<br \/>\nHist\u00f2ria<br \/>\nMat\u00e8ria de modalitat de 2n triada per l&#8217;alumne\/a (matem\u00e0tiques \/ llat\u00ed)<br \/>\n<\/span><\/td>\n<\/tr>\n<tr>\n<td><span style=\"font-size: medium;\">\u00a0FASE ESPEC\u00cdFICA<br \/>\n(volunt\u00e0ria)<br \/>\n<\/span><\/td>\n<td><span style=\"font-size: medium;\">2a mat\u00e8ria de modalitat de 2n triada per l&#8217;alumne\/a<br \/>\n3a mat\u00e8ria de modalitat de 2n triada per l&#8217;alumne\/a<br \/>\n4a mat\u00e8ria de modalitat de 2n triada per l&#8217;alumne\/a<br \/>\n<\/span><\/td>\n<\/tr>\n<\/tbody>\n<\/table>\n<\/div>\n<div>\n<p><b><u><span lang=\"CA\">CAL TENIR EN COMPTE:<\/span><\/u><\/b><\/p>\n<p><span lang=\"CA\">PAU: A la fase general s\u2019examinen de la mat\u00e8ria comuna d\u2019Hist\u00f2ria<br \/>\n<\/span><span lang=\"CA\">PAU: A la fase general s\u2019examinen de la mat\u00e8ria comuna d\u2019opci\u00f3 (Matem\u00e0tiques, Llat\u00ed o Matem\u00e0tiques aplicades)<\/span><\/p>\n<div><span style=\"font-size: medium;\"><b>\u00a0<\/b><\/span><\/div>\n<p><span style=\"font-size: medium;\"><a href=\"https:\/\/universitats.gencat.cat\/ca\/proves-acces-PAU-PAP\/index.html\" target=\"_blank\" rel=\"nofollow noopener noreferrer\">Proves d&#8217;acc\u00e9s a la universitat PAU<\/a><br \/>\n<a href=\"https:\/\/universitats.gencat.cat\/ca\/preinscripcions\/sobre-preinscripcio\/notes-tall\/\" target=\"_blank\" rel=\"nofollow noopener noreferrer\">Notes de tall<\/a> per entrar a la universitat<br \/>\n<a href=\"https:\/\/universitats.gencat.cat\/ca\/preinscripcions\/sobre-preinscripcio\/ponderacions\/\" target=\"_blank\" rel=\"nofollow noopener noreferrer\">Taules de ponderaci\u00f3<\/a> per calcular la nota d&#8217;admissi\u00f3.<\/span><\/p>\n<\/div>\n<div><span style=\"font-size: medium;\">\u00a0<\/span><\/div>\n<div><span style=\"font-size: medium;\"><a href=\"https:\/\/preinscripcio.gencat.cat\/ca\/estudis\/batxillerat\/inici\/\" target=\"_blank\" rel=\"nofollow noopener noreferrer\">Preinscripci\u00f3 telem\u00e0tica al batxillerat<\/a><\/span><\/div>\n","protected":false},"excerpt":{"rendered":"<p>BATXILLERAT 2024-25<br \/>\nMAT\u00c8RIES COMUNES<\/p>\n<p>\u00a01r de batxillerat<br \/>\n\u00a02n de batxillerat<\/p>\n<p>\u00a0Llengua catalana (2h)<br \/>\n\u00a0Llengua catalana (2h)<\/p>\n<p>\u00a0Llengua castellana (2h)<br \/>\n\u00a0Llengua castellana (2h)<\/p>\n<p>\u00a0Llengua anglesa (3h)<br \/>\n\u00a0Llengua anglesa (3h)<\/p>\n<p>\u00a0Filosofia (2h)<br \/>\n\u00a0Hist\u00f2ria de la Filosofia (3h)<\/p>\n<p>\u00a0Educaci\u00f3 f\u00edsica (2h)<br \/>\n\u00a0Hist\u00f2ria (3h)<\/p>\n<p>\u00a0Tutoria (1h)<br \/>\n\u00a0Tutoria (1h)<br \/>\nTreball de recerca<\/p>\n<p>MAT\u00c8RIES DE MODALITAT<br \/>\n1r batxillerat<br \/>\n<a href=\"https:\/\/agora.xtec.cat\/iessentmenat\/wp-content\/uploads\/usu2420\/2025\/04\/humanitats.jpg\"><\/a> <a href=\"https:\/\/agora.xtec.cat\/iessentmenat\/wp-content\/uploads\/usu2420\/2025\/04\/ciencies.jpg\"><\/a><br \/>\nPer falta de preinscripci\u00f3 suficient, aquest curs no&hellip;  <a href=\"https:\/\/agora.xtec.cat\/iessentmenat\/estudis-2\/batxillerat\/\" title=\"Read El Batxillerat\">Llegeix m\u00e9s\u00bb<\/a><\/p>\n","protected":false},"author":1,"featured_media":0,"parent":563,"menu_order":20,"comment_status":"closed","ping_status":"closed","template":"page-templates\/side-menu.php","meta":{"_bbp_topic_count":0,"_bbp_reply_count":0,"_bbp_total_topic_count":0,"_bbp_total_reply_count":0,"_bbp_voice_count":0,"_bbp_anonymous_reply_count":0,"_bbp_topic_count_hidden":0,"_bbp_reply_count_hidden":0,"_bbp_forum_subforum_count":0,"footnotes":""},"class_list":["post-505","page","type-page","status-publish","hentry"],"post_mailing_queue_ids":[],"_links":{"self":[{"href":"https:\/\/agora.xtec.cat\/iessentmenat\/wp-json\/wp\/v2\/pages\/505","targetHints":{"allow":["GET"]}}],"collection":[{"href":"https:\/\/agora.xtec.cat\/iessentmenat\/wp-json\/wp\/v2\/pages"}],"about":[{"href":"https:\/\/agora.xtec.cat\/iessentmenat\/wp-json\/wp\/v2\/types\/page"}],"author":[{"embeddable":true,"href":"https:\/\/agora.xtec.cat\/iessentmenat\/wp-json\/wp\/v2\/users\/1"}],"replies":[{"embeddable":true,"href":"https:\/\/agora.xtec.cat\/iessentmenat\/wp-json\/wp\/v2\/comments?post=505"}],"version-history":[{"count":7,"href":"https:\/\/agora.xtec.cat\/iessentmenat\/wp-json\/wp\/v2\/pages\/505\/revisions"}],"predecessor-version":[{"id":3920,"href":"https:\/\/agora.xtec.cat\/iessentmenat\/wp-json\/wp\/v2\/pages\/505\/revisions\/3920"}],"up":[{"embeddable":true,"href":"https:\/\/agora.xtec.cat\/iessentmenat\/wp-json\/wp\/v2\/pages\/563"}],"wp:attachment":[{"href":"https:\/\/agora.xtec.cat\/iessentmenat\/wp-json\/wp\/v2\/media?parent=505"}],"curies":[{"name":"wp","href":"https:\/\/api.w.org\/{rel}","templated":true}]}}