{"id":501,"date":"2021-02-12T13:11:34","date_gmt":"2021-02-12T12:11:34","guid":{"rendered":"https:\/\/agora.xtec.cat\/iessentmenat\/?page_id=501"},"modified":"2021-03-16T10:23:35","modified_gmt":"2021-03-16T09:23:35","slug":"projecte-de-recerca-4t-eso","status":"publish","type":"page","link":"https:\/\/agora.xtec.cat\/iessentmenat\/estudis-2\/la-eso\/projecte-de-recerca-4t-eso\/","title":{"rendered":"Projecte de recerca 4t ESO"},"content":{"rendered":"<p><span lang=\"CA\">\u00c9s un treball que es fa a 4t d&#8217;ESO, constitu\u00eft per un conjunt d\u2019activitats de descoberta i recerca realitzades entorn d\u2019un tema escollit i acotat, en part, per l&#8217;alumnat mateix a partir de situacions, problemes o preguntes inicials que se\u2019ls plantejaran. Aquestes situacions inicials poden tenir un car\u00e0cter transversal per\u00f2 tamb\u00e9 es poden emmarcar dins un \u00e0mbit de coneixement determinat.<\/span><\/p>\n<p>Per a concretar el projecte caldr\u00e0 plantejar una hip\u00f2tesi o objectiu, planificar el m\u00e8tode de treball, integrar informaci\u00f3 procedent de diverses fonts i, finalment, arribar a unes conclusions argumentades per mitj\u00e0 d\u2019un informe escrit i una breu exposici\u00f3 oral.<\/p>\n<p><span lang=\"CA\"> Al llarg del projecte, l\u2019alumnat ha de mostrar capacitat d\u2019autonomia i iniciativa en l\u2019organitzaci\u00f3 del seu treball individual, i tamb\u00e9 de responsabilitat, cooperaci\u00f3 i col\u00b7laboraci\u00f3 en el desenvolupament de projectes en com\u00fa.<\/span><\/p>\n<div><span lang=\"CA\">\u00a0<\/span><\/div>\n<div><span lang=\"CA\">Enlla\u00e7os relacionats<br \/>\n<\/span><\/div>\n<div><\/div>\n<div><a href=\"http:\/\/www.xtec.cat\/serveis\/crp\/c5990104\/recerca-eso\/index.htm\" target=\"_blank\" rel=\"nofollow noopener noreferrer\">Projecte de recerca &#8211; 4t ESO<\/a><\/div>\n","protected":false},"excerpt":{"rendered":"<p>\u00c9s un treball que es fa a 4t d&#8217;ESO, constitu\u00eft per un conjunt d\u2019activitats de descoberta i recerca realitzades entorn d\u2019un tema escollit i acotat, en part, per l&#8217;alumnat mateix a partir de situacions, problemes o preguntes inicials que se\u2019ls plantejaran. Aquestes situacions inicials poden&hellip;  <a href=\"https:\/\/agora.xtec.cat\/iessentmenat\/estudis-2\/la-eso\/projecte-de-recerca-4t-eso\/\" title=\"Read Projecte de recerca 4t ESO\">Llegeix m\u00e9s\u00bb<\/a><\/p>\n","protected":false},"author":1,"featured_media":0,"parent":515,"menu_order":0,"comment_status":"closed","ping_status":"closed","template":"page-templates\/side-menu.php","meta":{"_bbp_topic_count":0,"_bbp_reply_count":0,"_bbp_total_topic_count":0,"_bbp_total_reply_count":0,"_bbp_voice_count":0,"_bbp_anonymous_reply_count":0,"_bbp_topic_count_hidden":0,"_bbp_reply_count_hidden":0,"_bbp_forum_subforum_count":0,"footnotes":""},"class_list":["post-501","page","type-page","status-publish","hentry"],"post_mailing_queue_ids":[],"_links":{"self":[{"href":"https:\/\/agora.xtec.cat\/iessentmenat\/wp-json\/wp\/v2\/pages\/501","targetHints":{"allow":["GET"]}}],"collection":[{"href":"https:\/\/agora.xtec.cat\/iessentmenat\/wp-json\/wp\/v2\/pages"}],"about":[{"href":"https:\/\/agora.xtec.cat\/iessentmenat\/wp-json\/wp\/v2\/types\/page"}],"author":[{"embeddable":true,"href":"https:\/\/agora.xtec.cat\/iessentmenat\/wp-json\/wp\/v2\/users\/1"}],"replies":[{"embeddable":true,"href":"https:\/\/agora.xtec.cat\/iessentmenat\/wp-json\/wp\/v2\/comments?post=501"}],"version-history":[{"count":3,"href":"https:\/\/agora.xtec.cat\/iessentmenat\/wp-json\/wp\/v2\/pages\/501\/revisions"}],"predecessor-version":[{"id":1059,"href":"https:\/\/agora.xtec.cat\/iessentmenat\/wp-json\/wp\/v2\/pages\/501\/revisions\/1059"}],"up":[{"embeddable":true,"href":"https:\/\/agora.xtec.cat\/iessentmenat\/wp-json\/wp\/v2\/pages\/515"}],"wp:attachment":[{"href":"https:\/\/agora.xtec.cat\/iessentmenat\/wp-json\/wp\/v2\/media?parent=501"}],"curies":[{"name":"wp","href":"https:\/\/api.w.org\/{rel}","templated":true}]}}