{"id":499,"date":"2021-02-12T13:10:36","date_gmt":"2021-02-12T12:10:36","guid":{"rendered":"https:\/\/agora.xtec.cat\/iessentmenat\/?page_id=499"},"modified":"2025-04-03T13:05:59","modified_gmt":"2025-04-03T11:05:59","slug":"treball-de-sintesi","status":"publish","type":"page","link":"https:\/\/agora.xtec.cat\/iessentmenat\/estudis-2\/la-eso\/treball-de-sintesi\/","title":{"rendered":"Treball de s\u00edntesi"},"content":{"rendered":"<h3 class=\"western\"><a name=\"sites-page-title\"><\/a><a name=\"sites-page-title-header\"><\/a> <span style=\"font-family: Arial, sans-serif;\"><span style=\"font-size: medium;\">Treball de s\u00edntesi 1r, 2n, 3r<\/span><\/span><\/h3>\n<p><span style=\"font-family: Arial, sans-serif;\"><span style=\"font-size: medium;\">El <b>treball de s\u00edntesi<\/b> \u00e9s un conjunt d&#8217;activitats d&#8217;ensenyament i aprenentatge, fetes en equip, per desenvolupar compet\u00e8ncies complexes i comprovar si s&#8217;ha aconseguit, i fins a quin punt, que l&#8217;alumnat sigui capa\u00e7 d&#8217;aplicar les compet\u00e8ncies b\u00e0siques treballades en les diferents mat\u00e8ries per a la resoluci\u00f3 de q\u00fcestions i problemes relacionats amb la vida pr\u00e0ctica. Integra continguts de diverses mat\u00e8ries i admet diferents concrecions temporals. Es fa en els cursos de 1r, 2n i 3r d&#8217;ESO.<\/span><\/span><\/p>\n<ul>\n<li><span style=\"font-family: Arial, sans-serif;\"><span style=\"font-size: medium;\">a 1r coneixem a fons el poble amb el treball <i><b>Coneguem Sentmenat<\/b><\/i>.<\/span><\/span><\/li>\n<li><span style=\"font-family: Arial, sans-serif;\"><span style=\"font-size: medium;\">a 2n aprenem m\u00e9s coses de la nostra comarca amb el treball <i><b>Coneguem el Vall\u00e8s<\/b><\/i>.<\/span><\/span><\/li>\n<li><span style=\"font-family: Arial, sans-serif;\"><span style=\"font-size: medium;\">a 3r fem un recorregut hist\u00f2ric i cultural per la capital, amb el treball <i><b>Coneguem Barcelona<\/b><\/i>.<\/span><\/span><\/li>\n<\/ul>\n<p>&nbsp;<\/p>\n<div id=\"sites-canvas-main\" class=\"sites-canvas-main\">\n<div id=\"sites-canvas-main-content\"><\/div>\n<\/div>\n","protected":false},"excerpt":{"rendered":"<p><a name=\"sites-page-title\"><\/a><a name=\"sites-page-title-header\"><\/a> Treball de s\u00edntesi 1r, 2n, 3r<br \/>\nEl treball de s\u00edntesi \u00e9s un conjunt d&#8217;activitats d&#8217;ensenyament i aprenentatge, fetes en equip, per desenvolupar compet\u00e8ncies complexes i comprovar si s&#8217;ha aconseguit, i fins a quin punt, que l&#8217;alumnat sigui capa\u00e7 d&#8217;aplicar les compet\u00e8ncies b\u00e0siques treballades&hellip;  <a href=\"https:\/\/agora.xtec.cat\/iessentmenat\/estudis-2\/la-eso\/treball-de-sintesi\/\" title=\"Read Treball de s\u00edntesi\">Llegeix m\u00e9s\u00bb<\/a><\/p>\n","protected":false},"author":1,"featured_media":0,"parent":515,"menu_order":0,"comment_status":"closed","ping_status":"closed","template":"page-templates\/side-menu.php","meta":{"_bbp_topic_count":0,"_bbp_reply_count":0,"_bbp_total_topic_count":0,"_bbp_total_reply_count":0,"_bbp_voice_count":0,"_bbp_anonymous_reply_count":0,"_bbp_topic_count_hidden":0,"_bbp_reply_count_hidden":0,"_bbp_forum_subforum_count":0,"footnotes":""},"class_list":["post-499","page","type-page","status-publish","hentry"],"post_mailing_queue_ids":[],"_links":{"self":[{"href":"https:\/\/agora.xtec.cat\/iessentmenat\/wp-json\/wp\/v2\/pages\/499","targetHints":{"allow":["GET"]}}],"collection":[{"href":"https:\/\/agora.xtec.cat\/iessentmenat\/wp-json\/wp\/v2\/pages"}],"about":[{"href":"https:\/\/agora.xtec.cat\/iessentmenat\/wp-json\/wp\/v2\/types\/page"}],"author":[{"embeddable":true,"href":"https:\/\/agora.xtec.cat\/iessentmenat\/wp-json\/wp\/v2\/users\/1"}],"replies":[{"embeddable":true,"href":"https:\/\/agora.xtec.cat\/iessentmenat\/wp-json\/wp\/v2\/comments?post=499"}],"version-history":[{"count":4,"href":"https:\/\/agora.xtec.cat\/iessentmenat\/wp-json\/wp\/v2\/pages\/499\/revisions"}],"predecessor-version":[{"id":3530,"href":"https:\/\/agora.xtec.cat\/iessentmenat\/wp-json\/wp\/v2\/pages\/499\/revisions\/3530"}],"up":[{"embeddable":true,"href":"https:\/\/agora.xtec.cat\/iessentmenat\/wp-json\/wp\/v2\/pages\/515"}],"wp:attachment":[{"href":"https:\/\/agora.xtec.cat\/iessentmenat\/wp-json\/wp\/v2\/media?parent=499"}],"curies":[{"name":"wp","href":"https:\/\/api.w.org\/{rel}","templated":true}]}}