{"id":4044,"date":"2025-12-19T23:07:02","date_gmt":"2025-12-19T22:07:02","guid":{"rendered":"https:\/\/agora.xtec.cat\/iessentmenat\/?page_id=4044"},"modified":"2026-05-03T22:05:28","modified_gmt":"2026-05-03T20:05:28","slug":"servei-connectem","status":"publish","type":"page","link":"https:\/\/agora.xtec.cat\/iessentmenat\/serveis\/servei-connectem\/","title":{"rendered":"Servei Connectem"},"content":{"rendered":"<p>El servei Connectem \u00e9s un servei gratu\u00eft d\u2019atenci\u00f3 al benestar emocional adre\u00e7at a joves <a href=\"https:\/\/agora.xtec.cat\/iessentmenat\/wp-content\/uploads\/usu2420\/2025\/12\/connectem-servei-emocional-joves.jpg\"><img loading=\"lazy\" decoding=\"async\" class=\"size-medium wp-image-4045 alignright\" src=\"https:\/\/agora.xtec.cat\/iessentmenat\/wp-content\/uploads\/usu2420\/2025\/12\/connectem-servei-emocional-joves-300x169.jpg\" alt=\"\" width=\"300\" height=\"169\" srcset=\"https:\/\/agora.xtec.cat\/iessentmenat\/wp-content\/uploads\/usu2420\/2025\/12\/connectem-servei-emocional-joves-300x169.jpg 300w, https:\/\/agora.xtec.cat\/iessentmenat\/wp-content\/uploads\/usu2420\/2025\/12\/connectem-servei-emocional-joves-1024x576.jpg 1024w, https:\/\/agora.xtec.cat\/iessentmenat\/wp-content\/uploads\/usu2420\/2025\/12\/connectem-servei-emocional-joves-768x432.jpg 768w, https:\/\/agora.xtec.cat\/iessentmenat\/wp-content\/uploads\/usu2420\/2025\/12\/connectem-servei-emocional-joves-1536x864.jpg 1536w, https:\/\/agora.xtec.cat\/iessentmenat\/wp-content\/uploads\/usu2420\/2025\/12\/connectem-servei-emocional-joves.jpg 1920w\" sizes=\"auto, (max-width: 300px) 100vw, 300px\" \/><\/a><br \/>\nde 12 a 29 anys de diferents municipis del Vall\u00e8s Occidental, entre ells Sentmenat.<br \/>\nOferim un espai segur i de confian\u00e7a per acompanyar situacions com ara: d\u00e8ficits d&#8217;autoestima o autoconfian\u00e7a, dificultats en la gesti\u00f3 de l\u2019angoixa (per exemple, davant dels ex\u00e0mens), falta d&#8217;entesa amb la fam\u00edlia i altres formes de malestar emocional, amb una atenci\u00f3 propera i adaptada a cada jove.<\/p>\n<p>M\u00e9s informaci\u00f3 del <a href=\"https:\/\/www.consellvallesoccidental.cat\/noticies\/el-servei-connectem-inicia-una-nova-etapa-al-valles-occidental-per-donar-suport-emocional-a-adolescents-i-joves-de-la-comarca\/\">Servei Connectem del Consell Comarcal del Vall\u00e8s Occidental<\/a><\/p>\n","protected":false},"excerpt":{"rendered":"<p>El servei Connectem \u00e9s un servei gratu\u00eft d\u2019atenci\u00f3 al benestar emocional adre\u00e7at a joves <a href=\"https:\/\/agora.xtec.cat\/iessentmenat\/wp-content\/uploads\/usu2420\/2025\/12\/connectem-servei-emocional-joves.jpg\"><\/a><br \/>\nde 12 a 29 anys de diferents municipis del Vall\u00e8s Occidental, entre ells Sentmenat.<br \/>\nOferim un espai segur i de confian\u00e7a per acompanyar situacions com ara: d\u00e8ficits d&#8217;autoestima o autoconfian\u00e7a, dificultats&hellip;  <a href=\"https:\/\/agora.xtec.cat\/iessentmenat\/serveis\/servei-connectem\/\" title=\"Read Servei Connectem\">Llegeix m\u00e9s\u00bb<\/a><\/p>\n","protected":false},"author":1,"featured_media":0,"parent":63,"menu_order":60,"comment_status":"closed","ping_status":"closed","template":"page-templates\/side-menu.php","meta":{"_bbp_topic_count":0,"_bbp_reply_count":0,"_bbp_total_topic_count":0,"_bbp_total_reply_count":0,"_bbp_voice_count":0,"_bbp_anonymous_reply_count":0,"_bbp_topic_count_hidden":0,"_bbp_reply_count_hidden":0,"_bbp_forum_subforum_count":0,"footnotes":""},"class_list":["post-4044","page","type-page","status-publish","hentry"],"post_mailing_queue_ids":[],"_links":{"self":[{"href":"https:\/\/agora.xtec.cat\/iessentmenat\/wp-json\/wp\/v2\/pages\/4044","targetHints":{"allow":["GET"]}}],"collection":[{"href":"https:\/\/agora.xtec.cat\/iessentmenat\/wp-json\/wp\/v2\/pages"}],"about":[{"href":"https:\/\/agora.xtec.cat\/iessentmenat\/wp-json\/wp\/v2\/types\/page"}],"author":[{"embeddable":true,"href":"https:\/\/agora.xtec.cat\/iessentmenat\/wp-json\/wp\/v2\/users\/1"}],"replies":[{"embeddable":true,"href":"https:\/\/agora.xtec.cat\/iessentmenat\/wp-json\/wp\/v2\/comments?post=4044"}],"version-history":[{"count":5,"href":"https:\/\/agora.xtec.cat\/iessentmenat\/wp-json\/wp\/v2\/pages\/4044\/revisions"}],"predecessor-version":[{"id":4542,"href":"https:\/\/agora.xtec.cat\/iessentmenat\/wp-json\/wp\/v2\/pages\/4044\/revisions\/4542"}],"up":[{"embeddable":true,"href":"https:\/\/agora.xtec.cat\/iessentmenat\/wp-json\/wp\/v2\/pages\/63"}],"wp:attachment":[{"href":"https:\/\/agora.xtec.cat\/iessentmenat\/wp-json\/wp\/v2\/media?parent=4044"}],"curies":[{"name":"wp","href":"https:\/\/api.w.org\/{rel}","templated":true}]}}