{"id":3948,"date":"2025-10-30T12:44:57","date_gmt":"2025-10-30T11:44:57","guid":{"rendered":"https:\/\/agora.xtec.cat\/iessentmenat\/?page_id=3948"},"modified":"2025-10-30T13:27:49","modified_gmt":"2025-10-30T12:27:49","slug":"psicologa-afa","status":"publish","type":"page","link":"https:\/\/agora.xtec.cat\/iessentmenat\/serveis\/psicologa-afa\/","title":{"rendered":"Psic\u00f2loga AFA"},"content":{"rendered":"<p><a href=\"https:\/\/agora.xtec.cat\/iessentmenat\/wp-content\/uploads\/usu2420\/2025\/10\/smiley-5925767_640.png\"><img loading=\"lazy\" decoding=\"async\" class=\"size-medium wp-image-3954 alignright\" src=\"https:\/\/agora.xtec.cat\/iessentmenat\/wp-content\/uploads\/usu2420\/2025\/10\/smiley-5925767_640-300x300.png\" alt=\"\" width=\"300\" height=\"300\" srcset=\"https:\/\/agora.xtec.cat\/iessentmenat\/wp-content\/uploads\/usu2420\/2025\/10\/smiley-5925767_640-300x300.png 300w, https:\/\/agora.xtec.cat\/iessentmenat\/wp-content\/uploads\/usu2420\/2025\/10\/smiley-5925767_640-150x150.png 150w, https:\/\/agora.xtec.cat\/iessentmenat\/wp-content\/uploads\/usu2420\/2025\/10\/smiley-5925767_640.png 638w\" sizes=\"auto, (max-width: 300px) 100vw, 300px\" \/><\/a>Un any m\u00e9s l&#8217;AFA ens ofereix un servei de psicologia.<\/p>\n<p>La psic\u00f2loga vindr\u00e0 al nostre centre els dijous, i disposar\u00e0 d\u2019unes hores destinades a dur a terme els tallers d\u2019emocions amb l\u2019alumnat de 1r, 2n i 3r d\u2019ESO, aix\u00ed com d\u2019unes franges hor\u00e0ries per a l\u2019atenci\u00f3 individual.<\/p>\n<p>L\u2019atenci\u00f3 individual pot venir motivada per derivaci\u00f3 de l\u2019orientadora o b\u00e9 per sol\u00b7licitud volunt\u00e0ria de qualsevol alumne del centre. Per demanar cita, cal fer -ho a trav\u00e9s de l&#8217;enlla\u00e7 a l&#8217;agenda de la psic\u00f2loga que hi ha al Classroom de tutoria.<\/p>\n","protected":false},"excerpt":{"rendered":"<p><a href=\"https:\/\/agora.xtec.cat\/iessentmenat\/wp-content\/uploads\/usu2420\/2025\/10\/smiley-5925767_640.png\"><\/a>Un any m\u00e9s l&#8217;AFA ens ofereix un servei de psicologia.<br \/>\nLa psic\u00f2loga vindr\u00e0 al nostre centre els dijous, i disposar\u00e0 d\u2019unes hores destinades a dur a terme els tallers d\u2019emocions amb l\u2019alumnat de 1r, 2n i 3r d\u2019ESO, aix\u00ed com d\u2019unes franges hor\u00e0ries per a&hellip;  <a href=\"https:\/\/agora.xtec.cat\/iessentmenat\/serveis\/psicologa-afa\/\" title=\"Read Psic\u00f2loga AFA\">Llegeix m\u00e9s\u00bb<\/a><\/p>\n","protected":false},"author":1,"featured_media":0,"parent":63,"menu_order":50,"comment_status":"closed","ping_status":"closed","template":"page-templates\/side-menu.php","meta":{"_bbp_topic_count":0,"_bbp_reply_count":0,"_bbp_total_topic_count":0,"_bbp_total_reply_count":0,"_bbp_voice_count":0,"_bbp_anonymous_reply_count":0,"_bbp_topic_count_hidden":0,"_bbp_reply_count_hidden":0,"_bbp_forum_subforum_count":0,"footnotes":""},"class_list":["post-3948","page","type-page","status-publish","hentry"],"post_mailing_queue_ids":[],"_links":{"self":[{"href":"https:\/\/agora.xtec.cat\/iessentmenat\/wp-json\/wp\/v2\/pages\/3948","targetHints":{"allow":["GET"]}}],"collection":[{"href":"https:\/\/agora.xtec.cat\/iessentmenat\/wp-json\/wp\/v2\/pages"}],"about":[{"href":"https:\/\/agora.xtec.cat\/iessentmenat\/wp-json\/wp\/v2\/types\/page"}],"author":[{"embeddable":true,"href":"https:\/\/agora.xtec.cat\/iessentmenat\/wp-json\/wp\/v2\/users\/1"}],"replies":[{"embeddable":true,"href":"https:\/\/agora.xtec.cat\/iessentmenat\/wp-json\/wp\/v2\/comments?post=3948"}],"version-history":[{"count":2,"href":"https:\/\/agora.xtec.cat\/iessentmenat\/wp-json\/wp\/v2\/pages\/3948\/revisions"}],"predecessor-version":[{"id":3955,"href":"https:\/\/agora.xtec.cat\/iessentmenat\/wp-json\/wp\/v2\/pages\/3948\/revisions\/3955"}],"up":[{"embeddable":true,"href":"https:\/\/agora.xtec.cat\/iessentmenat\/wp-json\/wp\/v2\/pages\/63"}],"wp:attachment":[{"href":"https:\/\/agora.xtec.cat\/iessentmenat\/wp-json\/wp\/v2\/media?parent=3948"}],"curies":[{"name":"wp","href":"https:\/\/api.w.org\/{rel}","templated":true}]}}