{"id":39,"date":"2014-09-17T16:36:44","date_gmt":"2014-09-17T16:36:44","guid":{"rendered":"http:\/\/agora.xtec.cat\/iessentmenat\/?page_id=39"},"modified":"2021-02-20T11:29:25","modified_gmt":"2021-02-20T10:29:25","slug":"instal%c2%b7lacions","status":"publish","type":"page","link":"https:\/\/agora.xtec.cat\/iessentmenat\/linstitut\/instal%c2%b7lacions\/","title":{"rendered":"Instal\u00b7lacions"},"content":{"rendered":"<p>El nostre institut ocupa una de les naus de l&#8217;antiga f\u00e0brica T\u00e8xtil Bes\u00f2s.<\/p>\n<p>&nbsp;<\/p>\n<p>Pendent d&#8217;ampliaci\u00f3<\/p>\n","protected":false},"excerpt":{"rendered":"<p>El nostre institut ocupa una de les naus de l&#8217;antiga f\u00e0brica T\u00e8xtil Bes\u00f2s.<br \/>\n&nbsp;<br \/>\nPendent d&#8217;ampliaci\u00f3<\/p>\n","protected":false},"author":1,"featured_media":0,"parent":19,"menu_order":30,"comment_status":"closed","ping_status":"closed","template":"page-templates\/side-menu.php","meta":{"_bbp_topic_count":0,"_bbp_reply_count":0,"_bbp_total_topic_count":0,"_bbp_total_reply_count":0,"_bbp_voice_count":0,"_bbp_anonymous_reply_count":0,"_bbp_topic_count_hidden":0,"_bbp_reply_count_hidden":0,"_bbp_forum_subforum_count":0,"footnotes":""},"class_list":["post-39","page","type-page","status-publish","hentry"],"post_mailing_queue_ids":[],"_links":{"self":[{"href":"https:\/\/agora.xtec.cat\/iessentmenat\/wp-json\/wp\/v2\/pages\/39","targetHints":{"allow":["GET"]}}],"collection":[{"href":"https:\/\/agora.xtec.cat\/iessentmenat\/wp-json\/wp\/v2\/pages"}],"about":[{"href":"https:\/\/agora.xtec.cat\/iessentmenat\/wp-json\/wp\/v2\/types\/page"}],"author":[{"embeddable":true,"href":"https:\/\/agora.xtec.cat\/iessentmenat\/wp-json\/wp\/v2\/users\/1"}],"replies":[{"embeddable":true,"href":"https:\/\/agora.xtec.cat\/iessentmenat\/wp-json\/wp\/v2\/comments?post=39"}],"version-history":[{"count":2,"href":"https:\/\/agora.xtec.cat\/iessentmenat\/wp-json\/wp\/v2\/pages\/39\/revisions"}],"predecessor-version":[{"id":629,"href":"https:\/\/agora.xtec.cat\/iessentmenat\/wp-json\/wp\/v2\/pages\/39\/revisions\/629"}],"up":[{"embeddable":true,"href":"https:\/\/agora.xtec.cat\/iessentmenat\/wp-json\/wp\/v2\/pages\/19"}],"wp:attachment":[{"href":"https:\/\/agora.xtec.cat\/iessentmenat\/wp-json\/wp\/v2\/media?parent=39"}],"curies":[{"name":"wp","href":"https:\/\/api.w.org\/{rel}","templated":true}]}}