{"id":27,"date":"2014-09-17T16:24:03","date_gmt":"2014-09-17T16:24:03","guid":{"rendered":"http:\/\/agora.xtec.cat\/iessentmenat\/?page_id=27"},"modified":"2026-05-03T22:29:07","modified_gmt":"2026-05-03T20:29:07","slug":"historia","status":"publish","type":"page","link":"https:\/\/agora.xtec.cat\/iessentmenat\/linstitut\/historia\/","title":{"rendered":"Hist\u00f2ria"},"content":{"rendered":"<p>L&#8217;institut va ser creat l&#8217;any 1996 amb dues l\u00ednies de 1r i 3r d&#8217;ESO compartint instal\u00b7lacions amb l&#8217;escola Can Sorts.<\/p>\n<p><img loading=\"lazy\" decoding=\"async\" class=\"alignnone size-medium wp-image-1048\" src=\"https:\/\/agora.xtec.cat\/iessentmenat\/wp-content\/uploads\/usu2420\/2021\/03\/img008-300x220.jpg\" alt=\"\" width=\"300\" height=\"220\" srcset=\"https:\/\/agora.xtec.cat\/iessentmenat\/wp-content\/uploads\/usu2420\/2021\/03\/img008-300x220.jpg 300w, https:\/\/agora.xtec.cat\/iessentmenat\/wp-content\/uploads\/usu2420\/2021\/03\/img008-768x564.jpg 768w, https:\/\/agora.xtec.cat\/iessentmenat\/wp-content\/uploads\/usu2420\/2021\/03\/img008-1024x752.jpg 1024w, https:\/\/agora.xtec.cat\/iessentmenat\/wp-content\/uploads\/usu2420\/2021\/03\/img008.jpg 2018w\" sizes=\"auto, (max-width: 300px) 100vw, 300px\" \/><br \/>\n<em>L&#8217;equip que va posar en marxa l&#8217;institut.<\/em><\/p>\n<p>Els primers anys vam anar ampliant cursos fins a completar tota la ESO i el Batxillerat. Com que els grups eren cada cop m\u00e9s nombrosos, aviat es va fer necessari un espai propi, per\u00f2 no va ser f\u00e0cil aconseguir-ho. Van caldre moltes reivindicacions fins que finalment es va aprovar la construcci\u00f3 del nou institut.<\/p>\n<p><img loading=\"lazy\" decoding=\"async\" class=\"alignnone size-medium wp-image-1049\" src=\"https:\/\/agora.xtec.cat\/iessentmenat\/wp-content\/uploads\/usu2420\/2021\/03\/J-300x199.jpg\" alt=\"\" width=\"300\" height=\"199\" srcset=\"https:\/\/agora.xtec.cat\/iessentmenat\/wp-content\/uploads\/usu2420\/2021\/03\/J-300x199.jpg 300w, https:\/\/agora.xtec.cat\/iessentmenat\/wp-content\/uploads\/usu2420\/2021\/03\/J-768x510.jpg 768w, https:\/\/agora.xtec.cat\/iessentmenat\/wp-content\/uploads\/usu2420\/2021\/03\/J-1024x681.jpg 1024w, https:\/\/agora.xtec.cat\/iessentmenat\/wp-content\/uploads\/usu2420\/2021\/03\/J.jpg 1181w\" sizes=\"auto, (max-width: 300px) 100vw, 300px\" \/><br \/>\n<em>Torneig d&#8217;escacs reivindicatiu a la pla\u00e7a de l&#8217;ajuntament<\/em><\/p>\n<p>Per al nou institut es va optar per rehabilitar l&#8217;antiga f\u00e0brica T\u00e8xtil Bes\u00f2s, els velluts, tot un s\u00edmbol del poble.<img loading=\"lazy\" decoding=\"async\" class=\"alignnone size-medium wp-image-1051\" src=\"https:\/\/agora.xtec.cat\/iessentmenat\/wp-content\/uploads\/usu2420\/2021\/03\/velluts-antic1-300x193.jpg\" alt=\"\" width=\"300\" height=\"193\" srcset=\"https:\/\/agora.xtec.cat\/iessentmenat\/wp-content\/uploads\/usu2420\/2021\/03\/velluts-antic1-300x193.jpg 300w, https:\/\/agora.xtec.cat\/iessentmenat\/wp-content\/uploads\/usu2420\/2021\/03\/velluts-antic1-768x495.jpg 768w, https:\/\/agora.xtec.cat\/iessentmenat\/wp-content\/uploads\/usu2420\/2021\/03\/velluts-antic1-1024x659.jpg 1024w, https:\/\/agora.xtec.cat\/iessentmenat\/wp-content\/uploads\/usu2420\/2021\/03\/velluts-antic1.jpg 1657w\" sizes=\"auto, (max-width: 300px) 100vw, 300px\" \/> <img loading=\"lazy\" decoding=\"async\" class=\"alignnone size-medium wp-image-1052\" src=\"https:\/\/agora.xtec.cat\/iessentmenat\/wp-content\/uploads\/usu2420\/2021\/03\/100_2513-300x225.jpg\" alt=\"\" width=\"300\" height=\"225\" srcset=\"https:\/\/agora.xtec.cat\/iessentmenat\/wp-content\/uploads\/usu2420\/2021\/03\/100_2513-300x225.jpg 300w, https:\/\/agora.xtec.cat\/iessentmenat\/wp-content\/uploads\/usu2420\/2021\/03\/100_2513-768x576.jpg 768w, https:\/\/agora.xtec.cat\/iessentmenat\/wp-content\/uploads\/usu2420\/2021\/03\/100_2513-1024x768.jpg 1024w, https:\/\/agora.xtec.cat\/iessentmenat\/wp-content\/uploads\/usu2420\/2021\/03\/100_2513-200x150.jpg 200w, https:\/\/agora.xtec.cat\/iessentmenat\/wp-content\/uploads\/usu2420\/2021\/03\/100_2513.jpg 1656w\" sizes=\"auto, (max-width: 300px) 100vw, 300px\" \/> <img loading=\"lazy\" decoding=\"async\" class=\"alignnone size-medium wp-image-1053\" src=\"https:\/\/agora.xtec.cat\/iessentmenat\/wp-content\/uploads\/usu2420\/2021\/03\/100_2518-300x225.jpg\" alt=\"\" width=\"300\" height=\"225\" srcset=\"https:\/\/agora.xtec.cat\/iessentmenat\/wp-content\/uploads\/usu2420\/2021\/03\/100_2518-300x225.jpg 300w, https:\/\/agora.xtec.cat\/iessentmenat\/wp-content\/uploads\/usu2420\/2021\/03\/100_2518-768x576.jpg 768w, https:\/\/agora.xtec.cat\/iessentmenat\/wp-content\/uploads\/usu2420\/2021\/03\/100_2518-1024x768.jpg 1024w, https:\/\/agora.xtec.cat\/iessentmenat\/wp-content\/uploads\/usu2420\/2021\/03\/100_2518-200x150.jpg 200w, https:\/\/agora.xtec.cat\/iessentmenat\/wp-content\/uploads\/usu2420\/2021\/03\/100_2518.jpg 1656w\" sizes=\"auto, (max-width: 300px) 100vw, 300px\" \/><br \/>\n<em>Imatges de les obres de rehabilitaci\u00f3 i construcci\u00f3 del nou institut.<\/em><\/p>\n<p>L&#8217;any 2006, coincidint amb el 10\u00e8 aniversari de l&#8217;institut, vam inaugurar les instal\u00b7lacions actuals.<\/p>\n<p><img loading=\"lazy\" decoding=\"async\" class=\"size-medium wp-image-1050\" src=\"https:\/\/agora.xtec.cat\/iessentmenat\/wp-content\/uploads\/usu2420\/2021\/03\/P2233546-300x225.jpg\" alt=\"\" width=\"300\" height=\"225\" srcset=\"https:\/\/agora.xtec.cat\/iessentmenat\/wp-content\/uploads\/usu2420\/2021\/03\/P2233546-300x225.jpg 300w, https:\/\/agora.xtec.cat\/iessentmenat\/wp-content\/uploads\/usu2420\/2021\/03\/P2233546-768x576.jpg 768w, https:\/\/agora.xtec.cat\/iessentmenat\/wp-content\/uploads\/usu2420\/2021\/03\/P2233546-1024x768.jpg 1024w, https:\/\/agora.xtec.cat\/iessentmenat\/wp-content\/uploads\/usu2420\/2021\/03\/P2233546-200x150.jpg 200w\" sizes=\"auto, (max-width: 300px) 100vw, 300px\" \/><br \/>\n<em>El conseller Maragall, tallant la cinta inaugural<\/em><\/p>\n<p>Per recordar-nos el passat industrial de l&#8217;edifici, encara s&#8217;hi poden veure les columnes de ferro forjat i un teler.<\/p>\n<p><a href=\"https:\/\/agora.xtec.cat\/iessentmenat\/wp-content\/uploads\/usu2420\/2021\/03\/teler.jpg\">\u00a0 <\/a><a href=\"https:\/\/agora.xtec.cat\/iessentmenat\/wp-content\/uploads\/usu2420\/2021\/03\/biga-forjada-e1615200535527.jpg\"><img loading=\"lazy\" decoding=\"async\" class=\"alignnone wp-image-886 size-medium\" src=\"https:\/\/agora.xtec.cat\/iessentmenat\/wp-content\/uploads\/usu2420\/2021\/03\/biga-forjada-e1615200314566-300x291.jpg\" alt=\"\" width=\"300\" height=\"291\" \/><\/a> <a href=\"https:\/\/agora.xtec.cat\/iessentmenat\/wp-content\/uploads\/usu2420\/2021\/03\/teler-e1615200505524.jpg\"><img loading=\"lazy\" decoding=\"async\" class=\"alignnone wp-image-866 size-medium\" src=\"https:\/\/agora.xtec.cat\/iessentmenat\/wp-content\/uploads\/usu2420\/2021\/03\/teler-300x208.jpg\" alt=\"\" width=\"300\" height=\"208\" \/><\/a><\/p>\n","protected":false},"excerpt":{"rendered":"<p>L&#8217;institut va ser creat l&#8217;any 1996 amb dues l\u00ednies de 1r i 3r d&#8217;ESO compartint instal\u00b7lacions amb l&#8217;escola Can Sorts.<\/p>\n<p>L&#8217;equip que va posar en marxa l&#8217;institut.<br \/>\nEls primers anys vam anar ampliant cursos fins a completar tota la ESO i el Batxillerat. Com que els grups&hellip;  <a href=\"https:\/\/agora.xtec.cat\/iessentmenat\/linstitut\/historia\/\" title=\"Read Hist\u00f2ria\">Llegeix m\u00e9s\u00bb<\/a><\/p>\n","protected":false},"author":1,"featured_media":0,"parent":19,"menu_order":20,"comment_status":"closed","ping_status":"closed","template":"page-templates\/side-menu.php","meta":{"_bbp_topic_count":0,"_bbp_reply_count":0,"_bbp_total_topic_count":0,"_bbp_total_reply_count":0,"_bbp_voice_count":0,"_bbp_anonymous_reply_count":0,"_bbp_topic_count_hidden":0,"_bbp_reply_count_hidden":0,"_bbp_forum_subforum_count":0,"footnotes":""},"class_list":["post-27","page","type-page","status-publish","hentry"],"post_mailing_queue_ids":[],"_links":{"self":[{"href":"https:\/\/agora.xtec.cat\/iessentmenat\/wp-json\/wp\/v2\/pages\/27","targetHints":{"allow":["GET"]}}],"collection":[{"href":"https:\/\/agora.xtec.cat\/iessentmenat\/wp-json\/wp\/v2\/pages"}],"about":[{"href":"https:\/\/agora.xtec.cat\/iessentmenat\/wp-json\/wp\/v2\/types\/page"}],"author":[{"embeddable":true,"href":"https:\/\/agora.xtec.cat\/iessentmenat\/wp-json\/wp\/v2\/users\/1"}],"replies":[{"embeddable":true,"href":"https:\/\/agora.xtec.cat\/iessentmenat\/wp-json\/wp\/v2\/comments?post=27"}],"version-history":[{"count":6,"href":"https:\/\/agora.xtec.cat\/iessentmenat\/wp-json\/wp\/v2\/pages\/27\/revisions"}],"predecessor-version":[{"id":4549,"href":"https:\/\/agora.xtec.cat\/iessentmenat\/wp-json\/wp\/v2\/pages\/27\/revisions\/4549"}],"up":[{"embeddable":true,"href":"https:\/\/agora.xtec.cat\/iessentmenat\/wp-json\/wp\/v2\/pages\/19"}],"wp:attachment":[{"href":"https:\/\/agora.xtec.cat\/iessentmenat\/wp-json\/wp\/v2\/media?parent=27"}],"curies":[{"name":"wp","href":"https:\/\/api.w.org\/{rel}","templated":true}]}}