{"id":2294,"date":"2023-07-17T14:32:18","date_gmt":"2023-07-17T12:32:18","guid":{"rendered":"https:\/\/agora.xtec.cat\/iessentmenat\/?page_id=2294"},"modified":"2025-07-02T12:41:23","modified_gmt":"2025-07-02T10:41:23","slug":"llibres-projecte-obert","status":"publish","type":"page","link":"https:\/\/agora.xtec.cat\/iessentmenat\/secretaria\/llibres-de-text\/llibres-projecte-obert\/","title":{"rendered":"Llibres Projecte \u00c0mbit"},"content":{"rendered":"<p><a href=\"https:\/\/agora.xtec.cat\/iessentmenat\/docs\/llibres-curs-25-26\/?bp-attachment=LLLIBRES-AMBIT-_-25-26.docx.pdf\">LListat de llibres per imprimir<\/a><\/p>\n<p>2n any de perman\u00e8ncia<\/p>\n<p><strong>1r ESO<\/strong><\/p>\n<table style=\"width: 91.2817%; height: 594px;\">\n<tbody>\n<tr style=\"height: 97px;\">\n<td style=\"height: 97px;\"><b>Adaptaci\u00f3<\/b><\/p>\n<p><b>LLIBRES 1r d\u2019ESO <\/b><b>2025-26<\/b><\/td>\n<td style=\"height: 97px;\"><b>T\u00cdTOL<\/b><\/td>\n<td style=\"height: 97px;\"><b>ISBN<\/b><\/td>\n<td style=\"height: 97px;\"><b>EDITORIAL<\/b><\/td>\n<\/tr>\n<tr style=\"height: 112px;\">\n<td style=\"height: 209px;\" rowspan=\"2\">Llengua catalana<\/p>\n<p>Lectures Llengua catalana<\/td>\n<td style=\"height: 112px;\"><i>Llegint. Propostes de comprensi\u00f3 lectora. <\/i>Nivell vermell<\/p>\n<p><i>Quadern d\u2019ortografia vermell<\/i>. Ortogrup<\/td>\n<td style=\"height: 112px;\">9788441236028<\/p>\n<p>9788441222465<\/td>\n<td style=\"height: 112px;\">Text<\/p>\n<p>Text<\/td>\n<\/tr>\n<tr style=\"height: 97px;\">\n<td style=\"height: 97px;\">\n<ul>\n<li aria-level=\"1\">Vint-i-set dinosaures, Teresa Mu\u00f1oz<\/li>\n<li aria-level=\"1\"><i>La Ventafocs (potser s\u00ed, potser no)<\/i>, Josep Maria Benet i Jornet<\/li>\n<\/ul>\n<\/td>\n<td style=\"height: 97px;\">9788413891781<\/p>\n<p>9788484377566<\/td>\n<td style=\"height: 97px;\">Estrella Polar<\/p>\n<p>Proa<\/td>\n<\/tr>\n<tr style=\"height: 128px;\">\n<td style=\"height: 128px;\">Llengua castellana<\/p>\n<p>Lectures Llengua castellana<\/td>\n<td style=\"height: 128px;\">Lectia 1. Cuaderno de comprensi\u00f3n lectora<\/p>\n<ul>\n<li aria-level=\"1\">El joven Poe, Cuca Canals<\/li>\n<\/ul>\n<\/td>\n<td style=\"height: 128px;\">978-84-1193-656-9<\/p>\n<p>9788468341088<\/td>\n<td style=\"height: 128px;\">Vicens Vives<\/p>\n<p>Edeb\u00e9<\/td>\n<\/tr>\n<tr style=\"height: 57px;\">\n<td style=\"height: 57px;\">Ci\u00e8ncies Socials<\/td>\n<td style=\"height: 57px;\">Apr\u00e8n i Practica. Geografia i Hist\u00f2ria.1r ESO L\u2019essencial.<\/td>\n<td style=\"height: 57px;\">9788411299527<\/td>\n<td style=\"height: 57px;\">Santillana<\/td>\n<\/tr>\n<tr style=\"height: 103px;\">\n<td style=\"height: 103px;\">APORTACI\u00d3 FAM\u00cdLIES<\/td>\n<td style=\"height: 103px;\" colspan=\"3\">\n<ul>\n<li aria-level=\"1\">Material d\u2019\u00fas col\u00b7lectiu: <b>60\u20ac<\/b><\/li>\n<li aria-level=\"1\">Material d\u2019\u00fas espec\u00edfic \u00e0mbit cient\u00edfic: <b>25\u20ac <\/b>(Llic\u00e8ncia Science Bits)<\/li>\n<li aria-level=\"1\">Material d\u2019\u00fas espec\u00edfic \u00e0mbit matem\u00e0tic: <b>39\u20ac<\/b> (Llic\u00e8ncia Innovamat)<\/li>\n<\/ul>\n<\/td>\n<\/tr>\n<\/tbody>\n<\/table>\n<p><strong>2n ESO<\/strong><\/p>\n<p><a href=\"https:\/\/agora.xtec.cat\/iessentmenat\/wp-content\/uploads\/usu2420\/2025\/07\/ambit-2-1.jpg\"><img loading=\"lazy\" decoding=\"async\" class=\"alignnone size-full wp-image-3862\" src=\"https:\/\/agora.xtec.cat\/iessentmenat\/wp-content\/uploads\/usu2420\/2025\/07\/ambit-2-1.jpg\" alt=\"\" width=\"937\" height=\"669\" srcset=\"https:\/\/agora.xtec.cat\/iessentmenat\/wp-content\/uploads\/usu2420\/2025\/07\/ambit-2-1.jpg 937w, https:\/\/agora.xtec.cat\/iessentmenat\/wp-content\/uploads\/usu2420\/2025\/07\/ambit-2-1-300x214.jpg 300w, https:\/\/agora.xtec.cat\/iessentmenat\/wp-content\/uploads\/usu2420\/2025\/07\/ambit-2-1-768x548.jpg 768w\" sizes=\"auto, (max-width: 937px) 100vw, 937px\" \/><\/a><\/p>\n<p><strong>3r ESO<\/strong><\/p>\n<p><a href=\"https:\/\/agora.xtec.cat\/iessentmenat\/wp-content\/uploads\/usu2420\/2025\/07\/ambits3.jpg\"><img loading=\"lazy\" decoding=\"async\" class=\"alignnone size-full wp-image-3863\" src=\"https:\/\/agora.xtec.cat\/iessentmenat\/wp-content\/uploads\/usu2420\/2025\/07\/ambits3.jpg\" alt=\"\" width=\"937\" height=\"544\" srcset=\"https:\/\/agora.xtec.cat\/iessentmenat\/wp-content\/uploads\/usu2420\/2025\/07\/ambits3.jpg 937w, https:\/\/agora.xtec.cat\/iessentmenat\/wp-content\/uploads\/usu2420\/2025\/07\/ambits3-300x174.jpg 300w, https:\/\/agora.xtec.cat\/iessentmenat\/wp-content\/uploads\/usu2420\/2025\/07\/ambits3-768x446.jpg 768w\" sizes=\"auto, (max-width: 937px) 100vw, 937px\" \/><\/a><\/p>\n<p><strong>4t ESO<\/strong><\/p>\n<p><a href=\"https:\/\/agora.xtec.cat\/iessentmenat\/wp-content\/uploads\/usu2420\/2025\/07\/ambits4.jpg\"><img loading=\"lazy\" decoding=\"async\" class=\"alignnone size-full wp-image-3864\" src=\"https:\/\/agora.xtec.cat\/iessentmenat\/wp-content\/uploads\/usu2420\/2025\/07\/ambits4.jpg\" alt=\"\" width=\"912\" height=\"526\" srcset=\"https:\/\/agora.xtec.cat\/iessentmenat\/wp-content\/uploads\/usu2420\/2025\/07\/ambits4.jpg 912w, https:\/\/agora.xtec.cat\/iessentmenat\/wp-content\/uploads\/usu2420\/2025\/07\/ambits4-300x173.jpg 300w, https:\/\/agora.xtec.cat\/iessentmenat\/wp-content\/uploads\/usu2420\/2025\/07\/ambits4-768x443.jpg 768w\" sizes=\"auto, (max-width: 912px) 100vw, 912px\" \/><\/a><\/p>\n","protected":false},"excerpt":{"rendered":"<p><a href=\"https:\/\/agora.xtec.cat\/iessentmenat\/docs\/llibres-curs-25-26\/?bp-attachment=LLLIBRES-AMBIT-_-25-26.docx.pdf\">LListat de llibres per imprimir<\/a><br \/>\n2n any de perman\u00e8ncia<br \/>\n1r ESO<\/p>\n<p>Adaptaci\u00f3<br \/>\nLLIBRES 1r d\u2019ESO 2025-26<br \/>\nT\u00cdTOL<br \/>\nISBN<br \/>\nEDITORIAL<\/p>\n<p>Llengua catalana<br \/>\nLectures Llengua catalana<br \/>\nLlegint. Propostes de comprensi\u00f3 lectora. Nivell vermell<br \/>\nQuadern d\u2019ortografia vermell. Ortogrup<br \/>\n9788441236028<br \/>\n9788441222465<br \/>\nText<br \/>\nText<\/p>\n<ul>\n<li aria-level=\"1\">Vint-i-set dinosaures, Teresa Mu\u00f1oz<\/li>\n<li aria-level=\"1\">La Ventafocs (potser s\u00ed, potser no), Josep Maria Benet i Jornet<\/li>\n<\/ul>\n<p>9788413891781<br \/>\n9788484377566<br \/>\nEstrella Polar<br \/>\nProa<\/p>\n<p>Llengua castellana<br \/>\nLectures Llengua castellana<br \/>\nLectia 1.&hellip;  <a href=\"https:\/\/agora.xtec.cat\/iessentmenat\/secretaria\/llibres-de-text\/llibres-projecte-obert\/\" title=\"Read Llibres Projecte \u00c0mbit\">Llegeix m\u00e9s\u00bb<\/a><\/p>\n","protected":false},"author":1,"featured_media":0,"parent":560,"menu_order":20,"comment_status":"closed","ping_status":"closed","template":"page-templates\/side-menu.php","meta":{"_bbp_topic_count":0,"_bbp_reply_count":0,"_bbp_total_topic_count":0,"_bbp_total_reply_count":0,"_bbp_voice_count":0,"_bbp_anonymous_reply_count":0,"_bbp_topic_count_hidden":0,"_bbp_reply_count_hidden":0,"_bbp_forum_subforum_count":0,"footnotes":""},"class_list":["post-2294","page","type-page","status-publish","hentry"],"post_mailing_queue_ids":[],"_links":{"self":[{"href":"https:\/\/agora.xtec.cat\/iessentmenat\/wp-json\/wp\/v2\/pages\/2294","targetHints":{"allow":["GET"]}}],"collection":[{"href":"https:\/\/agora.xtec.cat\/iessentmenat\/wp-json\/wp\/v2\/pages"}],"about":[{"href":"https:\/\/agora.xtec.cat\/iessentmenat\/wp-json\/wp\/v2\/types\/page"}],"author":[{"embeddable":true,"href":"https:\/\/agora.xtec.cat\/iessentmenat\/wp-json\/wp\/v2\/users\/1"}],"replies":[{"embeddable":true,"href":"https:\/\/agora.xtec.cat\/iessentmenat\/wp-json\/wp\/v2\/comments?post=2294"}],"version-history":[{"count":6,"href":"https:\/\/agora.xtec.cat\/iessentmenat\/wp-json\/wp\/v2\/pages\/2294\/revisions"}],"predecessor-version":[{"id":3866,"href":"https:\/\/agora.xtec.cat\/iessentmenat\/wp-json\/wp\/v2\/pages\/2294\/revisions\/3866"}],"up":[{"embeddable":true,"href":"https:\/\/agora.xtec.cat\/iessentmenat\/wp-json\/wp\/v2\/pages\/560"}],"wp:attachment":[{"href":"https:\/\/agora.xtec.cat\/iessentmenat\/wp-json\/wp\/v2\/media?parent=2294"}],"curies":[{"name":"wp","href":"https:\/\/api.w.org\/{rel}","templated":true}]}}