{"id":7420,"date":"2025-11-13T09:47:30","date_gmt":"2025-11-13T08:47:30","guid":{"rendered":"https:\/\/agora.xtec.cat\/iessantramon\/?page_id=7420"},"modified":"2025-11-17T13:32:45","modified_gmt":"2025-11-17T12:32:45","slug":"programa-salut-i-escola","status":"publish","type":"page","link":"https:\/\/agora.xtec.cat\/iessantramon\/documents-de-centre\/programa-salut-i-escola\/","title":{"rendered":"Programa salut i escola"},"content":{"rendered":"<p>A l&#8217;apartat &#8220;documents de centre&#8221; hi podeu trobar informaci\u00f3 sobre el programa de salut i escola.<\/p>\n<p>El programa Salut i Escola (PSiE) impulsat pel Departament d&#8217;Educaci\u00f3 i pel Departament de Salut, t\u00e9 la finalitat de millorar la salut dels<br \/>\nadolescents mitjan\u00e7ant accions que promocionen h\u00e0bits saludables, prevenen situacions de risc, i ajuden a detectar preco\u00e7ment problemes<br \/>\nrelacionats amb la salut.<\/p>\n<p>Des de l\u2019Institut Sant Ramon, pretenem ajudar en la formaci\u00f3 del nostre alumnat (ESO, Batxillerat i Cicles) i de totes les persones que treballen\u00a0 al centre en q\u00fcestions de salut estrictament assolibles dins el nostre \u00e0mbit, sense fer actuacions de salut que no ens pertoquen, tenint en compte que som un centre d\u2019ensenyament.<\/p>\n<p>Les actuacions de salut que des del centre duem a terme les desenvolupem, principalment, a trav\u00e9s de les sessions tutorials, i, tamb\u00e9, de<br \/>\ndeterminades assignatures.<\/p>\n<p>&nbsp;<\/p>\n","protected":false},"excerpt":{"rendered":"<p>A l&#8217;apartat &#8220;documents de centre&#8221; hi podeu trobar informaci\u00f3 sobre el programa de salut i escola. El programa Salut i Escola (PSiE) impulsat pel Departament d&#8217;Educaci\u00f3 i pel Departament de Salut, t\u00e9 la finalitat de millorar la salut dels adolescents mitjan\u00e7ant accions que promocionen h\u00e0bits saludables, prevenen situacions de risc, i ajuden a detectar preco\u00e7ment [&hellip;]<\/p>\n","protected":false},"author":1,"featured_media":0,"parent":5070,"menu_order":0,"comment_status":"closed","ping_status":"closed","template":"","meta":{"_bbp_topic_count":0,"_bbp_reply_count":0,"_bbp_total_topic_count":0,"_bbp_total_reply_count":0,"_bbp_voice_count":0,"_bbp_anonymous_reply_count":0,"_bbp_topic_count_hidden":0,"_bbp_reply_count_hidden":0,"_bbp_forum_subforum_count":0,"site-sidebar-layout":"default","site-content-layout":"","ast-site-content-layout":"default","site-content-style":"default","site-sidebar-style":"default","ast-global-header-display":"","ast-banner-title-visibility":"","ast-main-header-display":"","ast-hfb-above-header-display":"","ast-hfb-below-header-display":"","ast-hfb-mobile-header-display":"","site-post-title":"","ast-breadcrumbs-content":"","ast-featured-img":"","footer-sml-layout":"","theme-transparent-header-meta":"default","adv-header-id-meta":"","stick-header-meta":"","header-above-stick-meta":"","header-main-stick-meta":"","header-below-stick-meta":"","astra-migrate-meta-layouts":"set","ast-page-background-enabled":"default","ast-page-background-meta":{"desktop":{"background-color":"var(--ast-global-color-4)","background-image":"","background-repeat":"repeat","background-position":"center center","background-size":"auto","background-attachment":"scroll","background-type":"","background-media":"","overlay-type":"","overlay-color":"","overlay-opacity":"","overlay-gradient":""},"tablet":{"background-color":"","background-image":"","background-repeat":"repeat","background-position":"center center","background-size":"auto","background-attachment":"scroll","background-type":"","background-media":"","overlay-type":"","overlay-color":"","overlay-opacity":"","overlay-gradient":""},"mobile":{"background-color":"","background-image":"","background-repeat":"repeat","background-position":"center center","background-size":"auto","background-attachment":"scroll","background-type":"","background-media":"","overlay-type":"","overlay-color":"","overlay-opacity":"","overlay-gradient":""}},"ast-content-background-meta":{"desktop":{"background-color":"var(--ast-global-color-5)","background-image":"","background-repeat":"repeat","background-position":"center center","background-size":"auto","background-attachment":"scroll","background-type":"","background-media":"","overlay-type":"","overlay-color":"","overlay-opacity":"","overlay-gradient":""},"tablet":{"background-color":"var(--ast-global-color-5)","background-image":"","background-repeat":"repeat","background-position":"center center","background-size":"auto","background-attachment":"scroll","background-type":"","background-media":"","overlay-type":"","overlay-color":"","overlay-opacity":"","overlay-gradient":""},"mobile":{"background-color":"var(--ast-global-color-5)","background-image":"","background-repeat":"repeat","background-position":"center center","background-size":"auto","background-attachment":"scroll","background-type":"","background-media":"","overlay-type":"","overlay-color":"","overlay-opacity":"","overlay-gradient":""}},"footnotes":""},"class_list":["post-7420","page","type-page","status-publish","hentry"],"post_mailing_queue_ids":[],"_links":{"self":[{"href":"https:\/\/agora.xtec.cat\/iessantramon\/wp-json\/wp\/v2\/pages\/7420","targetHints":{"allow":["GET"]}}],"collection":[{"href":"https:\/\/agora.xtec.cat\/iessantramon\/wp-json\/wp\/v2\/pages"}],"about":[{"href":"https:\/\/agora.xtec.cat\/iessantramon\/wp-json\/wp\/v2\/types\/page"}],"author":[{"embeddable":true,"href":"https:\/\/agora.xtec.cat\/iessantramon\/wp-json\/wp\/v2\/users\/1"}],"replies":[{"embeddable":true,"href":"https:\/\/agora.xtec.cat\/iessantramon\/wp-json\/wp\/v2\/comments?post=7420"}],"version-history":[{"count":2,"href":"https:\/\/agora.xtec.cat\/iessantramon\/wp-json\/wp\/v2\/pages\/7420\/revisions"}],"predecessor-version":[{"id":7435,"href":"https:\/\/agora.xtec.cat\/iessantramon\/wp-json\/wp\/v2\/pages\/7420\/revisions\/7435"}],"up":[{"embeddable":true,"href":"https:\/\/agora.xtec.cat\/iessantramon\/wp-json\/wp\/v2\/pages\/5070"}],"wp:attachment":[{"href":"https:\/\/agora.xtec.cat\/iessantramon\/wp-json\/wp\/v2\/media?parent=7420"}],"curies":[{"name":"wp","href":"https:\/\/api.w.org\/{rel}","templated":true}]}}