{"id":7406,"date":"2025-11-11T13:05:22","date_gmt":"2025-11-11T12:05:22","guid":{"rendered":"https:\/\/agora.xtec.cat\/iessantramon\/?page_id=7406"},"modified":"2025-11-13T14:20:44","modified_gmt":"2025-11-13T13:20:44","slug":"videovigilancia","status":"publish","type":"page","link":"https:\/\/agora.xtec.cat\/iessantramon\/videovigilancia\/","title":{"rendered":"Videovigil\u00e0ncia"},"content":{"rendered":"<p style=\"text-align: justify;\">Us informem que, segons la instrucci\u00f3 1\/2009 de 10 de febrer sobre el tractament de dades de car\u00e0cter personal mitjan\u00e7ant c\u00e0meres amb fins de videovigil\u00e0ncia (DOGC n\u00fam. 5322 de 19 de febrer de 2009), el centre disposa de c\u00e0meres de videovigil\u00e0ncia per tal de garantir la seguretat dels b\u00e9ns i les persones que accedeixen f\u00edsicament a les depend\u00e8ncies del centre. L\u2019enregistrament de les imatges s\u00f3n susceptibles de consulta per la direcci\u00f3 del centre en casos de possibles incompliments de la normativa. Aquestes imatges es conservaran un termini de m\u00e0xim d\u2019un mes i no es faran p\u00fabliques en cap moment.<\/p>\n<p style=\"text-align: justify;\">Les persones que accedeixen f\u00edsicament a les depend\u00e8ncies del centre poden exercir el dret d\u2019acc\u00e9s, rectificaci\u00f3, supressi\u00f3, oposici\u00f3 i limitaci\u00f3 del tractament de dades. La resta d\u2019informaci\u00f3 sobre el tractament de dades per videovigil\u00e0ncia les podeu consultar a l\u2019apartat Departament\/Protecci\u00f3 de dades del web del Departament d\u2019Educaci\u00f3.<\/p>\n","protected":false},"excerpt":{"rendered":"<p>Us informem que, segons la instrucci\u00f3 1\/2009 de 10 de febrer sobre el tractament de dades de car\u00e0cter personal mitjan\u00e7ant c\u00e0meres amb fins de videovigil\u00e0ncia (DOGC n\u00fam. 5322 de 19 de febrer de 2009), el centre disposa de c\u00e0meres de videovigil\u00e0ncia per tal de garantir la seguretat dels b\u00e9ns i les persones que accedeixen f\u00edsicament [&hellip;]<\/p>\n","protected":false},"author":1,"featured_media":0,"parent":0,"menu_order":0,"comment_status":"closed","ping_status":"closed","template":"","meta":{"_bbp_topic_count":0,"_bbp_reply_count":0,"_bbp_total_topic_count":0,"_bbp_total_reply_count":0,"_bbp_voice_count":0,"_bbp_anonymous_reply_count":0,"_bbp_topic_count_hidden":0,"_bbp_reply_count_hidden":0,"_bbp_forum_subforum_count":0,"site-sidebar-layout":"default","site-content-layout":"","ast-site-content-layout":"default","site-content-style":"default","site-sidebar-style":"default","ast-global-header-display":"","ast-banner-title-visibility":"","ast-main-header-display":"","ast-hfb-above-header-display":"","ast-hfb-below-header-display":"","ast-hfb-mobile-header-display":"","site-post-title":"","ast-breadcrumbs-content":"","ast-featured-img":"","footer-sml-layout":"","theme-transparent-header-meta":"default","adv-header-id-meta":"","stick-header-meta":"","header-above-stick-meta":"","header-main-stick-meta":"","header-below-stick-meta":"","astra-migrate-meta-layouts":"set","ast-page-background-enabled":"default","ast-page-background-meta":{"desktop":{"background-color":"var(--ast-global-color-4)","background-image":"","background-repeat":"repeat","background-position":"center center","background-size":"auto","background-attachment":"scroll","background-type":"","background-media":"","overlay-type":"","overlay-color":"","overlay-opacity":"","overlay-gradient":""},"tablet":{"background-color":"","background-image":"","background-repeat":"repeat","background-position":"center center","background-size":"auto","background-attachment":"scroll","background-type":"","background-media":"","overlay-type":"","overlay-color":"","overlay-opacity":"","overlay-gradient":""},"mobile":{"background-color":"","background-image":"","background-repeat":"repeat","background-position":"center center","background-size":"auto","background-attachment":"scroll","background-type":"","background-media":"","overlay-type":"","overlay-color":"","overlay-opacity":"","overlay-gradient":""}},"ast-content-background-meta":{"desktop":{"background-color":"var(--ast-global-color-5)","background-image":"","background-repeat":"repeat","background-position":"center center","background-size":"auto","background-attachment":"scroll","background-type":"","background-media":"","overlay-type":"","overlay-color":"","overlay-opacity":"","overlay-gradient":""},"tablet":{"background-color":"var(--ast-global-color-5)","background-image":"","background-repeat":"repeat","background-position":"center center","background-size":"auto","background-attachment":"scroll","background-type":"","background-media":"","overlay-type":"","overlay-color":"","overlay-opacity":"","overlay-gradient":""},"mobile":{"background-color":"var(--ast-global-color-5)","background-image":"","background-repeat":"repeat","background-position":"center center","background-size":"auto","background-attachment":"scroll","background-type":"","background-media":"","overlay-type":"","overlay-color":"","overlay-opacity":"","overlay-gradient":""}},"footnotes":""},"class_list":["post-7406","page","type-page","status-publish","hentry"],"post_mailing_queue_ids":[],"_links":{"self":[{"href":"https:\/\/agora.xtec.cat\/iessantramon\/wp-json\/wp\/v2\/pages\/7406","targetHints":{"allow":["GET"]}}],"collection":[{"href":"https:\/\/agora.xtec.cat\/iessantramon\/wp-json\/wp\/v2\/pages"}],"about":[{"href":"https:\/\/agora.xtec.cat\/iessantramon\/wp-json\/wp\/v2\/types\/page"}],"author":[{"embeddable":true,"href":"https:\/\/agora.xtec.cat\/iessantramon\/wp-json\/wp\/v2\/users\/1"}],"replies":[{"embeddable":true,"href":"https:\/\/agora.xtec.cat\/iessantramon\/wp-json\/wp\/v2\/comments?post=7406"}],"version-history":[{"count":2,"href":"https:\/\/agora.xtec.cat\/iessantramon\/wp-json\/wp\/v2\/pages\/7406\/revisions"}],"predecessor-version":[{"id":7434,"href":"https:\/\/agora.xtec.cat\/iessantramon\/wp-json\/wp\/v2\/pages\/7406\/revisions\/7434"}],"wp:attachment":[{"href":"https:\/\/agora.xtec.cat\/iessantramon\/wp-json\/wp\/v2\/media?parent=7406"}],"curies":[{"name":"wp","href":"https:\/\/api.w.org\/{rel}","templated":true}]}}