{"id":7363,"date":"2025-11-06T12:13:06","date_gmt":"2025-11-06T11:13:06","guid":{"rendered":"https:\/\/agora.xtec.cat\/iessantramon\/?page_id=7363"},"modified":"2025-11-17T13:35:08","modified_gmt":"2025-11-17T12:35:08","slug":"programacio-general-anual","status":"publish","type":"page","link":"https:\/\/agora.xtec.cat\/iessantramon\/documents-de-centre\/programacio-general-anual\/","title":{"rendered":"Programaci\u00f3 General Anual"},"content":{"rendered":"<p>La Programaci\u00f3 General Anual \u00e9s l\u2019instrument de gesti\u00f3 del centre que, en el marc del seu projecte educatiu, i com a conseq\u00fc\u00e8ncia dels processos de diagnosi i d\u2019avaluaci\u00f3 que es<br \/>\nduguin a terme, recull tots els aspectes relatius a l\u2019organitzaci\u00f3 i funcionament del centre, concretant i sistematitzant en objectius operatius les q\u00fcestions prioritzades del centre per a un curs escolar.<\/p>\n<p>Clica aqu\u00ed per veure el document. <span style=\"color: #3366ff;\"><strong>PENDENT<\/strong><\/span><\/p>\n<p><a href=\"https:\/\/agora.xtec.cat\/iessantramon\/wp-content\/uploads\/usu387\/2022\/11\/baixa.png\"><img loading=\"lazy\" decoding=\"async\" class=\"alignnone size-full wp-image-5075\" src=\"https:\/\/agora.xtec.cat\/iessantramon\/wp-content\/uploads\/usu387\/2022\/11\/baixa.png\" alt=\"\" width=\"250\" height=\"202\" \/><\/a><\/p>\n","protected":false},"excerpt":{"rendered":"<p>La Programaci\u00f3 General Anual \u00e9s l\u2019instrument de gesti\u00f3 del centre que, en el marc del seu projecte educatiu, i com a conseq\u00fc\u00e8ncia dels processos de diagnosi i d\u2019avaluaci\u00f3 que es duguin a terme, recull tots els aspectes relatius a l\u2019organitzaci\u00f3 i funcionament del centre, concretant i sistematitzant en objectius operatius les q\u00fcestions prioritzades del centre [&hellip;]<\/p>\n","protected":false},"author":1,"featured_media":0,"parent":5070,"menu_order":0,"comment_status":"closed","ping_status":"closed","template":"","meta":{"_bbp_topic_count":0,"_bbp_reply_count":0,"_bbp_total_topic_count":0,"_bbp_total_reply_count":0,"_bbp_voice_count":0,"_bbp_anonymous_reply_count":0,"_bbp_topic_count_hidden":0,"_bbp_reply_count_hidden":0,"_bbp_forum_subforum_count":0,"site-sidebar-layout":"default","site-content-layout":"","ast-site-content-layout":"default","site-content-style":"default","site-sidebar-style":"default","ast-global-header-display":"","ast-banner-title-visibility":"","ast-main-header-display":"","ast-hfb-above-header-display":"","ast-hfb-below-header-display":"","ast-hfb-mobile-header-display":"","site-post-title":"","ast-breadcrumbs-content":"","ast-featured-img":"","footer-sml-layout":"","theme-transparent-header-meta":"default","adv-header-id-meta":"","stick-header-meta":"","header-above-stick-meta":"","header-main-stick-meta":"","header-below-stick-meta":"","astra-migrate-meta-layouts":"set","ast-page-background-enabled":"default","ast-page-background-meta":{"desktop":{"background-color":"var(--ast-global-color-4)","background-image":"","background-repeat":"repeat","background-position":"center center","background-size":"auto","background-attachment":"scroll","background-type":"","background-media":"","overlay-type":"","overlay-color":"","overlay-opacity":"","overlay-gradient":""},"tablet":{"background-color":"","background-image":"","background-repeat":"repeat","background-position":"center center","background-size":"auto","background-attachment":"scroll","background-type":"","background-media":"","overlay-type":"","overlay-color":"","overlay-opacity":"","overlay-gradient":""},"mobile":{"background-color":"","background-image":"","background-repeat":"repeat","background-position":"center center","background-size":"auto","background-attachment":"scroll","background-type":"","background-media":"","overlay-type":"","overlay-color":"","overlay-opacity":"","overlay-gradient":""}},"ast-content-background-meta":{"desktop":{"background-color":"var(--ast-global-color-5)","background-image":"","background-repeat":"repeat","background-position":"center center","background-size":"auto","background-attachment":"scroll","background-type":"","background-media":"","overlay-type":"","overlay-color":"","overlay-opacity":"","overlay-gradient":""},"tablet":{"background-color":"var(--ast-global-color-5)","background-image":"","background-repeat":"repeat","background-position":"center center","background-size":"auto","background-attachment":"scroll","background-type":"","background-media":"","overlay-type":"","overlay-color":"","overlay-opacity":"","overlay-gradient":""},"mobile":{"background-color":"var(--ast-global-color-5)","background-image":"","background-repeat":"repeat","background-position":"center center","background-size":"auto","background-attachment":"scroll","background-type":"","background-media":"","overlay-type":"","overlay-color":"","overlay-opacity":"","overlay-gradient":""}},"footnotes":""},"class_list":["post-7363","page","type-page","status-publish","hentry"],"post_mailing_queue_ids":[],"_links":{"self":[{"href":"https:\/\/agora.xtec.cat\/iessantramon\/wp-json\/wp\/v2\/pages\/7363","targetHints":{"allow":["GET"]}}],"collection":[{"href":"https:\/\/agora.xtec.cat\/iessantramon\/wp-json\/wp\/v2\/pages"}],"about":[{"href":"https:\/\/agora.xtec.cat\/iessantramon\/wp-json\/wp\/v2\/types\/page"}],"author":[{"embeddable":true,"href":"https:\/\/agora.xtec.cat\/iessantramon\/wp-json\/wp\/v2\/users\/1"}],"replies":[{"embeddable":true,"href":"https:\/\/agora.xtec.cat\/iessantramon\/wp-json\/wp\/v2\/comments?post=7363"}],"version-history":[{"count":2,"href":"https:\/\/agora.xtec.cat\/iessantramon\/wp-json\/wp\/v2\/pages\/7363\/revisions"}],"predecessor-version":[{"id":7436,"href":"https:\/\/agora.xtec.cat\/iessantramon\/wp-json\/wp\/v2\/pages\/7363\/revisions\/7436"}],"up":[{"embeddable":true,"href":"https:\/\/agora.xtec.cat\/iessantramon\/wp-json\/wp\/v2\/pages\/5070"}],"wp:attachment":[{"href":"https:\/\/agora.xtec.cat\/iessantramon\/wp-json\/wp\/v2\/media?parent=7363"}],"curies":[{"name":"wp","href":"https:\/\/api.w.org\/{rel}","templated":true}]}}