{"id":7014,"date":"2025-03-14T13:51:28","date_gmt":"2025-03-14T12:51:28","guid":{"rendered":"https:\/\/agora.xtec.cat\/iessantramon\/?page_id=7014"},"modified":"2026-05-08T14:34:39","modified_gmt":"2026-05-08T12:34:39","slug":"cfgm-gestio-administrativa-preinscripcio-i-matricula-25-26","status":"publish","type":"page","link":"https:\/\/agora.xtec.cat\/iessantramon\/cfgm-gestio-administrativa-preinscripcio-i-matricula-25-26\/","title":{"rendered":"CFGM Gesti\u00f3 administrativa: Preinscripci\u00f3 i matr\u00edcula"},"content":{"rendered":"<h3><span style=\"text-decoration: underline; color: #003366;\"><strong>PREINSCRIPCI\u00d3 de CFGM Gesti\u00f3 administrativa 26\/27\u00a0<\/strong><\/span><\/h3>\n<h5><span style=\"color: #800000;\"><strong>Presentaci\u00f3 telem\u00e0tica de sol\u00b7licituds: del 26 de maig a l&#8217;1 de juny<\/strong><\/span><\/h5>\n<ul style=\"list-style-type: circle;\">\n<li><span style=\"color: #800080;\"><strong>Enlla\u00e7 a la sol\u00b7licitud de preinscripci\u00f3:<\/strong> <\/span><strong><a href=\"https:\/\/tramits.gencat.cat\/ca\/tramits\/tramits-temes\/preinscripcio-fp-gm\">Sol\u00b7licitud de preinscripci\u00f3 cicles<\/a><\/strong><\/li>\n<li><span style=\"color: #800080;\"><b>Dates claus de seguiment del calendari:<\/b><\/span><\/li>\n<\/ul>\n<table style=\"height: 522px; width: 62.7288%; border-color: #030302; background-color: #f0f5e4;\">\n<tbody>\n<tr style=\"height: 48px;\">\n<td style=\"width: 34.2272%; height: 48px;\"><span style=\"color: #800080;\"><strong>PORTES OBERTES\u00a0<\/strong><\/span><\/td>\n<td style=\"width: 30.9314%; height: 48px;\"><span style=\"color: #800080;\"><strong>13 de maig a les 18 h,<\/strong>\u00a0xerrada informativa i visita del centre<\/span><\/td>\n<\/tr>\n<tr style=\"height: 45px;\">\n<td style=\"width: 34.2272%; height: 45px;\"><span style=\"color: #000000;\"><strong>PUBLICACI\u00d3\u00a0<\/strong><strong>OFERTA DE PLACES<\/strong><\/span><\/td>\n<td style=\"width: 30.9314%; height: 45px;\">Oferta_CFGM_AG10_Gesti\u00f3Administrativa<\/td>\n<\/tr>\n<tr style=\"height: 33px;\">\n<td style=\"width: 34.2272%; height: 33px;\"><span style=\"color: #000000;\"><strong>PREINSCRIPCI\u00d3 1a TANDA<\/strong><\/span><\/td>\n<td style=\"width: 30.9314%; height: 33px;\"><strong>Del 10 al 14 de juny (documentaci\u00f3 fins 16)<\/strong>https:\/\/preinscripcio.gencat.cat\/ca\/estudis\/fp-grau-mitja\/inici\/<\/td>\n<\/tr>\n<tr style=\"height: 33px;\">\n<td style=\"width: 34.2272%; height: 33px;\"><span style=\"color: #000000;\"><strong>PUBLICACI\u00d3 LLISTA PUNTUACI\u00d3 PROVISIONAL<\/strong><\/span><\/td>\n<td style=\"width: 30.9314%; height: 33px;\"><strong>27 de juny\u00a0<\/strong><\/td>\n<\/tr>\n<tr style=\"height: 33px;\">\n<td style=\"width: 34.2272%; height: 33px;\"><span style=\"color: #000000;\"><strong>PUBLICACI\u00d3 PLACES ASSIGNADES &#8211; 1a tanda<\/strong><\/span><\/td>\n<td style=\"width: 30.9314%; height: 33px;\">1aTanda_1CF_Gesti\u00f3administrativa_25_26<\/td>\n<\/tr>\n<tr style=\"height: 33px;\">\n<td style=\"width: 34.2272%; height: 33px;\"><span style=\"color: #000000;\"><strong>PUBLICACI\u00d3 DE L\u2019OFERTA FINAL<\/strong><\/span><\/td>\n<td style=\"width: 30.9314%; height: 33px;\">OfertaDefinitiva_1CF_Gesti\u00f3administrativa_25_26<\/td>\n<\/tr>\n<tr style=\"height: 33px;\">\n<td style=\"width: 34.2272%; height: 33px;\"><span style=\"color: #000000;\"><strong>MATR\u00cdCULA &#8211; 1a tanda<\/strong><\/span><\/td>\n<td style=\"width: 30.9314%; height: 33px;\"><strong>Del l&#8217;11 al 14 de juliol, confirma o ren\u00fancia en l\u00ednia &#8211; 1a tanda\u00a0<\/strong><\/td>\n<\/tr>\n<tr style=\"height: 33px;\">\n<td style=\"width: 34.2272%; height: 33px;\"><span style=\"color: #000000;\"><strong>PUBLICACI\u00d3 PLACES ASSIGNADES &#8211; 2a tanda<\/strong><\/span><\/td>\n<td style=\"width: 30.9314%; height: 33px;\"><strong>18 de juliol<\/strong><\/td>\n<\/tr>\n<tr style=\"height: 33px;\">\n<td style=\"width: 34.2272%; height: 33px;\"><span style=\"color: #000000;\"><strong>MATR\u00cdCULA &#8211; 2a tanda<\/strong><\/span><\/td>\n<td style=\"width: 30.9314%; height: 33px;\"><strong>21 i 22 de juliol, confirma o ren\u00fancia en l\u00ednia &#8211; 2a tanda\u00a0<\/strong><\/td>\n<\/tr>\n<tr style=\"height: 33px;\">\n<td style=\"width: 34.2272%; height: 33px;\"><\/td>\n<td style=\"width: 30.9314%; height: 33px;\"><\/td>\n<\/tr>\n<tr style=\"height: 33px;\">\n<td style=\"width: 34.2272%; height: 33px;\"><\/td>\n<td style=\"width: 30.9314%; height: 33px;\"><\/td>\n<\/tr>\n<\/tbody>\n<\/table>\n<h4><\/h4>\n<p><a style=\"font-size: 1.125em; font-weight: bold;\" href=\"https:\/\/agora.xtec.cat\/iessantramon\/wp-content\/uploads\/usu387\/2024\/09\/Triptic_CFGM-Gestio-administrativa-25-26.pdf\">Tr\u00edptic_CFGM Gesti\u00f3 administrativa 25-26<\/a><\/p>\n<p><span style=\"color: #0000ff;\"><strong>V\u00eddeo promocional:\u00a0<a href=\"https:\/\/drive.google.com\/file\/d\/1OZwKx6jSxaQIqEkIvpj2rQ8O2KdrPqu7\/view?usp=drive_link\">V\u00eddeo promocional CFGM 25_26<\/a><\/strong><\/span><\/p>\n<p>I si vols demanar l&#8217;Ajut d&#8217;estudis postobligatoris, tens temps fins el 18 de maig: <a href=\"https:\/\/educacio.gencat.cat\/ca\/serveis-tramits\/beques\/beques-postobligatoris\/index.html\">https:\/\/educacio.gencat.cat\/ca\/serveis-tramits\/beques\/beques-postobligatoris\/index.html<\/a><\/p>\n","protected":false},"excerpt":{"rendered":"<p>PREINSCRIPCI\u00d3 de CFGM Gesti\u00f3 administrativa 26\/27\u00a0 Presentaci\u00f3 telem\u00e0tica de sol\u00b7licituds: del 26 de maig a l&#8217;1 de juny Enlla\u00e7 a la sol\u00b7licitud de preinscripci\u00f3: Sol\u00b7licitud de preinscripci\u00f3 cicles Dates claus de seguiment del calendari: PORTES OBERTES\u00a0 13 de maig a les 18 h,\u00a0xerrada informativa i visita del centre PUBLICACI\u00d3\u00a0OFERTA DE PLACES Oferta_CFGM_AG10_Gesti\u00f3Administrativa PREINSCRIPCI\u00d3 1a TANDA [&hellip;]<\/p>\n","protected":false},"author":38,"featured_media":0,"parent":0,"menu_order":0,"comment_status":"closed","ping_status":"closed","template":"","meta":{"_bbp_topic_count":0,"_bbp_reply_count":0,"_bbp_total_topic_count":0,"_bbp_total_reply_count":0,"_bbp_voice_count":0,"_bbp_anonymous_reply_count":0,"_bbp_topic_count_hidden":0,"_bbp_reply_count_hidden":0,"_bbp_forum_subforum_count":0,"site-sidebar-layout":"default","site-content-layout":"","ast-site-content-layout":"default","site-content-style":"default","site-sidebar-style":"default","ast-global-header-display":"","ast-banner-title-visibility":"","ast-main-header-display":"","ast-hfb-above-header-display":"","ast-hfb-below-header-display":"","ast-hfb-mobile-header-display":"","site-post-title":"","ast-breadcrumbs-content":"","ast-featured-img":"","footer-sml-layout":"","theme-transparent-header-meta":"","adv-header-id-meta":"","stick-header-meta":"","header-above-stick-meta":"","header-main-stick-meta":"","header-below-stick-meta":"","astra-migrate-meta-layouts":"set","ast-page-background-enabled":"default","ast-page-background-meta":{"desktop":{"background-color":"var(--ast-global-color-4)","background-image":"","background-repeat":"repeat","background-position":"center center","background-size":"auto","background-attachment":"scroll","background-type":"","background-media":"","overlay-type":"","overlay-color":"","overlay-opacity":"","overlay-gradient":""},"tablet":{"background-color":"","background-image":"","background-repeat":"repeat","background-position":"center center","background-size":"auto","background-attachment":"scroll","background-type":"","background-media":"","overlay-type":"","overlay-color":"","overlay-opacity":"","overlay-gradient":""},"mobile":{"background-color":"","background-image":"","background-repeat":"repeat","background-position":"center center","background-size":"auto","background-attachment":"scroll","background-type":"","background-media":"","overlay-type":"","overlay-color":"","overlay-opacity":"","overlay-gradient":""}},"ast-content-background-meta":{"desktop":{"background-color":"var(--ast-global-color-5)","background-image":"","background-repeat":"repeat","background-position":"center center","background-size":"auto","background-attachment":"scroll","background-type":"","background-media":"","overlay-type":"","overlay-color":"","overlay-opacity":"","overlay-gradient":""},"tablet":{"background-color":"var(--ast-global-color-5)","background-image":"","background-repeat":"repeat","background-position":"center center","background-size":"auto","background-attachment":"scroll","background-type":"","background-media":"","overlay-type":"","overlay-color":"","overlay-opacity":"","overlay-gradient":""},"mobile":{"background-color":"var(--ast-global-color-5)","background-image":"","background-repeat":"repeat","background-position":"center center","background-size":"auto","background-attachment":"scroll","background-type":"","background-media":"","overlay-type":"","overlay-color":"","overlay-opacity":"","overlay-gradient":""}},"footnotes":""},"class_list":["post-7014","page","type-page","status-publish","hentry"],"post_mailing_queue_ids":[],"_links":{"self":[{"href":"https:\/\/agora.xtec.cat\/iessantramon\/wp-json\/wp\/v2\/pages\/7014","targetHints":{"allow":["GET"]}}],"collection":[{"href":"https:\/\/agora.xtec.cat\/iessantramon\/wp-json\/wp\/v2\/pages"}],"about":[{"href":"https:\/\/agora.xtec.cat\/iessantramon\/wp-json\/wp\/v2\/types\/page"}],"author":[{"embeddable":true,"href":"https:\/\/agora.xtec.cat\/iessantramon\/wp-json\/wp\/v2\/users\/38"}],"replies":[{"embeddable":true,"href":"https:\/\/agora.xtec.cat\/iessantramon\/wp-json\/wp\/v2\/comments?post=7014"}],"version-history":[{"count":6,"href":"https:\/\/agora.xtec.cat\/iessantramon\/wp-json\/wp\/v2\/pages\/7014\/revisions"}],"predecessor-version":[{"id":7616,"href":"https:\/\/agora.xtec.cat\/iessantramon\/wp-json\/wp\/v2\/pages\/7014\/revisions\/7616"}],"wp:attachment":[{"href":"https:\/\/agora.xtec.cat\/iessantramon\/wp-json\/wp\/v2\/media?parent=7014"}],"curies":[{"name":"wp","href":"https:\/\/api.w.org\/{rel}","templated":true}]}}