{"id":7008,"date":"2025-03-14T13:38:32","date_gmt":"2025-03-14T12:38:32","guid":{"rendered":"https:\/\/agora.xtec.cat\/iessantramon\/?page_id=7008"},"modified":"2025-06-19T13:25:21","modified_gmt":"2025-06-19T11:25:21","slug":"eso-preinscripcio-i-matricula-25-26","status":"publish","type":"page","link":"https:\/\/agora.xtec.cat\/iessantramon\/eso-preinscripcio-i-matricula-25-26\/","title":{"rendered":"ESO: Preinscripci\u00f3 i matr\u00edcula 25\/26"},"content":{"rendered":"<h5><span style=\"color: #800000;\"><strong>MATRICULA d&#8217;ESO 25\/26\u00a0<\/strong><\/span><\/h5>\n<ul style=\"list-style-type: circle;\">\n<li><strong style=\"font-family: inherit; font-size: 1em;\"><span style=\"color: #800080;\">Centres adscrits: <a href=\"https:\/\/agora.xtec.cat\/iessantramon\/wp-content\/uploads\/usu387\/2024\/09\/adscripcio-centres-pri-eso-CCE.pdf\">adscripci\u00f3_ESO_INSSantRamon<\/a><\/span><\/strong><\/li>\n<li><span style=\"color: #800080;\"><strong><span style=\"color: #800000;\">Carta informativa per les fam\u00edlies interessades:<\/span> <a href=\"https:\/\/agora.xtec.cat\/iessantramon\/wp-content\/uploads\/usu387\/2024\/09\/Carta_Preinscripcio_2526_ESO.pdf\">Carta_Preinscripci\u00f3_2526_ESO<\/a><\/strong><\/span><\/li>\n<li><strong>DATES CLAUS DE SEGUIMENT DEL CALENDAR<\/strong>I<br \/>\n<table style=\"width: 32.7003%; border-color: #fa7602; background-color: #ffeaa6; height: 728px;\">\n<tbody>\n<tr style=\"height: 46px;\">\n<td style=\"width: 36.5%; height: 55px;\"><span style=\"color: #800080;\"><strong>PORTES OBERTES\u00a0<\/strong><\/span><\/td>\n<td style=\"width: 75.4734%; height: 55px;\"><span style=\"color: #800080;\"><strong>12 de mar\u00e7 a les 18 h,<\/strong> xerrada informativa i visita del centre<\/span><\/td>\n<\/tr>\n<tr style=\"height: 95px;\">\n<td style=\"width: 36.5%; height: 83px;\"><strong><span style=\"color: #000000;\">PUBLICACI\u00d3 <\/span><\/strong><strong><span style=\"color: #000000;\">OFERTA DE PLACES<\/span><\/strong><\/td>\n<td style=\"width: 75.4734%; height: 83px;\"><strong>11 de mar\u00e7<\/strong><\/p>\n<p><strong><a href=\"https:\/\/agora.xtec.cat\/iessantramon\/wp-content\/uploads\/usu387\/2024\/09\/INFORME_OFERTA_OME_INFORME_OFERTA-1.pdf\">InstitutSantRamon_INFORME_OFERTA<\/a><\/strong><\/td>\n<\/tr>\n<tr style=\"height: 46px;\">\n<td style=\"width: 36.5%; height: 46px;\"><span style=\"color: #800080;\"><strong>PREINSCRIPCI\u00d3 alumnes nous al centre<\/strong><\/span><\/td>\n<td style=\"width: 75.4734%; height: 46px;\"><span style=\"color: #800080;\"><strong>Del 14 al 26 de mar\u00e7\u00a0 (documentaci\u00f3 fins 28 de mar\u00e7)<\/strong><\/span><\/td>\n<\/tr>\n<tr style=\"height: 65px;\">\n<td style=\"width: 36.5%; height: 65px;\"><strong><span style=\"color: #000000;\">PRESENTACI\u00d3 SOL\u00b7LICITUDS FORA DE TERMINI\u00a0<\/span><\/strong><\/td>\n<td style=\"width: 75.4734%; height: 65px;\"><strong>Del 7 al 29 d&#8217;abril\u00a0<\/strong><\/td>\n<\/tr>\n<tr style=\"height: 31px;\">\n<td style=\"width: 36.5%; height: 31px;\"><strong><span style=\"color: #000000;\">PUBLICACI\u00d3 LLISTA PUNTUACI\u00d3 PROVISIONAL<\/span><\/strong><\/td>\n<td style=\"width: 75.4734%; height: 31px;\"><a href=\"https:\/\/agora.xtec.cat\/iessantramon\/wp-content\/uploads\/usu387\/2025\/04\/BAREM_PROVISIONAL_ESO.pdf\">BAREM_PROVISIONAL_ESO<\/a><\/td>\n<\/tr>\n<tr style=\"height: 49px;\">\n<td style=\"width: 36.5%; height: 49px;\"><span style=\"color: #000000;\"><strong>PUBLICACI\u00d3 LLISTA ORDENADA<\/strong><\/span><\/td>\n<td style=\"width: 75.4734%; height: 49px;\"><a href=\"https:\/\/agora.xtec.cat\/iessantramon\/wp-content\/uploads\/usu387\/2025\/05\/Llistaordenada_ESO_25_26.pdf\">Llistaordenada_ESO_25_26<\/a><\/td>\n<\/tr>\n<tr style=\"height: 49px;\">\n<td style=\"width: 36.5%; height: 49px;\"><span style=\"color: #000000;\"><strong>PUBLICACI\u00d3 DE L&#8217;OFERTA FINAL<\/strong><\/span><\/td>\n<td style=\"width: 75.4734%; height: 49px;\"><a href=\"https:\/\/agora.xtec.cat\/iessantramon\/wp-content\/uploads\/usu387\/2025\/06\/OfertaDefinitivaESO.pdf\">OfertaDefinitivaESO<\/a><\/td>\n<\/tr>\n<tr style=\"height: 80px;\">\n<td style=\"width: 36.5%; height: 80px;\"><span style=\"color: #000000;\"><strong>PUBLICACI\u00d3 DE LA LLISTA D&#8217;ADMSESOS I D&#8217;ESPERA<\/strong><\/span><\/td>\n<td style=\"width: 75.4734%; height: 80px;\"><a href=\"https:\/\/agora.xtec.cat\/iessantramon\/wp-content\/uploads\/usu387\/2025\/06\/Llista_places_assignades.pdf\">Llista_places_assignades<\/a><\/td>\n<\/tr>\n<tr style=\"height: 33px;\">\n<td style=\"width: 36.5%; height: 33px;\"><span style=\"color: #800080;\"><strong>MATR\u00cdCULA<\/strong><\/span><\/td>\n<td style=\"width: 75.4734%; height: 33px;\"><strong><span style=\"color: #800080;\">Del 25 de juny al 3 de juliol<\/span><\/strong><\/p>\n<p><a href=\"https:\/\/forms.gle\/cKbwj6nbgE8a85vu8\">https:\/\/forms.gle\/cKbwj6nbgE8a85vu8<\/a><\/td>\n<\/tr>\n<tr style=\"height: 49px;\">\n<td style=\"width: 36.5%; height: 49px;\"><strong><span style=\"color: #000000;\">GESTI\u00d3 DE LA LLISTA D&#8217;ESPERA<\/span><\/strong><\/td>\n<td style=\"width: 75.4734%; height: 49px;\"><strong>Del 4 de juliol al 5 de setembre<\/strong><\/td>\n<\/tr>\n<\/tbody>\n<\/table>\n<p>&nbsp;<\/li>\n<\/ul>\n","protected":false},"excerpt":{"rendered":"<p>MATRICULA d&#8217;ESO 25\/26\u00a0 Centres adscrits: adscripci\u00f3_ESO_INSSantRamon Carta informativa per les fam\u00edlies interessades: Carta_Preinscripci\u00f3_2526_ESO DATES CLAUS DE SEGUIMENT DEL CALENDARI PORTES OBERTES\u00a0 12 de mar\u00e7 a les 18 h, xerrada informativa i visita del centre PUBLICACI\u00d3 OFERTA DE PLACES 11 de mar\u00e7 InstitutSantRamon_INFORME_OFERTA PREINSCRIPCI\u00d3 alumnes nous al centre Del 14 al 26 de mar\u00e7\u00a0 (documentaci\u00f3 fins [&hellip;]<\/p>\n","protected":false},"author":38,"featured_media":0,"parent":0,"menu_order":0,"comment_status":"closed","ping_status":"closed","template":"","meta":{"_bbp_topic_count":0,"_bbp_reply_count":0,"_bbp_total_topic_count":0,"_bbp_total_reply_count":0,"_bbp_voice_count":0,"_bbp_anonymous_reply_count":0,"_bbp_topic_count_hidden":0,"_bbp_reply_count_hidden":0,"_bbp_forum_subforum_count":0,"site-sidebar-layout":"default","site-content-layout":"","ast-site-content-layout":"","site-content-style":"default","site-sidebar-style":"default","ast-global-header-display":"","ast-banner-title-visibility":"","ast-main-header-display":"","ast-hfb-above-header-display":"","ast-hfb-below-header-display":"","ast-hfb-mobile-header-display":"","site-post-title":"","ast-breadcrumbs-content":"","ast-featured-img":"","footer-sml-layout":"","theme-transparent-header-meta":"","adv-header-id-meta":"","stick-header-meta":"","header-above-stick-meta":"","header-main-stick-meta":"","header-below-stick-meta":"","astra-migrate-meta-layouts":"default","ast-page-background-enabled":"default","ast-page-background-meta":{"desktop":{"background-color":"var(--ast-global-color-4)","background-image":"","background-repeat":"repeat","background-position":"center center","background-size":"auto","background-attachment":"scroll","background-type":"","background-media":"","overlay-type":"","overlay-color":"","overlay-opacity":"","overlay-gradient":""},"tablet":{"background-color":"","background-image":"","background-repeat":"repeat","background-position":"center center","background-size":"auto","background-attachment":"scroll","background-type":"","background-media":"","overlay-type":"","overlay-color":"","overlay-opacity":"","overlay-gradient":""},"mobile":{"background-color":"","background-image":"","background-repeat":"repeat","background-position":"center center","background-size":"auto","background-attachment":"scroll","background-type":"","background-media":"","overlay-type":"","overlay-color":"","overlay-opacity":"","overlay-gradient":""}},"ast-content-background-meta":{"desktop":{"background-color":"var(--ast-global-color-5)","background-image":"","background-repeat":"repeat","background-position":"center center","background-size":"auto","background-attachment":"scroll","background-type":"","background-media":"","overlay-type":"","overlay-color":"","overlay-opacity":"","overlay-gradient":""},"tablet":{"background-color":"var(--ast-global-color-5)","background-image":"","background-repeat":"repeat","background-position":"center center","background-size":"auto","background-attachment":"scroll","background-type":"","background-media":"","overlay-type":"","overlay-color":"","overlay-opacity":"","overlay-gradient":""},"mobile":{"background-color":"var(--ast-global-color-5)","background-image":"","background-repeat":"repeat","background-position":"center center","background-size":"auto","background-attachment":"scroll","background-type":"","background-media":"","overlay-type":"","overlay-color":"","overlay-opacity":"","overlay-gradient":""}},"footnotes":""},"class_list":["post-7008","page","type-page","status-publish","hentry"],"post_mailing_queue_ids":[],"_links":{"self":[{"href":"https:\/\/agora.xtec.cat\/iessantramon\/wp-json\/wp\/v2\/pages\/7008","targetHints":{"allow":["GET"]}}],"collection":[{"href":"https:\/\/agora.xtec.cat\/iessantramon\/wp-json\/wp\/v2\/pages"}],"about":[{"href":"https:\/\/agora.xtec.cat\/iessantramon\/wp-json\/wp\/v2\/types\/page"}],"author":[{"embeddable":true,"href":"https:\/\/agora.xtec.cat\/iessantramon\/wp-json\/wp\/v2\/users\/38"}],"replies":[{"embeddable":true,"href":"https:\/\/agora.xtec.cat\/iessantramon\/wp-json\/wp\/v2\/comments?post=7008"}],"version-history":[{"count":6,"href":"https:\/\/agora.xtec.cat\/iessantramon\/wp-json\/wp\/v2\/pages\/7008\/revisions"}],"predecessor-version":[{"id":7255,"href":"https:\/\/agora.xtec.cat\/iessantramon\/wp-json\/wp\/v2\/pages\/7008\/revisions\/7255"}],"wp:attachment":[{"href":"https:\/\/agora.xtec.cat\/iessantramon\/wp-json\/wp\/v2\/media?parent=7008"}],"curies":[{"name":"wp","href":"https:\/\/api.w.org\/{rel}","templated":true}]}}