{"id":6233,"date":"2024-10-07T10:41:46","date_gmt":"2024-10-07T08:41:46","guid":{"rendered":"https:\/\/agora.xtec.cat\/iessantramon\/?page_id=6233"},"modified":"2025-11-13T08:45:13","modified_gmt":"2025-11-13T07:45:13","slug":"convalidacions-a-leso-i-batxillerat","status":"publish","type":"page","link":"https:\/\/agora.xtec.cat\/iessantramon\/convalidacions-a-leso-i-batxillerat\/","title":{"rendered":"Convalidacions a l&#8217;ESO i Batxillerat"},"content":{"rendered":"<table style=\"height: 1892px; width: 100%; border-collapse: collapse; background-color: #f0ebeb;\">\n<tbody>\n<tr style=\"height: 32px;\">\n<td style=\"width: 50.3003%; height: 32px; background-color: #f06565;\">\n<h5><strong>M\u00daSICA<\/strong><\/h5>\n<\/td>\n<td style=\"width: 49.6997%; height: 32px; background-color: #f06565;\"><\/td>\n<\/tr>\n<tr style=\"height: 32px;\">\n<td style=\"width: 50.3003%; height: 32px; background-color: #f2f2f2;\"><strong>Sup\u00f2sit 1 &#8211; ESO:<\/strong> Alumnes d&#8217;ESO que cursen estudis de m\u00fasica en un <strong>conservatori o en un centre professional.<\/strong><\/p>\n<p>Documents a presentar durant els 2 primers mesos de classe:<\/p>\n<p><a href=\"https:\/\/agora.xtec.cat\/iessantramon\/wp-content\/uploads\/usu387\/2024\/10\/EMU1_Sollicitud.pdf\">EMU1_Sol\u00b7licitud<\/a><\/p>\n<p><a href=\"https:\/\/agora.xtec.cat\/iessantramon\/wp-content\/uploads\/usu387\/2024\/10\/CMU1_Certificat.pdf\">CMU1_Certificat<\/a><\/td>\n<td style=\"width: 49.6997%; height: 32px; background-color: #f2f2f2;\">Poden convalidar:<\/p>\n<p>\u00b7 M\u00fasica (mat\u00e8ria comuna de 1r a 3r).<br \/>\n\u00b7 Les mat\u00e8ries optatives de 1r a 3r (2 h setmanals per curs).<br \/>\n\u00b7 Una mat\u00e8ria optativa de 4t (fins a un m\u00e0xim de 4 h setmanals).<\/td>\n<\/tr>\n<tr style=\"height: 243px;\">\n<td style=\"width: 50.3003%; background-color: #f2f2f2; height: 243px;\"><strong>Sup\u00f2sit 2<\/strong> &#8211; <strong>ESO<\/strong>: Alumnes <strong>d&#8217;ESO<\/strong> que cursen estudis de m\u00fasica en una <strong>escola de m\u00fasica autoritzada.<\/strong><\/p>\n<p>Documents a presentar durant els 2 primers mesos de classe:<\/p>\n<p><a href=\"https:\/\/agora.xtec.cat\/iessantramon\/wp-content\/uploads\/usu387\/2024\/10\/EMU1_Sollicitud.pdf\">EMU1_Sol\u00b7licitud<\/a><\/p>\n<p><a href=\"https:\/\/agora.xtec.cat\/iessantramon\/wp-content\/uploads\/usu387\/2024\/10\/CMU2_Certificat.pdf\">CMU2_Certificat<\/a><\/td>\n<td style=\"width: 49.6997%; background-color: #f2f2f2; height: 243px;\"><strong>&#8211; Situaci\u00f3 1.<\/strong> Si es cursen entre 3 i 4 h setmanals:<\/p>\n<p>\u00b7 Les mat\u00e8ries optatives de primer a tercer curs d&#8217;ESO.<\/p>\n<p>\u00b7 Una mat\u00e8ria optativa de quart d&#8217;ESO (fins a un m\u00e0xim de 2 h setm.).<\/p>\n<p><strong>&#8211; Situaci\u00f3 2.<\/strong> Si es cursen 4 h setmanals o m\u00e9s:<br \/>\n\u00b7 M\u00fasica (mat\u00e8ria comuna de 1r a 3r).<br \/>\n\u00b7 Les mat\u00e8ries optatives de 1r a 3r.<br \/>\n\u00b7 Una mat\u00e8ria optativa de 4t (fins a un m\u00e0xim de 4 h setmanals).<\/td>\n<\/tr>\n<tr style=\"height: 198px;\">\n<td style=\"width: 50.3003%; background-color: #f2f2f2; height: 198px;\"><strong>Sup\u00f2sit 3 &#8211; BATXILLERAT<\/strong> &#8211; Alumnes de <strong>batxillerat<\/strong> que cursen estudis de m\u00fasica en un <strong>conservatori<\/strong> o en un <strong>centre professional.\u00a0<\/strong><\/p>\n<p>Documents a presentar durant els 2 primers mesos de classe:<\/p>\n<p><a href=\"https:\/\/agora.xtec.cat\/iessantramon\/wp-content\/uploads\/usu387\/2024\/10\/BMU1_Sollicitud.pdf\">BMU1_Sol\u00b7licitud<\/a><\/p>\n<p><a href=\"https:\/\/agora.xtec.cat\/iessantramon\/wp-content\/uploads\/usu387\/2024\/10\/CMU1_Certificat.pdf\">CMU1_Certificat<\/a><\/td>\n<td style=\"width: 49.6997%; background-color: #f2f2f2; height: 198px;\">&nbsp;<\/p>\n<p>A 1r: 6 hores setmanals de la franja d&#8217;optatives.<\/p>\n<p>A 2n: 4 hores setmanals de la franja d&#8217;optatives.<\/p>\n<p>&nbsp;<\/td>\n<\/tr>\n<tr style=\"height: 181px;\">\n<td style=\"width: 50.3003%; background-color: #f2f2f2; height: 181px;\"><strong>Sup\u00f2sit 4 &#8211; BATXILLERAT &#8211; Alumnes de batxillerat que cursen estudis de m\u00fasica en una escola de m\u00fasica autoritzada (veure requisits).<\/strong><\/p>\n<p><strong> Si es cursen 4 h setmanals o m\u00e9s<\/strong><\/p>\n<p><a href=\"https:\/\/agora.xtec.cat\/iessantramon\/wp-content\/uploads\/usu387\/2024\/10\/BMU3_Sollicitud.pdf\">BMU3_Sol\u00b7licitud<\/a><\/p>\n<p><a href=\"https:\/\/agora.xtec.cat\/iessantramon\/wp-f2f2f2\/uploads\/usu387\/2024\/10\/CMU3_Certificat.pdf\">CMU3_Certificat<\/a><\/td>\n<td style=\"width: 49.6997%; background-color: #f2f2f2; height: 181px;\">A 1r: 6 hores setmanals de la franja d&#8217;optatives.<\/p>\n<p>A 2n: 4 hores setmanals de la franja d&#8217;optatives.<\/td>\n<\/tr>\n<tr style=\"height: 32px;\">\n<td style=\"width: 50.3003%; height: 32px; background-color: #f06565;\">\n<h5><strong>DANSA<\/strong><\/h5>\n<\/td>\n<td style=\"width: 49.6997%; height: 32px; background-color: #f06565;\"><\/td>\n<\/tr>\n<tr style=\"height: 32px;\">\n<td style=\"width: 50.3003%; height: 32px; background-color: #f2f2f2;\"><strong>Sup\u00f2sit 1<\/strong>&#8211; <strong>ESO<\/strong>: Alumnes d&#8217;ESO que cursen estudis de dansa en una escola de dansa autoritzada.<\/p>\n<p>Documents a presentar durant els 2 primers mesos de classe:<\/p>\n<p><a href=\"https:\/\/agora.xtec.cat\/iessantramon\/wp-content\/uploads\/usu387\/2024\/10\/EDA1_Sollicitud.pdf\">EDA1_Sol\u00b7licitud<\/a><\/p>\n<p><a href=\"https:\/\/agora.xtec.cat\/iessantramon\/wp-content\/uploads\/usu387\/2024\/10\/CDA2_Certificat.pdf\">CDA2_Certificat<\/a><\/td>\n<td style=\"width: 49.6997%; height: 32px; background-color: #f2f2f2;\">Les mat\u00e8ries es poden recon\u00e8ixer d&#8217;acord amb dues situacions diferents, segons les c\u00e0rregues hor\u00e0ries:<\/p>\n<p><strong>\u00a0&#8211; Situaci\u00f3 1.<\/strong> Alumnes amb una dedicaci\u00f3 hor\u00e0ria als estudis de dansa d&#8217;entre <strong>5 i 7 h setm.<\/strong>\u00a0 Se&#8217;ls pot recon\u00e8ixer la mat\u00e8ria seg\u00fcent:<\/p>\n<p><strong>Educaci\u00f3 F\u00edsica<\/strong><\/p>\n<p><strong>&#8211; Situaci\u00f3 2.<\/strong> Alumnes amb una dedicaci\u00f3 hor\u00e0ria als estudis de dansa de <strong>7 h setm.<\/strong>\u00a0o m\u00e9s. Se&#8217;ls poden recon\u00e8ixer les mat\u00e8ries seg\u00fcents:<br \/>\n\u00b7 Educaci\u00f3 F\u00edsica.<br \/>\n\u00b7 Les mat\u00e8ries optatives de primer a tercer curs d&#8217;ESO (2 h setm. per curs).<br \/>\n\u00b7 Una mat\u00e8ria optativa de quart curs d&#8217;ESO(fins a un m\u00e0xim de 4 h setm.).<\/td>\n<\/tr>\n<tr style=\"height: 216px;\">\n<td style=\"width: 50.3003%; background-color: #f2f2f2; height: 216px;\"><strong>Sup\u00f2sit 2<\/strong> &#8211; <strong>ESO<\/strong>: Alumnes d&#8217;ESO que cursen estudis de dansa en un conservatori o en un centre professional.<\/p>\n<p>Documents a presentar durant els 2 primers mesos de classe:<\/p>\n<p><a href=\"https:\/\/agora.xtec.cat\/iessantramon\/wp-content\/uploads\/usu387\/2024\/10\/EDA1_Sollicitud.pdf\">EDA1_Sol\u00b7licitud<\/a><\/p>\n<p><a href=\"https:\/\/agora.xtec.cat\/iessantramon\/wp-content\/uploads\/usu387\/2024\/10\/CDA1_Certificat.pdf\">CDA1_Certificat<\/a><\/td>\n<td style=\"width: 49.6997%; background-color: #f2f2f2; height: 216px;\">Es poden convalidar les mat\u00e8ries seg\u00fcents:<\/p>\n<p>Educaci\u00f3 F\u00edsica.<\/p>\n<p>M\u00fasica (la mat\u00e8ria comuna de primer a tercer curs d&#8217;ESO).<\/p>\n<p>Les mat\u00e8ries optatives de primer a tercer curs d&#8217;ESO (2 h setm. per curs).<\/p>\n<p>Una mat\u00e8ria optativa de quart curs d&#8217;ESO (fins a un m\u00e0xim de 4 h. setm.).<\/td>\n<\/tr>\n<tr style=\"height: 666px;\">\n<td style=\"width: 50.3003%; background-color: #f2f2f2; height: 666px;\"><strong>Sup\u00f2sit 3 &#8211; BATXILLERAT: <\/strong><\/p>\n<p><strong>Situaci\u00f3 1<\/strong><\/p>\n<p>Documents a presentar durant els 2 primers mesos de classe:<\/p>\n<p><a href=\"https:\/\/agora.xtec.cat\/iessantramon\/wp-content\/uploads\/usu387\/2024\/10\/BDA1_Sollicitud.pdf\">BDA1_Sol\u00b7licitud<\/a><\/p>\n<p><a href=\"https:\/\/agora.xtec.cat\/iessantramon\/wp-content\/uploads\/usu387\/2024\/10\/CDA1_Certificat.pdf\">CDA1_Certificat<\/a><\/p>\n<p>&#8212;&#8212;&#8212;&#8212;&#8212;&#8212;&#8212;&#8212;&#8212;&#8212;&#8212;&#8212;&#8212;&#8212;&#8212;&#8212;&#8212;&#8212;&#8212;&#8212;&#8212;&#8212;&#8212;&#8212;&#8212;&#8212;&#8212;&#8212;&#8212;&#8211;<br \/>\n<strong>Sup\u00f2sit 3 &#8211; BATXILLERAT: <\/strong><\/p>\n<p><strong>Situaci\u00f3 2.1\u00a0<\/strong><\/p>\n<p><a href=\"https:\/\/agora.xtec.cat\/iessantramon\/wp-content\/uploads\/usu387\/2024\/10\/BDA3_Sollicitud.pdf\">BDA3_Sol\u00b7licitud<\/a><\/p>\n<p><a href=\"https:\/\/agora.xtec.cat\/iessantramon\/wp-content\/uploads\/usu387\/2024\/10\/CDA3_Certificat.pdf\">CDA3_Certificat<\/a><\/p>\n<p>&#8212;&#8212;&#8212;&#8212;&#8212;&#8212;&#8212;&#8212;&#8212;&#8212;&#8212;&#8212;&#8212;&#8212;&#8212;&#8212;&#8212;&#8212;&#8212;&#8212;&#8212;&#8212;&#8212;&#8212;&#8212;&#8212;&#8212;&#8212;&#8212;&#8212;<\/p>\n<p><strong>Sup\u00f2sit 3 &#8211; BATXILLERAT:<\/strong><\/p>\n<p><strong> Situaci\u00f3 2.2<\/strong><\/p>\n<p><a href=\"https:\/\/agora.xtec.cat\/iessantramon\/wp-content\/uploads\/usu387\/2024\/10\/BDA3_Sollicitud.pdf\">BDA3_Sol\u00b7licitud<\/a><\/p>\n<p><a href=\"https:\/\/agora.xtec.cat\/iessantramon\/wp-content\/uploads\/usu387\/2024\/10\/CDA2_Certificat.pdf\">CDA2_Certificat<\/a><\/td>\n<td style=\"width: 49.6997%; background-color: #f2f2f2; height: 666px;\">\n<ul>\n<li><strong>Situaci\u00f3 1<\/strong>. <strong>Alumnes de batxillerat que cursen estudis de dansa en un conservatori o en un centre professional.\u00a0<\/strong>\u00a0 \u00a0 \u00a0 \u00a0 \u00a0 \u00a0 \u00a0 \u00a0 \u00a0 \u00a0 \u00a0 \u00a0 \u00a0 \u00a0 \u00a0 \u00a0 \u00a0 \u00a0 \u00a0 \u00a0 \u00a0 \u00a0 \u00a0 \u00a0 Es poden convalidar les mat\u00e8ries seg\u00fcents:\u00b7 Educaci\u00f3 F\u00edsica.\u00b7 Mat\u00e8ries de la franja d&#8217;optatives fins a un m\u00e0xim de 6 h setm. a primer de batxillerat, i fins a un m\u00e0xim de 4 h setm. a segon de batxillerat.\u00b7 En el cas dels alumnes de primer de batxillerat, la convalidaci\u00f3 de 6 h de mat\u00e8ries de la franja d&#8217;optatives pot ser de qualsevol de les tres franges optatives i t\u00e9 car\u00e0cter anual.<\/li>\n<\/ul>\n<p>&nbsp;<\/p>\n<ul>\n<li><strong>Situaci\u00f3 2. Alumnes de batxillerat que cursen estudis de dansa en una escola de dansa autoritzada.\u00a0 \u00a0 \u00a0 \u00a0 \u00a0 \u00a0 \u00a0 \u00a0 \u00a0 \u00a0 \u00a0 \u00a0 \u00a0 \u00a0 \u00a0 \u00a0 \u00a0 \u00a0 \u00a0 \u00a0 \u00a0 \u00a0 \u00a0 \u00a0 \u00a0 \u00a0 \u00a0 \u00a0 \u00a0 \u00a0 \u00a0 \u00a0 Situaci\u00f3 2.1. Alumnes amb una dedicaci\u00f3 hor\u00e0ria als estudis de dansa d&#8217;11 h setm. o m\u00e9s. (Cal demanar requisits al centre)\u00a0 \u00a0 \u00a0 \u00a0 \u00a0 \u00a0 \u00a0 \u00a0<\/strong>Es poden convalidar les mat\u00e8ries seg\u00fcents:\u00a0 \u00a0 \u00a0 \u00a0 \u00a0 \u00a0 \u00a0 \u00a0 \u00a0 \u00a0 \u00a0 \u00a0 \u00a0 \u00a0 \u00a0 \u00a0 \u00a0 \u00a0 \u00a0 \u00a0 \u00a0 \u00a0 \u00a0 \u00a0 \u00b7 Educaci\u00f3 F\u00edsica.\u00b7 Mat\u00e8ries de la franja d&#8217;optatives fins a un m\u00e0xim de 6 h setm.\u00a0 a primer de batxillerat, i fins a un m\u00e0xim de 4 h setm. a segon de batxillerat.<\/li>\n<li><strong>Situaci\u00f3 2.2.\u00a0 Alumnes amb una dedicaci\u00f3 hor\u00e0ria als estudis de dansa d&#8217;entre 7 i 10 h setm.<\/strong>\u00a0 \u00a0 \u00a0 \u00a0 \u00a0 \u00a0 \u00a0 \u00a0 \u00a0 \u00a0 \u00a0 \u00a0 \u00a0 \u00a0 \u00a0 \u00a0 \u00a0 \u00a0 \u00a0 \u00a0 \u00a0 \u00a0 \u00a0 \u00a0 \u00a0 \u00a0 \u00a0 \u00a0 \u00a0 \u00a0 \u00a0 \u00a0 \u00a0 \u00a0 \u00a0 \u00a0 La mat\u00e8ria que es pot recon\u00e8ixer \u00e9s:\u00a0 \u00a0Educaci\u00f3 F\u00edsica<\/li>\n<\/ul>\n<\/td>\n<\/tr>\n<tr style=\"height: 79px;\">\n<td style=\"width: 50.3003%; border-color: #000000; height: 79px; background-color: #f06565;\">\n<h5><strong>SEGONA LLENGUA ESTRANGERA (BATXILLERAT)<\/strong><\/h5>\n<\/td>\n<td style=\"width: 49.6997%; border-color: #000000; height: 79px; background-color: #f06565;\"><em>Els i les alumnes que cursen el batxillerat i, al mateix temps, una segona llengua estrangera en una\u200b escola oficial d&#8217;idiomes (EOI) poden sol\u00b7licitar la convalidaci\u00f3 de mat\u00e8ries optatives (6 h setm. a primer i 4 h setm. a segon).<\/em><\/td>\n<\/tr>\n<tr style=\"height: 181px;\">\n<td style=\"width: 50.3003%; border-color: #000000; height: 181px; background-color: #f2f2f2;\">Abans del darrer dia lectiu del mes d\u2019octubre, l\u2019alumne\/a presenta al centre on cursa el batxillerat,\u00a0 la sol\u00b7licitud i el certificat.<\/p>\n<p><a href=\"https:\/\/agora.xtec.cat\/iessantramon\/wp-content\/uploads\/usu387\/2024\/10\/CO1_Sollicitud.pdf\">CO1_Sol\u00b7licitud<\/a><\/p>\n<p><a href=\"https:\/\/agora.xtec.cat\/iessantramon\/wp-content\/uploads\/usu387\/2024\/10\/CO2_CertificatEOI.pdf\">CO2_CertificatEOI<\/a><\/td>\n<td style=\"width: 49.6997%; border-color: #000000; height: 181px; background-color: #f2f2f2;\">Per poder sol\u00b7licitar el reconeixement esmentat cal complir alguna de les condicions seg\u00fcents:<\/p>\n<ul>\n<li>Es cursa a l&#8217;EOI amb el nivell B2 o superior una segona llengua estrangera que ofereix el centre.<\/li>\n<li>Es cursa a l&#8217;EOI una llengua estrangera que no ofereix el centre.<\/li>\n<\/ul>\n<\/td>\n<\/tr>\n<\/tbody>\n<\/table>\n<p>&nbsp;<\/p>\n","protected":false},"excerpt":{"rendered":"<p>M\u00daSICA Sup\u00f2sit 1 &#8211; ESO: Alumnes d&#8217;ESO que cursen estudis de m\u00fasica en un conservatori o en un centre professional. Documents a presentar durant els 2 primers mesos de classe: EMU1_Sol\u00b7licitud CMU1_Certificat Poden convalidar: \u00b7 M\u00fasica (mat\u00e8ria comuna de 1r a 3r). \u00b7 Les mat\u00e8ries optatives de 1r a 3r (2 h setmanals per curs). [&hellip;]<\/p>\n","protected":false},"author":38,"featured_media":0,"parent":0,"menu_order":0,"comment_status":"closed","ping_status":"closed","template":"","meta":{"_bbp_topic_count":0,"_bbp_reply_count":0,"_bbp_total_topic_count":0,"_bbp_total_reply_count":0,"_bbp_voice_count":0,"_bbp_anonymous_reply_count":0,"_bbp_topic_count_hidden":0,"_bbp_reply_count_hidden":0,"_bbp_forum_subforum_count":0,"site-sidebar-layout":"default","site-content-layout":"","ast-site-content-layout":"default","site-content-style":"default","site-sidebar-style":"default","ast-global-header-display":"","ast-banner-title-visibility":"","ast-main-header-display":"","ast-hfb-above-header-display":"","ast-hfb-below-header-display":"","ast-hfb-mobile-header-display":"","site-post-title":"","ast-breadcrumbs-content":"","ast-featured-img":"","footer-sml-layout":"","theme-transparent-header-meta":"default","adv-header-id-meta":"","stick-header-meta":"","header-above-stick-meta":"","header-main-stick-meta":"","header-below-stick-meta":"","astra-migrate-meta-layouts":"set","ast-page-background-enabled":"default","ast-page-background-meta":{"desktop":{"background-color":"var(--ast-global-color-4)","background-image":"","background-repeat":"repeat","background-position":"center center","background-size":"auto","background-attachment":"scroll","background-type":"","background-media":"","overlay-type":"","overlay-color":"","overlay-opacity":"","overlay-gradient":""},"tablet":{"background-color":"","background-image":"","background-repeat":"repeat","background-position":"center center","background-size":"auto","background-attachment":"scroll","background-type":"","background-media":"","overlay-type":"","overlay-color":"","overlay-opacity":"","overlay-gradient":""},"mobile":{"background-color":"","background-image":"","background-repeat":"repeat","background-position":"center center","background-size":"auto","background-attachment":"scroll","background-type":"","background-media":"","overlay-type":"","overlay-color":"","overlay-opacity":"","overlay-gradient":""}},"ast-content-background-meta":{"desktop":{"background-color":"var(--ast-global-color-5)","background-image":"","background-repeat":"repeat","background-position":"center center","background-size":"auto","background-attachment":"scroll","background-type":"","background-media":"","overlay-type":"","overlay-color":"","overlay-opacity":"","overlay-gradient":""},"tablet":{"background-color":"var(--ast-global-color-5)","background-image":"","background-repeat":"repeat","background-position":"center center","background-size":"auto","background-attachment":"scroll","background-type":"","background-media":"","overlay-type":"","overlay-color":"","overlay-opacity":"","overlay-gradient":""},"mobile":{"background-color":"var(--ast-global-color-5)","background-image":"","background-repeat":"repeat","background-position":"center center","background-size":"auto","background-attachment":"scroll","background-type":"","background-media":"","overlay-type":"","overlay-color":"","overlay-opacity":"","overlay-gradient":""}},"footnotes":""},"class_list":["post-6233","page","type-page","status-publish","hentry"],"post_mailing_queue_ids":[],"_links":{"self":[{"href":"https:\/\/agora.xtec.cat\/iessantramon\/wp-json\/wp\/v2\/pages\/6233","targetHints":{"allow":["GET"]}}],"collection":[{"href":"https:\/\/agora.xtec.cat\/iessantramon\/wp-json\/wp\/v2\/pages"}],"about":[{"href":"https:\/\/agora.xtec.cat\/iessantramon\/wp-json\/wp\/v2\/types\/page"}],"author":[{"embeddable":true,"href":"https:\/\/agora.xtec.cat\/iessantramon\/wp-json\/wp\/v2\/users\/38"}],"replies":[{"embeddable":true,"href":"https:\/\/agora.xtec.cat\/iessantramon\/wp-json\/wp\/v2\/comments?post=6233"}],"version-history":[{"count":4,"href":"https:\/\/agora.xtec.cat\/iessantramon\/wp-json\/wp\/v2\/pages\/6233\/revisions"}],"predecessor-version":[{"id":7415,"href":"https:\/\/agora.xtec.cat\/iessantramon\/wp-json\/wp\/v2\/pages\/6233\/revisions\/7415"}],"wp:attachment":[{"href":"https:\/\/agora.xtec.cat\/iessantramon\/wp-json\/wp\/v2\/media?parent=6233"}],"curies":[{"name":"wp","href":"https:\/\/api.w.org\/{rel}","templated":true}]}}