{"id":6048,"date":"2024-04-22T11:07:04","date_gmt":"2024-04-22T09:07:04","guid":{"rendered":"https:\/\/agora.xtec.cat\/iessantramon\/?page_id=6048"},"modified":"2024-11-18T12:05:29","modified_gmt":"2024-11-18T11:05:29","slug":"cfgm-de-gestio-administrativa-curs-24-25","status":"publish","type":"page","link":"https:\/\/agora.xtec.cat\/iessantramon\/cfgm-de-gestio-administrativa-curs-24-25\/","title":{"rendered":"Informaci\u00f3 general del cicle formatiu"},"content":{"rendered":"<p>En aquest espai hi podeu trobar altre informaci\u00f3 sobre el cicle formatiu de gesti\u00f3 administrativa<\/p>\n<p><a href=\"https:\/\/agora.xtec.cat\/iessantramon\/wp-content\/uploads\/usu387\/2024\/11\/Horaris_Cursos.png\"><img loading=\"lazy\" decoding=\"async\" class=\"alignnone size-medium wp-image-6476\" src=\"https:\/\/agora.xtec.cat\/iessantramon\/wp-content\/uploads\/usu387\/2024\/11\/Horaris_Cursos-300x282.png\" alt=\"\" width=\"300\" height=\"282\" srcset=\"https:\/\/agora.xtec.cat\/iessantramon\/wp-content\/uploads\/usu387\/2024\/11\/Horaris_Cursos-300x282.png 300w, https:\/\/agora.xtec.cat\/iessantramon\/wp-content\/uploads\/usu387\/2024\/11\/Horaris_Cursos.png 449w\" sizes=\"auto, (max-width: 300px) 100vw, 300px\" \/><\/a><\/p>\n<p><span style=\"text-decoration: underline;\"><strong>Estada a l&#8217;empresa del nou curr\u00edculum. Dues modalitats.<\/strong><\/span><\/p>\n<p>1 &#8211; Dual general. 1485 h de formaci\u00f3 al centre i\u00a0 515 h a l&#8217;empresa.<\/p>\n<p>2 &#8211; Dual intensiva. 1287 h de formaci\u00f3 al centre i 713 h a l&#8217;empresa (<span class=\"C9DxTc \">515 h dual general + 198 h m\u00f2dul de Projecte)<\/span><span class=\"C9DxTc \">.\u00a0<\/span><\/p>\n<p>&nbsp;<\/p>\n<div class=\"CjVfdc\"><strong><span style=\"text-decoration: underline; color: #000000;\"><span class=\"C9DxTc \">Requisits d&#8217;acc\u00e9s.<\/span><span class=\"C9DxTc \"> Hi ha 3 vies per accedir al cicle:<\/span><\/span><\/strong><\/div>\n<div><\/div>\n<div>Via 1: ESO o Cicle Formatiu de Grau B\u00e0sic.<\/div>\n<div><\/div>\n<div>Via 2: Prova d&#8217;acc\u00e9s o altres titulacions.<\/div>\n<div><\/div>\n<div>Via 3: T\u00edtol de t\u00e8cnic d&#8217;altres titulacions.<\/div>\n<div class=\"CjVfdc\"><span class=\"C9DxTc \">\u00a0<\/span><\/div>\n<p class=\"zfr3Q CDt4Ke \" dir=\"ltr\" role=\"presentation\">+ 2 places per Certificats de Professionalitat.<\/p>\n<p dir=\"ltr\" role=\"presentation\">\n<p dir=\"ltr\" role=\"presentation\"><span style=\"text-decoration: underline;\"><strong>Sortides professionals i llocs de treball<\/strong><\/span><\/p>\n<p dir=\"ltr\" role=\"presentation\">Realitzar activitats de suport administratiu en l&#8217;\u00e0mbit laboral, comptable, comercial, financer i fiscal, aix\u00ed com d\u2019atenci\u00f3 al client\/usuari, tant en empreses p\u00fabliques com privades, aplicant la normativa vigent i els protocols de qualitat, assegurant la satisfacci\u00f3 del client.<\/p>\n<ul>\n<li class=\"zfr3Q TYR86d eD0Rn \" dir=\"ltr\">\n<p class=\"zfr3Q CDt4Ke \" dir=\"ltr\" role=\"presentation\"><span class=\"C9DxTc \">Auxiliar administratiu<\/span><\/p>\n<\/li>\n<li class=\"zfr3Q TYR86d eD0Rn \" dir=\"ltr\">\n<p class=\"zfr3Q CDt4Ke \" dir=\"ltr\" role=\"presentation\"><span class=\"C9DxTc \">Administratiu comercial<\/span><\/p>\n<\/li>\n<li class=\"zfr3Q TYR86d eD0Rn \" dir=\"ltr\">\n<p class=\"zfr3Q CDt4Ke \" dir=\"ltr\" role=\"presentation\"><span class=\"C9DxTc \">Auxiliar administratiu de gesti\u00f3 de personal<\/span><\/p>\n<\/li>\n<li class=\"zfr3Q TYR86d eD0Rn \" dir=\"ltr\">\n<p class=\"zfr3Q CDt4Ke \" dir=\"ltr\" role=\"presentation\"><span class=\"C9DxTc \">Auxiliar administratiu de les administracions p\u00fabliques<\/span><\/p>\n<\/li>\n<li class=\"zfr3Q TYR86d eD0Rn \" dir=\"ltr\">\n<p class=\"zfr3Q CDt4Ke \" dir=\"ltr\" role=\"presentation\"><span class=\"C9DxTc \">Recepcionista i\/o empleat d&#8217;atenci\u00f3 al client<\/span><\/p>\n<\/li>\n<li class=\"zfr3Q TYR86d eD0Rn \" dir=\"ltr\">\n<p class=\"zfr3Q CDt4Ke \" dir=\"ltr\" role=\"presentation\"><span class=\"C9DxTc \">Empleat de tresoreria i de mitjans de pagament<\/span><\/p>\n<\/li>\n<\/ul>\n<p><a href=\"https:\/\/agora.xtec.cat\/iessantramon\/wp-content\/uploads\/usu387\/2024\/04\/Triptic_CFGM-Gestio-administrativa_1.jpg\"><img loading=\"lazy\" decoding=\"async\" class=\"alignnone size-medium wp-image-6074\" src=\"https:\/\/agora.xtec.cat\/iessantramon\/wp-content\/uploads\/usu387\/2024\/04\/Triptic_CFGM-Gestio-administrativa_1-300x232.jpg\" alt=\"\" width=\"300\" height=\"232\" srcset=\"https:\/\/agora.xtec.cat\/iessantramon\/wp-content\/uploads\/usu387\/2024\/04\/Triptic_CFGM-Gestio-administrativa_1-300x232.jpg 300w, https:\/\/agora.xtec.cat\/iessantramon\/wp-content\/uploads\/usu387\/2024\/04\/Triptic_CFGM-Gestio-administrativa_1-1024x791.jpg 1024w, https:\/\/agora.xtec.cat\/iessantramon\/wp-content\/uploads\/usu387\/2024\/04\/Triptic_CFGM-Gestio-administrativa_1-768x593.jpg 768w, https:\/\/agora.xtec.cat\/iessantramon\/wp-content\/uploads\/usu387\/2024\/04\/Triptic_CFGM-Gestio-administrativa_1-1536x1187.jpg 1536w, https:\/\/agora.xtec.cat\/iessantramon\/wp-content\/uploads\/usu387\/2024\/04\/Triptic_CFGM-Gestio-administrativa_1.jpg 2000w\" sizes=\"auto, (max-width: 300px) 100vw, 300px\" \/><\/a> <a href=\"https:\/\/agora.xtec.cat\/iessantramon\/wp-content\/uploads\/usu387\/2024\/04\/Triptic_CFGM-Gestio-administrativa_2.jpg\"><img loading=\"lazy\" decoding=\"async\" class=\"alignnone size-medium wp-image-6075\" src=\"https:\/\/agora.xtec.cat\/iessantramon\/wp-content\/uploads\/usu387\/2024\/04\/Triptic_CFGM-Gestio-administrativa_2-300x232.jpg\" alt=\"\" width=\"300\" height=\"232\" srcset=\"https:\/\/agora.xtec.cat\/iessantramon\/wp-content\/uploads\/usu387\/2024\/04\/Triptic_CFGM-Gestio-administrativa_2-300x232.jpg 300w, https:\/\/agora.xtec.cat\/iessantramon\/wp-content\/uploads\/usu387\/2024\/04\/Triptic_CFGM-Gestio-administrativa_2-1024x791.jpg 1024w, https:\/\/agora.xtec.cat\/iessantramon\/wp-content\/uploads\/usu387\/2024\/04\/Triptic_CFGM-Gestio-administrativa_2-768x593.jpg 768w, https:\/\/agora.xtec.cat\/iessantramon\/wp-content\/uploads\/usu387\/2024\/04\/Triptic_CFGM-Gestio-administrativa_2-1536x1187.jpg 1536w, https:\/\/agora.xtec.cat\/iessantramon\/wp-content\/uploads\/usu387\/2024\/04\/Triptic_CFGM-Gestio-administrativa_2.jpg 2000w\" sizes=\"auto, (max-width: 300px) 100vw, 300px\" \/><\/a><\/p>\n","protected":false},"excerpt":{"rendered":"<p>En aquest espai hi podeu trobar altre informaci\u00f3 sobre el cicle formatiu de gesti\u00f3 administrativa Estada a l&#8217;empresa del nou curr\u00edculum. Dues modalitats. 1 &#8211; Dual general. 1485 h de formaci\u00f3 al centre i\u00a0 515 h a l&#8217;empresa. 2 &#8211; Dual intensiva. 1287 h de formaci\u00f3 al centre i 713 h a l&#8217;empresa (515 h [&hellip;]<\/p>\n","protected":false},"author":38,"featured_media":0,"parent":0,"menu_order":0,"comment_status":"closed","ping_status":"closed","template":"","meta":{"_bbp_topic_count":0,"_bbp_reply_count":0,"_bbp_total_topic_count":0,"_bbp_total_reply_count":0,"_bbp_voice_count":0,"_bbp_anonymous_reply_count":0,"_bbp_topic_count_hidden":0,"_bbp_reply_count_hidden":0,"_bbp_forum_subforum_count":0,"site-sidebar-layout":"default","site-content-layout":"","ast-site-content-layout":"","site-content-style":"default","site-sidebar-style":"default","ast-global-header-display":"","ast-banner-title-visibility":"","ast-main-header-display":"","ast-hfb-above-header-display":"","ast-hfb-below-header-display":"","ast-hfb-mobile-header-display":"","site-post-title":"","ast-breadcrumbs-content":"","ast-featured-img":"","footer-sml-layout":"","theme-transparent-header-meta":"","adv-header-id-meta":"","stick-header-meta":"","header-above-stick-meta":"","header-main-stick-meta":"","header-below-stick-meta":"","astra-migrate-meta-layouts":"default","ast-page-background-enabled":"default","ast-page-background-meta":{"desktop":{"background-color":"var(--ast-global-color-4)","background-image":"","background-repeat":"repeat","background-position":"center center","background-size":"auto","background-attachment":"scroll","background-type":"","background-media":"","overlay-type":"","overlay-color":"","overlay-opacity":"","overlay-gradient":""},"tablet":{"background-color":"","background-image":"","background-repeat":"repeat","background-position":"center center","background-size":"auto","background-attachment":"scroll","background-type":"","background-media":"","overlay-type":"","overlay-color":"","overlay-opacity":"","overlay-gradient":""},"mobile":{"background-color":"","background-image":"","background-repeat":"repeat","background-position":"center center","background-size":"auto","background-attachment":"scroll","background-type":"","background-media":"","overlay-type":"","overlay-color":"","overlay-opacity":"","overlay-gradient":""}},"ast-content-background-meta":{"desktop":{"background-color":"var(--ast-global-color-5)","background-image":"","background-repeat":"repeat","background-position":"center center","background-size":"auto","background-attachment":"scroll","background-type":"","background-media":"","overlay-type":"","overlay-color":"","overlay-opacity":"","overlay-gradient":""},"tablet":{"background-color":"var(--ast-global-color-5)","background-image":"","background-repeat":"repeat","background-position":"center center","background-size":"auto","background-attachment":"scroll","background-type":"","background-media":"","overlay-type":"","overlay-color":"","overlay-opacity":"","overlay-gradient":""},"mobile":{"background-color":"var(--ast-global-color-5)","background-image":"","background-repeat":"repeat","background-position":"center center","background-size":"auto","background-attachment":"scroll","background-type":"","background-media":"","overlay-type":"","overlay-color":"","overlay-opacity":"","overlay-gradient":""}},"footnotes":""},"class_list":["post-6048","page","type-page","status-publish","hentry"],"post_mailing_queue_ids":[],"_links":{"self":[{"href":"https:\/\/agora.xtec.cat\/iessantramon\/wp-json\/wp\/v2\/pages\/6048","targetHints":{"allow":["GET"]}}],"collection":[{"href":"https:\/\/agora.xtec.cat\/iessantramon\/wp-json\/wp\/v2\/pages"}],"about":[{"href":"https:\/\/agora.xtec.cat\/iessantramon\/wp-json\/wp\/v2\/types\/page"}],"author":[{"embeddable":true,"href":"https:\/\/agora.xtec.cat\/iessantramon\/wp-json\/wp\/v2\/users\/38"}],"replies":[{"embeddable":true,"href":"https:\/\/agora.xtec.cat\/iessantramon\/wp-json\/wp\/v2\/comments?post=6048"}],"version-history":[{"count":6,"href":"https:\/\/agora.xtec.cat\/iessantramon\/wp-json\/wp\/v2\/pages\/6048\/revisions"}],"predecessor-version":[{"id":6478,"href":"https:\/\/agora.xtec.cat\/iessantramon\/wp-json\/wp\/v2\/pages\/6048\/revisions\/6478"}],"wp:attachment":[{"href":"https:\/\/agora.xtec.cat\/iessantramon\/wp-json\/wp\/v2\/media?parent=6048"}],"curies":[{"name":"wp","href":"https:\/\/api.w.org\/{rel}","templated":true}]}}