{"id":4991,"date":"2025-09-10T10:26:03","date_gmt":"2025-09-10T08:26:03","guid":{"rendered":"https:\/\/agora.xtec.cat\/iessantramon\/?page_id=4991"},"modified":"2025-11-05T11:07:31","modified_gmt":"2025-11-05T10:07:31","slug":"personal","status":"publish","type":"page","link":"https:\/\/agora.xtec.cat\/iessantramon\/personal\/","title":{"rendered":"Personal del centre &#8211; tutors &#8211; c\u00e0rrecs"},"content":{"rendered":"<p><a href=\"https:\/\/agora.xtec.cat\/iessantramon\/wp-content\/uploads\/usu387\/2021\/09\/CARRECS-I-CONTACTES-1.jpg\"><img loading=\"lazy\" decoding=\"async\" class=\"size-medium wp-image-4446 alignleft\" src=\"https:\/\/agora.xtec.cat\/iessantramon\/wp-content\/uploads\/usu387\/2021\/09\/CARRECS-I-CONTACTES-1-300x300.jpg\" alt=\"\" width=\"300\" height=\"300\" srcset=\"https:\/\/agora.xtec.cat\/iessantramon\/wp-content\/uploads\/usu387\/2021\/09\/CARRECS-I-CONTACTES-1-300x300.jpg 300w, https:\/\/agora.xtec.cat\/iessantramon\/wp-content\/uploads\/usu387\/2021\/09\/CARRECS-I-CONTACTES-1-1024x1024.jpg 1024w, https:\/\/agora.xtec.cat\/iessantramon\/wp-content\/uploads\/usu387\/2021\/09\/CARRECS-I-CONTACTES-1-150x150.jpg 150w, https:\/\/agora.xtec.cat\/iessantramon\/wp-content\/uploads\/usu387\/2021\/09\/CARRECS-I-CONTACTES-1-768x768.jpg 768w, https:\/\/agora.xtec.cat\/iessantramon\/wp-content\/uploads\/usu387\/2021\/09\/CARRECS-I-CONTACTES-1.jpg 1080w\" sizes=\"auto, (max-width: 300px) 100vw, 300px\" \/><\/a>Si voleu contactar amb el tutor o la tutora, amb l&#8217;equip directiu o personal d&#8217;atenci\u00f3 administrativa i consergeria, aqu\u00ed podeu trobar els seus correus de contacte.<\/p>\n<table style=\"height: 144px; width: 37.0254%; border-collapse: collapse; border-color: #030303; background-color: #9de0fc; border-style: solid;\">\n<tbody>\n<tr style=\"height: 32px;\">\n<td style=\"text-align: center; height: 32px; width: 44.3182%;\" colspan=\"3\"><strong>EQUIP DIRECTIU<\/strong><br \/>\n<strong><br \/>\n<\/strong><\/td>\n<\/tr>\n<tr style=\"height: 32px;\">\n<td style=\"width: 13.9398%; text-align: center; height: 32px;\"><strong>CAP D&#8217;ESTUDIS &#8211; DIRECTORA EN FUNCIONS<\/strong><\/td>\n<td style=\"width: 1.3089%; text-align: center; height: 32px;\"><strong>SECRETARI<\/strong><\/td>\n<td style=\"width: 29.0695%; text-align: center; height: 32px;\"><strong>COORD.PEDAG\u00d2GICA<\/strong><\/td>\n<\/tr>\n<tr style=\"height: 48px;\">\n<td style=\"width: 13.9398%; text-align: center; height: 48px;\">Laura Guti\u00e9rrez Garcia<\/td>\n<td style=\"width: 1.3089%; text-align: center; height: 48px;\">Rub\u00e8n D\u00edaz Dalmau<\/td>\n<td style=\"width: 29.0695%; text-align: center; height: 48px;\">Vanesa Besora Segu\u00e9s<\/td>\n<\/tr>\n<tr style=\"height: 32px;\">\n<td style=\"width: 13.9398%; text-align: center; height: 32px;\"><a href=\"direccio@inssantramon.cat\"><strong>direccio@inssantramon.cat<\/strong><\/a><\/td>\n<td style=\"width: 1.3089%; text-align: center; height: 32px;\"><a href=\"secretaria@inssantramon.cat\"><strong>secretaria@inssantramon.cat<\/strong><\/a><\/td>\n<td style=\"width: 29.0695%; text-align: center; height: 32px;\"><a href=\"mailto:vbesora@inssantramon.cat\"><strong>vbesora@inssantramon.cat<\/strong><\/a><\/td>\n<\/tr>\n<\/tbody>\n<\/table>\n<table style=\"border-collapse: collapse; width: 21.8609%;\">\n<tbody>\n<tr>\n<td style=\"width: 100%; background-color: #ffffff; border-color: #000000; border-style: solid; text-align: center;\"><strong>PSICOPEDAGOGA<\/strong><\/td>\n<\/tr>\n<tr>\n<td style=\"width: 100%; border-color: #000000; background-color: #fdff9e; text-align: center; border-style: solid;\">Yolanda Mar\u00edn<\/td>\n<\/tr>\n<tr>\n<td style=\"width: 100%; text-align: center; border-style: solid;\"><a href=\"mailto:ymarin@inssantramon.cat\"><strong>ymarin@inssantramon.cat<\/strong><\/a><\/td>\n<\/tr>\n<\/tbody>\n<\/table>\n<table style=\"height: 95px; width: 54.615%; border-collapse: collapse; border-color: #000000; border-style: solid; background-color: #c0faee;\">\n<tbody>\n<tr style=\"height: 32px;\">\n<td style=\"width: 20.5522%; height: 31px; text-align: center;\"><strong>TUTORA 1 ESO<\/strong><\/td>\n<td style=\"width: 24.9806%; height: 31px; text-align: center;\"><strong>COTUTORA 1 ESO<\/strong><\/td>\n<\/tr>\n<tr style=\"height: 32px;\">\n<td style=\"width: 20.5522%; height: 32px; text-align: center;\">Anna Vilaseca<\/td>\n<td style=\"width: 24.9806%; height: 32px; text-align: center;\">Anna Gonz\u00e1lez<\/td>\n<\/tr>\n<tr style=\"height: 32px;\">\n<td style=\"width: 20.5522%; height: 32px; text-align: center;\"><a href=\"mailto:annav@inssantramon.cat\"><strong>annav@inssantramon.cat<\/strong><\/a><\/td>\n<td style=\"width: 24.9806%; height: 32px; text-align: center;\"><a href=\"mailto:anna@inssantramon.cat\"><strong>anna@inssantramon.cat<\/strong><\/a><\/td>\n<\/tr>\n<\/tbody>\n<\/table>\n<table style=\"height: 96px; width: 54.4603%; border-collapse: collapse; background-color: #c0faee; border-color: #000000; border-style: solid;\">\n<tbody>\n<tr style=\"height: 32px;\">\n<td style=\"width: 34.5043%; height: 32px; text-align: center;\"><strong>TUTORA 2 ESO<\/strong><\/td>\n<td style=\"width: 35.1255%; height: 32px; text-align: center;\"><strong>COTUTORA 2 ESO<\/strong><\/td>\n<\/tr>\n<tr style=\"height: 32px;\">\n<td style=\"width: 34.5043%; height: 32px; text-align: center;\">M. Alba de Febrer<\/td>\n<td style=\"width: 35.1255%; height: 32px; text-align: center;\">Carla Rodr\u00edguez<\/td>\n<\/tr>\n<tr style=\"height: 32px;\">\n<td style=\"width: 34.5043%; height: 32px; text-align: center;\"><a href=\"alba@inssantramon.cat\"><strong>alba@inssantramon.cat<\/strong><\/a><\/td>\n<td style=\"width: 35.1255%; height: 32px; text-align: center;\"><a href=\"mailto:crodriguez@inssantramon.cat\"><strong>crodriguez@inssantramon.cat<\/strong><\/a><\/td>\n<\/tr>\n<\/tbody>\n<\/table>\n<table style=\"height: 95px; width: 54.4606%; border-collapse: collapse; background-color: #c0faee; border-color: #000000; border-style: solid;\">\n<tbody>\n<tr style=\"height: 32px;\">\n<td style=\"width: 30.3363%; height: 32px; text-align: center;\"><strong>TUTOR 3 ESO<\/strong><\/td>\n<td style=\"width: 25.7541%; height: 32px; text-align: center;\"><strong>COTUTORA 3 ESO<\/strong><\/td>\n<\/tr>\n<tr style=\"height: 32px;\">\n<td style=\"width: 30.3363%; height: 31px; text-align: center;\">Basi \u00c1lvarez<\/td>\n<td style=\"width: 25.7541%; height: 31px; text-align: center;\">Maria D\u00edaz<\/td>\n<\/tr>\n<tr style=\"height: 32px;\">\n<td style=\"width: 30.3363%; height: 32px; text-align: center;\"><a href=\"mailto:balvarez@inssantramon.cat\"><strong>balvarez@inssantramon.cat<\/strong><\/a><\/td>\n<td style=\"width: 25.7541%; height: 32px; text-align: center;\"><a href=\"mailto:mdiaz@inssantramon.cat\"><strong>mdiaz@inssantramon.cat<\/strong><\/a><\/td>\n<\/tr>\n<\/tbody>\n<\/table>\n<table style=\"height: 95px; width: 54.3873%; border-collapse: collapse; border-color: #000000; background-color: #c0faee; border-style: solid;\">\n<tbody>\n<tr style=\"height: 32px;\">\n<td style=\"width: 25.4129%; height: 32px; text-align: center;\"><strong>TUTORA 4 ESO<\/strong><\/td>\n<td style=\"width: 22.836%; height: 32px; text-align: center;\"><strong>COTUTOR 4 ESO<\/strong><\/td>\n<\/tr>\n<tr style=\"height: 32px;\">\n<td style=\"width: 25.4129%; height: 31px; text-align: center;\">Teresa Ma\u00f1osa<\/td>\n<td style=\"width: 22.836%; height: 31px; text-align: center;\">Jordi Torres<\/td>\n<\/tr>\n<tr style=\"height: 32px;\">\n<td style=\"width: 25.4129%; height: 32px; text-align: center;\"><a href=\"mailto:tere@inssantramon.cat\"><strong>tere@inssantramon.cat<\/strong><\/a><\/td>\n<td style=\"width: 22.836%; height: 32px; text-align: center;\"><a href=\"mailto:jtorres@inssantramon.cat\"><strong>jtorres@inssantramon.cat<\/strong><\/a><\/td>\n<\/tr>\n<\/tbody>\n<\/table>\n<table style=\"width: 54.3148%; border-collapse: collapse; border-style: solid; border-color: #000000; background-color: #c0faee; height: 72px;\">\n<tbody>\n<tr style=\"height: 32px;\">\n<td style=\"width: 37.7996%; text-align: center; height: 32px;\"><strong>TUTOR 1r BATXILLERAT<\/strong><\/td>\n<\/tr>\n<tr style=\"height: 61px;\">\n<td style=\"width: 37.7996%; text-align: center; height: 10px;\">Joan Corominas<\/td>\n<\/tr>\n<tr style=\"height: 61px;\">\n<td style=\"width: 37.7996%; text-align: center; height: 30px;\"><a href=\"mailto:jcorominas@inssantramon.cat\"><strong>jcorominas@inssantramon.cat<\/strong><\/a><\/td>\n<\/tr>\n<\/tbody>\n<\/table>\n<table style=\"height: 96px; width: 54.4576%; border-collapse: collapse; background-color: #c0faee; border-color: #000000; border-style: solid;\">\n<tbody>\n<tr style=\"height: 32px;\">\n<td style=\"width: 38.3155%; height: 32px; text-align: center;\"><strong>TUTORA 2n BATXILLERAT<\/strong><\/td>\n<\/tr>\n<tr style=\"height: 32px;\">\n<td style=\"width: 38.3155%; height: 32px; text-align: center;\">Andrea Gonz\u00e1lez<\/td>\n<\/tr>\n<tr style=\"height: 32px;\">\n<td style=\"width: 38.3155%; height: 32px; text-align: center;\"><a href=\"mailto:agonzalez@inssantramon.cat\"><strong>agonzalez@inssantramon.cat<\/strong><\/a><\/td>\n<\/tr>\n<\/tbody>\n<\/table>\n<table style=\"height: 96px; width: 49.7761%; border-collapse: collapse; background-color: #c0faee; border-color: #000000; border-style: solid;\">\n<tbody>\n<tr style=\"height: 32px;\">\n<td style=\"width: 39.1572%; height: 32px; text-align: center;\"><strong>TUTORA 1r CFGM ADMINISTRACI\u00d3<\/strong><\/td>\n<td style=\"width: 38.4933%; height: 32px; text-align: center;\"><strong>TUTORA 2n CFGM ADMINISTRACI\u00d3<\/strong><\/td>\n<td style=\"width: 34.5981%; text-align: center; height: 32px;\"><strong>CAP D&#8217;AMBIT<\/strong><\/td>\n<\/tr>\n<tr style=\"height: 32px;\">\n<td style=\"width: 39.1572%; height: 32px; text-align: center;\">Anna Franch<\/td>\n<td style=\"width: 38.4933%; height: 32px; text-align: center;\">Linet Jim\u00e9nez Ratia<\/td>\n<td style=\"width: 34.5981%; height: 32px; text-align: center;\">Vanesa Besora Segu\u00e9s<\/td>\n<\/tr>\n<tr style=\"height: 32px;\">\n<td style=\"width: 39.1572%; height: 32px; text-align: center;\"><a href=\"mailto:afranch@inssantramon.cat\"><strong>afranch@inssantramon.cat<\/strong><\/a><\/td>\n<td style=\"width: 38.4933%; height: 32px; text-align: center;\"><a href=\"ljimenez@inssantramon.cat\"><strong>ljimenez@inssantramon.cat\u00a0<\/strong><\/a><\/td>\n<td style=\"width: 34.5981%; height: 32px; text-align: center;\"><a href=\"vbesora@inssantramon.cat\"><strong>vbesora@inssantramon.cat<\/strong><\/a><\/td>\n<\/tr>\n<\/tbody>\n<\/table>\n<p>&nbsp;<\/p>\n<table style=\"width: 44%; height: 172px;\">\n<tbody>\n<tr style=\"height: 33px;\">\n<td style=\"border-color: #000000; border-style: solid; text-align: center; height: 33px; background-color: #ffd2ad;\" colspan=\"2\"><strong>PERSONAL D\u2019ADMINISTRACI\u00d3 I SERVEIS<\/strong><\/td>\n<\/tr>\n<tr style=\"height: 33px;\">\n<td style=\"border-color: #000000; border-style: solid; text-align: center; height: 33px; background-color: #ffd2ad;\"><strong>ADMINISTRATIVA<\/strong><\/td>\n<td style=\"border-color: #000000; border-style: solid; text-align: center; height: 33px; background-color: #ffd2ad;\"><strong>CONSERGES<\/strong><\/td>\n<\/tr>\n<tr style=\"height: 73px;\">\n<td style=\"border-style: solid; text-align: center; background-color: #ffffff; border-color: #000000; height: 73px;\">Dolors Serra Sellar\u00e9s<\/td>\n<td style=\"border-style: solid; text-align: center; background-color: #ffffff; border-color: #000000; height: 73px;\">Lidia Arnau Puig<\/p>\n<p>Jordi Sarri Forast\u00e9<\/td>\n<\/tr>\n<tr style=\"height: 33px;\">\n<td style=\"border-style: solid; background-color: #ffffff; border-color: #000000; height: 33px;\"><a href=\"secretaria@inssantramon.cat\"><strong>secretaria@inssantramon.cat<\/strong><\/a><\/td>\n<td style=\"border-style: solid; background-color: #ffffff; border-color: #000000; height: 33px;\"><a href=\"conserges@inssantramon.cat\"><strong>conserges@inssantramon.cat<\/strong><\/a><\/td>\n<\/tr>\n<\/tbody>\n<\/table>\n<h4><\/h4>\n<h4><strong>RESTA DE PERSONAL DOCENT<\/strong><\/h4>\n<p>&nbsp;<\/p>\n<table style=\"border-collapse: collapse; width: 92.5767%; height: 352px;\">\n<tbody>\n<tr style=\"height: 32px;\">\n<td style=\"width: 31.7139%; border-color: #000000; background-color: #f4dcfc; height: 32px;\" width=\"169\">BOIX, Anna<\/td>\n<td style=\"width: 26.8556%; border-color: #000000; background-color: #f4dcfc; height: 32px;\" width=\"143\">Catal\u00e0<\/td>\n<td style=\"width: 34.0081%; border-color: #000000; background-color: #f4dcfc; height: 32px;\" width=\"221\"><strong><a href=\"mailto:aboix@inssantramon.cat\">aboix@inssantramon.catER<\/a><\/strong><\/td>\n<\/tr>\n<tr style=\"height: 32px;\">\n<td style=\"width: 31.7139%; border-color: #000000; background-color: #f4dcfc; height: 32px;\" width=\"169\">COLLANTES, Carmen<\/td>\n<td style=\"width: 26.8556%; border-color: #000000; background-color: #f4dcfc; height: 32px;\" width=\"143\">Dibuix<\/td>\n<td style=\"width: 34.0081%; border-color: #000000; background-color: #f4dcfc; height: 32px;\" width=\"221\"><strong><a href=\"mailto:ccollantes@inssantramon.cat\">ccollantes@inssantramon.cat<\/a><\/strong><\/td>\n<\/tr>\n<tr style=\"height: 32px;\">\n<td style=\"width: 31.7139%; border-color: #000000; background-color: #f4dcfc; height: 32px;\" width=\"169\">FERN\u00c1NDEZ, Arnau<\/td>\n<td style=\"width: 26.8556%; border-color: #000000; background-color: #f4dcfc; height: 32px;\" width=\"143\">Matem\u00e0tiques<\/td>\n<td style=\"width: 34.0081%; border-color: #000000; background-color: #f4dcfc; height: 32px;\" width=\"221\"><strong><a href=\"mailto:afernandez@inssantramon.cat\">afernandez@inssantramon.cat<\/a><\/strong><\/td>\n<\/tr>\n<tr style=\"height: 32px;\">\n<td style=\"width: 31.7139%; border-color: #000000; background-color: #f4dcfc; height: 32px;\" width=\"169\">HERV\u00c0S, Albert<\/td>\n<td style=\"width: 26.8556%; border-color: #000000; background-color: #f4dcfc; height: 32px;\" width=\"143\">Cicle formatiu<\/td>\n<td style=\"width: 34.0081%; border-color: #000000; background-color: #f4dcfc; height: 32px;\" width=\"221\"><strong><a href=\"mailto:ahervas@inssantramon.cat\">ahervas@inssantramon.cat<\/a><\/strong><\/td>\n<\/tr>\n<tr style=\"height: 32px;\">\n<td style=\"width: 31.7139%; border-color: #000000; background-color: #f4dcfc; height: 32px;\" width=\"169\">HURTADO, Miquel<\/td>\n<td style=\"width: 26.8556%; border-color: #000000; background-color: #f4dcfc; height: 32px;\" width=\"143\">Biologia i geologia<\/td>\n<td style=\"width: 34.0081%; border-color: #000000; background-color: #f4dcfc; height: 32px;\" width=\"221\"><strong><a href=\"mailto:miquel@inssantramon.cat\">miquel@inssantramon.cat<\/a><\/strong><\/td>\n<\/tr>\n<tr style=\"height: 32px;\">\n<td style=\"width: 31.7139%; border-color: #000000; background-color: #f4dcfc; height: 32px;\" width=\"169\">PALOU, Carles<\/td>\n<td style=\"width: 26.8556%; border-color: #000000; background-color: #f4dcfc; height: 32px;\" width=\"143\">Matem\u00e0tiques<\/td>\n<td style=\"width: 34.0081%; border-color: #000000; background-color: #f4dcfc; height: 32px;\" width=\"221\"><a href=\"mailto:cpalou@inssantramon.cat\"><strong>cpalou@inssantramon.cat<\/strong><\/a><\/td>\n<\/tr>\n<tr style=\"height: 32px;\">\n<td style=\"width: 31.7139%; border-color: #000000; background-color: #f4dcfc; height: 32px;\" width=\"169\">RUB\u00cd, Carles<\/td>\n<td style=\"width: 26.8556%; border-color: #000000; background-color: #f4dcfc; height: 32px;\" width=\"143\">Dibuix<\/td>\n<td style=\"width: 34.0081%; border-color: #000000; background-color: #f4dcfc; height: 32px;\" width=\"221\"><a href=\"mailto:crubi@inssantramon.cat\"><strong>crubi@inssantramon.cat<\/strong><\/a><\/td>\n<\/tr>\n<tr style=\"height: 32px;\">\n<td style=\"width: 31.7139%; border-color: #000000; background-color: #f4dcfc; height: 32px;\" width=\"169\">SIMON, Josep M<\/td>\n<td style=\"width: 26.8556%; border-color: #000000; background-color: #f4dcfc; height: 32px;\" width=\"143\">Matem\u00e0tiques<\/td>\n<td style=\"width: 34.0081%; border-color: #000000; background-color: #f4dcfc; height: 32px;\" width=\"221\"><a href=\"mailto:simon@inssantramon.cat\"><strong>simon@inssantramon.cat<\/strong><\/a><\/td>\n<\/tr>\n<tr style=\"height: 32px;\">\n<td style=\"width: 31.7139%; border-color: #000000; background-color: #f4dcfc; height: 32px;\" width=\"169\">VICENTE, Anna M.<\/td>\n<td style=\"width: 26.8556%; border-color: #000000; background-color: #f4dcfc; height: 32px;\" width=\"143\">Religi\u00f3<\/td>\n<td style=\"width: 34.0081%; border-color: #000000; background-color: #f4dcfc; height: 32px;\" width=\"221\"><a href=\"mailto:anamaria@inssantramon.cat\"><strong>anamaria@inssantramon.cat<\/strong><\/a><\/td>\n<\/tr>\n<tr style=\"height: 32px;\">\n<td style=\"width: 31.7139%; border-color: #000000; background-color: #f4dcfc; height: 32px;\" width=\"169\">VILANOVA, David<\/td>\n<td style=\"width: 26.8556%; border-color: #000000; background-color: #f4dcfc; height: 32px;\" width=\"143\">Matem\u00e0tiques<\/td>\n<td style=\"width: 34.0081%; border-color: #000000; background-color: #f4dcfc; height: 32px;\" width=\"221\"><a href=\"mailto:david@inssantramon.cat\"><strong>david@inssantramon.cat<\/strong><\/a><\/td>\n<\/tr>\n<\/tbody>\n<\/table>\n","protected":false},"excerpt":{"rendered":"<p>Si voleu contactar amb el tutor o la tutora, amb l&#8217;equip directiu o personal d&#8217;atenci\u00f3 administrativa i consergeria, aqu\u00ed podeu trobar els seus correus de contacte. EQUIP DIRECTIU CAP D&#8217;ESTUDIS &#8211; DIRECTORA EN FUNCIONS SECRETARI COORD.PEDAG\u00d2GICA Laura Guti\u00e9rrez Garcia Rub\u00e8n D\u00edaz Dalmau Vanesa Besora Segu\u00e9s direccio@inssantramon.cat secretaria@inssantramon.cat vbesora@inssantramon.cat PSICOPEDAGOGA Yolanda Mar\u00edn ymarin@inssantramon.cat TUTORA 1 ESO [&hellip;]<\/p>\n","protected":false},"author":38,"featured_media":0,"parent":0,"menu_order":0,"comment_status":"closed","ping_status":"closed","template":"","meta":{"_bbp_topic_count":0,"_bbp_reply_count":0,"_bbp_total_topic_count":0,"_bbp_total_reply_count":0,"_bbp_voice_count":0,"_bbp_anonymous_reply_count":0,"_bbp_topic_count_hidden":0,"_bbp_reply_count_hidden":0,"_bbp_forum_subforum_count":0,"site-sidebar-layout":"default","site-content-layout":"","ast-site-content-layout":"default","site-content-style":"default","site-sidebar-style":"default","ast-global-header-display":"","ast-banner-title-visibility":"","ast-main-header-display":"","ast-hfb-above-header-display":"","ast-hfb-below-header-display":"","ast-hfb-mobile-header-display":"","site-post-title":"","ast-breadcrumbs-content":"","ast-featured-img":"","footer-sml-layout":"","theme-transparent-header-meta":"default","adv-header-id-meta":"","stick-header-meta":"","header-above-stick-meta":"","header-main-stick-meta":"","header-below-stick-meta":"","astra-migrate-meta-layouts":"set","ast-page-background-enabled":"default","ast-page-background-meta":{"desktop":{"background-color":"var(--ast-global-color-4)","background-image":"","background-repeat":"repeat","background-position":"center center","background-size":"auto","background-attachment":"scroll","background-type":"","background-media":"","overlay-type":"","overlay-color":"","overlay-opacity":"","overlay-gradient":""},"tablet":{"background-color":"","background-image":"","background-repeat":"repeat","background-position":"center center","background-size":"auto","background-attachment":"scroll","background-type":"","background-media":"","overlay-type":"","overlay-color":"","overlay-opacity":"","overlay-gradient":""},"mobile":{"background-color":"","background-image":"","background-repeat":"repeat","background-position":"center center","background-size":"auto","background-attachment":"scroll","background-type":"","background-media":"","overlay-type":"","overlay-color":"","overlay-opacity":"","overlay-gradient":""}},"ast-content-background-meta":{"desktop":{"background-color":"var(--ast-global-color-5)","background-image":"","background-repeat":"repeat","background-position":"center center","background-size":"auto","background-attachment":"scroll","background-type":"","background-media":"","overlay-type":"","overlay-color":"","overlay-opacity":"","overlay-gradient":""},"tablet":{"background-color":"var(--ast-global-color-5)","background-image":"","background-repeat":"repeat","background-position":"center center","background-size":"auto","background-attachment":"scroll","background-type":"","background-media":"","overlay-type":"","overlay-color":"","overlay-opacity":"","overlay-gradient":""},"mobile":{"background-color":"var(--ast-global-color-5)","background-image":"","background-repeat":"repeat","background-position":"center center","background-size":"auto","background-attachment":"scroll","background-type":"","background-media":"","overlay-type":"","overlay-color":"","overlay-opacity":"","overlay-gradient":""}},"footnotes":""},"class_list":["post-4991","page","type-page","status-publish","hentry"],"post_mailing_queue_ids":[],"_links":{"self":[{"href":"https:\/\/agora.xtec.cat\/iessantramon\/wp-json\/wp\/v2\/pages\/4991","targetHints":{"allow":["GET"]}}],"collection":[{"href":"https:\/\/agora.xtec.cat\/iessantramon\/wp-json\/wp\/v2\/pages"}],"about":[{"href":"https:\/\/agora.xtec.cat\/iessantramon\/wp-json\/wp\/v2\/types\/page"}],"author":[{"embeddable":true,"href":"https:\/\/agora.xtec.cat\/iessantramon\/wp-json\/wp\/v2\/users\/38"}],"replies":[{"embeddable":true,"href":"https:\/\/agora.xtec.cat\/iessantramon\/wp-json\/wp\/v2\/comments?post=4991"}],"version-history":[{"count":6,"href":"https:\/\/agora.xtec.cat\/iessantramon\/wp-json\/wp\/v2\/pages\/4991\/revisions"}],"predecessor-version":[{"id":7340,"href":"https:\/\/agora.xtec.cat\/iessantramon\/wp-json\/wp\/v2\/pages\/4991\/revisions\/7340"}],"wp:attachment":[{"href":"https:\/\/agora.xtec.cat\/iessantramon\/wp-json\/wp\/v2\/media?parent=4991"}],"curies":[{"name":"wp","href":"https:\/\/api.w.org\/{rel}","templated":true}]}}