{"id":4886,"date":"2022-10-19T16:06:09","date_gmt":"2022-10-19T14:06:09","guid":{"rendered":"https:\/\/agora.xtec.cat\/iessantramon\/?page_id=4886"},"modified":"2025-01-31T10:13:45","modified_gmt":"2025-01-31T09:13:45","slug":"convalidacions-musica","status":"publish","type":"page","link":"https:\/\/agora.xtec.cat\/iessantramon\/convalidacions-musica\/","title":{"rendered":"Convalidacions m\u00fasica"},"content":{"rendered":"<p>L&#8217;alumnat que cursa simult\u00e0niament l&#8217;ESO o el batxillerat amb estudis en una escola de dansa o m\u00fasica autoritzada pot gaudir de les mesures de simultane\u00eftat en els termes que estableix la normativa corresponent.<\/p>\n<p>L&#8217;escola de m\u00fasica o de dansa autoritzada \u00e9s responsable d&#8217;emetre el certificat\u00a0 corresponent, a petici\u00f3 de l&#8217;alumne o de la fam\u00edlia. Aix\u00ed mateix, l&#8217;escola de m\u00fasica o de dansa ha de fer el seguiment dels alumnes que cursen educaci\u00f3 secund\u00e0ria obligat\u00f2ria o batxillerat i sol\u00b7liciten les mesures de simultane\u00eftat.<\/p>\n<p>Si vols sol\u00b7licitar la reducci\u00f3 de mat\u00e8ries a l&#8217;ESO o Batxillerat, has d&#8217;omplir una d&#8217;aquesta sol\u00b7licituds (segons si curses ESO o BTX) i lliurar-nos-la a secretaria.<\/p>\n<p><a href=\"https:\/\/agora.xtec.cat\/iessantramon\/wp-content\/uploads\/usu387\/2022\/10\/sollicitud-reduccio-materies-secundaria.pdf\">sol\u00b7licitud reducci\u00f3 mat\u00e8ries secund\u00e0ria<\/a><\/p>\n<p><a href=\"https:\/\/agora.xtec.cat\/iessantramon\/wp-content\/uploads\/usu387\/2022\/10\/sollicitud-reduccio-materies-batxillerat-.pdf\">sol\u00b7licitud reducci\u00f3 mat\u00e8ries batxillerat<\/a><\/p>\n<blockquote class=\"wp-embedded-content\" data-secret=\"gLLWisQ2Q9\"><p><a href=\"https:\/\/agora.xtec.cat\/iessantramon\/general\/informacio-sobre-convalidacions-a-leso-i-al-batxillerat\/\">Informaci\u00f3 sobre convalidacions a l&#8217;ESO i al Batxillerat<\/a><\/p><\/blockquote>\n<p><iframe loading=\"lazy\" class=\"wp-embedded-content\" sandbox=\"allow-scripts\" security=\"restricted\" style=\"position: absolute; clip: rect(1px, 1px, 1px, 1px);\" title=\"&#8220;Informaci\u00f3 sobre convalidacions a l&#8217;ESO i al Batxillerat&#8221; &#8212; Institut Sant Ramon\" src=\"https:\/\/agora.xtec.cat\/iessantramon\/general\/informacio-sobre-convalidacions-a-leso-i-al-batxillerat\/embed\/#?secret=0IbjxagV0Q#?secret=gLLWisQ2Q9\" data-secret=\"gLLWisQ2Q9\" width=\"500\" height=\"282\" frameborder=\"0\" marginwidth=\"0\" marginheight=\"0\" scrolling=\"no\"><\/iframe><\/p>\n","protected":false},"excerpt":{"rendered":"<p>L&#8217;alumnat que cursa simult\u00e0niament l&#8217;ESO o el batxillerat amb estudis en una escola de dansa o m\u00fasica autoritzada pot gaudir de les mesures de simultane\u00eftat en els termes que estableix la normativa corresponent. L&#8217;escola de m\u00fasica o de dansa autoritzada \u00e9s responsable d&#8217;emetre el certificat\u00a0 corresponent, a petici\u00f3 de l&#8217;alumne o de la fam\u00edlia. Aix\u00ed [&hellip;]<\/p>\n","protected":false},"author":38,"featured_media":0,"parent":0,"menu_order":0,"comment_status":"closed","ping_status":"closed","template":"","meta":{"_bbp_topic_count":0,"_bbp_reply_count":0,"_bbp_total_topic_count":0,"_bbp_total_reply_count":0,"_bbp_voice_count":0,"_bbp_anonymous_reply_count":0,"_bbp_topic_count_hidden":0,"_bbp_reply_count_hidden":0,"_bbp_forum_subforum_count":0,"site-sidebar-layout":"default","site-content-layout":"","ast-site-content-layout":"","site-content-style":"default","site-sidebar-style":"default","ast-global-header-display":"","ast-banner-title-visibility":"","ast-main-header-display":"","ast-hfb-above-header-display":"","ast-hfb-below-header-display":"","ast-hfb-mobile-header-display":"","site-post-title":"","ast-breadcrumbs-content":"","ast-featured-img":"","footer-sml-layout":"","theme-transparent-header-meta":"","adv-header-id-meta":"","stick-header-meta":"","header-above-stick-meta":"","header-main-stick-meta":"","header-below-stick-meta":"","astra-migrate-meta-layouts":"default","ast-page-background-enabled":"default","ast-page-background-meta":{"desktop":{"background-color":"var(--ast-global-color-4)","background-image":"","background-repeat":"repeat","background-position":"center center","background-size":"auto","background-attachment":"scroll","background-type":"","background-media":"","overlay-type":"","overlay-color":"","overlay-opacity":"","overlay-gradient":""},"tablet":{"background-color":"","background-image":"","background-repeat":"repeat","background-position":"center center","background-size":"auto","background-attachment":"scroll","background-type":"","background-media":"","overlay-type":"","overlay-color":"","overlay-opacity":"","overlay-gradient":""},"mobile":{"background-color":"","background-image":"","background-repeat":"repeat","background-position":"center center","background-size":"auto","background-attachment":"scroll","background-type":"","background-media":"","overlay-type":"","overlay-color":"","overlay-opacity":"","overlay-gradient":""}},"ast-content-background-meta":{"desktop":{"background-color":"var(--ast-global-color-5)","background-image":"","background-repeat":"repeat","background-position":"center center","background-size":"auto","background-attachment":"scroll","background-type":"","background-media":"","overlay-type":"","overlay-color":"","overlay-opacity":"","overlay-gradient":""},"tablet":{"background-color":"var(--ast-global-color-5)","background-image":"","background-repeat":"repeat","background-position":"center center","background-size":"auto","background-attachment":"scroll","background-type":"","background-media":"","overlay-type":"","overlay-color":"","overlay-opacity":"","overlay-gradient":""},"mobile":{"background-color":"var(--ast-global-color-5)","background-image":"","background-repeat":"repeat","background-position":"center center","background-size":"auto","background-attachment":"scroll","background-type":"","background-media":"","overlay-type":"","overlay-color":"","overlay-opacity":"","overlay-gradient":""}},"footnotes":""},"class_list":["post-4886","page","type-page","status-publish","hentry"],"post_mailing_queue_ids":[],"_links":{"self":[{"href":"https:\/\/agora.xtec.cat\/iessantramon\/wp-json\/wp\/v2\/pages\/4886","targetHints":{"allow":["GET"]}}],"collection":[{"href":"https:\/\/agora.xtec.cat\/iessantramon\/wp-json\/wp\/v2\/pages"}],"about":[{"href":"https:\/\/agora.xtec.cat\/iessantramon\/wp-json\/wp\/v2\/types\/page"}],"author":[{"embeddable":true,"href":"https:\/\/agora.xtec.cat\/iessantramon\/wp-json\/wp\/v2\/users\/38"}],"replies":[{"embeddable":true,"href":"https:\/\/agora.xtec.cat\/iessantramon\/wp-json\/wp\/v2\/comments?post=4886"}],"version-history":[{"count":2,"href":"https:\/\/agora.xtec.cat\/iessantramon\/wp-json\/wp\/v2\/pages\/4886\/revisions"}],"predecessor-version":[{"id":6699,"href":"https:\/\/agora.xtec.cat\/iessantramon\/wp-json\/wp\/v2\/pages\/4886\/revisions\/6699"}],"wp:attachment":[{"href":"https:\/\/agora.xtec.cat\/iessantramon\/wp-json\/wp\/v2\/media?parent=4886"}],"curies":[{"name":"wp","href":"https:\/\/api.w.org\/{rel}","templated":true}]}}