{"id":4540,"date":"2021-11-29T13:23:30","date_gmt":"2021-11-29T12:23:30","guid":{"rendered":"https:\/\/agora.xtec.cat\/iessantramon\/?page_id=4540"},"modified":"2021-11-29T13:58:17","modified_gmt":"2021-11-29T12:58:17","slug":"certificats-de-nivell-de-catala","status":"publish","type":"page","link":"https:\/\/agora.xtec.cat\/iessantramon\/secretaria\/certificats-de-nivell-de-catala\/","title":{"rendered":"Certificats de nivell de catal\u00e0"},"content":{"rendered":"<p><em><strong>Requisits:<\/strong><\/em><\/p>\n<ul style=\"list-style-type: circle;\">\n<li>Haver estat escolaritzat a Catalunya tota l&#8217;educaci\u00f3 prim\u00e0ria o EGB.<\/li>\n<li>No haver tingut una exempci\u00f3 de llengua catalana.<\/li>\n<li>Haver iniciat l&#8217;escolaritzaci\u00f3 prim\u00e0ria a partir del curs 1978-1979 (incl\u00f2s). Els nascuts al 1972 compleixen aquest requisit.<\/li>\n<li>Si has nascut abans del 1972, has de dirigir-te al Departament d&#8217;Educaci\u00f3, al 93 639 05 90, a Negociat d&#8217;alumnat.<\/li>\n<\/ul>\n<p><em><strong>Com sol\u00b7licitar-lo:<\/strong><\/em><\/p>\n<p>Presencialment o a <a href=\"mailto:secretaria@inssantramon.cat\">secretaria@inssantramon.cat<\/a><\/p>\n<p><em><strong>Qu\u00e8 cal portar o enviar?<\/strong><\/em><\/p>\n<ul style=\"list-style-type: circle;\">\n<li>Sol\u00b7licitud: <a href=\"https:\/\/agora.xtec.cat\/iessantramon\/wp-content\/uploads\/usu387\/2021\/11\/sollicitud-de-reconeixement.pdf\">sol\u00b7licitud de reconeixement<\/a><\/li>\n<li>Original i fotoc\u00f2pia del DNI o, en el cas de sol\u00b7licitud per correu electr\u00f2nic, escaneig o foto del DNI.<\/li>\n<li>Documentaci\u00f3 segons quadre adjunt, depenent dels teus estudis:<\/li>\n<\/ul>\n<table style=\"border-collapse: collapse; width: 100%; height: 757px;\">\n<tbody>\n<tr style=\"height: 32px; border-color: #5500ff; background-color: #ebdefc;\">\n<td style=\"width: 16.2437%; height: 32px;\" width=\"119\"><strong>NIVELL B: Estudis realitzats<\/strong><\/td>\n<td style=\"width: 50.3263%; height: 32px;\" width=\"177\"><strong>Requisits d&#8217;obtenci\u00f3<\/strong><\/td>\n<td style=\"width: 33.3575%; height: 32px;\" width=\"295\"><strong>Documents que cal presentar<\/strong><\/td>\n<\/tr>\n<tr style=\"height: 163px;\">\n<td style=\"width: 16.2437%; height: 163px;\" width=\"119\"><strong>EGB\u00a0<\/strong><\/td>\n<td style=\"width: 50.3263%; height: 163px;\" width=\"177\">Haver cursat la totalitat de l\u2019EGB i\u00a0 la mat\u00e8ria de llengua catalana en la totalitat dels estudis esmentats a partir del curs 1978-1979.<\/td>\n<td style=\"width: 33.3575%; height: 163px; text-align: justify;\" width=\"295\">Original i fotoc\u00f2pia de les p\u00e0gines de la &#8220;Certificaci\u00f3 d&#8217;anys d&#8217;escolaritat&#8221;\u00a0del llibre d\u2019escolaritat de <strong>l\u2019EGB\u00a0<\/strong>o certificat acreditatiu<strong>*<\/strong><\/td>\n<\/tr>\n<tr style=\"height: 79px;\">\n<td style=\"width: 16.2437%; height: 79px;\"><strong>FP1 &#8211; T\u00e8cnic auxiliar<\/strong><\/td>\n<td style=\"width: 50.3263%; height: 79px;\">Haver cursat la totalitat de l\u2019EGB i FP1 i\u00a0 la mat\u00e8ria de llengua catalana en la totalitat dels estudis esmentats a partir del curs 1978-1979.<\/td>\n<td style=\"width: 33.3575%; height: 79px; text-align: justify;\">Original i fotoc\u00f2pia de les notes finals\u00a0 on surti la mat\u00e8ria de llengua catalana, de tots els cursos de <strong>FP1\u00a0<\/strong>o certificat acreditatiu<strong>*<\/strong><\/td>\n<\/tr>\n<tr style=\"height: 224px;\">\n<td style=\"width: 16.2437%; height: 224px;\"><strong>ESO<\/strong><\/td>\n<td style=\"width: 50.3263%; height: 224px;\">Haver cursat i aprovat la totalitat de l\u2019 ESO a Catalunya i\/o, com a m\u00ednim, quatre cursos de l\u2019educaci\u00f3 prim\u00e0ria a centres de l\u2019Arag\u00f3.<\/td>\n<td style=\"width: 33.3575%; height: 224px; text-align: justify;\">Original i fotoc\u00f2pia de les p\u00e0gines de la &#8220;Certificaci\u00f3 d&#8217;anys d&#8217;escolaritat&#8221; del llibre d\u2019escolaritat de <strong>Prim\u00e0ria i Secund\u00e0ria. <\/strong>En el cas d&#8217;haver fet la secund\u00e0ria al nostre centre, nom\u00e9s llibre d&#8217;escolaritat de prim\u00e0ria. Si has estudiat la prim\u00e0ria o secund\u00e0ria a partir del curs 2007-2008, no tens llibre d&#8217;escolaritat i caldr\u00e0 presentar l&#8217;historial acad\u00e8mic en substituci\u00f3 d&#8217;aquest.<\/td>\n<\/tr>\n<tr style=\"height: 32px;\">\n<td style=\"width: 16.2437%; height: 32px;\"><\/td>\n<td style=\"width: 50.3263%; height: 32px;\"><\/td>\n<td style=\"width: 33.3575%; height: 32px;\"><\/td>\n<\/tr>\n<tr style=\"height: 32px; border-color: #05d0f0; background-color: #cdfaf8;\">\n<td style=\"width: 16.2437%; height: 32px;\" width=\"119\"><strong>NIVELL C: Estudis realitzats<\/strong><\/td>\n<td style=\"width: 50.3263%; height: 32px;\" width=\"177\"><strong>Requisits d&#8217;obtenci\u00f3<\/strong><\/td>\n<td style=\"width: 33.3575%; height: 32px;\" width=\"295\"><strong>Documents que cal presentar<\/strong><\/td>\n<\/tr>\n<tr style=\"height: 32px;\">\n<td style=\"width: 16.2437%; height: 32px;\"><strong>ESO<\/strong><\/td>\n<td style=\"width: 50.3263%; height: 32px;\">Haver cursat la mat\u00e8ria de llengua catalana en almenys 3 cursos qualsevols de Prim\u00e0ria i tota l\u2019ESO.<\/p>\n<p>A partir del curs 2007-2008 cal haver aprovat l&#8217;assignatura de llengua catalana en tots els cursos.<\/td>\n<td style=\"width: 33.3575%; height: 32px;\">\n<p style=\"text-align: justify;\">Original i fotoc\u00f2pia de les p\u00e0gines de la &#8220;Certificaci\u00f3 d&#8217;anys d&#8217;escolaritat&#8221; del llibre d\u2019escolaritat de <strong>Prim\u00e0ria i Secund\u00e0ria; <\/strong>o de l&#8217;historial acad\u00e8mic a partir del curs 2007-2008.<\/p>\n<p style=\"text-align: justify;\">Si \u00e9s a partir del curs 2007-2008, cal acreditar haver aprovat la mat\u00e8ria de llengua catalana amb l&#8217;historial acad\u00e8mic o certificat.<\/p>\n<p style=\"text-align: justify;\">En el cas de que no es disposin d&#8217;aquests llibres, certificat acreditatiu<strong>*<\/strong><\/p>\n<\/td>\n<\/tr>\n<tr style=\"height: 32px;\">\n<td style=\"width: 16.2437%; height: 32px;\"><strong>ESO d&#8217;ADULTS<\/strong><\/td>\n<td style=\"width: 50.3263%; height: 32px;\">Haver cursat almenys 8 cursos entre prim\u00e0ria i secund\u00e0ria a Catalunya, i aprovada la mat\u00e8ria de llengua catalana en els cursos realitzats a les aules de formaci\u00f3 d&#8217;adults.<\/td>\n<td style=\"width: 33.3575%; height: 32px; text-align: justify;\">Certificat expedit per una escola d&#8217;adults on indiqui els cursos i mat\u00e8ria de llengua catalana aprovada; llibre d&#8217;escolaritat de prim\u00e0ria i secund\u00e0ria (p\u00e0gina &#8220;Certificaci\u00f3 d&#8217;anys d&#8217;escolaritat&#8221;) o historial acad\u00e8mic (a partir del curs 2007-2008).<\/td>\n<\/tr>\n<tr style=\"height: 32px;\">\n<td style=\"width: 16.2437%; height: 32px;\"><strong>BATXILLERAT<\/strong><\/td>\n<td style=\"width: 50.3263%; height: 32px;\">S&#8217;ha d&#8217;haver cursat i aprovat la mat\u00e8ria de llengua catalana en 3 cursos qualsevols de Prim\u00e0ria i 5 qualsevols entre ESO i BATX.<\/td>\n<td style=\"width: 33.3575%; height: 32px; text-align: justify;\">Original i fotoc\u00f2pia de les p\u00e0gines del llibre d\u2019escolaritat de <strong>Prim\u00e0ria, Secund\u00e0ria i Batxillerat <\/strong>que demostrin aquests cursos m\u00ednims i la mat\u00e8ria aprovada<strong>; <\/strong>o certificat acreditatiu<strong>*<\/strong> o\u00a0 historial acad\u00e8mic on constin aquests m\u00ednims de cursos aprovats (a partir del curs 2007-2008).<\/td>\n<\/tr>\n<tr style=\"height: 67px;\">\n<td style=\"width: 16.2437%; height: 67px;\"><strong>BUP<\/strong><\/td>\n<td style=\"width: 50.3263%; height: 67px;\">S&#8217;ha d&#8217;haver cursat i aprovat tota l&#8217;EGB i el BUP a Catalunya.<\/td>\n<td style=\"width: 33.3575%; height: 67px; text-align: justify;\">P\u00e0gines del llibre d&#8217;escolaritat d&#8217;EGB i BUP, on indiqui el curs i la mat\u00e8ria de llengua catalana aprovada en tots els cursos; o certificat expedit pels centres d&#8217;EGB i BUP.<\/td>\n<\/tr>\n<tr style=\"height: 32px;\">\n<td style=\"width: 16.2437%; height: 32px;\"><strong>FP2<\/strong><\/td>\n<td style=\"width: 50.3263%; height: 32px;\">S&#8217;ha d&#8217;haver cursat i aprovat la mat\u00e8ria de llengua catalana en tota l&#8217;EGB, FP1 i FP2, a Catalunya.<\/td>\n<td style=\"width: 33.3575%; height: 32px; text-align: justify;\">Original i fotoc\u00f2pia de les p\u00e0gines de la &#8220;Certificaci\u00f3 d&#8217;anys d&#8217;escolaritat&#8221; del llibre d\u2019escolaritat d&#8217;EGB <strong>i certificat<\/strong> FP1 i FP2 de l&#8217;institut on s&#8217;hagi cursat, indicant els cursos i l&#8217;aprovaci\u00f3 de la mat\u00e8ria de llengua catalana.<\/td>\n<\/tr>\n<\/tbody>\n<\/table>\n<p><strong>*<\/strong>certificat acreditatiu: en cas de no tenir el llibre d\u2019escolaritat, heu d\u2019anar a l\u2019escola o institut on vau estudiar la prim\u00e0ria\/secund\u00e0ria\/batxillerat\/FPI\/FP2\/BUP, per demanar un certificat que indiqui els anys i els cursos d\u2019escolaritat i la frase\u00a0<em>\u201cl\u2019alumne ha cursat i aprovat la mat\u00e8ria de llengua catalana\u201d.<\/em><\/p>\n<p>&nbsp;<\/p>\n<p><em><strong>Validesa:<\/strong><\/em><\/p>\n<div class=\"main_color container_wrap_first container_wrap fullsize\">\n<div class=\"container\">\n<p><span style=\"font-family: inherit; font-size: 1em;\">El certificats de catal\u00e0 de la Direcci\u00f3 General de Pol\u00edtica Ling\u00fc\u00edstica s\u00f3n t\u00edtols oficials amb reconeixement internacional i validesa indefinida.<\/span><\/p>\n<div class=\"post-entry post-entry-type-page post-entry-8344\">\n<div class=\"entry-content-wrapper clearfix\">\n<div class=\"flex_column av_one_full flex_column_div av-zero-column-padding first avia-builder-el-0 avia-builder-el-no-sibling \">\n<section class=\"av_textblock_section \">\n<div class=\"avia_textblock \">\n<p>&nbsp;<\/p>\n<\/div>\n<\/section>\n<p><em><strong>Normativa aplicada:<\/strong><\/em><\/p>\n<p><a href=\"https:\/\/portaljuridic.gencat.cat\/ca\/document-del-pjur\/?documentId=501140\">https:\/\/portaljuridic.gencat.cat\/ca\/document-del-pjur\/?documentId=501140<\/a><\/p>\n<p><a href=\"https:\/\/llengua.gencat.cat\/ca\/serveis\/acreditacio_coneixements\/certificats_de_catala\/equivalencies_i_acreditacio_de_coneixements_de_catala\/\">https:\/\/llengua.gencat.cat\/ca\/serveis\/acreditacio_coneixements\/certificats_de_catala\/equivalencies_i_acreditacio_de_coneixements_de_catala\/<\/a><\/p>\n<p>&nbsp;<\/p>\n<p>&nbsp;<\/p>\n<\/div>\n<\/div>\n<\/div>\n<p>&nbsp;<\/p>\n<\/div>\n<\/div>\n<footer id=\"socket\" class=\"container_wrap socket_color\" role=\"contentinfo\">\n<div class=\"container\"><\/div>\n<\/footer>\n","protected":false},"excerpt":{"rendered":"<p>Requisits: Haver estat escolaritzat a Catalunya tota l&#8217;educaci\u00f3 prim\u00e0ria o EGB. No haver tingut una exempci\u00f3 de llengua catalana. Haver iniciat l&#8217;escolaritzaci\u00f3 prim\u00e0ria a partir del curs 1978-1979 (incl\u00f2s). Els nascuts al 1972 compleixen aquest requisit. Si has nascut abans del 1972, has de dirigir-te al Departament d&#8217;Educaci\u00f3, al 93 639 05 90, a Negociat [&hellip;]<\/p>\n","protected":false},"author":38,"featured_media":0,"parent":81,"menu_order":0,"comment_status":"closed","ping_status":"closed","template":"","meta":{"_bbp_topic_count":0,"_bbp_reply_count":0,"_bbp_total_topic_count":0,"_bbp_total_reply_count":0,"_bbp_voice_count":0,"_bbp_anonymous_reply_count":0,"_bbp_topic_count_hidden":0,"_bbp_reply_count_hidden":0,"_bbp_forum_subforum_count":0,"site-sidebar-layout":"default","site-content-layout":"","ast-site-content-layout":"","site-content-style":"default","site-sidebar-style":"default","ast-global-header-display":"","ast-banner-title-visibility":"","ast-main-header-display":"","ast-hfb-above-header-display":"","ast-hfb-below-header-display":"","ast-hfb-mobile-header-display":"","site-post-title":"","ast-breadcrumbs-content":"","ast-featured-img":"","footer-sml-layout":"","theme-transparent-header-meta":"","adv-header-id-meta":"","stick-header-meta":"","header-above-stick-meta":"","header-main-stick-meta":"","header-below-stick-meta":"","astra-migrate-meta-layouts":"default","ast-page-background-enabled":"default","ast-page-background-meta":{"desktop":{"background-color":"var(--ast-global-color-4)","background-image":"","background-repeat":"repeat","background-position":"center center","background-size":"auto","background-attachment":"scroll","background-type":"","background-media":"","overlay-type":"","overlay-color":"","overlay-opacity":"","overlay-gradient":""},"tablet":{"background-color":"","background-image":"","background-repeat":"repeat","background-position":"center center","background-size":"auto","background-attachment":"scroll","background-type":"","background-media":"","overlay-type":"","overlay-color":"","overlay-opacity":"","overlay-gradient":""},"mobile":{"background-color":"","background-image":"","background-repeat":"repeat","background-position":"center center","background-size":"auto","background-attachment":"scroll","background-type":"","background-media":"","overlay-type":"","overlay-color":"","overlay-opacity":"","overlay-gradient":""}},"ast-content-background-meta":{"desktop":{"background-color":"var(--ast-global-color-5)","background-image":"","background-repeat":"repeat","background-position":"center center","background-size":"auto","background-attachment":"scroll","background-type":"","background-media":"","overlay-type":"","overlay-color":"","overlay-opacity":"","overlay-gradient":""},"tablet":{"background-color":"var(--ast-global-color-5)","background-image":"","background-repeat":"repeat","background-position":"center center","background-size":"auto","background-attachment":"scroll","background-type":"","background-media":"","overlay-type":"","overlay-color":"","overlay-opacity":"","overlay-gradient":""},"mobile":{"background-color":"var(--ast-global-color-5)","background-image":"","background-repeat":"repeat","background-position":"center center","background-size":"auto","background-attachment":"scroll","background-type":"","background-media":"","overlay-type":"","overlay-color":"","overlay-opacity":"","overlay-gradient":""}},"footnotes":""},"class_list":["post-4540","page","type-page","status-publish","hentry"],"post_mailing_queue_ids":[],"_links":{"self":[{"href":"https:\/\/agora.xtec.cat\/iessantramon\/wp-json\/wp\/v2\/pages\/4540","targetHints":{"allow":["GET"]}}],"collection":[{"href":"https:\/\/agora.xtec.cat\/iessantramon\/wp-json\/wp\/v2\/pages"}],"about":[{"href":"https:\/\/agora.xtec.cat\/iessantramon\/wp-json\/wp\/v2\/types\/page"}],"author":[{"embeddable":true,"href":"https:\/\/agora.xtec.cat\/iessantramon\/wp-json\/wp\/v2\/users\/38"}],"replies":[{"embeddable":true,"href":"https:\/\/agora.xtec.cat\/iessantramon\/wp-json\/wp\/v2\/comments?post=4540"}],"version-history":[{"count":4,"href":"https:\/\/agora.xtec.cat\/iessantramon\/wp-json\/wp\/v2\/pages\/4540\/revisions"}],"predecessor-version":[{"id":4553,"href":"https:\/\/agora.xtec.cat\/iessantramon\/wp-json\/wp\/v2\/pages\/4540\/revisions\/4553"}],"up":[{"embeddable":true,"href":"https:\/\/agora.xtec.cat\/iessantramon\/wp-json\/wp\/v2\/pages\/81"}],"wp:attachment":[{"href":"https:\/\/agora.xtec.cat\/iessantramon\/wp-json\/wp\/v2\/media?parent=4540"}],"curies":[{"name":"wp","href":"https:\/\/api.w.org\/{rel}","templated":true}]}}