{"id":4170,"date":"2025-01-31T09:43:33","date_gmt":"2025-01-31T08:43:33","guid":{"rendered":"http:\/\/agora.xtec.cat\/iessantramon\/?page_id=4170"},"modified":"2025-02-18T14:34:38","modified_gmt":"2025-02-18T13:34:38","slug":"preinscripcio-eso-24-25","status":"publish","type":"page","link":"https:\/\/agora.xtec.cat\/iessantramon\/preinscripcio-eso-24-25\/","title":{"rendered":"Preinscripci\u00f3 ESO 2025\/2026"},"content":{"rendered":"<p><strong>Quin \u00e9s el calendari de preinscripci\u00f3 i matr\u00edcula?<\/strong><\/p>\n<table style=\"width: 41.0997%; border-color: #fa7602; background-color: #ffeaa6; height: 750px;\">\n<tbody>\n<tr style=\"height: 40px;\">\n<td style=\"width: 51.5714%; height: 40px;\"><strong>\u00a0<\/strong><\/td>\n<td style=\"width: 108.483%; height: 40px;\"><strong>DATA\u00a0 \u00a0 \u00a0 \u00a0<\/strong><\/td>\n<td style=\"width: 1.90114%; height: 40px;\"><strong>DOCUMENT<\/strong><\/td>\n<\/tr>\n<tr style=\"height: 48px;\">\n<td style=\"width: 51.5714%; height: 48px;\"><strong>PUBLICACI\u00d3 OFERTA INICIAL<\/strong><\/td>\n<td style=\"width: 108.483%; height: 48px;\"><strong>11 de mar\u00e7<\/strong><\/td>\n<td style=\"width: 1.90114%; height: 48px;\"><\/td>\n<\/tr>\n<tr style=\"height: 80px;\">\n<td style=\"width: 51.5714%; height: 71px;\"><span style=\"color: #000000;\"><strong>PERIODE DE PRESENTACI\u00d3 DE SOL\u00b7LICITUDS<\/strong><\/span><\/td>\n<td style=\"width: 108.483%; height: 71px;\"><strong>Del 14 al 26 de mar\u00e7<\/strong><\/td>\n<td style=\"width: 1.90114%; height: 71px;\">&nbsp;<\/p>\n<p><strong><span style=\"color: #0000ff;\"><a style=\"color: #0000ff;\" href=\"https:\/\/educacio.gencat.cat\/ca\/tramits\/tramits-temes\/20483-obligatoris?moda=3\">https:\/\/educacio.gencat.cat\/ca\/tramits\/tramits-temes\/20483-obligatoris?moda=3<\/a><\/span><\/strong><\/td>\n<\/tr>\n<tr style=\"height: 64px;\">\n<td style=\"width: 51.5714%; height: 64px;\"><span style=\"color: #000000;\"><strong>APORTAR DOCUMENTACI\u00d3<\/strong><\/span><\/td>\n<td style=\"width: 108.483%; height: 64px;\"><strong>Fins el 28 de mar\u00e7<\/strong><\/td>\n<td style=\"width: 1.90114%; height: 64px;\"><a href=\"https:\/\/educacio.gencat.cat\/ca\/tramits\/tramits-temes\/20483-obligatoris?moda=3\"><strong> https:\/\/educacio.gencat.cat\/ca\/tramits\/tramits-temes\/20483-obligatoris?moda=3<\/strong><\/a><\/td>\n<\/tr>\n<tr style=\"height: 141px;\">\n<td style=\"width: 51.5714%; height: 141px;\"><span style=\"color: #000000;\"><strong>AMPLIACI\u00d3 PRESENTACI\u00d3 SOL\u00b7LICITUDS<\/strong><\/span><\/p>\n<p><strong>FORA TERMINI<\/strong><\/td>\n<td style=\"width: 108.483%; height: 141px;\"><\/td>\n<td style=\"width: 1.90114%; height: 141px;\"><strong>En aquest per\u00edode, es poden presentar sol\u00b7licituds de preinscripci\u00f3 &#8220;fora de termini&#8221;. Aquestes sol\u00b7licituds s&#8217;incorporen com a \u00faltimes a l&#8217;oferta, sempre hi quan hi hagi places vacants.<\/strong><\/td>\n<\/tr>\n<tr style=\"height: 111px;\">\n<td style=\"width: 51.5714%; height: 111px;\"><strong><span style=\"color: #000000;\">PUBLICACI\u00d3 LLISTA SOL\u00b7LICITUDS AMB PUNTUACI\u00d3 PROVISIONAL<\/span><\/strong><\/td>\n<td style=\"width: 108.483%; height: 111px;\"><strong>24 d&#8217;abril<\/strong><\/td>\n<td style=\"width: 1.90114%; height: 111px;\"><\/td>\n<\/tr>\n<tr style=\"height: 64px;\">\n<td style=\"width: 51.5714%; height: 64px;\"><strong><span style=\"color: #000000;\">PUBLICACI\u00d3 LLISTA ORDENADA<\/span><\/strong><\/td>\n<td style=\"width: 108.483%; height: 64px;\"><strong>9 de maig<\/strong><\/td>\n<td style=\"width: 1.90114%; height: 64px;\"><\/td>\n<\/tr>\n<tr style=\"height: 48px;\">\n<td style=\"width: 51.5714%; height: 48px;\"><strong><span style=\"color: #000000;\">PUBLICACI\u00d3 OFERTA FINAL<\/span><\/strong><\/td>\n<td style=\"width: 108.483%; height: 48px;\"><strong>16 de juny<\/strong><\/td>\n<td style=\"width: 1.90114%; height: 48px;\"><\/td>\n<\/tr>\n<tr style=\"height: 96px;\">\n<td style=\"width: 51.5714%; height: 96px;\"><strong><span style=\"color: #000000;\">PUBLICACI\u00d3 LLISTA PLACES ASSIGNADES<\/span><\/strong><\/td>\n<td style=\"width: 108.483%; height: 96px;\"><strong>16 de juny<\/strong><\/td>\n<td style=\"width: 1.90114%; height: 96px;\"><\/td>\n<\/tr>\n<tr style=\"height: 67px;\">\n<td style=\"width: 51.5714%; height: 67px;\"><span style=\"color: #000000;\"><strong>MATR\u00cdCULA<\/strong><\/span><\/td>\n<td style=\"width: 108.483%; height: 67px;\"><strong>25 de juny<\/strong><\/td>\n<td style=\"width: 1.90114%; height: 67px;\"><strong>\u00a0<\/strong><\/td>\n<\/tr>\n<\/tbody>\n<\/table>\n<p><span style=\"font-family: inherit; font-size: 1em;\">Tamb\u00e9 ens podeu escriure a <\/span><strong style=\"font-family: inherit; font-size: 1em;\">secretaria@inssantramon.cat<\/strong><\/p>\n<p><strong>ATENCI\u00d3 NOVA ZONA ESCOLAR I TRANSPORT OBLIGATORI PER ZONA EDUCATIVA<\/strong>:<\/p>\n<p>La zona educativa de preinscripci\u00f3 i matr\u00edcula per l\u2019ESO del municipi de Cardona des del curs 2024\/2025 \u00e9s: Cardona, zona nord de Nav\u00e0s que inclou el nucli de Valldeperes i les masies properes pertanyent al municipi de Nav\u00e0s; la zona oest de Nav\u00e0s que inclou els nuclis de Pal\u00e0 de Torroella, Sant Salvador de Torroella i masies properes pertanyents al municipi de Nav\u00e0s; la zona nord del municipi de Sant Mateu de Bages que inclou els nuclis de Coaner, Valls de Torroella, Salo, Raval de Mej\u00e0 i masies disseminades properes a aquestes zones pertanyents tots ells al municipi de Sant Mateu de Bages. (Font: Resoluci\u00f3 EDU 11\/03\/2024).<\/p>\n","protected":false},"excerpt":{"rendered":"<p>Quin \u00e9s el calendari de preinscripci\u00f3 i matr\u00edcula? \u00a0 DATA\u00a0 \u00a0 \u00a0 \u00a0 DOCUMENT PUBLICACI\u00d3 OFERTA INICIAL 11 de mar\u00e7 PERIODE DE PRESENTACI\u00d3 DE SOL\u00b7LICITUDS Del 14 al 26 de mar\u00e7 &nbsp; https:\/\/educacio.gencat.cat\/ca\/tramits\/tramits-temes\/20483-obligatoris?moda=3 APORTAR DOCUMENTACI\u00d3 Fins el 28 de mar\u00e7 https:\/\/educacio.gencat.cat\/ca\/tramits\/tramits-temes\/20483-obligatoris?moda=3 AMPLIACI\u00d3 PRESENTACI\u00d3 SOL\u00b7LICITUDS FORA TERMINI En aquest per\u00edode, es poden presentar sol\u00b7licituds de preinscripci\u00f3 [&hellip;]<\/p>\n","protected":false},"author":38,"featured_media":0,"parent":0,"menu_order":0,"comment_status":"closed","ping_status":"closed","template":"","meta":{"_bbp_topic_count":0,"_bbp_reply_count":0,"_bbp_total_topic_count":0,"_bbp_total_reply_count":0,"_bbp_voice_count":0,"_bbp_anonymous_reply_count":0,"_bbp_topic_count_hidden":0,"_bbp_reply_count_hidden":0,"_bbp_forum_subforum_count":0,"site-sidebar-layout":"default","site-content-layout":"","ast-site-content-layout":"","site-content-style":"default","site-sidebar-style":"default","ast-global-header-display":"","ast-banner-title-visibility":"","ast-main-header-display":"","ast-hfb-above-header-display":"","ast-hfb-below-header-display":"","ast-hfb-mobile-header-display":"","site-post-title":"","ast-breadcrumbs-content":"","ast-featured-img":"","footer-sml-layout":"","theme-transparent-header-meta":"","adv-header-id-meta":"","stick-header-meta":"","header-above-stick-meta":"","header-main-stick-meta":"","header-below-stick-meta":"","astra-migrate-meta-layouts":"default","ast-page-background-enabled":"default","ast-page-background-meta":{"desktop":{"background-color":"var(--ast-global-color-4)","background-image":"","background-repeat":"repeat","background-position":"center center","background-size":"auto","background-attachment":"scroll","background-type":"","background-media":"","overlay-type":"","overlay-color":"","overlay-opacity":"","overlay-gradient":""},"tablet":{"background-color":"","background-image":"","background-repeat":"repeat","background-position":"center center","background-size":"auto","background-attachment":"scroll","background-type":"","background-media":"","overlay-type":"","overlay-color":"","overlay-opacity":"","overlay-gradient":""},"mobile":{"background-color":"","background-image":"","background-repeat":"repeat","background-position":"center center","background-size":"auto","background-attachment":"scroll","background-type":"","background-media":"","overlay-type":"","overlay-color":"","overlay-opacity":"","overlay-gradient":""}},"ast-content-background-meta":{"desktop":{"background-color":"var(--ast-global-color-5)","background-image":"","background-repeat":"repeat","background-position":"center center","background-size":"auto","background-attachment":"scroll","background-type":"","background-media":"","overlay-type":"","overlay-color":"","overlay-opacity":"","overlay-gradient":""},"tablet":{"background-color":"var(--ast-global-color-5)","background-image":"","background-repeat":"repeat","background-position":"center center","background-size":"auto","background-attachment":"scroll","background-type":"","background-media":"","overlay-type":"","overlay-color":"","overlay-opacity":"","overlay-gradient":""},"mobile":{"background-color":"var(--ast-global-color-5)","background-image":"","background-repeat":"repeat","background-position":"center center","background-size":"auto","background-attachment":"scroll","background-type":"","background-media":"","overlay-type":"","overlay-color":"","overlay-opacity":"","overlay-gradient":""}},"footnotes":""},"class_list":["post-4170","page","type-page","status-publish","hentry"],"post_mailing_queue_ids":[],"_links":{"self":[{"href":"https:\/\/agora.xtec.cat\/iessantramon\/wp-json\/wp\/v2\/pages\/4170","targetHints":{"allow":["GET"]}}],"collection":[{"href":"https:\/\/agora.xtec.cat\/iessantramon\/wp-json\/wp\/v2\/pages"}],"about":[{"href":"https:\/\/agora.xtec.cat\/iessantramon\/wp-json\/wp\/v2\/types\/page"}],"author":[{"embeddable":true,"href":"https:\/\/agora.xtec.cat\/iessantramon\/wp-json\/wp\/v2\/users\/38"}],"replies":[{"embeddable":true,"href":"https:\/\/agora.xtec.cat\/iessantramon\/wp-json\/wp\/v2\/comments?post=4170"}],"version-history":[{"count":7,"href":"https:\/\/agora.xtec.cat\/iessantramon\/wp-json\/wp\/v2\/pages\/4170\/revisions"}],"predecessor-version":[{"id":6895,"href":"https:\/\/agora.xtec.cat\/iessantramon\/wp-json\/wp\/v2\/pages\/4170\/revisions\/6895"}],"wp:attachment":[{"href":"https:\/\/agora.xtec.cat\/iessantramon\/wp-json\/wp\/v2\/media?parent=4170"}],"curies":[{"name":"wp","href":"https:\/\/api.w.org\/{rel}","templated":true}]}}