{"id":2513,"date":"2025-01-31T09:23:47","date_gmt":"2025-01-31T08:23:47","guid":{"rendered":"http:\/\/agora.xtec.cat\/iessantramon\/?page_id=2513"},"modified":"2025-01-31T09:46:17","modified_gmt":"2025-01-31T08:46:17","slug":"preinscripcio-batxillerat","status":"publish","type":"page","link":"https:\/\/agora.xtec.cat\/iessantramon\/preinscripcio-batxillerat\/","title":{"rendered":"Preinscripci\u00f3 de Batxillerat 2024\/2025"},"content":{"rendered":"<p><span style=\"text-decoration: underline;\"><strong>PREINSCRIPCI\u00d3:<\/strong><\/span><\/p>\n<p><strong>Del\u00a0 \u00a0(dates pendents)\u00a0 de 2025<\/strong>\u00a0s\u2019escau el per\u00edode de\u00a0<strong>preinscripci\u00f3 del Batxillerat.<\/strong>\u00a0La sol\u00b7licitud pot ser amb els seg\u00fcents formats:<\/p>\n<p><strong>ENLLA\u00c7 A LA SOL\u00b7LICITUD:<\/strong> <a href=\"https:\/\/preinscripcio.gencat.cat\/ca\/inici\/\">https:\/\/preinscripcio.gencat.cat\/ca\/inici\/<\/a><\/p>\n<ul>\n<li><strong><u> Sol\u00b7licitud en suport inform\u00e0tic (sense identificaci\u00f3 digital):<\/u><\/strong><\/li>\n<\/ul>\n<p>Us demanar\u00e0 el <strong>n\u00fam. d\u2019Identificaci\u00f3 de\u00a0 l\u2019alumne<\/strong> que us ha de lliurar el vostre centre de secund\u00e0ria. Si no el teniu, sol\u00b7liciteu-lo al centre. Tamb\u00e9 el podeu consultar a: <a href=\"http:\/\/educacio.gencat.cat\/ca\/tramits\/tramits-temes\/identificador-alumne\">http:\/\/educacio.gencat.cat\/ca\/tramits\/tramits-temes\/identificador-alumne<\/a><\/p>\n<p>Ompliu el formulari i abans d\u2019enviar-lo haureu d\u2019adjuntar escanejada o fotografiada la documentaci\u00f3 d\u2019identificaci\u00f3 i filiaci\u00f3 (DNI de qui fa la sol\u00b7licitud i de l\u2019alumne\/a i p\u00e0gines del llibre de fam\u00edlia on estan inscrits els pares i\u00a0 l\u2019alumne\/a). Si teniu carnet de fam\u00edlia nombrosa, monoparental o de discapacitat, tamb\u00e9 us demanar\u00e0 que els adjunteu.<\/p>\n<p><strong>Nota: si no s\u2019adjunta la documentaci\u00f3 obligat\u00f2ria no podreu enviar la sol\u00b7licitud.<\/strong><\/p>\n<ul>\n<li><strong><u> Sol\u00b7licitud electr\u00f2nica (amb identificaci\u00f3 digital)<\/u><\/strong>:<\/li>\n<\/ul>\n<p>En la sol\u00b7licitud electr\u00f2nica no cal adjuntar cap documentaci\u00f3, les dades ja s\u00f3n verificades per les administracions.<\/p>\n<p>&nbsp;<\/p>\n<ul>\n<li><b><u>ATENCI\u00d3, SOL\u00b7LICITUDS FORA DE TERMINI<\/u><\/b>: <strong><a href=\"https:\/\/educacio.gencat.cat\/ca\/tramits\/tramits-temes\/9388-batxillerat?moda=1\">https:\/\/educacio.gencat.cat\/ca\/tramits\/tramits-temes\/9388-batxillerat?moda=1<\/a><\/strong><\/li>\n<\/ul>\n<p><span style=\"text-decoration: underline;\"><strong>M\u00e9s informaci\u00f3 sobre la preinscripci\u00f3:<\/strong><\/span><\/p>\n<ul style=\"list-style-type: circle;\">\n<li><strong>Preguntes freq\u00fcents de la preinscripci\u00f3 de batxillerat:<\/strong> <a href=\"https:\/\/agora.xtec.cat\/iessantramon\/wp-content\/uploads\/usu387\/2020\/05\/preguntes-freq\u00fcents_batxillerat.pdf\">preguntes freq\u00fcents_batxillerat<\/a><\/li>\n<li><strong>Carta de preinscripci\u00f3 per alumnes de 4t d&#8217;ESO de d&#8217;altres centres<\/strong>: <a href=\"https:\/\/agora.xtec.cat\/iessantramon\/wp-content\/uploads\/usu387\/2024\/04\/Portes-obertes-Batxillerat-i-cicles_preinscripcio.pdf\">Portes obertes Batxillerat i cicles_preinscripci\u00f3<\/a>\u00a0<b><\/b><\/li>\n<\/ul>\n<p>&nbsp;<\/p>\n<p><strong>CALENDARI i IMPORTANT:\u00a0 Els alumnes que ja s\u00f3n al nostre centre nom\u00e9s hauran de confirmar la pla\u00e7a, no han de fer preinscripci\u00f3.<\/strong><\/p>\n<p>&nbsp;<\/p>\n<table style=\"width: 30.1513%; border-color: #fa7602; background-color: #ffeaa6; height: 434px;\">\n<tbody>\n<tr style=\"height: 46px;\">\n<td style=\"width: 36.5%; height: 55px;\"><strong><span style=\"color: #000000;\">PORTES OBERTES\u00a0<\/span><\/strong><\/td>\n<td style=\"width: 66.0139%; height: 55px;\"><\/td>\n<\/tr>\n<tr style=\"height: 95px;\">\n<td style=\"width: 36.5%; height: 83px;\"><strong><span style=\"color: #000000;\">PUBLICACI\u00d3 <\/span><\/strong><strong><span style=\"color: #000000;\">OFERTA DE PLACES<\/span><\/strong><\/td>\n<td style=\"width: 66.0139%; height: 83px;\"><\/td>\n<\/tr>\n<tr style=\"height: 46px;\">\n<td style=\"width: 36.5%; height: 46px;\"><strong><span style=\"color: #000000;\">PREINSCRIPCI\u00d3 BATXILLERAT (alumnes que no s\u00f3n del centre)<\/span><\/strong><\/td>\n<td style=\"width: 66.0139%; height: 46px;\"><\/td>\n<\/tr>\n<tr style=\"height: 46px;\">\n<td style=\"width: 36.5%; height: 46px;\"><strong><span style=\"color: #000000;\">LLISTES AMB BAREM PROVISIONAL<\/span><\/strong><\/td>\n<td style=\"width: 66.0139%; height: 46px;\">&nbsp;<\/p>\n<p>&nbsp;<\/td>\n<\/tr>\n<tr style=\"height: 31px;\">\n<td style=\"width: 36.5%; height: 31px;\"><strong><span style=\"color: #000000;\">PUBLICACI\u00d3 LLISTA ORDENADA<\/span><\/strong><\/td>\n<td style=\"width: 66.0139%; height: 31px;\"><\/td>\n<\/tr>\n<tr style=\"height: 46px;\">\n<td style=\"width: 36.5%; height: 46px;\"><span style=\"color: #000000;\"><strong>MATR\u00cdCULA<\/strong><\/span><\/td>\n<td style=\"width: 66.0139%; height: 46px;\"><\/td>\n<\/tr>\n<tr style=\"height: 96px;\">\n<td style=\"width: 36.5%; height: 96px;\"><span style=\"color: #000000;\"><strong>MATR\u00cdCULA EXTRAORDIN\u00c0RIA (alumnes pendents de setembre)<\/strong><\/span><\/td>\n<td style=\"width: 66.0139%; height: 96px;\"><\/td>\n<\/tr>\n<\/tbody>\n<\/table>\n<p>&nbsp;<\/p>\n","protected":false},"excerpt":{"rendered":"<p>PREINSCRIPCI\u00d3: Del\u00a0 \u00a0(dates pendents)\u00a0 de 2025\u00a0s\u2019escau el per\u00edode de\u00a0preinscripci\u00f3 del Batxillerat.\u00a0La sol\u00b7licitud pot ser amb els seg\u00fcents formats: ENLLA\u00c7 A LA SOL\u00b7LICITUD: https:\/\/preinscripcio.gencat.cat\/ca\/inici\/ Sol\u00b7licitud en suport inform\u00e0tic (sense identificaci\u00f3 digital): Us demanar\u00e0 el n\u00fam. d\u2019Identificaci\u00f3 de\u00a0 l\u2019alumne que us ha de lliurar el vostre centre de secund\u00e0ria. Si no el teniu, sol\u00b7liciteu-lo al centre. Tamb\u00e9 [&hellip;]<\/p>\n","protected":false},"author":1,"featured_media":0,"parent":0,"menu_order":0,"comment_status":"closed","ping_status":"closed","template":"","meta":{"_bbp_topic_count":0,"_bbp_reply_count":0,"_bbp_total_topic_count":0,"_bbp_total_reply_count":0,"_bbp_voice_count":0,"_bbp_anonymous_reply_count":0,"_bbp_topic_count_hidden":0,"_bbp_reply_count_hidden":0,"_bbp_forum_subforum_count":0,"site-sidebar-layout":"default","site-content-layout":"","ast-site-content-layout":"","site-content-style":"default","site-sidebar-style":"default","ast-global-header-display":"","ast-banner-title-visibility":"","ast-main-header-display":"","ast-hfb-above-header-display":"","ast-hfb-below-header-display":"","ast-hfb-mobile-header-display":"","site-post-title":"","ast-breadcrumbs-content":"","ast-featured-img":"","footer-sml-layout":"","theme-transparent-header-meta":"","adv-header-id-meta":"","stick-header-meta":"","header-above-stick-meta":"","header-main-stick-meta":"","header-below-stick-meta":"","astra-migrate-meta-layouts":"default","ast-page-background-enabled":"default","ast-page-background-meta":{"desktop":{"background-color":"var(--ast-global-color-4)","background-image":"","background-repeat":"repeat","background-position":"center center","background-size":"auto","background-attachment":"scroll","background-type":"","background-media":"","overlay-type":"","overlay-color":"","overlay-opacity":"","overlay-gradient":""},"tablet":{"background-color":"","background-image":"","background-repeat":"repeat","background-position":"center center","background-size":"auto","background-attachment":"scroll","background-type":"","background-media":"","overlay-type":"","overlay-color":"","overlay-opacity":"","overlay-gradient":""},"mobile":{"background-color":"","background-image":"","background-repeat":"repeat","background-position":"center center","background-size":"auto","background-attachment":"scroll","background-type":"","background-media":"","overlay-type":"","overlay-color":"","overlay-opacity":"","overlay-gradient":""}},"ast-content-background-meta":{"desktop":{"background-color":"var(--ast-global-color-5)","background-image":"","background-repeat":"repeat","background-position":"center center","background-size":"auto","background-attachment":"scroll","background-type":"","background-media":"","overlay-type":"","overlay-color":"","overlay-opacity":"","overlay-gradient":""},"tablet":{"background-color":"var(--ast-global-color-5)","background-image":"","background-repeat":"repeat","background-position":"center center","background-size":"auto","background-attachment":"scroll","background-type":"","background-media":"","overlay-type":"","overlay-color":"","overlay-opacity":"","overlay-gradient":""},"mobile":{"background-color":"var(--ast-global-color-5)","background-image":"","background-repeat":"repeat","background-position":"center center","background-size":"auto","background-attachment":"scroll","background-type":"","background-media":"","overlay-type":"","overlay-color":"","overlay-opacity":"","overlay-gradient":""}},"footnotes":""},"class_list":["post-2513","page","type-page","status-publish","hentry"],"post_mailing_queue_ids":[],"_links":{"self":[{"href":"https:\/\/agora.xtec.cat\/iessantramon\/wp-json\/wp\/v2\/pages\/2513","targetHints":{"allow":["GET"]}}],"collection":[{"href":"https:\/\/agora.xtec.cat\/iessantramon\/wp-json\/wp\/v2\/pages"}],"about":[{"href":"https:\/\/agora.xtec.cat\/iessantramon\/wp-json\/wp\/v2\/types\/page"}],"author":[{"embeddable":true,"href":"https:\/\/agora.xtec.cat\/iessantramon\/wp-json\/wp\/v2\/users\/1"}],"replies":[{"embeddable":true,"href":"https:\/\/agora.xtec.cat\/iessantramon\/wp-json\/wp\/v2\/comments?post=2513"}],"version-history":[{"count":7,"href":"https:\/\/agora.xtec.cat\/iessantramon\/wp-json\/wp\/v2\/pages\/2513\/revisions"}],"predecessor-version":[{"id":6690,"href":"https:\/\/agora.xtec.cat\/iessantramon\/wp-json\/wp\/v2\/pages\/2513\/revisions\/6690"}],"wp:attachment":[{"href":"https:\/\/agora.xtec.cat\/iessantramon\/wp-json\/wp\/v2\/media?parent=2513"}],"curies":[{"name":"wp","href":"https:\/\/api.w.org\/{rel}","templated":true}]}}