{"id":971,"date":"2019-04-05T11:21:43","date_gmt":"2019-04-05T09:21:43","guid":{"rendered":"https:\/\/agora.xtec.cat\/iessantquirze\/?page_id=971"},"modified":"2025-07-15T07:30:09","modified_gmt":"2025-07-15T05:30:09","slug":"llibres-de-text-btx","status":"publish","type":"page","link":"https:\/\/agora.xtec.cat\/iessantquirze\/estudis\/batxillerat\/llibres-de-text-btx\/","title":{"rendered":"Llibres de text Batxillerat"},"content":{"rendered":"<h3><span style=\"color: #008000;\">Llibres de text Batxillerat 2025-26<\/span><\/h3>\n<p><img loading=\"lazy\" decoding=\"async\" class=\"alignright wp-image-965\" src=\"https:\/\/agora.xtec.cat\/iessantquirze\/wp-content\/uploads\/usu1939\/2019\/04\/llibres.jpg\" alt=\"\" width=\"181\" height=\"196\" \/><\/p>\n<table style=\"width: 80.0585%; height: 1312px;\" width=\"1111\">\n<tbody>\n<tr style=\"height: 72px;\">\n<td style=\"width: 11.6383%; height: 72px;\" width=\"132\">\n<h5><strong><span style=\"color: #800080;\">Nivell Educatiu<\/span><\/strong><\/h5>\n<\/td>\n<td style=\"width: 11.7278%; height: 72px;\" width=\"132\">\n<h5><strong><span style=\"color: #800080;\">Tipus de mat\u00e8ria<\/span><\/strong><\/h5>\n<\/td>\n<td style=\"width: 12.6465%; height: 72px;\" width=\"193\">\n<h5><strong><span style=\"color: #800080;\">Mat\u00e8ria\u00a0<\/span><\/strong><\/h5>\n<\/td>\n<td style=\"width: 15.8254%; height: 72px;\" width=\"132\">\n<h5><strong><span style=\"color: #800080;\">Nom complert del llibre<\/span><\/strong><\/h5>\n<\/td>\n<td style=\"width: 12.1726%; height: 72px;\" width=\"132\">\n<h5><strong><span style=\"color: #800080;\">Editorial<\/span><\/strong><\/h5>\n<\/td>\n<td style=\"width: 13.5284%; height: 72px;\" width=\"258\">\n<h5><strong><span style=\"color: #800080;\">ISBN<\/span><\/strong><\/h5>\n<\/td>\n<td style=\"width: 19.1575%; height: 72px;\" width=\"132\">\n<h5><strong><span style=\"color: #800080;\">Observacions<\/span><\/strong><\/h5>\n<\/td>\n<\/tr>\n<tr style=\"height: 80px;\">\n<td style=\"width: 11.6383%; height: 80px;\">1r Batxillerat<\/td>\n<td style=\"width: 11.7278%; height: 80px;\">Mat\u00e8ria de modalitat obligat\u00f2ria per l&#8217;alumnat del Batxillerat Human\u00edstic.<\/td>\n<td style=\"width: 12.6465%; height: 80px;\">Cultura i lleng\u00fces llatines<\/td>\n<td style=\"width: 15.8254%; height: 80px;\">Lingua Latina per se illustrata<\/td>\n<td style=\"width: 12.1726%; height: 80px;\">Cultura cl\u00e0ssica<\/td>\n<td style=\"width: 13.5284%; height: 80px;\">978-84-935-7985-2<\/td>\n<td style=\"width: 19.1575%; height: 80px;\">Fem servir el mateix llibre a 1r i 2n de batxillerat<\/p>\n<p>Nom\u00e9s per l&#8217;alumnat que ha triat aquesta mat\u00e8ria<\/td>\n<\/tr>\n<tr style=\"height: 65px;\">\n<td style=\"width: 11.6383%; height: 65px;\">1r Batxillerat<\/td>\n<td style=\"width: 11.7278%; height: 65px;\">Mat\u00e8ria de modalitat<\/td>\n<td style=\"width: 12.6465%; height: 65px;\">Economia<\/td>\n<td style=\"width: 15.8254%; height: 65px;\">Economia (Autor Anxo Penalonga)<\/td>\n<td style=\"width: 12.1726%; height: 65px;\">Mc Graw Hill<\/td>\n<td style=\"width: 13.5284%; height: 65px;\">978-84-486-2746-1<\/td>\n<td style=\"width: 19.1575%; height: 65px;\">Nom\u00e9s per l&#8217;alumnat que ha triat aquesta mat\u00e8ria<\/td>\n<\/tr>\n<tr style=\"height: 65px;\">\n<td style=\"width: 11.6383%; height: 65px;\">1r Batxillerat<\/td>\n<td style=\"width: 11.7278%; height: 65px;\">Nom\u00e9s per l&#8217;alumnat que ha triat com a 1a llengua estrangera Franc\u00e8s<\/td>\n<td style=\"width: 12.6465%; height: 65px;\">Franc\u00e8s<\/p>\n<p>&nbsp;<\/td>\n<td style=\"width: 15.8254%; height: 65px;\">PARTAGE. M\u00e9thode de fran\u00e7ais B1.<\/p>\n<p>&nbsp;<\/td>\n<td style=\"width: 12.1726%; height: 65px;\">Santillana Fran\u00e7ais. Didier, fran\u00e7ais langue \u00e9trang\u00e8re<\/td>\n<td style=\"width: 13.5284%; height: 65px;\">9788490498248<\/td>\n<td style=\"width: 19.1575%; height: 65px;\">Fem servir el mateix llibre a 1r i 2n de batxillerat<\/p>\n<p>Nom\u00e9s per l&#8217;alumnat que ha triat aquesta mat\u00e8ria<\/td>\n<\/tr>\n<tr style=\"height: 49px;\">\n<td style=\"width: 11.6383%; height: 49px;\">1r Batxillerat<\/td>\n<td style=\"width: 11.7278%; height: 49px;\">Mat\u00e8ria de modalitat<\/td>\n<td style=\"width: 12.6465%; height: 49px;\">Funcionament de l&#8217;empresa<\/td>\n<td style=\"width: 15.8254%; height: 49px;\">Funcionament de l&#8217;empresa i disseny de models de negoci<\/td>\n<td style=\"width: 12.1726%; height: 49px;\">McGraw-Hill<\/td>\n<td style=\"width: 13.5284%; height: 49px;\">978-84-486-3775-0<\/td>\n<td style=\"width: 19.1575%; height: 49px;\">El llibre servir\u00e0 per a 1r i 2n de Batxillerat<\/p>\n<p>Nom\u00e9s per l&#8217;alumnat que ha triat aquesta mat\u00e8ria<\/td>\n<\/tr>\n<tr style=\"height: 80px;\">\n<td style=\"width: 11.6383%; height: 80px;\">1r Batxillerat<\/td>\n<td style=\"width: 11.7278%; height: 80px;\">Mat\u00e8ria de modalitat<\/td>\n<td style=\"width: 12.6465%; height: 80px;\">Hist\u00f2ria del m\u00f3n contemporani<\/td>\n<td style=\"width: 15.8254%; height: 80px;\">Hist\u00f2ria del m\u00f3n contemporani DUAL<\/td>\n<td style=\"width: 12.1726%; height: 80px;\">Vicens Vives<\/td>\n<td style=\"width: 13.5284%; height: 80px;\">9788410965133<\/td>\n<td style=\"width: 19.1575%; height: 80px;\">Nom\u00e9s per l&#8217;alumnat que ha triat aquesta mat\u00e8ria<\/td>\n<\/tr>\n<tr style=\"height: 49px;\">\n<td style=\"width: 11.6383%; height: 49px;\">1r Batxillerat<\/td>\n<td style=\"width: 11.7278%; height: 49px;\">Mat\u00e8ria comuna<\/td>\n<td style=\"width: 12.6465%; height: 49px;\">Llengua castellana i literatura<\/td>\n<td style=\"width: 15.8254%; height: 49px;\">Dosier Enlace.<\/p>\n<p>PAU 2026, de Germ\u00e1n C\u00e1novas.<\/td>\n<td style=\"width: 12.1726%; height: 49px;\">Barcanova<\/td>\n<td style=\"width: 13.5284%; height: 49px;\">978-84-489-6493-1<\/td>\n<td style=\"width: 19.1575%; height: 49px;\">Tot l&#8217;alumnat independentment del batxillerat escollit<\/td>\n<\/tr>\n<tr style=\"height: 49px;\">\n<td style=\"width: 11.6383%; height: 49px;\">1r Batxillerat<\/td>\n<td style=\"width: 11.7278%; height: 49px;\">Mat\u00e8ria comuna<\/td>\n<td style=\"width: 12.6465%; height: 49px;\">Llengua castellana i literatura<\/td>\n<td style=\"width: 15.8254%; height: 49px;\">Lengua castellana y literatura 1\u00ba\/2\u00ba Bachillerato.<\/p>\n<p>Proyecto Nuevo Delfos<\/td>\n<td style=\"width: 12.1726%; height: 49px;\">Sansy<\/td>\n<td style=\"width: 13.5284%; height: 49px;\">978-84-19193-29-2<\/td>\n<td style=\"width: 19.1575%; height: 49px;\">Tot l&#8217;alumnat independentment del batxillerat escollit<\/td>\n<\/tr>\n<tr style=\"height: 49px;\">\n<td style=\"width: 11.6383%; height: 49px;\">1r Batxillerat<\/td>\n<td style=\"width: 11.7278%; height: 49px;\">Mat\u00e8ria comuna<\/td>\n<td style=\"width: 12.6465%; height: 49px;\">Llengua catalana i literatura<\/td>\n<td style=\"width: 15.8254%; height: 49px;\">Sentits 2<\/td>\n<td style=\"width: 12.1726%; height: 49px;\">Teide<\/td>\n<td style=\"width: 13.5284%; height: 49px;\">9788430754120<\/td>\n<td style=\"width: 19.1575%; height: 49px;\">Tot l&#8217;alumnat independentment del batxillerat escollit<\/td>\n<\/tr>\n<tr style=\"height: 49px;\">\n<td style=\"width: 11.6383%; height: 49px;\">1r Batxillerat<\/td>\n<td style=\"width: 11.7278%; height: 49px;\">Mat\u00e8ria de modalitat<\/td>\n<td style=\"width: 12.6465%; height: 49px;\">Qu\u00edmica 1<\/td>\n<td style=\"width: 15.8254%; height: 49px;\">Qu\u00edmica 1 batxillerat Projecte Construint mons<\/td>\n<td style=\"width: 12.1726%; height: 49px;\">Grup Promotor Santillana<\/td>\n<td style=\"width: 13.5284%; height: 49px;\">9788413158334<\/td>\n<td style=\"width: 19.1575%; height: 49px;\">Nom\u00e9s per l&#8217;alumnat que ha triat aquesta mat\u00e8ria<\/td>\n<\/tr>\n<tr style=\"height: 82px;\">\n<td style=\"width: 11.6383%; height: 82px;\">1r Batxillerat<\/td>\n<td style=\"width: 11.7278%; height: 82px;\">Mat\u00e8ria de modalitat<\/td>\n<td style=\"width: 12.6465%; height: 82px;\">Tecnologia i Enginyeria<\/td>\n<td style=\"width: 15.8254%; height: 82px;\">Tecnologia i Enginyeria &#8211; 1r Batxillerat<\/td>\n<td style=\"width: 12.1726%; height: 82px;\">Mc GrawHill<\/td>\n<td style=\"width: 13.5284%; height: 82px;\">978-84-486-3184-0<\/td>\n<td style=\"width: 19.1575%; height: 82px;\">Nom\u00e9s per l&#8217;alumnat que ha triat aquesta mat\u00e8ria<\/td>\n<\/tr>\n<tr style=\"height: 25px;\">\n<td style=\"width: 11.6383%; height: 25px;\">&nbsp;<\/p>\n<p>&nbsp;<\/p>\n<p>&nbsp;<\/td>\n<td style=\"width: 11.7278%; height: 25px;\"><\/td>\n<td style=\"width: 12.6465%; height: 25px;\"><\/td>\n<td style=\"width: 15.8254%; height: 25px;\"><\/td>\n<td style=\"width: 12.1726%; height: 25px;\"><\/td>\n<td style=\"width: 13.5284%; height: 25px;\"><\/td>\n<td style=\"width: 19.1575%; height: 25px;\"><\/td>\n<\/tr>\n<tr style=\"height: 80px;\">\n<td style=\"width: 11.6383%; height: 80px;\">2n Batxillerat<\/td>\n<td style=\"width: 11.7278%; height: 80px;\">Nom\u00e9s per l&#8217;alumnat que ha triat com a 1a llengua etrangera Franc\u00e8s<\/td>\n<td style=\"width: 12.6465%; height: 80px;\">Franc\u00e8s<\/td>\n<td style=\"width: 15.8254%; height: 80px;\">PARTAGE. M\u00e9thode de fran\u00e7ais B1.<\/td>\n<td style=\"width: 12.1726%; height: 80px;\">Santillana Fran\u00e7ais. Didier, fran\u00e7ais langue \u00e9trang\u00e8re<\/td>\n<td style=\"width: 13.5284%; height: 80px;\">9788490498248<\/td>\n<td style=\"width: 19.1575%; height: 80px;\">Utilitzem el mateix llibre a 1r i 2n de batxillerat<\/p>\n<p>Nom\u00e9s per l&#8217;alumnat que ha triat aquesta mat\u00e8ria<\/td>\n<\/tr>\n<tr style=\"height: 65px;\">\n<td style=\"width: 11.6383%; height: 65px;\">2n Batxillerat<\/td>\n<td style=\"width: 11.7278%; height: 65px;\">Mat\u00e8ria de modalitat<\/td>\n<td style=\"width: 12.6465%; height: 65px;\">F\u00edsica 2<\/td>\n<td style=\"width: 15.8254%; height: 65px;\">F\u00edsica 2n Batxillerat<\/td>\n<td style=\"width: 12.1726%; height: 65px;\">McGraw Hill<\/td>\n<td style=\"width: 13.5284%; height: 65px;\">9788448637569<\/td>\n<td style=\"width: 19.1575%; height: 65px;\">Nom\u00e9s per l&#8217;alumnat que ha triat aquesta mat\u00e8ria<\/td>\n<\/tr>\n<tr style=\"height: 65px;\">\n<td style=\"width: 11.6383%; height: 65px;\">2n Batxillerat<\/td>\n<td style=\"width: 11.7278%; height: 65px;\">Mat\u00e8ria de modalitat<\/td>\n<td style=\"width: 12.6465%; height: 49px;\">Funcionament de l&#8217;empresa<\/td>\n<td style=\"width: 15.8254%; height: 49px;\">Funcionament de l&#8217;empresa i disseny de models de negoci<\/td>\n<td style=\"width: 12.1726%; height: 49px;\">McGraw-Hill<\/td>\n<td style=\"width: 13.5284%; height: 49px;\">978-84-486-3775-0<\/td>\n<td style=\"width: 19.1575%; height: 49px;\">El llibre servir\u00e0 per a 1r i 2n de Batxillerat<\/p>\n<p>Nom\u00e9s per l&#8217;alumnat que ha triat aquesta mat\u00e8ria<\/td>\n<\/tr>\n<tr style=\"height: 65px;\">\n<td style=\"width: 11.6383%; height: 65px;\">2n Batxillerat<\/td>\n<td style=\"width: 11.7278%; height: 65px;\">Mat\u00e8ria de modalitat<\/td>\n<td style=\"width: 12.6465%;\">Geografia<\/td>\n<td style=\"width: 15.8254%;\">Geografia Batxillerat. Programa Nelly Bly<\/td>\n<td style=\"width: 12.1726%;\">Barcanova<\/td>\n<td style=\"width: 13.5284%;\">978-84-489-6174-9<\/td>\n<td style=\"width: 19.1575%;\">Nom\u00e9s per l&#8217;alumnat que ha triat aquesta mat\u00e8ria<\/td>\n<\/tr>\n<tr style=\"height: 80px;\">\n<td style=\"width: 11.6383%; height: 80px;\">2n Batxillerat<\/td>\n<td style=\"width: 11.7278%; height: 33px;\">Mat\u00e8ria comuna<\/td>\n<td style=\"width: 12.6465%; height: 33px;\">Hist\u00f2ria<\/td>\n<td style=\"width: 15.8254%; height: 33px;\">Hist\u00f2ria. DUAL<\/td>\n<td style=\"width: 12.1726%; height: 33px;\">Vicens Vives<\/td>\n<td style=\"width: 13.5284%; height: 33px;\">978-84-682-9569-5<\/td>\n<td style=\"width: 19.1575%; height: 33px;\">Tot l&#8217;alumnat independentment del batxillerat escollit<\/td>\n<\/tr>\n<tr style=\"height: 49px;\">\n<td style=\"width: 11.6383%; height: 49px;\">2n Batxillerat<\/td>\n<td style=\"width: 11.7278%; height: 49px;\">Mat\u00e8ria de modalitat<\/td>\n<td style=\"width: 12.6465%; height: 49px;\">Hist\u00f2ria de l&#8217;Art<\/td>\n<td style=\"width: 15.8254%; height: 49px;\">Hist\u00f2ria de l&#8217;Art. DUAL<\/td>\n<td style=\"width: 12.1726%; height: 49px;\">Vicens Vives<\/td>\n<td style=\"width: 13.5284%; height: 49px;\">978-84-682-9575-6<\/td>\n<td style=\"width: 19.1575%; height: 49px;\">Nom\u00e9s per l&#8217;alumnat que ha triat aquesta mat\u00e8ria<\/td>\n<\/tr>\n<tr style=\"height: 65px;\">\n<td style=\"width: 11.6383%; height: 65px;\">2n Batxillerat<\/td>\n<td style=\"width: 11.7278%; height: 65px;\">Mat\u00e8ria comuna<\/td>\n<td style=\"width: 12.6465%; height: 65px;\">Llengua castellana i literatura<\/td>\n<td style=\"width: 15.8254%; height: 65px;\">Dosier Enlace.<\/p>\n<p>PAU 2026, de Germ\u00e1n C\u00e1novas.<\/td>\n<td style=\"width: 12.1726%; height: 65px;\">Barcanova<\/td>\n<td style=\"width: 13.5284%; height: 65px;\">978-84-489-6493-1<\/td>\n<td style=\"width: 19.1575%; height: 65px;\">Tot l&#8217;alumnat independentment del batxillerat escollit<\/td>\n<\/tr>\n<tr style=\"height: 80px;\">\n<td style=\"width: 11.6383%; height: 80px;\">2n Batxillerat<\/td>\n<td style=\"width: 11.7278%; height: 80px;\">Mat\u00e8ria comuna<\/td>\n<td style=\"width: 12.6465%; height: 80px;\">Llengua castellana i literatura<\/td>\n<td style=\"width: 15.8254%; height: 80px;\">Lengua castellana y literatura 1\u00ba\/2\u00ba Bachillerato.<\/p>\n<p>Proyecto Nuevo Delfos<\/td>\n<td style=\"width: 12.1726%; height: 80px;\">Sansy<\/td>\n<td style=\"width: 13.5284%; height: 80px;\">978-84-19193-29-2<\/td>\n<td style=\"width: 19.1575%; height: 80px;\">Tot l&#8217;alumnat independentment del batxillerat escollit<\/td>\n<\/tr>\n<tr style=\"height: 80px;\">\n<td style=\"width: 11.6383%; height: 80px;\">2n Batxillerat<\/td>\n<td style=\"width: 11.7278%; height: 80px;\">Mat\u00e8ria comuna<\/td>\n<td style=\"width: 12.6465%; height: 80px;\">Llengua catalana i literatura<\/td>\n<td style=\"width: 15.8254%; height: 80px;\">Sentits 2<\/td>\n<td style=\"width: 12.1726%; height: 80px;\">Teide<\/td>\n<td style=\"width: 13.5284%; height: 80px;\">9788430754120<\/td>\n<td style=\"width: 19.1575%; height: 80px;\">Tot l&#8217;alumnat independentment del batxillerat escollit<\/td>\n<\/tr>\n<\/tbody>\n<\/table>\n<p>&nbsp;<\/p>\n<h3><\/h3>\n<p>&nbsp;<\/p>\n<p>&nbsp;<\/p>\n<p>&nbsp;<\/p>\n<p>&nbsp;<\/p>\n<h3><span style=\"color: #008000;\">Llibres de lectura Batxillerat 2025-26<\/span><\/h3>\n<table style=\"width: 80.9839%; height: 1181px;\" width=\"660\">\n<tbody>\n<tr style=\"height: 115px;\">\n<td style=\"width: 19.3353%; height: 115px;\" width=\"132\">\n<h5><span style=\"color: #333399;\">Nivell Educatiu<\/span><\/h5>\n<\/td>\n<td style=\"width: 19.3353%; height: 115px;\" width=\"132\">\n<h5><span style=\"color: #333399;\">Mat\u00e8ria associada a la lectura<\/span><\/h5>\n<\/td>\n<td style=\"width: 15.0381%; height: 115px;\" width=\"132\">\n<h5><span style=\"color: #333399;\">Editorial\u00a0<\/span><\/h5>\n<\/td>\n<td style=\"width: 24.2368%; height: 115px;\" width=\"132\">\n<h5><span style=\"color: #333399;\">Nom del llibre, autor.<\/span><\/h5>\n<\/td>\n<td style=\"width: 82.1719%; height: 115px;\" width=\"132\">\n<h5><span style=\"color: #333399;\">ISBN\u00a0<\/span><\/h5>\n<\/td>\n<\/tr>\n<tr style=\"height: 112px;\">\n<td style=\"width: 19.3353%; height: 112px;\">1r Batxillerat<\/td>\n<td style=\"width: 19.3353%; height: 112px;\">Angl\u00e8s com a 1a llengua estrangera<\/td>\n<td style=\"width: 15.0381%; height: 112px;\">Burlington Books (Level: 2nd btx)<\/td>\n<td style=\"width: 24.2368%; height: 112px;\">Brave New World<\/td>\n<td style=\"width: 82.1719%; height: 112px;\">9789963467754<\/td>\n<\/tr>\n<tr style=\"height: 82px;\">\n<td style=\"width: 19.3353%; height: 82px;\">1r Batxillerat<\/td>\n<td style=\"width: 19.3353%; height: 82px;\">Llengua castellana i literatura<\/td>\n<td style=\"width: 15.0381%; height: 82px;\">Austral<\/td>\n<td style=\"width: 24.2368%; height: 82px;\">Los ni\u00f1os tontos, de Ana Mar\u00eda Matute<\/td>\n<td style=\"width: 82.1719%; height: 82px;\">9788423351121<\/td>\n<\/tr>\n<tr style=\"height: 82px;\">\n<td style=\"width: 19.3353%; height: 82px;\">1r Batxillerat<\/td>\n<td style=\"width: 19.3353%; height: 82px;\">Llengua castellana i literatura<\/td>\n<td style=\"width: 15.0381%; height: 82px;\">Austral<\/td>\n<td style=\"width: 24.2368%; height: 82px;\">La casa de Bernarda Alba, de Federico Garc\u00eda Lorca.<\/td>\n<td style=\"width: 82.1719%; height: 82px;\">9788467044027<\/td>\n<\/tr>\n<tr style=\"height: 82px;\">\n<td style=\"width: 19.3353%; height: 82px;\">1r Batxillerat<\/td>\n<td style=\"width: 19.3353%; height: 82px;\">Llengua catalana i literatura<\/td>\n<td style=\"width: 15.0381%; height: 82px;\">Educaula 62<\/td>\n<td style=\"width: 24.2368%; height: 82px;\">Tirant lo Blanc. Episodis amorosos<\/td>\n<td style=\"width: 82.1719%; height: 82px;\">978-84-15192-85-5<\/td>\n<\/tr>\n<tr style=\"height: 82px;\">\n<td style=\"width: 19.3353%; height: 82px;\">1r Batxillerat<\/td>\n<td style=\"width: 19.3353%; height: 82px;\">Llengua catalana i literatura<\/td>\n<td style=\"width: 15.0381%; height: 82px;\">Educaula 62<\/td>\n<td style=\"width: 24.2368%; height: 82px;\">Terra baixa, \u00c0ngel Guimer\u00e0.<\/td>\n<td style=\"width: 82.1719%; height: 82px;\">978-84-92672-87-5<\/td>\n<\/tr>\n<tr style=\"height: 82px;\">\n<td style=\"width: 19.3353%; height: 82px;\">1r Batxillerat<\/td>\n<td style=\"width: 19.3353%; height: 82px;\">Llengua catalana i literatura<\/td>\n<td style=\"width: 15.0381%; height: 82px;\">Educaula 62<\/td>\n<td style=\"width: 24.2368%; height: 82px;\">Antologia de poesia catalana. Nova tria<\/td>\n<td style=\"width: 82.1719%; height: 82px;\">978-84-15954-56-9<\/td>\n<\/tr>\n<tr style=\"height: 52px;\">\n<td style=\"width: 19.3353%; height: 52px;\">&nbsp;<\/p>\n<p>&nbsp;<\/td>\n<td style=\"width: 19.3353%; height: 52px;\"><\/td>\n<td style=\"width: 15.0381%; height: 52px;\"><\/td>\n<td style=\"width: 24.2368%; height: 52px;\"><\/td>\n<td style=\"width: 82.1719%; height: 52px;\"><\/td>\n<\/tr>\n<tr style=\"height: 82px;\">\n<td style=\"width: 19.3353%; height: 82px;\">2n Batxillerat<\/td>\n<td style=\"width: 19.3353%; height: 82px;\">Angl\u00e8s com a 1a llengua estrangera<\/td>\n<td style=\"width: 15.0381%; height: 82px;\">Oxford University Press (Col. Bookworms) &#8211; Level 6<\/td>\n<td style=\"width: 24.2368%; height: 82px;\">A Passage to India<\/td>\n<td style=\"width: 82.1719%; height: 82px;\">978-0-19-479271-4<\/td>\n<\/tr>\n<tr style=\"height: 82px;\">\n<td style=\"width: 19.3353%; height: 82px;\">2n Batxillerat<\/td>\n<td style=\"width: 19.3353%; height: 82px;\">Llengua castellana i literatura<\/td>\n<td style=\"width: 15.0381%; height: 82px;\">Austral<\/td>\n<td style=\"width: 24.2368%; height: 82px;\">Nada, de Carmen Laforet.<\/td>\n<td style=\"width: 82.1719%; height: 82px;\">9788423355693<\/td>\n<\/tr>\n<tr style=\"height: 82px;\">\n<td style=\"width: 19.3353%; height: 82px;\">2n Batxillerat<\/td>\n<td style=\"width: 19.3353%; height: 82px;\">Llengua castellana i literatura<\/td>\n<td style=\"width: 15.0381%; height: 82px;\">Austral<\/td>\n<td style=\"width: 24.2368%; height: 82px;\">La Fundaci\u00f3n, de Antonio Buero Vallejo.<\/td>\n<td style=\"width: 82.1719%; height: 82px;\">9788467060003<\/td>\n<\/tr>\n<tr style=\"height: 82px;\">\n<td style=\"width: 19.3353%; height: 82px;\">2n Batxillerat<\/td>\n<td style=\"width: 19.3353%; height: 82px;\">Llengua catalana i literatura<\/td>\n<td style=\"width: 15.0381%; height: 82px;\">Club Editor Jove<\/td>\n<td style=\"width: 24.2368%; height: 82px;\">Mirall trencat,de Merc\u00e8 Rodoreda.<\/td>\n<td style=\"width: 82.1719%; height: 82px;\">978-84-7329-224-5<\/td>\n<\/tr>\n<tr style=\"height: 82px;\">\n<td style=\"width: 19.3353%; height: 82px;\">2n Batxillerat<\/td>\n<td style=\"width: 19.3353%; height: 82px;\">Llengua catalana i literatura<\/td>\n<td style=\"width: 15.0381%; height: 82px;\">Educaula 62<\/td>\n<td style=\"width: 24.2368%; height: 82px;\">Aig\u00fces encantades, Joan Puig i Ferreter.<\/td>\n<td style=\"width: 82.1719%; height: 82px;\">978-84-92672-43-1<\/td>\n<\/tr>\n<tr style=\"height: 82px;\">\n<td style=\"width: 19.3353%; height: 82px;\">2n Batxillerat<\/td>\n<td style=\"width: 19.3353%; height: 82px;\">Llengua catalana i literatura<\/td>\n<td style=\"width: 15.0381%; height: 82px;\">Educaula 62<\/td>\n<td style=\"width: 24.2368%; height: 82px;\">Antologia de poesia catalana. Nova tria.<\/td>\n<td style=\"width: 82.1719%; height: 82px;\">978-84-15954-56-9<\/td>\n<\/tr>\n<\/tbody>\n<\/table>\n","protected":false},"excerpt":{"rendered":"<p>Llibres de text Batxillerat 2025-26 Nivell Educatiu Tipus de mat\u00e8ria Mat\u00e8ria\u00a0 Nom complert del llibre Editorial ISBN Observacions 1r Batxillerat Mat\u00e8ria de modalitat obligat\u00f2ria per l&#8217;alumnat del Batxillerat Human\u00edstic. Cultura i lleng\u00fces llatines Lingua Latina per se illustrata Cultura cl\u00e0ssica 978-84-935-7985-2 Fem servir el mateix llibre a 1r i 2n de batxillerat Nom\u00e9s per l&#8217;alumnat [&hellip;]<\/p>\n","protected":false},"author":1,"featured_media":0,"parent":664,"menu_order":3,"comment_status":"closed","ping_status":"closed","template":"","meta":{"_bbp_topic_count":0,"_bbp_reply_count":0,"_bbp_total_topic_count":0,"_bbp_total_reply_count":0,"_bbp_voice_count":0,"_bbp_anonymous_reply_count":0,"_bbp_topic_count_hidden":0,"_bbp_reply_count_hidden":0,"_bbp_forum_subforum_count":0,"site-sidebar-layout":"default","site-content-layout":"","ast-site-content-layout":"default","site-content-style":"default","site-sidebar-style":"default","ast-global-header-display":"","ast-banner-title-visibility":"","ast-main-header-display":"","ast-hfb-above-header-display":"","ast-hfb-below-header-display":"","ast-hfb-mobile-header-display":"","site-post-title":"","ast-breadcrumbs-content":"","ast-featured-img":"","footer-sml-layout":"","theme-transparent-header-meta":"default","adv-header-id-meta":"","stick-header-meta":"","header-above-stick-meta":"","header-main-stick-meta":"","header-below-stick-meta":"","astra-migrate-meta-layouts":"set","ast-page-background-enabled":"default","ast-page-background-meta":{"desktop":{"background-color":"var(--ast-global-color-4)","background-image":"","background-repeat":"repeat","background-position":"center center","background-size":"auto","background-attachment":"scroll","background-type":"","background-media":"","overlay-type":"","overlay-color":"","overlay-opacity":"","overlay-gradient":""},"tablet":{"background-color":"","background-image":"","background-repeat":"repeat","background-position":"center center","background-size":"auto","background-attachment":"scroll","background-type":"","background-media":"","overlay-type":"","overlay-color":"","overlay-opacity":"","overlay-gradient":""},"mobile":{"background-color":"","background-image":"","background-repeat":"repeat","background-position":"center center","background-size":"auto","background-attachment":"scroll","background-type":"","background-media":"","overlay-type":"","overlay-color":"","overlay-opacity":"","overlay-gradient":""}},"ast-content-background-meta":{"desktop":{"background-color":"var(--ast-global-color-5)","background-image":"","background-repeat":"repeat","background-position":"center center","background-size":"auto","background-attachment":"scroll","background-type":"","background-media":"","overlay-type":"","overlay-color":"","overlay-opacity":"","overlay-gradient":""},"tablet":{"background-color":"var(--ast-global-color-5)","background-image":"","background-repeat":"repeat","background-position":"center center","background-size":"auto","background-attachment":"scroll","background-type":"","background-media":"","overlay-type":"","overlay-color":"","overlay-opacity":"","overlay-gradient":""},"mobile":{"background-color":"var(--ast-global-color-5)","background-image":"","background-repeat":"repeat","background-position":"center center","background-size":"auto","background-attachment":"scroll","background-type":"","background-media":"","overlay-type":"","overlay-color":"","overlay-opacity":"","overlay-gradient":""}},"footnotes":""},"class_list":["post-971","page","type-page","status-publish","hentry"],"post_mailing_queue_ids":[],"_links":{"self":[{"href":"https:\/\/agora.xtec.cat\/iessantquirze\/wp-json\/wp\/v2\/pages\/971","targetHints":{"allow":["GET"]}}],"collection":[{"href":"https:\/\/agora.xtec.cat\/iessantquirze\/wp-json\/wp\/v2\/pages"}],"about":[{"href":"https:\/\/agora.xtec.cat\/iessantquirze\/wp-json\/wp\/v2\/types\/page"}],"author":[{"embeddable":true,"href":"https:\/\/agora.xtec.cat\/iessantquirze\/wp-json\/wp\/v2\/users\/1"}],"replies":[{"embeddable":true,"href":"https:\/\/agora.xtec.cat\/iessantquirze\/wp-json\/wp\/v2\/comments?post=971"}],"version-history":[{"count":7,"href":"https:\/\/agora.xtec.cat\/iessantquirze\/wp-json\/wp\/v2\/pages\/971\/revisions"}],"predecessor-version":[{"id":5124,"href":"https:\/\/agora.xtec.cat\/iessantquirze\/wp-json\/wp\/v2\/pages\/971\/revisions\/5124"}],"up":[{"embeddable":true,"href":"https:\/\/agora.xtec.cat\/iessantquirze\/wp-json\/wp\/v2\/pages\/664"}],"wp:attachment":[{"href":"https:\/\/agora.xtec.cat\/iessantquirze\/wp-json\/wp\/v2\/media?parent=971"}],"curies":[{"name":"wp","href":"https:\/\/api.w.org\/{rel}","templated":true}]}}