{"id":961,"date":"2019-04-05T10:51:59","date_gmt":"2019-04-05T08:51:59","guid":{"rendered":"https:\/\/agora.xtec.cat\/iessantquirze\/?page_id=961"},"modified":"2025-07-21T09:37:39","modified_gmt":"2025-07-21T07:37:39","slug":"optatives","status":"publish","type":"page","link":"https:\/\/agora.xtec.cat\/iessantquirze\/estudis\/eso\/optatives\/","title":{"rendered":"Optatives"},"content":{"rendered":"<h2>Optatives de 1r (curs 25-26)<\/h2>\n<table style=\"width: 95.3043%;\" width=\"765\">\n<tbody>\n<tr>\n<td style=\"width: 11.9522%;\"><strong>Nivell Educatiu<\/strong><\/td>\n<td style=\"width: 12.5844%;\"><strong>Mat\u00e8ria af\u00ed<\/strong><\/td>\n<td style=\"width: 13.722%;\"><strong>T\u00edtol de l&#8217;optativa<\/strong><\/td>\n<td style=\"width: 121.862%;\"><strong>Descripci\u00f3 de l&#8217;optativa<\/strong><\/td>\n<\/tr>\n<tr>\n<td style=\"width: 11.9522%; vertical-align: middle;\">1r d&#8217;ESO<\/td>\n<td style=\"width: 12.5844%; vertical-align: middle;\" width=\"175\">Angl\u00e8s<\/td>\n<td style=\"width: 13.722%; vertical-align: middle;\" width=\"193\">English Skills Workshop<\/td>\n<td style=\"width: 121.862%;\" width=\"411\">\n<p style=\"text-align: justify;\">Assignatura centrada en refor\u00e7ar i aprofundir les quatre habilitats b\u00e0siques de la llengua anglesa: expressi\u00f3 oral, expressi\u00f3 escrita, comprensi\u00f3 oral i comprensi\u00f3 lectora.<\/p>\n<p style=\"text-align: justify;\">A trav\u00e9s de din\u00e0miques pr\u00e0ctiques, jocs comunicatius, lectures adaptades i tasques col\u00b7laboratives, els alumnes milloren la seva flu\u00efdesa i confian\u00e7a en l\u2019\u00fas quotidi\u00e0 de l\u2019angl\u00e8s. Ideal per refor\u00e7ar les compet\u00e8ncies b\u00e0siques i consolidar coneixements.<\/p>\n<\/td>\n<\/tr>\n<tr>\n<td style=\"width: 11.9522%; vertical-align: middle;\">1r d&#8217;ESO<\/td>\n<td style=\"width: 12.5844%; vertical-align: middle;\">Biologia i geologia<\/td>\n<td style=\"width: 13.722%; vertical-align: middle;\" width=\"193\">Com funciona un hort?<\/td>\n<td style=\"width: 121.862%; text-align: justify;\" width=\"411\">Es coneixeran diferents maneres de cultivar les plantes. S&#8217;experimenta amb la terra, la llum i l\u2019aigua, tant a l\u2019exterior com a l\u2019aula. S&#8217;aproxima la realitat dels aliments vegetals al dia a dia de l\u2019alumnat.<\/td>\n<\/tr>\n<tr>\n<td style=\"width: 11.9522%; vertical-align: middle;\">1r d&#8217;ESO<\/td>\n<td style=\"width: 12.5844%; vertical-align: middle;\">Castell\u00e0<\/td>\n<td style=\"width: 13.722%; vertical-align: middle;\" width=\"193\">Palabras al vuelo<\/td>\n<td style=\"width: 121.862%; text-align: justify;\" width=\"411\">Optativa que pret\u00e9n viatjar per l\u2019expressi\u00f3 oral i escrita de manera creativa a partir del plantejament de diferents situacions d&#8217;aprenentatge reals.<\/p>\n<p>Es tracta de desenvolupar la creativitat mitjan\u00e7ant l\u2019escriptura creativa i l\u2019oralitat, aprendre a planificar, redactar i revisar textos, fer \u00fas dels recursos estil\u00edstics b\u00e0sics i compartir i valorar les produccions pr\u00f2pies i alienes que finalment es recolliran en un llibre digital.<\/td>\n<\/tr>\n<tr>\n<td style=\"width: 11.9522%; vertical-align: middle;\">1r d&#8217;ESO<\/td>\n<td style=\"width: 12.5844%; vertical-align: middle;\">M\u00fasica<\/td>\n<td style=\"width: 13.722%; vertical-align: middle;\" width=\"193\">Arts esc\u00e8niques i Dansa<\/td>\n<td style=\"width: 121.862%; text-align: justify;\" width=\"411\">El principal objectiu \u00e9s que els alumnes desenvolupin un judici cr\u00edtic, la creativitat, l\u2019autonomia i estimulin el desenvolupament de les capacitats expressives, creatives i comunicatives, a trav\u00e9s de la toler\u00e0ncia i el respecte a la diversitat. En definitiva, gaudir de les arts esc\u00e8niques i la dansa.<\/td>\n<\/tr>\n<tr>\n<td style=\"width: 11.9522%; vertical-align: middle;\">1r d&#8217;ESO<\/td>\n<td style=\"width: 12.5844%; vertical-align: middle;\">Orientaci\u00f3<\/td>\n<td style=\"width: 13.722%; vertical-align: middle;\">Introducci\u00f3 Mindfulness. Taller d\u2019autoconeixement i relaxaci\u00f3.<\/td>\n<td style=\"width: 121.862%; text-align: justify;\">Optativa de creixement personal en la que treballarem les compet\u00e8ncies personal i social a trav\u00e9s del\u00a0 coneixement de les emocions i aprendre a gestionar-les, l&#8217;acceptaci\u00f3 de la realitat i estrat\u00e8gies d\u2019afrontament, la difer\u00e8ncia entre reacci\u00f3 i resposta, t\u00e8cniques de relaxaci\u00f3 i l\u2019agra\u00efment.<\/td>\n<\/tr>\n<tr>\n<td style=\"width: 11.9522%; vertical-align: middle;\">1r d&#8217;ESO<\/td>\n<td style=\"width: 12.5844%; vertical-align: middle;\" width=\"175\">Tecnologia<\/td>\n<td style=\"width: 13.722%; vertical-align: middle;\" width=\"193\">Projectes Tecnol\u00f2gics 1<\/td>\n<td style=\"width: 121.862%; text-align: justify;\" width=\"411\">En aquesta optativa els alumnes utilitzaran el proc\u00e9s tecnol\u00f2gic per idear, dissenyar i construir objectes, maquetes, aparells, etc.<\/td>\n<\/tr>\n<\/tbody>\n<\/table>\n<p>&nbsp;<\/p>\n<h2>Optatives de 2n (curs 25-26)<\/h2>\n<table>\n<tbody>\n<tr>\n<td style=\"width: 11.9522%;\"><strong>Nivell Educatiu<\/strong><\/td>\n<td style=\"width: 12.5844%;\"><strong>Mat\u00e8ria af\u00ed<\/strong><\/td>\n<td style=\"width: 13.722%;\"><strong>T\u00edtol de l&#8217;optativa<\/strong><\/td>\n<td style=\"width: 121.862%;\"><strong>Descripci\u00f3 de l&#8217;optativa<\/strong><\/td>\n<\/tr>\n<tr>\n<td style=\"width: 11.9522%; vertical-align: middle;\">2n d&#8217;ESO<\/td>\n<td style=\"width: 12.5844%; vertical-align: middle;\" width=\"175\">Angl\u00e8s<\/td>\n<td style=\"width: 13.722%; vertical-align: middle;\" width=\"193\">Project-based English<\/td>\n<td style=\"width: 121.862%; text-align: justify;\" width=\"411\">Aprenentatge de l\u2019angl\u00e8s a trav\u00e9s de projectes interdisciplinaris. Cada unitat gira al voltant d\u2019un tema (com la tecnologia, el medi ambient, la m\u00fasica o la salut) i culmina en una tasca final: una exposici\u00f3 oral, una maqueta, una campanya digital, etc.<\/p>\n<p>Es treballa l\u2019angl\u00e8s de forma funcional i significativa, integrant-lo amb altres \u00e0rees de coneixement i fomentant el treball en equip.<\/td>\n<\/tr>\n<tr>\n<td style=\"width: 11.9522%; vertical-align: middle;\">2n d&#8217;ESO<\/td>\n<td style=\"width: 12.5844%; vertical-align: middle;\">Biologia i geologia<\/td>\n<td style=\"width: 13.722%; vertical-align: middle;\">Meteorologia i \u00e9ssers vius<\/td>\n<td style=\"width: 121.862%; text-align: justify;\">Investiguem el temps meteorol\u00f2gic. A partir de petits experiments aprendrem a recollir dades i interpretar-les per entendre la meteorologia i els diferents climes. I investigarem les adaptacions dels \u00e9ssers vius a diferents condicions ambientals.<\/td>\n<\/tr>\n<tr>\n<td style=\"width: 11.9522%; vertical-align: middle;\">2n d&#8217;ESO<\/td>\n<td style=\"width: 12.5844%; vertical-align: middle;\">Matem\u00e0tiques<\/td>\n<td style=\"width: 13.722%; vertical-align: middle;\">Activem les neurones!<\/td>\n<td style=\"width: 121.862%; text-align: justify;\">Activitats relacionades amb les matem\u00e0tiques que ajudin a resoldre problemes usant les seves pr\u00f2pies estrat\u00e8gies de raonament informal. Amb aquestes activitats busquem facilitar les condicions perqu\u00e8 sorgeixin les habilitats intu\u00eftives dels alumnes i, a partir d&#8217;elles, ajudar a consolidar-les.<\/td>\n<\/tr>\n<tr>\n<td style=\"width: 11.9522%; vertical-align: middle;\">2n d&#8217;ESO<\/td>\n<td style=\"width: 12.5844%; vertical-align: middle;\">M\u00fasica<\/td>\n<td style=\"width: 13.722%; vertical-align: middle;\">Toquem l&#8217;Ukelele<\/td>\n<td style=\"width: 121.862%; text-align: justify;\">En aquesta optativa l&#8217;alumnat aprendr\u00e0 a tocar i interpretar diferents can\u00e7ons amb l&#8217;Ukelele.<\/td>\n<\/tr>\n<tr>\n<td style=\"width: 11.9522%; vertical-align: middle;\">2n d&#8217;ESO<\/td>\n<td style=\"width: 12.5844%; vertical-align: middle;\">Orientaci\u00f3<\/td>\n<td style=\"width: 13.722%; vertical-align: middle;\">Viure i Conviure<\/td>\n<td style=\"width: 121.862%; text-align: justify;\">La fi d\u2019aquesta optativa \u00e9s potenciar les compet\u00e8ncies emocionals i interpersonals, amb l\u2019objectiu de capacitar la persona per afrontar millor els reptes que es plantegen a la vida quotidiana.<\/td>\n<\/tr>\n<tr>\n<td style=\"width: 11.9522%; vertical-align: middle;\">2n d&#8217;ESO<\/td>\n<td style=\"width: 12.5844%; vertical-align: middle;\">Tecnologia<\/td>\n<td style=\"width: 13.722%; vertical-align: middle;\">Programaci\u00f3 i rob\u00f2tica<\/td>\n<td style=\"width: 121.862%; text-align: justify;\">En aquesta optativa els alumnes utilitzaran el llenguatge de programaci\u00f3 per blocs per solucionar reptes mitjan\u00e7ant robots i d\u2019altres sistemes i elements digitals.<\/td>\n<\/tr>\n<tr>\n<td style=\"width: 11.9522%; vertical-align: middle;\">2n d&#8217;ESO<\/td>\n<td style=\"width: 12.5844%; vertical-align: middle;\">Visual i Pl\u00e0stica<\/td>\n<td style=\"width: 13.722%; vertical-align: middle;\">Visual Lab: crea hist\u00f2ries amb imatges<\/td>\n<td style=\"width: 121.862%; text-align: justify;\">T\u2019agraden les fotos o crear contingut amb imatges? En aquesta optativa aprendr\u00e0s a mirar amb altres ulls el que veus en les pantalles i a tenir un primer contacte amb el llenguatge audiovisual des d\u2019un enfoc pr\u00e0ctic i creatiu.<\/p>\n<p>Si t\u2019interessa comunicar amb imatges i descobrir com es construeixen els missatges visuals, t\u2019hi esperem!<\/td>\n<\/tr>\n<\/tbody>\n<\/table>\n<p>&nbsp;<\/p>\n<h2>Optatives de 3r (curs 25-26)<\/h2>\n<table style=\"width: 100%; height: 477px;\">\n<tbody>\n<tr style=\"height: 53px;\">\n<td style=\"width: 11.9522%; height: 53px;\"><strong>Nivell Educatiu<\/strong><\/td>\n<td style=\"width: 12.5844%; height: 53px;\"><strong>Mat\u00e8ria af\u00ed<\/strong><\/td>\n<td style=\"width: 13.722%; height: 53px;\"><strong>T\u00edtol de l&#8217;optativa<\/strong><\/td>\n<td style=\"width: 121.862%; height: 53px;\"><strong>Descripci\u00f3 de l&#8217;optativa<\/strong><\/td>\n<\/tr>\n<tr style=\"height: 53px;\">\n<td style=\"width: 11.9522%; height: 53px; vertical-align: middle;\">3r d&#8217;ESO<\/td>\n<td style=\"width: 12.5844%; height: 53px; vertical-align: middle;\" width=\"175\">Angl\u00e8s<\/td>\n<td style=\"width: 13.722%; vertical-align: middle;\" width=\"187\">Towards FCE:<\/p>\n<p>Preparing for the First Certificate in English<\/td>\n<td style=\"width: 121.862%; height: 53px; text-align: justify;\" width=\"411\">Aquesta optativa est\u00e0 dissenyada per a alumnes que volen preparar-se progressivament per afrontar, en un futur, l\u2019examen oficial de Cambridge FCE (nivell B2). Es treballen les cinc \u00e0rees de l\u2019examen:<\/p>\n<ul>\n<li>Reading (comprensi\u00f3 lectora)<\/li>\n<li>Use of English (gram\u00e0tica i vocabulari en context)<\/li>\n<li>Listening (comprensi\u00f3 oral)<\/li>\n<li>Writing (redacci\u00f3 estructurada de textos)<\/li>\n<li>Speaking (expressi\u00f3 oral i interacci\u00f3)<\/li>\n<\/ul>\n<p>L\u2019assignatura inclou pr\u00e0ctiques amb models reals d\u2019examen, t\u00e8cniques per resoldre les tasques m\u00e9s habituals, vocabulari espec\u00edfic i estrat\u00e8gies d\u2019estudi. Tamb\u00e9 es fomenta la confian\u00e7a en la comunicaci\u00f3 oral mitjan\u00e7ant simulacions de l\u2019entrevista oral de l\u2019examen.<\/td>\n<\/tr>\n<tr style=\"height: 53px;\">\n<td style=\"width: 11.9522%; height: 53px; vertical-align: middle;\">3r d&#8217;ESO<\/td>\n<td style=\"width: 12.5844%; vertical-align: middle;\" width=\"175\">Biologia i geologia<\/td>\n<td style=\"width: 13.722%; vertical-align: middle;\" width=\"187\">L&#8217;hort creix<\/td>\n<td style=\"width: 121.862%; text-align: justify;\" width=\"422\">En aquesta optativa continuarem fent diferents observacions al voltant de l&#8217;hort: les necessitats de diferents plantes, el compost, el substrat. Es participa activament de la planificaci\u00f3 i petits c\u00e0lculs. Diferents tipus de cultius.<\/td>\n<\/tr>\n<tr style=\"height: 53px;\">\n<td style=\"width: 11.9522%; height: 53px; vertical-align: middle;\">3r d&#8217;ESO<\/td>\n<td style=\"width: 12.5844%; vertical-align: middle;\" width=\"175\">Ci\u00e8ncies Socials<\/td>\n<td style=\"width: 13.722%; height: 53px; vertical-align: middle;\">Emprenedoria<\/td>\n<td style=\"width: 121.862%; height: 53px; text-align: justify;\">La mat\u00e8ria d\u2019Emprenedoria t\u00e9 com a missi\u00f3 acompanyar l\u2019alumnat en el desenvolupament del seu esperit emprenedor, potenciant la creativitat, la iniciativa i la capacitat de donar resposta a reptes reals del seu entorn. L\u2019objectiu \u00e9s que adquireixin eines personals i socials per construir el seu propi cam\u00ed, tant a nivell personal com professional, en un m\u00f3n en constant canvi.<\/p>\n<p>&nbsp;<\/td>\n<\/tr>\n<tr style=\"height: 53px;\">\n<td style=\"width: 11.9522%; height: 53px; vertical-align: middle;\">3r d&#8217;ESO<\/td>\n<td style=\"width: 12.5844%; vertical-align: middle;\" width=\"175\">Matem\u00e0tiques<\/td>\n<td style=\"width: 13.722%; vertical-align: middle;\" width=\"187\">El M\u00f3n matem\u00e0tic en 3D<\/td>\n<td style=\"width: 121.862%; height: 53px; text-align: justify;\">La impressi\u00f3 en tres dimensions ens permet realitzar les nostres pr\u00f2pies creacions i convertir-les en un objecte real. Aix\u00f2 ens ofereix la possibilitat d\u2019observar, manipular i entendre les propietats de la forma d\u2019aquests objectes.<\/p>\n<p>Jugar \u00e9s divertit per\u00f2 tamb\u00e9 \u00e9s did\u00e0ctic. Aquesta optativa uneix les disciplines art\u00edstiques amb les matem\u00e0tiques i el joc. La idea \u00e9s que l\u2019alumne dissenyi i produeixi un joc, un objecte curi\u00f3s com una ampolla on la cara interior i exterior s\u00f3n la mateixa cara, o altres objectes que despertin la nostra curiositat.<\/p>\n<p>Per modelitzar aquests objectes ser\u00e0 molt \u00fatil con\u00e8ixer algunes eines i conceptes matem\u00e0tics, que anirem introduint i utilitzant progressivament. GRAFS, ESPAIS I SUBESPAIS VECTORIALS, DIMENSIONS, ORTOGONALITAT, SISTEMES DE REFER\u00c8NCIA, S\u00d2LIDS GEOM\u00c8TRICS, SUPERF\u00cdCIES, CORBES, TRANSFORMACIONS ISOM\u00c8TRIQUES, TRANSFORMACIONS ISOM\u00d2RFIQUES, ANGLES, LONGITUDS, GEOMETRIA PROJECTIVA, OPERACIONS AMB CONJUNTS, TESSEL\u00b7LACIONS, RESTRICCIONS GEOM\u00c8TRIQUES, GRAUS DE LLIBERTAT, PARAMETRITZACI\u00d3, TRIGONOMETRIA, VECTORS.<\/p>\n<p>El curs s\u2019organitza mitjan\u00e7ant les seg\u00fcents activitats que faran possible la introducci\u00f3 de les eines matem\u00e0tiques esmentades: 1 ART I MATEM\u00c0TIQUES, 2 LES PECES DEL TETRIS, 3 PIR\u00c0MIDES I PRISMES, 4 OPERACIONS BOOLEANES, 5 ELS MOSAICS DE L\u2019ALHAMBRA, 6 NUS OBLIC, 7 C\u00d2NIQUES, 8 CINTA DE M\u00d6BIUS, 9 ACTIVITAT FINAL.<\/p>\n<p>Podeu accedir al detall de les activitats i alguns exemples en el seg\u00fcent enlla\u00e7: <a href=\"https:\/\/drive.google.com\/file\/d\/1yIxDNxOsV94y8tHKObj-CS7NlkqyjAa7\/view?usp=sharing\">El m\u00f3n matem\u00e0tic en tres dimensions<\/a><\/td>\n<\/tr>\n<tr style=\"height: 53px;\">\n<td style=\"width: 11.9522%; height: 53px; vertical-align: middle;\">3r d&#8217;ESO<\/td>\n<td style=\"width: 12.5844%; height: 53px; vertical-align: middle;\">M\u00fasica<\/td>\n<td style=\"width: 13.722%; vertical-align: middle;\" width=\"187\">Sona la M\u00fasica<\/td>\n<td style=\"width: 121.862%; text-align: justify;\" width=\"422\">La mat\u00e8ria permet fer, escoltar i gaudir de la m\u00fasica a trav\u00e9s de diferents activitats com la interpretaci\u00f3, l\u2019audici\u00f3, l\u2019exposici\u00f3 de treballs i la creaci\u00f3-edici\u00f3 d\u2019una revista musical on investiguem diferents aspectes d\u2019inter\u00e8s.<\/td>\n<\/tr>\n<tr style=\"height: 53px;\">\n<td style=\"width: 11.9522%; height: 53px; vertical-align: middle;\">3r d&#8217;ESO<\/td>\n<td style=\"width: 12.5844%; height: 53px; vertical-align: middle;\">Orientaci\u00f3<\/td>\n<td style=\"width: 13.722%; vertical-align: middle;\" width=\"187\">Taller de tarjeter\u00eda i treballs amb paper.<\/td>\n<td style=\"width: 121.862%; height: 53px; text-align: justify;\">En aquesta optativa farem tarjeteria i manualitats creatives amb paper.<\/p>\n<p>Objectius: Potenciar la concentraci\u00f3, controlar els nivells d\u2019estr\u00e8s, afavorir l\u2019agilitat mental, refor\u00e7ar l\u2019autoestima positiva, treballar la concentraci\u00f3 i la paci\u00e8ncia, aprendre a treballar en equip i millorar les habilitats socials. Es faran les targetes seguint el calendari: Nadal, Carnestoltes, Pasqua, Sant Jordi, aniversaris, etc.<\/td>\n<\/tr>\n<tr style=\"height: 53px;\">\n<td style=\"width: 11.9522%; height: 53px; vertical-align: middle;\">3r d&#8217;ESO<\/td>\n<td style=\"width: 12.5844%; vertical-align: middle;\" width=\"175\">Tecnologia<\/td>\n<td style=\"width: 13.722%; vertical-align: middle;\" width=\"187\">Projectes Tecnol\u00f2gics 3<\/td>\n<td style=\"width: 121.862%; text-align: justify;\" width=\"422\">En aquesta optativa els alumnes utilitzaran el proc\u00e9s tecnol\u00f2gic per idear, dissenyar i construir objectes, maquetes, aparells, etc.<\/td>\n<\/tr>\n<tr style=\"height: 53px;\">\n<td style=\"width: 11.9522%; height: 53px; vertical-align: middle;\">3r d&#8217;ESO<\/td>\n<td style=\"width: 12.5844%; vertical-align: middle;\" width=\"175\">Visual i pl\u00e0stica<\/td>\n<td style=\"width: 13.722%; vertical-align: middle;\" width=\"187\">Expressa&#8217;t en Art<\/td>\n<td style=\"width: 121.862%; text-align: justify;\" width=\"422\">En aquesta optativa podr\u00e0s expressar-te de manera lliure, tot coneixent les principals t\u00e8cniques gr\u00e0fiques de dibuix, pintura, etc.\u00a0 I diferents procediments art\u00edstics, que t\u2019ajudaran a desenvolupar tot el teu potencial creatiu! Podr\u00e0s experimentar alhora que sabr\u00e0s usar les eines, t\u00e8cniques i recursos m\u00e9s adients per expressar emocions, sentiments i idees, a trav\u00e9s de l&#8217;engrescador llenguatge visual i pl\u00e0stic!<\/td>\n<\/tr>\n<\/tbody>\n<\/table>\n<h2>Optatives de 4t (curs 25-26)<\/h2>\n<p>En el curr\u00edculum de 4t\u00a0 d&#8217;ESO, l&#8217;alumnat pot triar fins a 3 mat\u00e8ries optatives que venen fixades pel curr\u00edculum 175\/2022.<\/p>\n<p>Les mat\u00e8ries optatives de 4t que s&#8217;ofereixen en l&#8217;Institut Sant Quirze s\u00f3n les seg\u00fcents:<\/p>\n<ul>\n<li style=\"list-style-type: none;\">\n<ul>\n<li>Biologia i Geologia*<\/li>\n<li>Digitalitzaci\u00f3<\/li>\n<li>Economia B\u00e0sica<\/li>\n<li>Expressi\u00f3 art\u00edstica<\/li>\n<li>Filosofia<\/li>\n<li>F\u00edsica i Qu\u00edmica*<\/li>\n<li>M\u00fasica<\/li>\n<li>Tecnologia*<\/li>\n<li>2a Llengua estrangera Franc\u00e8s, (a partir del curs 2025-2026 tamb\u00e9 Angl\u00e8s)<\/li>\n<\/ul>\n<\/li>\n<\/ul>\n<p>*mat\u00e8ries amb una hora desdoblada per a fer pr\u00e0ctiques en els laboratoris o tallers<\/p>\n<p><a href=\"https:\/\/xtec.gencat.cat\/ca\/curriculum\/eso\/curriculum-175-2022\/\" target=\"_blank\" rel=\"noopener\">Per veure els continguts de les mat\u00e8ries podeu clicar el seg\u00fcent enlla\u00e7: https:\/\/xtec.gencat.cat\/ca\/curriculum\/eso\/curriculum-175-2022\/<\/a><\/p>\n","protected":false},"excerpt":{"rendered":"<p>Optatives de 1r (curs 25-26) Nivell Educatiu Mat\u00e8ria af\u00ed T\u00edtol de l&#8217;optativa Descripci\u00f3 de l&#8217;optativa 1r d&#8217;ESO Angl\u00e8s English Skills Workshop Assignatura centrada en refor\u00e7ar i aprofundir les quatre habilitats b\u00e0siques de la llengua anglesa: expressi\u00f3 oral, expressi\u00f3 escrita, comprensi\u00f3 oral i comprensi\u00f3 lectora. A trav\u00e9s de din\u00e0miques pr\u00e0ctiques, jocs comunicatius, lectures adaptades i tasques [&hellip;]<\/p>\n","protected":false},"author":1,"featured_media":0,"parent":662,"menu_order":1,"comment_status":"closed","ping_status":"closed","template":"","meta":{"_bbp_topic_count":0,"_bbp_reply_count":0,"_bbp_total_topic_count":0,"_bbp_total_reply_count":0,"_bbp_voice_count":0,"_bbp_anonymous_reply_count":0,"_bbp_topic_count_hidden":0,"_bbp_reply_count_hidden":0,"_bbp_forum_subforum_count":0,"site-sidebar-layout":"default","site-content-layout":"","ast-site-content-layout":"default","site-content-style":"default","site-sidebar-style":"default","ast-global-header-display":"","ast-banner-title-visibility":"","ast-main-header-display":"","ast-hfb-above-header-display":"","ast-hfb-below-header-display":"","ast-hfb-mobile-header-display":"","site-post-title":"","ast-breadcrumbs-content":"","ast-featured-img":"","footer-sml-layout":"","theme-transparent-header-meta":"default","adv-header-id-meta":"","stick-header-meta":"","header-above-stick-meta":"","header-main-stick-meta":"","header-below-stick-meta":"","astra-migrate-meta-layouts":"set","ast-page-background-enabled":"default","ast-page-background-meta":{"desktop":{"background-color":"var(--ast-global-color-4)","background-image":"","background-repeat":"repeat","background-position":"center center","background-size":"auto","background-attachment":"scroll","background-type":"","background-media":"","overlay-type":"","overlay-color":"","overlay-opacity":"","overlay-gradient":""},"tablet":{"background-color":"","background-image":"","background-repeat":"repeat","background-position":"center center","background-size":"auto","background-attachment":"scroll","background-type":"","background-media":"","overlay-type":"","overlay-color":"","overlay-opacity":"","overlay-gradient":""},"mobile":{"background-color":"","background-image":"","background-repeat":"repeat","background-position":"center center","background-size":"auto","background-attachment":"scroll","background-type":"","background-media":"","overlay-type":"","overlay-color":"","overlay-opacity":"","overlay-gradient":""}},"ast-content-background-meta":{"desktop":{"background-color":"var(--ast-global-color-5)","background-image":"","background-repeat":"repeat","background-position":"center center","background-size":"auto","background-attachment":"scroll","background-type":"","background-media":"","overlay-type":"","overlay-color":"","overlay-opacity":"","overlay-gradient":""},"tablet":{"background-color":"var(--ast-global-color-5)","background-image":"","background-repeat":"repeat","background-position":"center center","background-size":"auto","background-attachment":"scroll","background-type":"","background-media":"","overlay-type":"","overlay-color":"","overlay-opacity":"","overlay-gradient":""},"mobile":{"background-color":"var(--ast-global-color-5)","background-image":"","background-repeat":"repeat","background-position":"center center","background-size":"auto","background-attachment":"scroll","background-type":"","background-media":"","overlay-type":"","overlay-color":"","overlay-opacity":"","overlay-gradient":""}},"footnotes":""},"class_list":["post-961","page","type-page","status-publish","hentry"],"post_mailing_queue_ids":[],"_links":{"self":[{"href":"https:\/\/agora.xtec.cat\/iessantquirze\/wp-json\/wp\/v2\/pages\/961","targetHints":{"allow":["GET"]}}],"collection":[{"href":"https:\/\/agora.xtec.cat\/iessantquirze\/wp-json\/wp\/v2\/pages"}],"about":[{"href":"https:\/\/agora.xtec.cat\/iessantquirze\/wp-json\/wp\/v2\/types\/page"}],"author":[{"embeddable":true,"href":"https:\/\/agora.xtec.cat\/iessantquirze\/wp-json\/wp\/v2\/users\/1"}],"replies":[{"embeddable":true,"href":"https:\/\/agora.xtec.cat\/iessantquirze\/wp-json\/wp\/v2\/comments?post=961"}],"version-history":[{"count":6,"href":"https:\/\/agora.xtec.cat\/iessantquirze\/wp-json\/wp\/v2\/pages\/961\/revisions"}],"predecessor-version":[{"id":5155,"href":"https:\/\/agora.xtec.cat\/iessantquirze\/wp-json\/wp\/v2\/pages\/961\/revisions\/5155"}],"up":[{"embeddable":true,"href":"https:\/\/agora.xtec.cat\/iessantquirze\/wp-json\/wp\/v2\/pages\/662"}],"wp:attachment":[{"href":"https:\/\/agora.xtec.cat\/iessantquirze\/wp-json\/wp\/v2\/media?parent=961"}],"curies":[{"name":"wp","href":"https:\/\/api.w.org\/{rel}","templated":true}]}}