{"id":939,"date":"2019-04-05T08:55:39","date_gmt":"2019-04-05T06:55:39","guid":{"rendered":"https:\/\/agora.xtec.cat\/iessantquirze\/?page_id=939"},"modified":"2025-03-04T16:00:51","modified_gmt":"2025-03-04T15:00:51","slug":"escoles-internacionals","status":"publish","type":"page","link":"https:\/\/agora.xtec.cat\/iessantquirze\/relacionsinstitucionals\/escoles-internacionals\/","title":{"rendered":"Escoles Internacionals"},"content":{"rendered":"<p>La participaci\u00f3 en intercanvis internacionals \u00e9s una de les experi\u00e8ncies m\u00e9s enriquidores que un alumne pot viure al llarg del seu recorregut formatiu. El nostre centre, conscient d&#8217;aquesta realitat, incentiva i promociona la participaci\u00f3 dels alumnes en aquest tipus d&#8217;activitat i \u00e9s per aix\u00f2 que ofereix diversos projectes a diversos pa\u00efsos:<\/p>\n<p>INTERCANVIS<\/p>\n<ul>\n<li>Finl\u00e0ndia (H\u00e8lsinki)<\/li>\n<li>La Xina (Pequ\u00edn)<\/li>\n<li>Gran Bretanya (Brighton)<\/li>\n<\/ul>\n<p data-pm-slice=\"1 1 []\">ESTADES LING\u00dc\u00cdSTIQUES E<span style=\"font-family: inherit; font-size: 1em;\">N FRANC\u00c8S<\/span><\/p>\n<ul>\n<li>Montpeller<\/li>\n<li>Li\u00f3<\/li>\n<li>Quebec<\/li>\n<\/ul>\n","protected":false},"excerpt":{"rendered":"<p>La participaci\u00f3 en intercanvis internacionals \u00e9s una de les experi\u00e8ncies m\u00e9s enriquidores que un alumne pot viure al llarg del seu recorregut formatiu. El nostre centre, conscient d&#8217;aquesta realitat, incentiva i promociona la participaci\u00f3 dels alumnes en aquest tipus d&#8217;activitat i \u00e9s per aix\u00f2 que ofereix diversos projectes a diversos pa\u00efsos: INTERCANVIS Finl\u00e0ndia (H\u00e8lsinki) La [&hellip;]<\/p>\n","protected":false},"author":1,"featured_media":0,"parent":63,"menu_order":95,"comment_status":"closed","ping_status":"closed","template":"page-templates\/side-menu.php","meta":{"_bbp_topic_count":0,"_bbp_reply_count":0,"_bbp_total_topic_count":0,"_bbp_total_reply_count":0,"_bbp_voice_count":0,"_bbp_anonymous_reply_count":0,"_bbp_topic_count_hidden":0,"_bbp_reply_count_hidden":0,"_bbp_forum_subforum_count":0,"site-sidebar-layout":"default","site-content-layout":"","ast-site-content-layout":"","site-content-style":"default","site-sidebar-style":"default","ast-global-header-display":"","ast-banner-title-visibility":"","ast-main-header-display":"","ast-hfb-above-header-display":"","ast-hfb-below-header-display":"","ast-hfb-mobile-header-display":"","site-post-title":"","ast-breadcrumbs-content":"","ast-featured-img":"","footer-sml-layout":"","theme-transparent-header-meta":"","adv-header-id-meta":"","stick-header-meta":"","header-above-stick-meta":"","header-main-stick-meta":"","header-below-stick-meta":"","astra-migrate-meta-layouts":"default","ast-page-background-enabled":"default","ast-page-background-meta":{"desktop":{"background-color":"var(--ast-global-color-4)","background-image":"","background-repeat":"repeat","background-position":"center center","background-size":"auto","background-attachment":"scroll","background-type":"","background-media":"","overlay-type":"","overlay-color":"","overlay-opacity":"","overlay-gradient":""},"tablet":{"background-color":"","background-image":"","background-repeat":"repeat","background-position":"center center","background-size":"auto","background-attachment":"scroll","background-type":"","background-media":"","overlay-type":"","overlay-color":"","overlay-opacity":"","overlay-gradient":""},"mobile":{"background-color":"","background-image":"","background-repeat":"repeat","background-position":"center center","background-size":"auto","background-attachment":"scroll","background-type":"","background-media":"","overlay-type":"","overlay-color":"","overlay-opacity":"","overlay-gradient":""}},"ast-content-background-meta":{"desktop":{"background-color":"var(--ast-global-color-5)","background-image":"","background-repeat":"repeat","background-position":"center center","background-size":"auto","background-attachment":"scroll","background-type":"","background-media":"","overlay-type":"","overlay-color":"","overlay-opacity":"","overlay-gradient":""},"tablet":{"background-color":"var(--ast-global-color-5)","background-image":"","background-repeat":"repeat","background-position":"center center","background-size":"auto","background-attachment":"scroll","background-type":"","background-media":"","overlay-type":"","overlay-color":"","overlay-opacity":"","overlay-gradient":""},"mobile":{"background-color":"var(--ast-global-color-5)","background-image":"","background-repeat":"repeat","background-position":"center center","background-size":"auto","background-attachment":"scroll","background-type":"","background-media":"","overlay-type":"","overlay-color":"","overlay-opacity":"","overlay-gradient":""}},"footnotes":""},"class_list":["post-939","page","type-page","status-publish","hentry"],"post_mailing_queue_ids":[],"_links":{"self":[{"href":"https:\/\/agora.xtec.cat\/iessantquirze\/wp-json\/wp\/v2\/pages\/939","targetHints":{"allow":["GET"]}}],"collection":[{"href":"https:\/\/agora.xtec.cat\/iessantquirze\/wp-json\/wp\/v2\/pages"}],"about":[{"href":"https:\/\/agora.xtec.cat\/iessantquirze\/wp-json\/wp\/v2\/types\/page"}],"author":[{"embeddable":true,"href":"https:\/\/agora.xtec.cat\/iessantquirze\/wp-json\/wp\/v2\/users\/1"}],"replies":[{"embeddable":true,"href":"https:\/\/agora.xtec.cat\/iessantquirze\/wp-json\/wp\/v2\/comments?post=939"}],"version-history":[{"count":4,"href":"https:\/\/agora.xtec.cat\/iessantquirze\/wp-json\/wp\/v2\/pages\/939\/revisions"}],"predecessor-version":[{"id":4653,"href":"https:\/\/agora.xtec.cat\/iessantquirze\/wp-json\/wp\/v2\/pages\/939\/revisions\/4653"}],"up":[{"embeddable":true,"href":"https:\/\/agora.xtec.cat\/iessantquirze\/wp-json\/wp\/v2\/pages\/63"}],"wp:attachment":[{"href":"https:\/\/agora.xtec.cat\/iessantquirze\/wp-json\/wp\/v2\/media?parent=939"}],"curies":[{"name":"wp","href":"https:\/\/api.w.org\/{rel}","templated":true}]}}