{"id":937,"date":"2019-04-05T08:54:42","date_gmt":"2019-04-05T06:54:42","guid":{"rendered":"https:\/\/agora.xtec.cat\/iessantquirze\/?page_id=937"},"modified":"2019-05-01T19:42:40","modified_gmt":"2019-05-01T17:42:40","slug":"ajuntament-de-sant-quirze-del-valles","status":"publish","type":"page","link":"https:\/\/agora.xtec.cat\/iessantquirze\/relacionsinstitucionals\/ajuntament-de-sant-quirze-del-valles\/","title":{"rendered":"Ajuntament de Sant Quirze del Vall\u00e8s"},"content":{"rendered":"<p>L&#8217;estreta col\u00b7laboraci\u00f3 amb l&#8217;ajuntament i el suport econ\u00f2mic que n&#8217;hem rebut ens han perm\u00e8s dur a terme multitud de projectes que han convertit el nostre centre en un referent en l&#8217;aplicaci\u00f3 de les noves tecnologies i en la dotaci\u00f3 de les nostres instal\u00b7lacions.<\/p>\n<p>Anualment, l&#8217;ajuntament subvenciona diversos projectes que permeten dinamitzar l&#8217;activitat docent que sorgeix dels diferents departaments del centre.<\/p>\n<p>A m\u00e9s, la constant col\u00b7laboraci\u00f3 amb aquesta instituci\u00f3 ha fet possible el desenvolupament de projectes com a assignatures optatives: <em>Be an entrepeneur, Treball social&#8230;<\/em><\/p>\n","protected":false},"excerpt":{"rendered":"<p>L&#8217;estreta col\u00b7laboraci\u00f3 amb l&#8217;ajuntament i el suport econ\u00f2mic que n&#8217;hem rebut ens han perm\u00e8s dur a terme multitud de projectes que han convertit el nostre centre en un referent en l&#8217;aplicaci\u00f3 de les noves tecnologies i en la dotaci\u00f3 de les nostres instal\u00b7lacions. Anualment, l&#8217;ajuntament subvenciona diversos projectes que permeten dinamitzar l&#8217;activitat docent que sorgeix [&hellip;]<\/p>\n","protected":false},"author":1,"featured_media":0,"parent":63,"menu_order":0,"comment_status":"closed","ping_status":"closed","template":"page-templates\/side-menu.php","meta":{"_bbp_topic_count":0,"_bbp_reply_count":0,"_bbp_total_topic_count":0,"_bbp_total_reply_count":0,"_bbp_voice_count":0,"_bbp_anonymous_reply_count":0,"_bbp_topic_count_hidden":0,"_bbp_reply_count_hidden":0,"_bbp_forum_subforum_count":0,"site-sidebar-layout":"default","site-content-layout":"","ast-site-content-layout":"","site-content-style":"default","site-sidebar-style":"default","ast-global-header-display":"","ast-banner-title-visibility":"","ast-main-header-display":"","ast-hfb-above-header-display":"","ast-hfb-below-header-display":"","ast-hfb-mobile-header-display":"","site-post-title":"","ast-breadcrumbs-content":"","ast-featured-img":"","footer-sml-layout":"","theme-transparent-header-meta":"","adv-header-id-meta":"","stick-header-meta":"","header-above-stick-meta":"","header-main-stick-meta":"","header-below-stick-meta":"","astra-migrate-meta-layouts":"default","ast-page-background-enabled":"default","ast-page-background-meta":{"desktop":{"background-color":"var(--ast-global-color-4)","background-image":"","background-repeat":"repeat","background-position":"center center","background-size":"auto","background-attachment":"scroll","background-type":"","background-media":"","overlay-type":"","overlay-color":"","overlay-opacity":"","overlay-gradient":""},"tablet":{"background-color":"","background-image":"","background-repeat":"repeat","background-position":"center center","background-size":"auto","background-attachment":"scroll","background-type":"","background-media":"","overlay-type":"","overlay-color":"","overlay-opacity":"","overlay-gradient":""},"mobile":{"background-color":"","background-image":"","background-repeat":"repeat","background-position":"center center","background-size":"auto","background-attachment":"scroll","background-type":"","background-media":"","overlay-type":"","overlay-color":"","overlay-opacity":"","overlay-gradient":""}},"ast-content-background-meta":{"desktop":{"background-color":"var(--ast-global-color-5)","background-image":"","background-repeat":"repeat","background-position":"center center","background-size":"auto","background-attachment":"scroll","background-type":"","background-media":"","overlay-type":"","overlay-color":"","overlay-opacity":"","overlay-gradient":""},"tablet":{"background-color":"var(--ast-global-color-5)","background-image":"","background-repeat":"repeat","background-position":"center center","background-size":"auto","background-attachment":"scroll","background-type":"","background-media":"","overlay-type":"","overlay-color":"","overlay-opacity":"","overlay-gradient":""},"mobile":{"background-color":"var(--ast-global-color-5)","background-image":"","background-repeat":"repeat","background-position":"center center","background-size":"auto","background-attachment":"scroll","background-type":"","background-media":"","overlay-type":"","overlay-color":"","overlay-opacity":"","overlay-gradient":""}},"footnotes":""},"class_list":["post-937","page","type-page","status-publish","hentry"],"post_mailing_queue_ids":[],"_links":{"self":[{"href":"https:\/\/agora.xtec.cat\/iessantquirze\/wp-json\/wp\/v2\/pages\/937","targetHints":{"allow":["GET"]}}],"collection":[{"href":"https:\/\/agora.xtec.cat\/iessantquirze\/wp-json\/wp\/v2\/pages"}],"about":[{"href":"https:\/\/agora.xtec.cat\/iessantquirze\/wp-json\/wp\/v2\/types\/page"}],"author":[{"embeddable":true,"href":"https:\/\/agora.xtec.cat\/iessantquirze\/wp-json\/wp\/v2\/users\/1"}],"replies":[{"embeddable":true,"href":"https:\/\/agora.xtec.cat\/iessantquirze\/wp-json\/wp\/v2\/comments?post=937"}],"version-history":[{"count":3,"href":"https:\/\/agora.xtec.cat\/iessantquirze\/wp-json\/wp\/v2\/pages\/937\/revisions"}],"predecessor-version":[{"id":1176,"href":"https:\/\/agora.xtec.cat\/iessantquirze\/wp-json\/wp\/v2\/pages\/937\/revisions\/1176"}],"up":[{"embeddable":true,"href":"https:\/\/agora.xtec.cat\/iessantquirze\/wp-json\/wp\/v2\/pages\/63"}],"wp:attachment":[{"href":"https:\/\/agora.xtec.cat\/iessantquirze\/wp-json\/wp\/v2\/media?parent=937"}],"curies":[{"name":"wp","href":"https:\/\/api.w.org\/{rel}","templated":true}]}}