{"id":906,"date":"2019-04-04T13:48:42","date_gmt":"2019-04-04T11:48:42","guid":{"rendered":"https:\/\/agora.xtec.cat\/iessantquirze\/?page_id=906"},"modified":"2019-05-01T19:48:52","modified_gmt":"2019-05-01T17:48:52","slug":"collegi-oficial-de-doctors-i-llicenciats-de-catalunya","status":"publish","type":"page","link":"https:\/\/agora.xtec.cat\/iessantquirze\/relacionsinstitucionals\/collegi-oficial-de-doctors-i-llicenciats-de-catalunya\/","title":{"rendered":"Col\u00b7legi oficial de doctors i llicenciats de Catalunya"},"content":{"rendered":"<p><a href=\"https:\/\/agora.xtec.cat\/iessantquirze\/wp-content\/uploads\/usu1939\/2019\/03\/col-legi-de-llicenciats.jpg\"><img loading=\"lazy\" decoding=\"async\" class=\"alignnone wp-image-739\" src=\"https:\/\/agora.xtec.cat\/iessantquirze\/wp-content\/uploads\/usu1939\/2019\/03\/col-legi-de-llicenciats.jpg\" alt=\"\" width=\"286\" height=\"122\" srcset=\"https:\/\/agora.xtec.cat\/iessantquirze\/wp-content\/uploads\/usu1939\/2019\/03\/col-legi-de-llicenciats.jpg 420w, https:\/\/agora.xtec.cat\/iessantquirze\/wp-content\/uploads\/usu1939\/2019\/03\/col-legi-de-llicenciats-300x128.jpg 300w\" sizes=\"auto, (max-width: 286px) 100vw, 286px\" \/><\/a><\/p>\n<p>Des del juny de 2017, el nostre centre consta com a centre adherit al Col\u00b7legi de doctors i llicenciats. Aquesta adhesi\u00f3 ens permet la participaci\u00f3 dels nostres alumnes en un intercanvi amb la Xina que constitueix una experi\u00e8ncia molt enriquidora tant a nivell de formaci\u00f3 cultural, com pel que fa a la formaci\u00f3 de la pr\u00f2pia independ\u00e8ncia i personalitat.<\/p>\n","protected":false},"excerpt":{"rendered":"<p>Des del juny de 2017, el nostre centre consta com a centre adherit al Col\u00b7legi de doctors i llicenciats. Aquesta adhesi\u00f3 ens permet la participaci\u00f3 dels nostres alumnes en un intercanvi amb la Xina que constitueix una experi\u00e8ncia molt enriquidora tant a nivell de formaci\u00f3 cultural, com pel que fa a la formaci\u00f3 de la [&hellip;]<\/p>\n","protected":false},"author":1,"featured_media":0,"parent":63,"menu_order":0,"comment_status":"closed","ping_status":"closed","template":"page-templates\/side-menu.php","meta":{"_bbp_topic_count":0,"_bbp_reply_count":0,"_bbp_total_topic_count":0,"_bbp_total_reply_count":0,"_bbp_voice_count":0,"_bbp_anonymous_reply_count":0,"_bbp_topic_count_hidden":0,"_bbp_reply_count_hidden":0,"_bbp_forum_subforum_count":0,"site-sidebar-layout":"default","site-content-layout":"","ast-site-content-layout":"","site-content-style":"default","site-sidebar-style":"default","ast-global-header-display":"","ast-banner-title-visibility":"","ast-main-header-display":"","ast-hfb-above-header-display":"","ast-hfb-below-header-display":"","ast-hfb-mobile-header-display":"","site-post-title":"","ast-breadcrumbs-content":"","ast-featured-img":"","footer-sml-layout":"","theme-transparent-header-meta":"","adv-header-id-meta":"","stick-header-meta":"","header-above-stick-meta":"","header-main-stick-meta":"","header-below-stick-meta":"","astra-migrate-meta-layouts":"default","ast-page-background-enabled":"default","ast-page-background-meta":{"desktop":{"background-color":"var(--ast-global-color-4)","background-image":"","background-repeat":"repeat","background-position":"center center","background-size":"auto","background-attachment":"scroll","background-type":"","background-media":"","overlay-type":"","overlay-color":"","overlay-opacity":"","overlay-gradient":""},"tablet":{"background-color":"","background-image":"","background-repeat":"repeat","background-position":"center center","background-size":"auto","background-attachment":"scroll","background-type":"","background-media":"","overlay-type":"","overlay-color":"","overlay-opacity":"","overlay-gradient":""},"mobile":{"background-color":"","background-image":"","background-repeat":"repeat","background-position":"center center","background-size":"auto","background-attachment":"scroll","background-type":"","background-media":"","overlay-type":"","overlay-color":"","overlay-opacity":"","overlay-gradient":""}},"ast-content-background-meta":{"desktop":{"background-color":"var(--ast-global-color-5)","background-image":"","background-repeat":"repeat","background-position":"center center","background-size":"auto","background-attachment":"scroll","background-type":"","background-media":"","overlay-type":"","overlay-color":"","overlay-opacity":"","overlay-gradient":""},"tablet":{"background-color":"var(--ast-global-color-5)","background-image":"","background-repeat":"repeat","background-position":"center center","background-size":"auto","background-attachment":"scroll","background-type":"","background-media":"","overlay-type":"","overlay-color":"","overlay-opacity":"","overlay-gradient":""},"mobile":{"background-color":"var(--ast-global-color-5)","background-image":"","background-repeat":"repeat","background-position":"center center","background-size":"auto","background-attachment":"scroll","background-type":"","background-media":"","overlay-type":"","overlay-color":"","overlay-opacity":"","overlay-gradient":""}},"footnotes":""},"class_list":["post-906","page","type-page","status-publish","hentry"],"post_mailing_queue_ids":[],"_links":{"self":[{"href":"https:\/\/agora.xtec.cat\/iessantquirze\/wp-json\/wp\/v2\/pages\/906","targetHints":{"allow":["GET"]}}],"collection":[{"href":"https:\/\/agora.xtec.cat\/iessantquirze\/wp-json\/wp\/v2\/pages"}],"about":[{"href":"https:\/\/agora.xtec.cat\/iessantquirze\/wp-json\/wp\/v2\/types\/page"}],"author":[{"embeddable":true,"href":"https:\/\/agora.xtec.cat\/iessantquirze\/wp-json\/wp\/v2\/users\/1"}],"replies":[{"embeddable":true,"href":"https:\/\/agora.xtec.cat\/iessantquirze\/wp-json\/wp\/v2\/comments?post=906"}],"version-history":[{"count":3,"href":"https:\/\/agora.xtec.cat\/iessantquirze\/wp-json\/wp\/v2\/pages\/906\/revisions"}],"predecessor-version":[{"id":1180,"href":"https:\/\/agora.xtec.cat\/iessantquirze\/wp-json\/wp\/v2\/pages\/906\/revisions\/1180"}],"up":[{"embeddable":true,"href":"https:\/\/agora.xtec.cat\/iessantquirze\/wp-json\/wp\/v2\/pages\/63"}],"wp:attachment":[{"href":"https:\/\/agora.xtec.cat\/iessantquirze\/wp-json\/wp\/v2\/media?parent=906"}],"curies":[{"name":"wp","href":"https:\/\/api.w.org\/{rel}","templated":true}]}}