{"id":895,"date":"2019-04-03T21:16:37","date_gmt":"2019-04-03T19:16:37","guid":{"rendered":"https:\/\/agora.xtec.cat\/iessantquirze\/?page_id=895"},"modified":"2025-11-20T12:35:44","modified_gmt":"2025-11-20T11:35:44","slug":"secretaria-i-consergeria-1","status":"publish","type":"page","link":"https:\/\/agora.xtec.cat\/iessantquirze\/linstitut\/secretaria-i-consergeria-1\/","title":{"rendered":"Secretaria i Consergeria"},"content":{"rendered":"<table style=\"height: 441px; width: 87.8917%;\" border=\"0\" width=\"652\" cellspacing=\"8\" cellpadding=\"0\">\n<tbody>\n<tr style=\"height: 50px;\">\n<td style=\"width: 41.8462%; height: 50px;\">\u00a0\u00a0<strong>SECRETARIA\u00a0<\/strong><\/td>\n<td style=\"width: 54.4615%; height: 50px;\"><\/td>\n<\/tr>\n<tr style=\"height: 114px;\">\n<td style=\"width: 41.8462%; height: 114px;\">DILLUNS a DIVENDRES:<\/p>\n<p>mat\u00ed de 9 a 13:30 hores<\/td>\n<td style=\"width: 54.4615%; height: 114px;\">\n<div>Tf: 93.721.31.44<\/div>\n<div>email :\u00a0<a href=\"mailto:ad.inssantquirze@gmail.com\">ad.inssantquirze@gmail.com<\/a><\/div>\n<\/td>\n<\/tr>\n<tr style=\"height: 50px;\">\n<td style=\"width: 41.8462%; height: 50px;\">N\u00faria Canals<\/td>\n<td style=\"width: 54.4615%; height: 50px;\">Vanessa Barnils<\/td>\n<\/tr>\n<tr style=\"height: 50px;\">\n<td style=\"width: 41.8462%; height: 50px;\"><strong>CONSERGERIA<\/strong><\/td>\n<td style=\"width: 54.4615%; height: 50px;\"><\/td>\n<\/tr>\n<tr style=\"height: 115px;\">\n<td style=\"width: 41.8462%; height: 115px;\">DILLUNS a DIVENDRES:<\/p>\n<p>mat\u00ed de 8 a 14:30 hores<\/td>\n<td style=\"width: 54.4615%; height: 115px;\">\n<div>email :\u00a0<a href=\"mailto:consergeriainssantquirze@gmail.com\" target=\"_blank\" rel=\"noopener noreferrer\">consergeriainssantquirze@<wbr \/>gmail.com<\/a><\/div>\n<div><\/div>\n<div>Tf: 93.721.31.44<\/div>\n<\/td>\n<\/tr>\n<tr>\n<td style=\"width: 41.8462%;\">Antonio Jim\u00e9nez<\/td>\n<td>Enric Vila<\/td>\n<\/tr>\n<\/tbody>\n<\/table>\n<ul>\n<li><a href=\"https:\/\/agora.xtec.cat\/iessantquirze\/linstitut\/secretaria-i-consergeria-1\/tramits\/\">Tr\u00e0mits<\/a><\/li>\n<li><a href=\"https:\/\/agora.xtec.cat\/iessantquirze\/linstitut\/secretaria-i-consergeria-1\/avis-dabsencia\/\">Av\u00eds d&#8217;abs\u00e8ncies\u00a0<\/a><\/li>\n<\/ul>\n","protected":false},"excerpt":{"rendered":"<p>\u00a0\u00a0SECRETARIA\u00a0 DILLUNS a DIVENDRES: mat\u00ed de 9 a 13:30 hores Tf: 93.721.31.44 email :\u00a0ad.inssantquirze@gmail.com N\u00faria Canals Vanessa Barnils CONSERGERIA DILLUNS a DIVENDRES: mat\u00ed de 8 a 14:30 hores email :\u00a0consergeriainssantquirze@gmail.com Tf: 93.721.31.44 Antonio Jim\u00e9nez Enric Vila Tr\u00e0mits Av\u00eds d&#8217;abs\u00e8ncies\u00a0<\/p>\n","protected":false},"author":1,"featured_media":0,"parent":19,"menu_order":85,"comment_status":"closed","ping_status":"closed","template":"","meta":{"_bbp_topic_count":0,"_bbp_reply_count":0,"_bbp_total_topic_count":0,"_bbp_total_reply_count":0,"_bbp_voice_count":0,"_bbp_anonymous_reply_count":0,"_bbp_topic_count_hidden":0,"_bbp_reply_count_hidden":0,"_bbp_forum_subforum_count":0,"site-sidebar-layout":"default","site-content-layout":"","ast-site-content-layout":"default","site-content-style":"default","site-sidebar-style":"default","ast-global-header-display":"","ast-banner-title-visibility":"","ast-main-header-display":"","ast-hfb-above-header-display":"","ast-hfb-below-header-display":"","ast-hfb-mobile-header-display":"","site-post-title":"","ast-breadcrumbs-content":"","ast-featured-img":"","footer-sml-layout":"","theme-transparent-header-meta":"default","adv-header-id-meta":"","stick-header-meta":"","header-above-stick-meta":"","header-main-stick-meta":"","header-below-stick-meta":"","astra-migrate-meta-layouts":"set","ast-page-background-enabled":"default","ast-page-background-meta":{"desktop":{"background-color":"var(--ast-global-color-4)","background-image":"","background-repeat":"repeat","background-position":"center center","background-size":"auto","background-attachment":"scroll","background-type":"","background-media":"","overlay-type":"","overlay-color":"","overlay-opacity":"","overlay-gradient":""},"tablet":{"background-color":"","background-image":"","background-repeat":"repeat","background-position":"center center","background-size":"auto","background-attachment":"scroll","background-type":"","background-media":"","overlay-type":"","overlay-color":"","overlay-opacity":"","overlay-gradient":""},"mobile":{"background-color":"","background-image":"","background-repeat":"repeat","background-position":"center center","background-size":"auto","background-attachment":"scroll","background-type":"","background-media":"","overlay-type":"","overlay-color":"","overlay-opacity":"","overlay-gradient":""}},"ast-content-background-meta":{"desktop":{"background-color":"var(--ast-global-color-5)","background-image":"","background-repeat":"repeat","background-position":"center center","background-size":"auto","background-attachment":"scroll","background-type":"","background-media":"","overlay-type":"","overlay-color":"","overlay-opacity":"","overlay-gradient":""},"tablet":{"background-color":"var(--ast-global-color-5)","background-image":"","background-repeat":"repeat","background-position":"center center","background-size":"auto","background-attachment":"scroll","background-type":"","background-media":"","overlay-type":"","overlay-color":"","overlay-opacity":"","overlay-gradient":""},"mobile":{"background-color":"var(--ast-global-color-5)","background-image":"","background-repeat":"repeat","background-position":"center center","background-size":"auto","background-attachment":"scroll","background-type":"","background-media":"","overlay-type":"","overlay-color":"","overlay-opacity":"","overlay-gradient":""}},"footnotes":""},"class_list":["post-895","page","type-page","status-publish","hentry"],"post_mailing_queue_ids":[],"_links":{"self":[{"href":"https:\/\/agora.xtec.cat\/iessantquirze\/wp-json\/wp\/v2\/pages\/895","targetHints":{"allow":["GET"]}}],"collection":[{"href":"https:\/\/agora.xtec.cat\/iessantquirze\/wp-json\/wp\/v2\/pages"}],"about":[{"href":"https:\/\/agora.xtec.cat\/iessantquirze\/wp-json\/wp\/v2\/types\/page"}],"author":[{"embeddable":true,"href":"https:\/\/agora.xtec.cat\/iessantquirze\/wp-json\/wp\/v2\/users\/1"}],"replies":[{"embeddable":true,"href":"https:\/\/agora.xtec.cat\/iessantquirze\/wp-json\/wp\/v2\/comments?post=895"}],"version-history":[{"count":6,"href":"https:\/\/agora.xtec.cat\/iessantquirze\/wp-json\/wp\/v2\/pages\/895\/revisions"}],"predecessor-version":[{"id":5191,"href":"https:\/\/agora.xtec.cat\/iessantquirze\/wp-json\/wp\/v2\/pages\/895\/revisions\/5191"}],"up":[{"embeddable":true,"href":"https:\/\/agora.xtec.cat\/iessantquirze\/wp-json\/wp\/v2\/pages\/19"}],"wp:attachment":[{"href":"https:\/\/agora.xtec.cat\/iessantquirze\/wp-json\/wp\/v2\/media?parent=895"}],"curies":[{"name":"wp","href":"https:\/\/api.w.org\/{rel}","templated":true}]}}