{"id":880,"date":"2019-04-03T20:32:52","date_gmt":"2019-04-03T18:32:52","guid":{"rendered":"https:\/\/agora.xtec.cat\/iessantquirze\/?page_id=880"},"modified":"2025-03-04T16:06:12","modified_gmt":"2025-03-04T15:06:12","slug":"teixint-xarxes","status":"publish","type":"page","link":"https:\/\/agora.xtec.cat\/iessantquirze\/projecte-educatiu\/teixint-xarxes\/","title":{"rendered":"Teixint Xarxes"},"content":{"rendered":"<p>El projecte educatiu \u00a0&#8220;Teixint Xarxes&#8221; \u00e9s un projecte d&#8217;educaci\u00f3 per a la pau i la solidaritat impulsat per la Universitat Internacional de la Pau (Unipau), instituci\u00f3 presidida\u00a0per Arcadi Oliveras. Va adre\u00e7at a l&#8217;alumnat de secund\u00e0ria amb l&#8217;objectiu de facilitar una visi\u00f3 del m\u00f3n des d&#8217;una perspectiva oberta i cr\u00edtica.<\/p>\n<p align=\"JUSTIFY\">El projecte consta de 7 sessions en qu\u00e8, a trav\u00e9s de din\u00e0miques socioafectives, es plantegen diferents temes per tal que l&#8217;alumnat participi i reflexioni sobre la cultura de la pau. Les sessions es desenvolupen en hores de tutoria amb la participaci\u00f3 del tutor\/a del curs i amb la dinamitzaci\u00f3 de dos educadors\/es de la Unipau.<\/p>\n<p align=\"JUSTIFY\"><img loading=\"lazy\" decoding=\"async\" class=\"alignnone  wp-image-4655\" src=\"https:\/\/agora.xtec.cat\/iessantquirze\/wp-content\/uploads\/usu1939\/2025\/03\/IMG-20250219-WA0002-e1741100764902.jpg\" alt=\"\" width=\"390\" height=\"519\" \/><\/p>\n","protected":false},"excerpt":{"rendered":"<p>El projecte educatiu \u00a0&#8220;Teixint Xarxes&#8221; \u00e9s un projecte d&#8217;educaci\u00f3 per a la pau i la solidaritat impulsat per la Universitat Internacional de la Pau (Unipau), instituci\u00f3 presidida\u00a0per Arcadi Oliveras. Va adre\u00e7at a l&#8217;alumnat de secund\u00e0ria amb l&#8217;objectiu de facilitar una visi\u00f3 del m\u00f3n des d&#8217;una perspectiva oberta i cr\u00edtica. El projecte consta de 7 sessions [&hellip;]<\/p>\n","protected":false},"author":1,"featured_media":0,"parent":57,"menu_order":50,"comment_status":"closed","ping_status":"closed","template":"page-templates\/side-menu.php","meta":{"_bbp_topic_count":0,"_bbp_reply_count":0,"_bbp_total_topic_count":0,"_bbp_total_reply_count":0,"_bbp_voice_count":0,"_bbp_anonymous_reply_count":0,"_bbp_topic_count_hidden":0,"_bbp_reply_count_hidden":0,"_bbp_forum_subforum_count":0,"site-sidebar-layout":"default","site-content-layout":"","ast-site-content-layout":"","site-content-style":"default","site-sidebar-style":"default","ast-global-header-display":"","ast-banner-title-visibility":"","ast-main-header-display":"","ast-hfb-above-header-display":"","ast-hfb-below-header-display":"","ast-hfb-mobile-header-display":"","site-post-title":"","ast-breadcrumbs-content":"","ast-featured-img":"","footer-sml-layout":"","theme-transparent-header-meta":"","adv-header-id-meta":"","stick-header-meta":"","header-above-stick-meta":"","header-main-stick-meta":"","header-below-stick-meta":"","astra-migrate-meta-layouts":"default","ast-page-background-enabled":"default","ast-page-background-meta":{"desktop":{"background-color":"var(--ast-global-color-4)","background-image":"","background-repeat":"repeat","background-position":"center center","background-size":"auto","background-attachment":"scroll","background-type":"","background-media":"","overlay-type":"","overlay-color":"","overlay-opacity":"","overlay-gradient":""},"tablet":{"background-color":"","background-image":"","background-repeat":"repeat","background-position":"center center","background-size":"auto","background-attachment":"scroll","background-type":"","background-media":"","overlay-type":"","overlay-color":"","overlay-opacity":"","overlay-gradient":""},"mobile":{"background-color":"","background-image":"","background-repeat":"repeat","background-position":"center center","background-size":"auto","background-attachment":"scroll","background-type":"","background-media":"","overlay-type":"","overlay-color":"","overlay-opacity":"","overlay-gradient":""}},"ast-content-background-meta":{"desktop":{"background-color":"var(--ast-global-color-5)","background-image":"","background-repeat":"repeat","background-position":"center center","background-size":"auto","background-attachment":"scroll","background-type":"","background-media":"","overlay-type":"","overlay-color":"","overlay-opacity":"","overlay-gradient":""},"tablet":{"background-color":"var(--ast-global-color-5)","background-image":"","background-repeat":"repeat","background-position":"center center","background-size":"auto","background-attachment":"scroll","background-type":"","background-media":"","overlay-type":"","overlay-color":"","overlay-opacity":"","overlay-gradient":""},"mobile":{"background-color":"var(--ast-global-color-5)","background-image":"","background-repeat":"repeat","background-position":"center center","background-size":"auto","background-attachment":"scroll","background-type":"","background-media":"","overlay-type":"","overlay-color":"","overlay-opacity":"","overlay-gradient":""}},"footnotes":""},"class_list":["post-880","page","type-page","status-publish","hentry"],"post_mailing_queue_ids":[],"_links":{"self":[{"href":"https:\/\/agora.xtec.cat\/iessantquirze\/wp-json\/wp\/v2\/pages\/880","targetHints":{"allow":["GET"]}}],"collection":[{"href":"https:\/\/agora.xtec.cat\/iessantquirze\/wp-json\/wp\/v2\/pages"}],"about":[{"href":"https:\/\/agora.xtec.cat\/iessantquirze\/wp-json\/wp\/v2\/types\/page"}],"author":[{"embeddable":true,"href":"https:\/\/agora.xtec.cat\/iessantquirze\/wp-json\/wp\/v2\/users\/1"}],"replies":[{"embeddable":true,"href":"https:\/\/agora.xtec.cat\/iessantquirze\/wp-json\/wp\/v2\/comments?post=880"}],"version-history":[{"count":4,"href":"https:\/\/agora.xtec.cat\/iessantquirze\/wp-json\/wp\/v2\/pages\/880\/revisions"}],"predecessor-version":[{"id":4656,"href":"https:\/\/agora.xtec.cat\/iessantquirze\/wp-json\/wp\/v2\/pages\/880\/revisions\/4656"}],"up":[{"embeddable":true,"href":"https:\/\/agora.xtec.cat\/iessantquirze\/wp-json\/wp\/v2\/pages\/57"}],"wp:attachment":[{"href":"https:\/\/agora.xtec.cat\/iessantquirze\/wp-json\/wp\/v2\/media?parent=880"}],"curies":[{"name":"wp","href":"https:\/\/api.w.org\/{rel}","templated":true}]}}