{"id":878,"date":"2019-04-03T20:31:11","date_gmt":"2019-04-03T18:31:11","guid":{"rendered":"https:\/\/agora.xtec.cat\/iessantquirze\/?page_id=878"},"modified":"2019-05-01T19:23:57","modified_gmt":"2019-05-01T17:23:57","slug":"programa-suport-vital","status":"publish","type":"page","link":"https:\/\/agora.xtec.cat\/iessantquirze\/projecte-educatiu\/programa-suport-vital\/","title":{"rendered":"Programa Suport Vital"},"content":{"rendered":"<p>La formaci\u00f3 en Suport Vital consisteix essencialment en l&#8217;aprenentatge de la correcta realitzaci\u00f3 d&#8217;una Reanimaci\u00f3 Cardiopulmonar (RCP). Con\u00e8ixer l&#8217;exist\u00e8ncia d&#8217;aquesta t\u00e8cnica i la seva aplicaci\u00f3 significa con\u00e8ixer com salvar vides i preparar els nostres alumnes en una compet\u00e8ncia social b\u00e0sica i \u00fatil per a la vida di\u00e0ria.<\/p>\n<p>L&#8217;aprenentatge \u00e9s gradual al llarg de l&#8217;ESO i la finalitat \u00e9s que en finalitzar aquesta etapa els nostres alumnes siguin capa\u00e7os de fer correctament les compressions tor\u00e0ciques i de con\u00e8ixer com funciona un desfibril\u00b7lador.<\/p>\n<p>&nbsp;<\/p>\n<p>&nbsp;<\/p>\n<p>&nbsp;<\/p>\n","protected":false},"excerpt":{"rendered":"<p>La formaci\u00f3 en Suport Vital consisteix essencialment en l&#8217;aprenentatge de la correcta realitzaci\u00f3 d&#8217;una Reanimaci\u00f3 Cardiopulmonar (RCP). Con\u00e8ixer l&#8217;exist\u00e8ncia d&#8217;aquesta t\u00e8cnica i la seva aplicaci\u00f3 significa con\u00e8ixer com salvar vides i preparar els nostres alumnes en una compet\u00e8ncia social b\u00e0sica i \u00fatil per a la vida di\u00e0ria. L&#8217;aprenentatge \u00e9s gradual al llarg de l&#8217;ESO i [&hellip;]<\/p>\n","protected":false},"author":1,"featured_media":0,"parent":57,"menu_order":40,"comment_status":"closed","ping_status":"closed","template":"page-templates\/side-menu.php","meta":{"_bbp_topic_count":0,"_bbp_reply_count":0,"_bbp_total_topic_count":0,"_bbp_total_reply_count":0,"_bbp_voice_count":0,"_bbp_anonymous_reply_count":0,"_bbp_topic_count_hidden":0,"_bbp_reply_count_hidden":0,"_bbp_forum_subforum_count":0,"site-sidebar-layout":"default","site-content-layout":"","ast-site-content-layout":"","site-content-style":"default","site-sidebar-style":"default","ast-global-header-display":"","ast-banner-title-visibility":"","ast-main-header-display":"","ast-hfb-above-header-display":"","ast-hfb-below-header-display":"","ast-hfb-mobile-header-display":"","site-post-title":"","ast-breadcrumbs-content":"","ast-featured-img":"","footer-sml-layout":"","theme-transparent-header-meta":"","adv-header-id-meta":"","stick-header-meta":"","header-above-stick-meta":"","header-main-stick-meta":"","header-below-stick-meta":"","astra-migrate-meta-layouts":"default","ast-page-background-enabled":"default","ast-page-background-meta":{"desktop":{"background-color":"var(--ast-global-color-4)","background-image":"","background-repeat":"repeat","background-position":"center center","background-size":"auto","background-attachment":"scroll","background-type":"","background-media":"","overlay-type":"","overlay-color":"","overlay-opacity":"","overlay-gradient":""},"tablet":{"background-color":"","background-image":"","background-repeat":"repeat","background-position":"center center","background-size":"auto","background-attachment":"scroll","background-type":"","background-media":"","overlay-type":"","overlay-color":"","overlay-opacity":"","overlay-gradient":""},"mobile":{"background-color":"","background-image":"","background-repeat":"repeat","background-position":"center center","background-size":"auto","background-attachment":"scroll","background-type":"","background-media":"","overlay-type":"","overlay-color":"","overlay-opacity":"","overlay-gradient":""}},"ast-content-background-meta":{"desktop":{"background-color":"var(--ast-global-color-5)","background-image":"","background-repeat":"repeat","background-position":"center center","background-size":"auto","background-attachment":"scroll","background-type":"","background-media":"","overlay-type":"","overlay-color":"","overlay-opacity":"","overlay-gradient":""},"tablet":{"background-color":"var(--ast-global-color-5)","background-image":"","background-repeat":"repeat","background-position":"center center","background-size":"auto","background-attachment":"scroll","background-type":"","background-media":"","overlay-type":"","overlay-color":"","overlay-opacity":"","overlay-gradient":""},"mobile":{"background-color":"var(--ast-global-color-5)","background-image":"","background-repeat":"repeat","background-position":"center center","background-size":"auto","background-attachment":"scroll","background-type":"","background-media":"","overlay-type":"","overlay-color":"","overlay-opacity":"","overlay-gradient":""}},"footnotes":""},"class_list":["post-878","page","type-page","status-publish","hentry"],"post_mailing_queue_ids":[],"_links":{"self":[{"href":"https:\/\/agora.xtec.cat\/iessantquirze\/wp-json\/wp\/v2\/pages\/878","targetHints":{"allow":["GET"]}}],"collection":[{"href":"https:\/\/agora.xtec.cat\/iessantquirze\/wp-json\/wp\/v2\/pages"}],"about":[{"href":"https:\/\/agora.xtec.cat\/iessantquirze\/wp-json\/wp\/v2\/types\/page"}],"author":[{"embeddable":true,"href":"https:\/\/agora.xtec.cat\/iessantquirze\/wp-json\/wp\/v2\/users\/1"}],"replies":[{"embeddable":true,"href":"https:\/\/agora.xtec.cat\/iessantquirze\/wp-json\/wp\/v2\/comments?post=878"}],"version-history":[{"count":3,"href":"https:\/\/agora.xtec.cat\/iessantquirze\/wp-json\/wp\/v2\/pages\/878\/revisions"}],"predecessor-version":[{"id":1175,"href":"https:\/\/agora.xtec.cat\/iessantquirze\/wp-json\/wp\/v2\/pages\/878\/revisions\/1175"}],"up":[{"embeddable":true,"href":"https:\/\/agora.xtec.cat\/iessantquirze\/wp-json\/wp\/v2\/pages\/57"}],"wp:attachment":[{"href":"https:\/\/agora.xtec.cat\/iessantquirze\/wp-json\/wp\/v2\/media?parent=878"}],"curies":[{"name":"wp","href":"https:\/\/api.w.org\/{rel}","templated":true}]}}