{"id":875,"date":"2019-04-03T20:24:53","date_gmt":"2019-04-03T18:24:53","guid":{"rendered":"https:\/\/agora.xtec.cat\/iessantquirze\/?page_id=875"},"modified":"2025-03-04T16:02:36","modified_gmt":"2025-03-04T15:02:36","slug":"aula-mediambiental","status":"publish","type":"page","link":"https:\/\/agora.xtec.cat\/iessantquirze\/projecte-educatiu\/aula-mediambiental\/","title":{"rendered":"Aula mediambiental"},"content":{"rendered":"<p><a href=\"https:\/\/agora.xtec.cat\/iessantquirze\/wp-content\/uploads\/usu1939\/2019\/01\/1210_1_20190110_broquil.jpg\"><img loading=\"lazy\" decoding=\"async\" class=\"alignnone wp-image-694\" src=\"https:\/\/agora.xtec.cat\/iessantquirze\/wp-content\/uploads\/usu1939\/2019\/01\/1210_1_20190110_broquil.jpg\" alt=\"\" width=\"413\" height=\"550\" srcset=\"https:\/\/agora.xtec.cat\/iessantquirze\/wp-content\/uploads\/usu1939\/2019\/01\/1210_1_20190110_broquil.jpg 563w, https:\/\/agora.xtec.cat\/iessantquirze\/wp-content\/uploads\/usu1939\/2019\/01\/1210_1_20190110_broquil-225x300.jpg 225w\" sizes=\"auto, (max-width: 413px) 100vw, 413px\" \/><\/a><\/p>\n<p>El projecte d&#8217;aula mediambiental neix d&#8217;un doble afany pedag\u00f2gic: d&#8217;una banda, del desig de voler implicar l&#8217;alumnat en el disseny i l&#8217;adequat manteniment dels espais exteriors del centre, i, de l&#8217;altra, del fet d&#8217;intentar aprofitar l&#8217;entorn proper com a font d&#8217;estudis cient\u00edfics diversos.<\/p>\n<p>\u00c9s per aix\u00f2 que hem donat impuls a dues iniciatives per acostar els alumnes a aquest projecte.<\/p>\n<ul>\n<li><a href=\"https:\/\/photos.google.com\/share\/AF1QipOu9mkX4E5Fxef_Q51odFrtJboFZT4oZz_Ud0LpLZtOyJ-kR9MdCISkOdz0T36EVg?pli=1&amp;key=dHZJRDFzOENSOS1BT0l6WWQ4c2M3SnlYcUFOR3p3\" target=\"_blank\" rel=\"noopener\">L&#8217;Hort<\/a>:\u00a0\u00a0S&#8217;ofereix com a assignatura optativa a 1r i 3r d&#8217;ESO i permet als alumnes el contacte directe amb el medi natural.<\/li>\n<li>Treball de recerca: Proposta d&#8217;an\u00e0lisi de la creaci\u00f3 d&#8217;una aula mediambiental a l&#8217;institut. \u00c9s un treball extens i ambici\u00f3s que es podria dividir en dues parts: d&#8217;una banda, un estudi d&#8217;espais i usos, i de l&#8217;altra, la recerca etnobot\u00e0nica i el projecte per enjardinar els espais exteriors.<\/li>\n<\/ul>\n<p>&nbsp;<\/p>\n","protected":false},"excerpt":{"rendered":"<p>El projecte d&#8217;aula mediambiental neix d&#8217;un doble afany pedag\u00f2gic: d&#8217;una banda, del desig de voler implicar l&#8217;alumnat en el disseny i l&#8217;adequat manteniment dels espais exteriors del centre, i, de l&#8217;altra, del fet d&#8217;intentar aprofitar l&#8217;entorn proper com a font d&#8217;estudis cient\u00edfics diversos. \u00c9s per aix\u00f2 que hem donat impuls a dues iniciatives per acostar [&hellip;]<\/p>\n","protected":false},"author":1,"featured_media":0,"parent":57,"menu_order":30,"comment_status":"closed","ping_status":"closed","template":"page-templates\/side-menu.php","meta":{"_bbp_topic_count":0,"_bbp_reply_count":0,"_bbp_total_topic_count":0,"_bbp_total_reply_count":0,"_bbp_voice_count":0,"_bbp_anonymous_reply_count":0,"_bbp_topic_count_hidden":0,"_bbp_reply_count_hidden":0,"_bbp_forum_subforum_count":0,"site-sidebar-layout":"default","site-content-layout":"","ast-site-content-layout":"","site-content-style":"default","site-sidebar-style":"default","ast-global-header-display":"","ast-banner-title-visibility":"","ast-main-header-display":"","ast-hfb-above-header-display":"","ast-hfb-below-header-display":"","ast-hfb-mobile-header-display":"","site-post-title":"","ast-breadcrumbs-content":"","ast-featured-img":"","footer-sml-layout":"","theme-transparent-header-meta":"","adv-header-id-meta":"","stick-header-meta":"","header-above-stick-meta":"","header-main-stick-meta":"","header-below-stick-meta":"","astra-migrate-meta-layouts":"default","ast-page-background-enabled":"default","ast-page-background-meta":{"desktop":{"background-color":"var(--ast-global-color-4)","background-image":"","background-repeat":"repeat","background-position":"center center","background-size":"auto","background-attachment":"scroll","background-type":"","background-media":"","overlay-type":"","overlay-color":"","overlay-opacity":"","overlay-gradient":""},"tablet":{"background-color":"","background-image":"","background-repeat":"repeat","background-position":"center center","background-size":"auto","background-attachment":"scroll","background-type":"","background-media":"","overlay-type":"","overlay-color":"","overlay-opacity":"","overlay-gradient":""},"mobile":{"background-color":"","background-image":"","background-repeat":"repeat","background-position":"center center","background-size":"auto","background-attachment":"scroll","background-type":"","background-media":"","overlay-type":"","overlay-color":"","overlay-opacity":"","overlay-gradient":""}},"ast-content-background-meta":{"desktop":{"background-color":"var(--ast-global-color-5)","background-image":"","background-repeat":"repeat","background-position":"center center","background-size":"auto","background-attachment":"scroll","background-type":"","background-media":"","overlay-type":"","overlay-color":"","overlay-opacity":"","overlay-gradient":""},"tablet":{"background-color":"var(--ast-global-color-5)","background-image":"","background-repeat":"repeat","background-position":"center center","background-size":"auto","background-attachment":"scroll","background-type":"","background-media":"","overlay-type":"","overlay-color":"","overlay-opacity":"","overlay-gradient":""},"mobile":{"background-color":"var(--ast-global-color-5)","background-image":"","background-repeat":"repeat","background-position":"center center","background-size":"auto","background-attachment":"scroll","background-type":"","background-media":"","overlay-type":"","overlay-color":"","overlay-opacity":"","overlay-gradient":""}},"footnotes":""},"class_list":["post-875","page","type-page","status-publish","hentry"],"post_mailing_queue_ids":[],"_links":{"self":[{"href":"https:\/\/agora.xtec.cat\/iessantquirze\/wp-json\/wp\/v2\/pages\/875","targetHints":{"allow":["GET"]}}],"collection":[{"href":"https:\/\/agora.xtec.cat\/iessantquirze\/wp-json\/wp\/v2\/pages"}],"about":[{"href":"https:\/\/agora.xtec.cat\/iessantquirze\/wp-json\/wp\/v2\/types\/page"}],"author":[{"embeddable":true,"href":"https:\/\/agora.xtec.cat\/iessantquirze\/wp-json\/wp\/v2\/users\/1"}],"replies":[{"embeddable":true,"href":"https:\/\/agora.xtec.cat\/iessantquirze\/wp-json\/wp\/v2\/comments?post=875"}],"version-history":[{"count":4,"href":"https:\/\/agora.xtec.cat\/iessantquirze\/wp-json\/wp\/v2\/pages\/875\/revisions"}],"predecessor-version":[{"id":4654,"href":"https:\/\/agora.xtec.cat\/iessantquirze\/wp-json\/wp\/v2\/pages\/875\/revisions\/4654"}],"up":[{"embeddable":true,"href":"https:\/\/agora.xtec.cat\/iessantquirze\/wp-json\/wp\/v2\/pages\/57"}],"wp:attachment":[{"href":"https:\/\/agora.xtec.cat\/iessantquirze\/wp-json\/wp\/v2\/media?parent=875"}],"curies":[{"name":"wp","href":"https:\/\/api.w.org\/{rel}","templated":true}]}}